{"id":23243,"date":"2026-03-18T11:12:13","date_gmt":"2026-03-18T11:12:13","guid":{"rendered":"https:\/\/soydeaqui.ddns.net\/pachuca\/index.php\/producto\/boton-de-panico-enclavado-restablecimiento-manual-con-llave-normalmente-abierto-cubierta-metalica\/"},"modified":"2026-03-18T11:12:18","modified_gmt":"2026-03-18T11:12:18","slug":"boton-de-panico-enclavado-restablecimiento-manual-con-llave-normalmente-abierto-cubierta-metalica","status":"publish","type":"product","link":"https:\/\/soydeaqui.ddns.net\/pachuca\/index.php\/producto\/boton-de-panico-enclavado-restablecimiento-manual-con-llave-normalmente-abierto-cubierta-metalica\/","title":{"rendered":"Bot\u00f3n de P\u00e1nico Enclavado \/ Restablecimiento Manual con Llave \/ Normalmente Abierto \/ Cubierta Met\u00e1lica \/"},"content":{"rendered":"<div style='width: 100%; max-width: 1200px; margin: 0 auto; font-family: sans-serif; line-height: 1.6; color: inherit; background-color: transparent;'>\n<div style='display: flex; flex-wrap: wrap; gap: 30px; margin-bottom: 30px;'>\n<div style='flex: 1 1 300px; min-width: 280px;'>\n<h3 style='font-size: 22px; border-bottom: 2px solid currentColor; padding-bottom: 5px; margin-top: 0; color: inherit; opacity: 0.8;'>Caracter\u00edsticas Principales<\/h3>\n<ul style='padding-left: 20px; font-size: 15px; color: inherit;'>\n<li style='margin-bottom: 5px;'>Contacto Normalmente Abierto NO (Empuje para cerrar)<\/li>\n<li style='margin-bottom: 5px;'>Tipo de Switch SPST<\/li>\n<\/ul><\/div>\n<div style='flex: 1 1 300px; min-width: 280px;'>\n<h3 style='font-size: 22px; border-bottom: 2px solid currentColor; padding-bottom: 5px; margin-top: 0; color: inherit; opacity: 0.8;'>Caracter\u00edsticas F\u00edsicas y El\u00e9ctricas<\/h3>\n<ul style='padding-left: 20px; font-size: 15px; color: inherit;'>\n<li style='margin-bottom: 5px;'>Interruptor Nominal 12Vcd 1A<\/li>\n<li style='margin-bottom: 5px;'>Tipo de terminal: De tornillos<\/li>\n<li style='margin-bottom: 5px;'>Tipo de Montaje: Superficie<\/li>\n<\/ul><\/div>\n<div style='flex: 1 1 300px; min-width: 280px;'>\n<h3 style='font-size: 22px; border-bottom: 2px solid currentColor; padding-bottom: 5px; margin-top: 0; color: inherit; opacity: 0.8;'>Caracter\u00edsticas Destacadas<\/h3>\n<ul style='padding-left: 20px; font-size: 15px; color: inherit;'>\n<li style='margin-bottom: 5px;'>Cubierta: Acero Inoxidable<\/li>\n<li style='margin-bottom: 5px;'>Carcasa: Plastico ABS<\/li>\n<li style='margin-bottom: 5px;'>Dimensiones: 2-3\/4\u2033 x 2-1\/4\u2033 x 1-1\/16\u2033 (70 x 56 x 27 mm)<\/li>\n<\/ul><\/div>\n<\/p><\/div>\n<\/p><\/div>\n","protected":false},"excerpt":{"rendered":"<p>Bot\u00f3n de P\u00e1nico Enclavado \/ Restablecimiento Manual con Llave \/ Normalmente Abierto \/ Cubierta Met\u00e1lica \/<\/p>\n","protected":false},"featured_media":23242,"comment_status":"open","ping_status":"closed","template":"","meta":[],"product_brand":[],"product_cat":[190],"product_tag":[93,191,116],"class_list":{"0":"post-23243","1":"product","2":"type-product","3":"status-publish","4":"has-post-thumbnail","6":"product_cat-botones-de-salida","7":"product_tag-accesorios","8":"product_tag-botones-de-salida","9":"product_tag-enforcer-secolarm","11":"first","12":"instock","13":"sale","14":"shipping-taxable","15":"purchasable","16":"product-type-simple"},"_links":{"self":[{"href":"https:\/\/soydeaqui.ddns.net\/pachuca\/index.php\/wp-json\/wp\/v2\/product\/23243","targetHints":{"allow":["GET"]}}],"collection":[{"href":"https:\/\/soydeaqui.ddns.net\/pachuca\/index.php\/wp-json\/wp\/v2\/product"}],"about":[{"href":"https:\/\/soydeaqui.ddns.net\/pachuca\/index.php\/wp-json\/wp\/v2\/types\/product"}],"replies":[{"embeddable":true,"href":"https:\/\/soydeaqui.ddns.net\/pachuca\/index.php\/wp-json\/wp\/v2\/comments?post=23243"}],"wp:featuredmedia":[{"embeddable":true,"href":"https:\/\/soydeaqui.ddns.net\/pachuca\/index.php\/wp-json\/wp\/v2\/media\/23242"}],"wp:attachment":[{"href":"https:\/\/soydeaqui.ddns.net\/pachuca\/index.php\/wp-json\/wp\/v2\/media?parent=23243"}],"wp:term":[{"taxonomy":"product_brand","embeddable":true,"href":"https:\/\/soydeaqui.ddns.net\/pachuca\/index.php\/wp-json\/wp\/v2\/product_brand?post=23243"},{"taxonomy":"product_cat","embeddable":true,"href":"https:\/\/soydeaqui.ddns.net\/pachuca\/index.php\/wp-json\/wp\/v2\/product_cat?post=23243"},{"taxonomy":"product_tag","embeddable":true,"href":"https:\/\/soydeaqui.ddns.net\/pachuca\/index.php\/wp-json\/wp\/v2\/product_tag?post=23243"}],"curies":[{"name":"wp","href":"https:\/\/api.w.org\/{rel}","templated":true}]}}