{"id":2324,"date":"2026-03-18T05:55:59","date_gmt":"2026-03-18T05:55:59","guid":{"rendered":"https:\/\/soydeaqui.ddns.net\/pachuca\/index.php\/producto\/boton-bluetooth-inalambrico-color-rojo-programe-escenas-de-shelly-y-ejecutelas-con-uno-o-varios-clic\/"},"modified":"2026-03-18T05:56:01","modified_gmt":"2026-03-18T05:56:01","slug":"boton-bluetooth-inalambrico-color-rojo-programe-escenas-de-shelly-y-ejecutelas-con-uno-o-varios-clic","status":"publish","type":"product","link":"https:\/\/soydeaqui.ddns.net\/pachuca\/index.php\/producto\/boton-bluetooth-inalambrico-color-rojo-programe-escenas-de-shelly-y-ejecutelas-con-uno-o-varios-clic\/","title":{"rendered":"Bot\u00f3n Bluetooth Inal\u00e1mbrico color Rojo, programe escenas de Shelly y ejec\u00fatelas con uno o varios clic"},"content":{"rendered":"<div style='width: 100%; max-width: 1200px; margin: 0 auto; font-family: sans-serif; line-height: 1.6; color: inherit; background-color: transparent;'>\n<p style='text-align: center;'><strong>Boton bluetooth inalambrico.<\/strong><\/p>\n<p style='text-align: center;'><strong>Un clic para un hogar m\u00e1s inteligente.<\/strong><\/p>\n<p style='text-align: justify;'>Con ShellyBLU Button1&comma; puedes controlar r\u00e1pidamente tus dispositivos inteligentes Shelly con solo un clic. Simplemente config\u00faralo y col\u00f3calo donde m\u00e1s lo necesites. Ya sea que quieras apagar las luces&comma; ajustar las persianas o cerrar la puerta de entrada&comma; BLU Button1 pone el poder de tu hogar inteligente a tu alcance.<\/p>\n<p style='text-align: justify;'> Un <span style='color: #c0392b;'>solo click<\/span>&comma; <span style='color: #27ae60;'>Doble click<\/span>&comma; <span style='color: #8e44ad;'>Triple click<\/span> \u00f3 <span style='color: #f29d12;'>Clic sostenido<\/span>&comma; te genera una escena diferente. <\/p>\n<p> <!-- Secci\u00f3n de caracter\u00edsticas con grid --> <\/p>\n<div style='display: grid; grid-template-columns: repeat(auto-fit&comma; minmax(280px&comma; 1fr)); gap: 30px; margin-top: 30px; margin-bottom: 30px;'> <!-- Caracter\u00edsticas f\u00edsicas y ambientales --> <\/p>\n<div style='border: 1px solid rgba(150&comma; 150&comma; 150&comma; 0.4); border-radius: 8px; padding: 15px;'>\n<h3 style='font-size: 18px; border-bottom: 2px solid currentColor; padding-bottom: 5px; margin-top: 0; color: inherit; opacity: 0.8;'>Caracter\u00edsticas fisicas y ambientales:<\/h3>\n<ul style='padding-left: 20px; font-size: 14px; color: inherit;'>\n<li style='margin-bottom: 5px;'>Tama\u00f1o: 36x36x6 mm \u00b10&comma;5 mm \/ 1&comma;44\u00d71&comma;44\u00d70&comma;25 pulg. \u00b10&comma;02 pulg.<\/li>\n<li style='margin-bottom: 5px;'>Peso: 9 g \u00b11 g \/ 0&comma;30 \u00b10&comma;05 onzas<\/li>\n<li style='margin-bottom: 5px;'>Material: Plastico<\/li>\n<li style='margin-bottom: 5px;'>Colores: Blanco&comma; negro&comma; rojo&comma; azul<\/li>\n<li style='margin-bottom: 5px;'>Temp ambiente: -20 \u00b0C a 40 \u00b0C \/ -5 \u00b0F a 105 \u00b0F<\/li>\n<li style='margin-bottom: 5px;'>Humedad: 30 % a 70 % HR<\/li>\n<li style='margin-bottom: 5px;'><strong>Es necesario que se tenga un shelly PRO o PLUS en la App para enrolar el llavero.<\/strong><\/li>\n<\/ul><\/div>\n<p> <!-- Caracter\u00edsticas El\u00e9ctricas e inalambricas --> <\/p>\n<div style='border: 1px solid rgba(150&comma; 150&comma; 150&comma; 0.4); border-radius: 8px; padding: 15px;'>\n<h3 style='font-size: 18px; border-bottom: 2px solid currentColor; padding-bottom: 5px; margin-top: 0; color: inherit; opacity: 0.8;'>Caracter\u00edsticas El\u00e9ctricas e inalambricas:<\/h3>\n<ul style='padding-left: 20px; font-size: 14px; color: inherit;'>\n<li style='margin-bottom: 5px;'>Alimentacion: 1 pila CR2032 de 3 V (incluida)<\/li>\n<li style='margin-bottom: 5px;'>Duraci\u00f3n: Duraci\u00f3n de la bater\u00eda: hasta 2 a\u00f1os<\/li>\n<li style='margin-bottom: 5px;'>Protocolo Bluetooth: 4.2<\/li>\n<li style='margin-bottom: 5px;'>Alcance: Hasta 10 m \/ 33 pies en interiores y 30 m \/ 100 pies en exteriores (Depende de las condiciones locales)<\/li>\n<li style='margin-bottom: 5px;'>Sopore de multiples clicks: 4<\/li>\n<li style='margin-bottom: 5px;'><strong><a href='https:\/\/kb.shelly.cloud\/knowledge-base\/shellyblu-button1' style='color: inherit; text-decoration: underline;' target='_blank'>Mas informaci\u00f3n.<\/a><\/strong><\/li>\n<\/ul><\/div>\n<p> <!-- Ejemplos de instalaci\u00f3n --> <\/p>\n<div style='border: 1px solid rgba(150&comma; 150&comma; 150&comma; 0.4); border-radius: 8px; padding: 15px;'>\n<h3 style='font-size: 18px; border-bottom: 2px solid currentColor; padding-bottom: 5px; margin-top: 0; color: inherit; opacity: 0.8;'>Ejemplos de instalacion:<\/h3>\n<ul style='padding-left: 20px; font-size: 14px; color: inherit;'>\n<li style='margin-bottom: 5px;'>Establece el brillo y la posici\u00f3n perfecta.<\/li>\n<li style='margin-bottom: 5px;'>Abrir parcialmente las cortinas para dejar entrar la luz natural o cerrar las persianas completamente para tener privacidad&comma; Shelly BLU Button1 lo tiene cubierto&comma; puede programar el bot\u00f3n para controlar la posici\u00f3n de sus dispositivos con diferentes combinaciones de presi\u00f3n: 75 %&comma; 50 %&comma; 25 % o completamente abierto\/cerrado. El control de atenuaci\u00f3n personalizado funciona de la misma manera y le permite establecer el ambiente de iluminaci\u00f3n perfecto para cualquier ocasi\u00f3n&comma; ya sea que est\u00e9 viendo una pel\u00edcula o organizando una cena.<\/li>\n<\/ul><\/div>\n<\/p><\/div>\n<p> <!-- Galer\u00eda de im\u00e1genes --> <\/p>\n<div style='display: flex; flex-wrap: wrap; gap: 20px; margin-top: 30px; margin-bottom: 30px;'>\n<div style='flex: 1 1 300px; min-width: 280px;'> <img style='width: 100%; height: auto; border: 1px solid rgba(150&comma;150&comma;150&comma;0.3); border-radius: 8px;' src='https:\/\/i.ibb.co\/xGQx78J\/shellyimg1.jpg' alt=''> <\/div>\n<div style='flex: 1 1 300px; min-width: 280px;'> <img style='width: 100%; height: auto; border: 1px solid rgba(150&comma;150&comma;150&comma;0.3); border-radius: 8px;' src='https:\/\/i.ibb.co\/XWhkC0p\/shellyimg2.jpg' alt=''> <\/div>\n<\/p><\/div>\n<p> <!-- Separador final --> <\/p>\n<hr style='border: 0; border-top: 1px solid rgba(150&comma; 150&comma; 150&comma; 0.3); margin: 30px 0;'> <\/div>\n","protected":false},"excerpt":{"rendered":"<p>Bot\u00f3n Bluetooth Inal\u00e1mbrico color Rojo, programe escenas de Shelly y ejec\u00fatelas con uno o varios clic<\/p>\n","protected":false},"featured_media":2323,"comment_status":"open","ping_status":"closed","template":"","meta":[],"product_brand":[],"product_cat":[56],"product_tag":[30,57,58],"class_list":{"0":"post-2324","1":"product","2":"type-product","3":"status-publish","4":"has-post-thumbnail","6":"product_cat-control-de-iluminacion","7":"product_tag-automatizacion-casa-inteligente","8":"product_tag-control-de-iluminacion","9":"product_tag-shelly","11":"first","12":"instock","13":"sale","14":"shipping-taxable","15":"purchasable","16":"product-type-simple"},"_links":{"self":[{"href":"https:\/\/soydeaqui.ddns.net\/pachuca\/index.php\/wp-json\/wp\/v2\/product\/2324","targetHints":{"allow":["GET"]}}],"collection":[{"href":"https:\/\/soydeaqui.ddns.net\/pachuca\/index.php\/wp-json\/wp\/v2\/product"}],"about":[{"href":"https:\/\/soydeaqui.ddns.net\/pachuca\/index.php\/wp-json\/wp\/v2\/types\/product"}],"replies":[{"embeddable":true,"href":"https:\/\/soydeaqui.ddns.net\/pachuca\/index.php\/wp-json\/wp\/v2\/comments?post=2324"}],"wp:featuredmedia":[{"embeddable":true,"href":"https:\/\/soydeaqui.ddns.net\/pachuca\/index.php\/wp-json\/wp\/v2\/media\/2323"}],"wp:attachment":[{"href":"https:\/\/soydeaqui.ddns.net\/pachuca\/index.php\/wp-json\/wp\/v2\/media?parent=2324"}],"wp:term":[{"taxonomy":"product_brand","embeddable":true,"href":"https:\/\/soydeaqui.ddns.net\/pachuca\/index.php\/wp-json\/wp\/v2\/product_brand?post=2324"},{"taxonomy":"product_cat","embeddable":true,"href":"https:\/\/soydeaqui.ddns.net\/pachuca\/index.php\/wp-json\/wp\/v2\/product_cat?post=2324"},{"taxonomy":"product_tag","embeddable":true,"href":"https:\/\/soydeaqui.ddns.net\/pachuca\/index.php\/wp-json\/wp\/v2\/product_tag?post=2324"}],"curies":[{"name":"wp","href":"https:\/\/api.w.org\/{rel}","templated":true}]}}