{"id":23190,"date":"2026-03-18T11:11:18","date_gmt":"2026-03-18T11:11:18","guid":{"rendered":"https:\/\/soydeaqui.ddns.net\/pachuca\/index.php\/producto\/barrera-vehicular-uso-continuo-5000000-ciclos-mcbf-brazo-incluido-de-3-mts-iluminacion-rojo-verde-apertura-en-2-seg-ajustable-cambio-de-sentido-en-campo\/"},"modified":"2026-03-18T11:11:18","modified_gmt":"2026-03-18T11:11:18","slug":"barrera-vehicular-uso-continuo-5000000-ciclos-mcbf-brazo-incluido-de-3-mts-iluminacion-rojo-verde-apertura-en-2-seg-ajustable-cambio-de-sentido-en-campo","status":"publish","type":"product","link":"https:\/\/soydeaqui.ddns.net\/pachuca\/index.php\/producto\/barrera-vehicular-uso-continuo-5000000-ciclos-mcbf-brazo-incluido-de-3-mts-iluminacion-rojo-verde-apertura-en-2-seg-ajustable-cambio-de-sentido-en-campo\/","title":{"rendered":"Barrera Vehicular USO CONTINUO 5,000,000 Ciclos MCBF \/ Brazo INCLUIDO de 3 mts Iluminaci\u00f3n Rojo\/Verde \/ Apertura en 2 Seg (Ajustable) \/ Cambio de sentido en campo"},"content":{"rendered":"<div style=\"width: 100%; max-width: 1200px; margin: 0 auto; font-family: sans-serif; line-height: 1.6; color: inherit; background-color: transparent;\"><!-- Secci\u00f3n de caracter\u00edsticas principales --><\/p>\n<div style=\"display: flex; flex-wrap: wrap; gap: 30px; margin-bottom: 30px;\">\n<div style=\"flex: 1 1 300px; min-width: 280px;\">\n<h3 style=\"font-size: 22px; border-bottom: 2px solid currentColor; padding-bottom: 5px; margin-top: 0; color: inherit; opacity: 0.8;\">Caracter&iacute;sticas principales<\/h3>\n<ul style=\"padding-left: 20px; font-size: 15px; color: inherit;\">\n<li style=\"margin-bottom: 5px;\"><a href=\"https:\/\/www.syscom.mx\/principal\/searchcont?route=FPD009-AccessPRO-68273&#038;autodetect=LR-27A\" style=\"color: inherit; text-decoration: underline; font-weight: 600;\" target=\"_blank\">Incluye 2 controles remotos<\/a> (bater&iacute;a NO incluida)<\/li>\n<li style=\"margin-bottom: 5px;\">Ajuste Independiente bajada\/subida de pluma<\/li>\n<li style=\"margin-bottom: 5px;\">Brazo Incluido de 3 mts<\/li>\n<li style=\"margin-bottom: 5px;\">IP54<\/li>\n<li style=\"margin-bottom: 5px;\">M&uacute;ltiples modos Anti bajada: Inducci&oacute;n&comma; IR&comma; onda de presi&oacute;n<\/li>\n<li style=\"margin-bottom: 5px;\">Pluma ajustable de izquierda a derecha y viceversa<\/li>\n<li style=\"margin-bottom: 5px;\">Sistema anticondensaci&oacute;n \/ anticongelamiento<\/li>\n<li style=\"margin-bottom: 5px;\">Material SECC (Acero electrogalvanizado)<\/li>\n<\/ul>\n<\/div>\n<p><!-- Secci\u00f3n de caracter\u00edsticas f\u00edsicas y el\u00e9ctricas --><\/p>\n<div style=\"flex: 1 1 300px; min-width: 280px;\">\n<h3 style=\"font-size: 22px; border-bottom: 2px solid currentColor; padding-bottom: 5px; margin-top: 0; color: inherit; opacity: 0.8;\">Caracter&iacute;sticas F&iacute;sicas y El&eacute;ctricas<\/h3>\n<ul style=\"padding-left: 20px; font-size: 15px; color: inherit;\">\n<li style=\"margin-bottom: 5px;\">Alimentaci&oacute;n: 110 Vca \/ 300 w \/1.5 A<\/li>\n<li style=\"margin-bottom: 5px;\">Velocidad de elevaci&oacute;n: 9.0 \/ 2.0 sg<\/li>\n<li style=\"margin-bottom: 5px;\">Velocidad de ca&iacute;da ajustable: 1.5 \/ 3.5 sg<\/li>\n<li style=\"margin-bottom: 5px;\">Peso: 59.3 kg<\/li>\n<li style=\"margin-bottom: 5px;\">Frecuencia de control remoto: 433 MHz<\/li>\n<li style=\"margin-bottom: 5px;\">Temperatura de trabajo: -30 &deg;C a 70 &deg;C (-22 &deg;F a 158 &deg;F)<\/li>\n<li style=\"margin-bottom: 5px; font-weight: bold;\">Garant&iacute;a: 5 a&ntilde;os<\/li>\n<\/ul>\n<\/div>\n<\/div>\n<p><!-- Secci\u00f3n de consideraciones --><\/p>\n<div style=\"margin-bottom: 30px;\">\n<h3 style=\"font-size: 22px; border-bottom: 2px solid currentColor; padding-bottom: 5px; margin-top: 0; color: inherit; opacity: 0.8;\">Consideraciones<\/h3>\n<ul style=\"padding-left: 20px; font-size: 15px; color: inherit;\">\n<li style=\"margin-bottom: 5px;\">Pruebas de operaci&oacute;n llevadas al l&iacute;mite dando confiabilidad en partes mec&aacute;nicas&comma; siendo un motor con la cualidad de poder generar una temperatura ambiente nos brinda una excelente opci&oacute;n para ambientes con baja temperatura sin necesidad de accesorios adicionales por lo que evitaremos preocuparnos por un posible fallo por congelamiento.<\/li>\n<li style=\"margin-bottom: 5px;\">Sumando a esto su protecci&oacute;n de pl&aacute;stico Anti-UV lo que evita una decoloraci&oacute;n o opacamiento de su tonalidad nos dar&aacute; siempre una imagen impecable.<\/li>\n<\/ul>\n<\/div>\n<p><!-- Secci\u00f3n de caracter\u00edsticas adicionales --><\/p>\n<div style=\"display: flex; flex-wrap: wrap; gap: 30px; margin-bottom: 30px;\">\n<div style=\"flex: 1 1 300px; min-width: 280px;\">\n<h3 style=\"font-size: 22px; border-bottom: 2px solid currentColor; padding-bottom: 5px; margin-top: 0; color: inherit; opacity: 0.8;\">Caracter&iacute;sticas de la BARRERA<\/h3>\n<ul style=\"padding-left: 20px; font-size: 15px; color: inherit;\">\n<li style=\"margin-bottom: 5px;\">Cubierta de pl&aacute;stico Anti-UV (Antiest&aacute;tico) evita la decoloraci&oacute;n<\/li>\n<li style=\"margin-bottom: 5px; color: #c0392b;\">Brazo de 3 mts con Iluminaci&oacute;n Rojo\/Verde<\/li>\n<li style=\"margin-bottom: 5px;\">Incluye 2 controles remotos (bater&iacute;a no incluida)<\/li>\n<li style=\"margin-bottom: 5px;\">M&uacute;ltiples modos de operaci&oacute;n: A trav&eacute;s de rel&eacute; externo&comma; control remoto<\/li>\n<li style=\"margin-bottom: 5px;\">Cambio de sentido Izquierda\/Derecha en campo<\/li>\n<li style=\"margin-bottom: 5px; font-weight: bold;\">Operaci&oacute;n de hasta 720 ciclos aproximados por hora<\/li>\n<\/ul>\n<\/div>\n<p><!-- Secci\u00f3n de imagen --><\/p>\n<div style=\"flex: 1 1 300px; min-width: 280px;\"><img decoding=\"async\" style=\"width: 100%; height: auto; border: 1px solid rgba(150&comma; 150&comma; 150&comma; 0.3); border-radius: 8px;\" src=\"https:\/\/ftp3.syscom.mx\/usuarios\/fespinoza\/HIKVISION\/Dispositivos\/Barreras%20Vehiculares\/DSTMG520\/5200.gif\" alt=\"Barrera Vehicular HIKVISION DSTMG520H\/A\/B(3M)\" class=\"fr-fic fr-dii\"><\/div>\n<\/div>\n<p><!-- Secci\u00f3n de accesorios opcionales --><\/p>\n<div style=\"margin-bottom: 30px;\">\n<h3 style=\"font-size: 22px; border-bottom: 2px solid currentColor; padding-bottom: 5px; margin-top: 0; color: inherit; opacity: 0.8;\">Accesorios Opcionales (NO INCLUIDOS)<\/h3>\n<ul style=\"padding-left: 20px; font-size: 15px; color: inherit;\">\n<li style=\"margin-bottom: 5px;\"><a href=\"https:\/\/www.syscom.mx\/principal\/searchcont?route=SYS-LM6-ACCESSPRO-31960&#038;autodetect=syslm6\" style=\"color: inherit; text-decoration: underline; font-weight: 600;\" target=\"_blank\">Lazo magn&eacute;tico<\/a> + Sensor de masa <a href=\"https:\/\/www.syscom.mx\/principal\/searchcont?route=10-MATRIX-IIS-1224-BEA-144360&#038;autodetect=syslm6\" style=\"color: inherit; text-decoration: underline; font-weight: 600;\" target=\"_blank\">10-MATRIX-IIS-1224<\/a><\/li>\n<li style=\"margin-bottom: 5px;\"><a href=\"https:\/\/www.syscom.mx\/principal\/searchcont?route=XBS-IR33-AccessPRO-78540&#038;autodetect=xbsir33\" style=\"color: inherit; text-decoration: underline; font-weight: 600;\" target=\"_blank\">Fotoceldas XBS-IR33<\/a> o radar DS-TMG035 (ANTIFALLRADAR)<\/li>\n<li style=\"margin-bottom: 5px;\"><a href=\"https:\/\/www.syscom.mx\/principal\/searchcont?route=XBS-SW-01-ACCESSPRO-78542&#038;autodetect=xbssw01\" style=\"color: inherit; text-decoration: underline; font-weight: 600;\" target=\"_blank\">Botonera triple para operaci&oacute;n humana XBS-SW-01<\/a><\/li>\n<li style=\"margin-bottom: 5px;\"><a href=\"https:\/\/www.syscom.mx\/principal\/searchcont?route=KIT-UHFSTICKER-01-HIKVISION-177026&#038;autodetect=kituhf\" style=\"color: inherit; text-decoration: underline; font-weight: 600;\" target=\"_blank\">Sistema de Acceso con tag Vehicular KIT-UHFSTICKER-01<\/a><\/li>\n<li style=\"margin-bottom: 5px; color: #c0392b;\"><em>Compatible con cualquier sistema de acceso.<\/em><\/li>\n<\/ul>\n<\/div>\n<p><!-- Secci\u00f3n de video --><\/p>\n<div style=\"margin-bottom: 30px;\">\n<h3 style=\"font-size: 22px; border-bottom: 2px solid currentColor; padding-bottom: 5px; margin-top: 0; margin-bottom: 15px; color: inherit; opacity: 0.8;\">Configuraciones de la Barrera<\/h3>\n<div style=\"position: relative; padding-bottom: 56.25%; height: 0; overflow: hidden;\"> <\/div>\n<\/div>\n<p><!-- Separador final --><\/p>\n<hr style=\"border: 0; border-top: 1px solid rgba(150&comma; 150&comma; 150&comma; 0.3); margin: 30px 0;\"><\/div>\n","protected":false},"excerpt":{"rendered":"<p>Barrera Vehicular USO CONTINUO 5,000,000 Ciclos MCBF \/ Brazo INCLUIDO de 3 mts Iluminaci\u00f3n Rojo\/Verde \/ Apertura en 2 Seg (Ajustable) \/ Cambio de sentido en campo<\/p>\n","protected":false},"featured_media":32,"comment_status":"open","ping_status":"closed","template":"","meta":[],"product_brand":[],"product_cat":[748],"product_tag":[401,749,54],"class_list":{"0":"post-23190","1":"product","2":"type-product","3":"status-publish","4":"has-post-thumbnail","6":"product_cat-barreras-vehiculares","7":"product_tag-acceso-vehicular","8":"product_tag-barreras-vehiculares","9":"product_tag-hikvision","11":"first","12":"instock","13":"sale","14":"shipping-taxable","15":"purchasable","16":"product-type-simple"},"_links":{"self":[{"href":"https:\/\/soydeaqui.ddns.net\/pachuca\/index.php\/wp-json\/wp\/v2\/product\/23190","targetHints":{"allow":["GET"]}}],"collection":[{"href":"https:\/\/soydeaqui.ddns.net\/pachuca\/index.php\/wp-json\/wp\/v2\/product"}],"about":[{"href":"https:\/\/soydeaqui.ddns.net\/pachuca\/index.php\/wp-json\/wp\/v2\/types\/product"}],"replies":[{"embeddable":true,"href":"https:\/\/soydeaqui.ddns.net\/pachuca\/index.php\/wp-json\/wp\/v2\/comments?post=23190"}],"wp:featuredmedia":[{"embeddable":true,"href":"https:\/\/soydeaqui.ddns.net\/pachuca\/index.php\/wp-json\/wp\/v2\/media\/32"}],"wp:attachment":[{"href":"https:\/\/soydeaqui.ddns.net\/pachuca\/index.php\/wp-json\/wp\/v2\/media?parent=23190"}],"wp:term":[{"taxonomy":"product_brand","embeddable":true,"href":"https:\/\/soydeaqui.ddns.net\/pachuca\/index.php\/wp-json\/wp\/v2\/product_brand?post=23190"},{"taxonomy":"product_cat","embeddable":true,"href":"https:\/\/soydeaqui.ddns.net\/pachuca\/index.php\/wp-json\/wp\/v2\/product_cat?post=23190"},{"taxonomy":"product_tag","embeddable":true,"href":"https:\/\/soydeaqui.ddns.net\/pachuca\/index.php\/wp-json\/wp\/v2\/product_tag?post=23190"}],"curies":[{"name":"wp","href":"https:\/\/api.w.org\/{rel}","templated":true}]}}