{"id":2319,"date":"2026-03-18T05:55:54","date_gmt":"2026-03-18T05:55:54","guid":{"rendered":"https:\/\/soydeaqui.ddns.net\/pachuca\/index.php\/producto\/bobina-de-305-metros-1000-pies-de-cable-2-x-22-awg-color-blanco-riser-para-sistemas-de-intrusin-y-automatizacin\/"},"modified":"2026-03-18T05:55:54","modified_gmt":"2026-03-18T05:55:54","slug":"bobina-de-305-metros-1000-pies-de-cable-2-x-22-awg-color-blanco-riser-para-sistemas-de-intrusin-y-automatizacin","status":"publish","type":"product","link":"https:\/\/soydeaqui.ddns.net\/pachuca\/index.php\/producto\/bobina-de-305-metros-1000-pies-de-cable-2-x-22-awg-color-blanco-riser-para-sistemas-de-intrusin-y-automatizacin\/","title":{"rendered":"Bobina de 305 Metros (1000 Pies) de Cable \/ 2 x 22 AWG \/ Color Blanco \/ Riser \/ Para Sistemas de Intrusi?n y Automatizaci?n"},"content":{"rendered":"<div style='width: 100%; max-width: 1200px; margin: 0 auto; font-family: sans-serif; line-height: 1.6; color: inherit; background-color: transparent;'>\n<div style='display: flex; justify-content: flex-start; flex-wrap: wrap; gap: 15px; margin-bottom: 30px;'> <img style='width: auto; height: 42px; border: 1px solid rgba(150&comma;150&comma;150&comma;0.3); border-radius: 8px;' src='http:\/\/ftp3.syscom.mx\/usuarios\/maguilar\/Icons\/RoHS%20Icon.png' alt=''> <img style='width: auto; height: 65px; border: 1px solid rgba(150&comma;150&comma;150&comma;0.3); border-radius: 8px;' src='http:\/\/ftp3.syscom.mx\/usuarios\/maguilar\/Icons\/Riser%20Icon.png' alt=''> <\/div>\n<div style='margin-bottom: 30px;'>\n<p style='font-weight: bold; font-size: 16px; color: inherit;'>CABLE DE 2 CONDUCTORES CALIBRE 22 CON FORRO BLANCO PARA APLICACIONES EN ALARMAS&comma; SISTEMAS DE AUTOMATIZACION Y CONTROL DE ACCESO.<\/p>\n<p style='font-weight: bold; font-size: 16px; color: inherit;'>Conductores de cobre suave&comma; aislamiento de PVC&comma; uso en aplicaciones de alarmas&comma; cableado de sensores&comma; cableado de sirenas&comma; sistemas de automatizaci\u00f3n y control de acceso.<\/p>\n<\/p><\/div>\n<div style='display: flex; flex-wrap: wrap; gap: 30px; margin-bottom: 30px;'>\n<div style='flex: 1 1 300px; min-width: 280px;'>\n<h3 style='font-size: 22px; border-bottom: 2px solid currentColor; padding-bottom: 5px; margin-top: 0; color: inherit; opacity: 0.8;'>Caracter\u00edsticas<\/h3>\n<ul style='padding-left: 20px; font-size: 15px; color: inherit;'>\n<li style='margin-bottom: 5px;'>Uso en Interior<\/li>\n<li style='margin-bottom: 5px;'>Alarmas de intrusi\u00f3n; Sensores&comma; tecnolog\u00edas convencionales&comma; sirenas&comma; estrobos<\/li>\n<li style='margin-bottom: 5px;'>Sistemas de control de acceso: botones&comma; contactos magn\u00e9ticos.<\/li>\n<li style='margin-bottom: 5px;'>Sistemas de control de automatizaci\u00f3n<\/li>\n<li style='margin-bottom: 5px;'>Riser&comma; FT4<\/li>\n<\/ul><\/div>\n<div style='flex: 1 1 300px; min-width: 280px;'>\n<h3 style='font-size: 22px; border-bottom: 2px solid currentColor; padding-bottom: 5px; margin-top: 0; color: inherit; opacity: 0.8;'>Caracter\u00edsticas f\u00edsicas y el\u00e9ctricas<\/h3>\n<ul style='padding-left: 20px; font-size: 15px; color: inherit;'>\n<li style='margin-bottom: 5px;'><strong>Tipo:<\/strong> Cable (1 par)<\/li>\n<li style='margin-bottom: 5px;'><strong>Impedancia (\u03a9):<\/strong> 82<\/li>\n<li style='margin-bottom: 5px;'><strong>Resistencia en \u03a9 a 305 m.:<\/strong> 16.9<\/li>\n<li style='margin-bottom: 5px;'><strong>Calibre:<\/strong> 22<\/li>\n<li style='margin-bottom: 5px;'><strong>Color externo:<\/strong> Blanco<\/li>\n<li style='margin-bottom: 5px;'><strong>Color interno:<\/strong> Negro&comma; Rojo<\/li>\n<li style='margin-bottom: 5px;'><strong>Di\u00e1metro exterior (mm):<\/strong> 2.94<\/li>\n<li style='margin-bottom: 5px;'><strong>Temperatura de operaci\u00f3n:<\/strong> -20\u00b0C a 75\u00b0C<\/li>\n<li style='margin-bottom: 5px;'><strong>Tipo:<\/strong><\/li>\n<ul style='padding-left: 30px; margin: 5px 0; font-size: 14px; color: inherit;'>\n<li style='margin-bottom: 3px;'>CL3R<\/li>\n<li style='margin-bottom: 3px;'>FPLR<\/li>\n<li style='margin-bottom: 3px;'>CMR<\/li>\n<li style='margin-bottom: 3px;'>FT4<\/li>\n<li style='margin-bottom: 3px;'>Sunlight Resistant<\/li>\n<\/ul>\n<\/ul><\/div>\n<div style='flex: 1 1 300px; min-width: 280px;'>\n<h3 style='font-size: 22px; border-bottom: 2px solid currentColor; padding-bottom: 5px; margin-top: 0; color: inherit; opacity: 0.8;'>Est\u00e1ndares<\/h3>\n<ul style='padding-left: 20px; font-size: 15px; color: inherit;'>\n<li style='margin-bottom: 5px;'>UL 1666 (Riser)<\/li>\n<li style='margin-bottom: 5px;'>CSA C22.2 No. 2556 (FT4)<\/li>\n<li style='margin-bottom: 5px;'>RoHS Compliant<\/li>\n<\/ul><\/div>\n<\/p><\/div>\n<div style='margin-top: 30px;'>\n<p style='font-weight: bold; font-size: 15px; color: inherit;'><span style='line-height: 20.8px;'>* Precio por bobina de 305 metros.<\/span><\/p>\n<\/p><\/div>\n<\/p><\/div>\n","protected":false},"excerpt":{"rendered":"<p>Bobina de 305 Metros (1000 Pies) de Cable \/ 2 x 22 AWG \/ Color Blanco \/ Riser \/ Para Sistemas de Intrusi?n y Automatizaci?n<\/p>\n","protected":false},"featured_media":2318,"comment_status":"open","ping_status":"closed","template":"","meta":[],"product_brand":[],"product_cat":[137],"product_tag":[138,139,62],"class_list":{"0":"post-2319","1":"product","2":"type-product","3":"status-publish","4":"has-post-thumbnail","6":"product_cat-todos-cables","7":"product_tag-cables","8":"product_tag-genesis","9":"product_tag-todos","11":"first","12":"instock","13":"sale","14":"shipping-taxable","15":"purchasable","16":"product-type-simple"},"_links":{"self":[{"href":"https:\/\/soydeaqui.ddns.net\/pachuca\/index.php\/wp-json\/wp\/v2\/product\/2319","targetHints":{"allow":["GET"]}}],"collection":[{"href":"https:\/\/soydeaqui.ddns.net\/pachuca\/index.php\/wp-json\/wp\/v2\/product"}],"about":[{"href":"https:\/\/soydeaqui.ddns.net\/pachuca\/index.php\/wp-json\/wp\/v2\/types\/product"}],"replies":[{"embeddable":true,"href":"https:\/\/soydeaqui.ddns.net\/pachuca\/index.php\/wp-json\/wp\/v2\/comments?post=2319"}],"wp:featuredmedia":[{"embeddable":true,"href":"https:\/\/soydeaqui.ddns.net\/pachuca\/index.php\/wp-json\/wp\/v2\/media\/2318"}],"wp:attachment":[{"href":"https:\/\/soydeaqui.ddns.net\/pachuca\/index.php\/wp-json\/wp\/v2\/media?parent=2319"}],"wp:term":[{"taxonomy":"product_brand","embeddable":true,"href":"https:\/\/soydeaqui.ddns.net\/pachuca\/index.php\/wp-json\/wp\/v2\/product_brand?post=2319"},{"taxonomy":"product_cat","embeddable":true,"href":"https:\/\/soydeaqui.ddns.net\/pachuca\/index.php\/wp-json\/wp\/v2\/product_cat?post=2319"},{"taxonomy":"product_tag","embeddable":true,"href":"https:\/\/soydeaqui.ddns.net\/pachuca\/index.php\/wp-json\/wp\/v2\/product_tag?post=2319"}],"curies":[{"name":"wp","href":"https:\/\/api.w.org\/{rel}","templated":true}]}}