{"id":23179,"date":"2026-03-18T11:11:07","date_gmt":"2026-03-18T11:11:07","guid":{"rendered":"https:\/\/soydeaqui.ddns.net\/pachuca\/index.php\/producto\/puerta-con-mirilla-nivel-v-fusil-de-asalto-r15-ak47-granada-de-fragmentacion\/"},"modified":"2026-03-18T11:11:08","modified_gmt":"2026-03-18T11:11:08","slug":"puerta-con-mirilla-nivel-v-fusil-de-asalto-r15-ak47-granada-de-fragmentacion","status":"publish","type":"product","link":"https:\/\/soydeaqui.ddns.net\/pachuca\/index.php\/producto\/puerta-con-mirilla-nivel-v-fusil-de-asalto-r15-ak47-granada-de-fragmentacion\/","title":{"rendered":"Puerta con mirilla Nivel V (Fusil de Asalto R15 ,  AK47, Granada de Fragmentaci\u00f3n)."},"content":{"rendered":"<div style='width: 100%; max-width: 1200px; margin: 0 auto; font-family: sans-serif; line-height: 1.6; color: inherit; background-color: transparent;'>\n<div style='display: flex; flex-wrap: wrap; gap: 30px; margin-bottom: 30px;'>\n<div style='flex: 1 1 300px; min-width: 280px;'>\n<h3 style='font-size: 22px; border-bottom: 2px solid currentColor; padding-bottom: 5px; margin-top: 0; color: inherit; opacity: 0.8;'>Caracter\u00edsticas<\/h3>\n<ul style='padding-left: 20px; font-size: 15px; color: inherit;'>\n<li style='margin-bottom: 5px;'>Puerta fabricada en acero estructural de alta resistencia<\/li>\n<li style='margin-bottom: 5px;'>Cerradura de cilindro de alta seguridad con pestillo cuadrado y de resbal\u00f3n<\/li>\n<li style='margin-bottom: 5px;'>Acabado Resistente a la intemperie<\/li>\n<li style='margin-bottom: 5px;'>Bisagras fabricadas en ACERO CR 1008 con balero axial de carga<\/li>\n<li style='margin-bottom: 5px;'>Incluye cerradura mec\u00e1nica para el cierre<\/li>\n<li style='margin-bottom: 5px;'>Jaladera en ambos lados<\/li>\n<li style='margin-bottom: 5px;'>Instalaci\u00f3n r\u00e1pida y f\u00e1cil mantenimiento<\/li>\n<li style='margin-bottom: 5px;'>Asesor\u00eda y asistencia profesional<\/li>\n<\/ul><\/div>\n<div style='flex: 1 1 300px; min-width: 280px;'>\n<h3 style='font-size: 22px; border-bottom: 2px solid currentColor; padding-bottom: 5px; margin-top: 0; color: inherit; opacity: 0.8;'>Especificaciones<\/h3>\n<ul style='padding-left: 20px; font-size: 15px; color: inherit;'>\n<li style='margin-bottom: 5px;'><strong>Mirilla:<\/strong> 28 x 28 cm&comma; ubicada al centro de la puerta y a 1.50 m del piso al centro del cristal<\/li>\n<li style='margin-bottom: 5px;'><strong>Dimensiones de la puerta:<\/strong> 2.10 x 90.00 m<\/li>\n<li style='margin-bottom: 5px;'><strong>Dimensiones vano de instalaci\u00f3n:<\/strong> 2.16 x 1.02 metros<\/li>\n<li style='margin-bottom: 5px;'><strong>Nivel de protecci\u00f3n:<\/strong> V (Fusil de Asalto R15&comma; AK47&comma; Granada de Fragmentaci\u00f3n)<\/li>\n<\/ul><\/div>\n<\/p><\/div>\n<div style='display: flex; flex-wrap: wrap; gap: 20px; margin-bottom: 30px;'>\n<div style='flex: 1 1 250px; border: 1px solid rgba(150&comma; 150&comma; 150&comma; 0.4); border-radius: 8px; overflow: hidden; display: flex; flex-direction: column;'>\n<div style='padding: 15px; border-bottom: 1px solid rgba(150&comma; 150&comma; 150&comma; 0.2); font-weight: bold; font-size: 18px; color: inherit;'>Informaci\u00f3n Adicional<\/div>\n<div style='padding: 15px; color: inherit;'>\n<ul style='padding-left: 20px; margin: 0; font-size: 14px; list-style-type: disc;'>\n<li style='margin-bottom: 5px;'>Puerta a la medida disponible bajo pedido<\/li>\n<li style='margin-bottom: 5px;'>Indicar hacia donde desea que gire la puerta al ordenar<\/li>\n<li style='margin-bottom: 5px;'>2 A\u00f1os de garant\u00eda<\/li>\n<li style='margin-bottom: 5px;'>Producto sobre pedido<\/li>\n<\/ul><\/div>\n<\/p><\/div>\n<div style='flex: 1 1 250px; border: 1px solid rgba(150&comma; 150&comma; 150&comma; 0.4); border-radius: 8px; overflow: hidden; display: flex; flex-direction: column;'>\n<div style='padding: 15px; border-bottom: 1px solid rgba(150&comma; 150&comma; 150&comma; 0.2); font-weight: bold; font-size: 18px; color: inherit;'>Notas Importantes<\/div>\n<div style='padding: 15px; color: inherit;'>\n<ul style='padding-left: 20px; margin: 0; font-size: 14px; list-style-type: disc;'>\n<li style='margin-bottom: 5px;'>Precio sujeto a cambios por otras medidas&comma; aditamentos o cambio de color<\/li>\n<li style='margin-bottom: 5px;'>Indispensable llenar el formato para cotizaci\u00f3n (disponible en recursos)<\/li>\n<li style='margin-bottom: 5px;'>No se ofrecen acabados tipo madera<\/li>\n<\/ul><\/div>\n<\/p><\/div>\n<\/p><\/div>\n<div style='position: relative; padding-bottom: 56.25%; height: 0; overflow: hidden; margin-bottom: 30px;'>   <\/div>\n<hr style='border: 0; border-top: 1px solid rgba(150&comma; 150&comma; 150&comma; 0.3); margin: 30px 0;'> <\/div>\n","protected":false},"excerpt":{"rendered":"<p>Puerta con mirilla Nivel V (Fusil de Asalto R15 ,  AK47, Granada de Fragmentaci\u00f3n).<\/p>\n","protected":false},"featured_media":23178,"comment_status":"open","ping_status":"closed","template":"","meta":[],"product_brand":[],"product_cat":[911],"product_tag":[234,912,62],"class_list":{"0":"post-23179","1":"product","2":"type-product","3":"status-publish","4":"has-post-thumbnail","6":"product_cat-todos-equipo-blindado","7":"product_tag-accesspro","8":"product_tag-equipo-blindado","9":"product_tag-todos","11":"first","12":"outofstock","13":"sale","14":"shipping-taxable","15":"purchasable","16":"product-type-simple"},"_links":{"self":[{"href":"https:\/\/soydeaqui.ddns.net\/pachuca\/index.php\/wp-json\/wp\/v2\/product\/23179","targetHints":{"allow":["GET"]}}],"collection":[{"href":"https:\/\/soydeaqui.ddns.net\/pachuca\/index.php\/wp-json\/wp\/v2\/product"}],"about":[{"href":"https:\/\/soydeaqui.ddns.net\/pachuca\/index.php\/wp-json\/wp\/v2\/types\/product"}],"replies":[{"embeddable":true,"href":"https:\/\/soydeaqui.ddns.net\/pachuca\/index.php\/wp-json\/wp\/v2\/comments?post=23179"}],"wp:featuredmedia":[{"embeddable":true,"href":"https:\/\/soydeaqui.ddns.net\/pachuca\/index.php\/wp-json\/wp\/v2\/media\/23178"}],"wp:attachment":[{"href":"https:\/\/soydeaqui.ddns.net\/pachuca\/index.php\/wp-json\/wp\/v2\/media?parent=23179"}],"wp:term":[{"taxonomy":"product_brand","embeddable":true,"href":"https:\/\/soydeaqui.ddns.net\/pachuca\/index.php\/wp-json\/wp\/v2\/product_brand?post=23179"},{"taxonomy":"product_cat","embeddable":true,"href":"https:\/\/soydeaqui.ddns.net\/pachuca\/index.php\/wp-json\/wp\/v2\/product_cat?post=23179"},{"taxonomy":"product_tag","embeddable":true,"href":"https:\/\/soydeaqui.ddns.net\/pachuca\/index.php\/wp-json\/wp\/v2\/product_tag?post=23179"}],"curies":[{"name":"wp","href":"https:\/\/api.w.org\/{rel}","templated":true}]}}