{"id":2315,"date":"2026-03-18T05:55:52","date_gmt":"2026-03-18T05:55:52","guid":{"rendered":"https:\/\/soydeaqui.ddns.net\/pachuca\/index.php\/producto\/bobina-de-152-metros-500-pies-de-cable-2-x-18-awg-riser-color-blanco-para-aplicaciones-en-alarmas-de-intrusin-control-de-acceso-automatizacin-interfonos-tv-porteros-audio-y-voceo\/"},"modified":"2026-03-18T05:55:52","modified_gmt":"2026-03-18T05:55:52","slug":"bobina-de-152-metros-500-pies-de-cable-2-x-18-awg-riser-color-blanco-para-aplicaciones-en-alarmas-de-intrusin-control-de-acceso-automatizacin-interfonos-tv-porteros-audio-y-voceo","status":"publish","type":"product","link":"https:\/\/soydeaqui.ddns.net\/pachuca\/index.php\/producto\/bobina-de-152-metros-500-pies-de-cable-2-x-18-awg-riser-color-blanco-para-aplicaciones-en-alarmas-de-intrusin-control-de-acceso-automatizacin-interfonos-tv-porteros-audio-y-voceo\/","title":{"rendered":"Bobina de 152 Metros (500 Pies) de Cable \/ 2 x 18 AWG \/ Riser \/ Color Blanco \/ Para Aplicaciones en Alarmas de Intrusi?n, Control de Acceso, Automatizaci?n, Interfonos, TV Porteros, Audio y Voceo"},"content":{"rendered":"<div style='width: 100%; max-width: 1200px; margin: 0 auto; font-family: sans-serif; line-height: 1.6; color: inherit; background-color: transparent;'>\n<div style='display: flex; flex-wrap: wrap; justify-content: center; gap: 15px; margin-bottom: 30px;'> <img style='width: auto; height: 42px; border: 1px solid rgba(150&comma;150&comma;150&comma;0.3); border-radius: 8px;' src='http:\/\/ftp3.syscom.mx\/usuarios\/maguilar\/Icons\/RoHS%20Icon.png' alt=''> <img style='width: auto; height: 65px; border: 1px solid rgba(150&comma;150&comma;150&comma;0.3); border-radius: 8px;' src='http:\/\/ftp3.syscom.mx\/usuarios\/maguilar\/Icons\/Riser%20Icon.png' alt=''> <\/div>\n<div style='margin-bottom: 30px;'>\n<p style='font-size: 16px; font-weight: bold; color: inherit;'>CABLE DE 2 CONDUCTORES CALIBRE 18 CON FORRO BLANCO PARA APLICACIONES EN ALARMAS&comma; CONTROL DE ACCESO&comma; INTERFONOS Y TV PORTEROS&comma; AUDIO Y VOCEO.<\/p>\n<p style='margin-top: 20px; color: inherit;'>Conductores de cobre suave s\u00f3lido aislamiento de PVC&comma; identificado por c\u00f3digo de colores&comma; y forro total de PVC.<\/p>\n<p style='margin-top: 20px; color: inherit;'>Uso en aplicaciones de alarmas&comma; cableado de sensores&comma; cableados Vplex&comma; cableado de sirenas&comma; cableado de interfonos y tv porteros&comma; cableados de dispositivos de sujecci\u00f3n como contras el\u00e9ctricas&comma; cerraduras de perno&comma; chapas magn\u00e9ticas en control de acceso.<\/p>\n<\/p><\/div>\n<div style='display: flex; flex-wrap: wrap; gap: 30px; margin-bottom: 30px;'>\n<div style='flex: 1 1 300px; min-width: 280px;'>\n<h3 style='font-size: 22px; border-bottom: 2px solid currentColor; padding-bottom: 5px; margin-top: 0; color: inherit; opacity: 0.8;'>Caracter\u00edsticas<\/h3>\n<ul style='padding-left: 20px; font-size: 15px; color: inherit;'>\n<li style='margin-bottom: 5px;'>Uso Interior<\/li>\n<li style='margin-bottom: 5px;'>Sistemas de audio y voceo<\/li>\n<li style='margin-bottom: 5px;'>Cableados de interfonos y Tv porteros<\/li>\n<li style='margin-bottom: 5px;'>Control de acceso: Cerraduras el\u00e9ctricas&comma; contras el\u00e9ctricas&comma; de perno&comma; Chapas magn\u00e9ticas<\/li>\n<li style='margin-bottom: 5px;'>Alarmas de intrusi\u00f3n: sensores&comma; tecnolog\u00edas convencionales y Vplex&comma; sirenas&comma; estrobos&comma; Voceo&comma; interfonos y tv porteros<\/li>\n<li style='margin-bottom: 5px;'>100% Cobre<\/li>\n<li style='margin-bottom: 5px;'>Riser&comma; FT4<\/li>\n<\/ul><\/div>\n<div style='flex: 1 1 300px; min-width: 280px;'>\n<h3 style='font-size: 22px; border-bottom: 2px solid currentColor; padding-bottom: 5px; margin-top: 0; color: inherit; opacity: 0.8;'>Caracter\u00edsticas f\u00edsicas y el\u00e9ctricas<\/h3>\n<ul style='padding-left: 20px; font-size: 15px; color: inherit;'>\n<li style='margin-bottom: 5px;'>Tipo: Cable (1 par)<\/li>\n<li style='margin-bottom: 5px;'>Impedancia (\u03a9): 67<\/li>\n<li style='margin-bottom: 5px;'>Resistencia en \u03a9 a 305 m.: 6.66<\/li>\n<li style='margin-bottom: 5px;'>Calibre: 18<\/li>\n<li style='margin-bottom: 5px;'>Color externo: Blanco<\/li>\n<li style='margin-bottom: 5px;'>Color interno: Negro&comma; Rojo<\/li>\n<li style='margin-bottom: 5px;'>Di\u00e1metro exterior (mm): 3.81<\/li>\n<li style='margin-bottom: 5px;'>Tipo:<\/li>\n<\/ul>\n<ul style='padding-left: 40px; font-size: 15px; color: inherit;'>\n<li style='margin-bottom: 5px;'>CL3R<\/li>\n<li style='margin-bottom: 5px;'>FPLR<\/li>\n<li style='margin-bottom: 5px;'>CMR<\/li>\n<li style='margin-bottom: 5px;'>FT4<\/li>\n<li style='margin-bottom: 5px;'>Sunlight Resistant<\/li>\n<\/ul><\/div>\n<div style='flex: 1 1 300px; min-width: 280px;'>\n<h3 style='font-size: 22px; border-bottom: 2px solid currentColor; padding-bottom: 5px; margin-top: 0; color: inherit; opacity: 0.8;'>Est\u00e1ndares<\/h3>\n<ul style='padding-left: 20px; font-size: 15px; color: inherit;'>\n<li style='margin-bottom: 5px;'>UL 1666 (Riser)<\/li>\n<li style='margin-bottom: 5px;'>CSA C22.2 No. 2556 (FT4)<\/li>\n<li style='margin-bottom: 5px;'>RoHS Compliant<\/li>\n<\/ul><\/div>\n<\/p><\/div>\n<div style='margin-top: 30px; padding: 15px; border: 1px solid rgba(150&comma;150&comma;150&comma;0.3); border-radius: 8px; background-color: rgba(245&comma; 34&comma; 7&comma; 0.05);'>\n<p style='margin: 0; font-size: 15px; font-weight: bold; color: inherit;'>* Precio por bobina de 152.5 metros.<\/p>\n<\/p><\/div>\n<\/p><\/div>\n","protected":false},"excerpt":{"rendered":"<p>Bobina de 152 Metros (500 Pies) de Cable \/ 2 x 18 AWG \/ Riser \/ Color Blanco \/ Para Aplicaciones en Alarmas de Intrusi?n, Control de Acceso, Automatizaci?n, Interfonos, TV Porteros, Audio y Voceo<\/p>\n","protected":false},"featured_media":2314,"comment_status":"open","ping_status":"closed","template":"","meta":[],"product_brand":[],"product_cat":[137],"product_tag":[138,139,62],"class_list":{"0":"post-2315","1":"product","2":"type-product","3":"status-publish","4":"has-post-thumbnail","6":"product_cat-todos-cables","7":"product_tag-cables","8":"product_tag-genesis","9":"product_tag-todos","11":"first","12":"instock","13":"sale","14":"shipping-taxable","15":"purchasable","16":"product-type-simple"},"_links":{"self":[{"href":"https:\/\/soydeaqui.ddns.net\/pachuca\/index.php\/wp-json\/wp\/v2\/product\/2315","targetHints":{"allow":["GET"]}}],"collection":[{"href":"https:\/\/soydeaqui.ddns.net\/pachuca\/index.php\/wp-json\/wp\/v2\/product"}],"about":[{"href":"https:\/\/soydeaqui.ddns.net\/pachuca\/index.php\/wp-json\/wp\/v2\/types\/product"}],"replies":[{"embeddable":true,"href":"https:\/\/soydeaqui.ddns.net\/pachuca\/index.php\/wp-json\/wp\/v2\/comments?post=2315"}],"wp:featuredmedia":[{"embeddable":true,"href":"https:\/\/soydeaqui.ddns.net\/pachuca\/index.php\/wp-json\/wp\/v2\/media\/2314"}],"wp:attachment":[{"href":"https:\/\/soydeaqui.ddns.net\/pachuca\/index.php\/wp-json\/wp\/v2\/media?parent=2315"}],"wp:term":[{"taxonomy":"product_brand","embeddable":true,"href":"https:\/\/soydeaqui.ddns.net\/pachuca\/index.php\/wp-json\/wp\/v2\/product_brand?post=2315"},{"taxonomy":"product_cat","embeddable":true,"href":"https:\/\/soydeaqui.ddns.net\/pachuca\/index.php\/wp-json\/wp\/v2\/product_cat?post=2315"},{"taxonomy":"product_tag","embeddable":true,"href":"https:\/\/soydeaqui.ddns.net\/pachuca\/index.php\/wp-json\/wp\/v2\/product_tag?post=2315"}],"curies":[{"name":"wp","href":"https:\/\/api.w.org\/{rel}","templated":true}]}}