{"id":23143,"date":"2026-03-18T11:10:26","date_gmt":"2026-03-18T11:10:26","guid":{"rendered":"https:\/\/soydeaqui.ddns.net\/pachuca\/index.php\/producto\/impresora-de-tarjetas-retransferencia-144-tarjetas-por-hora-doble-cara\/"},"modified":"2026-03-18T11:10:34","modified_gmt":"2026-03-18T11:10:34","slug":"impresora-de-tarjetas-retransferencia-144-tarjetas-por-hora-doble-cara","status":"publish","type":"product","link":"https:\/\/soydeaqui.ddns.net\/pachuca\/index.php\/producto\/impresora-de-tarjetas-retransferencia-144-tarjetas-por-hora-doble-cara\/","title":{"rendered":"Impresora de Tarjetas \/ Retransferencia \/ 144 Tarjetas por Hora \/ Doble cara"},"content":{"rendered":"<div style='width: 100%; max-width: 1200px; margin: 0 auto; font-family: sans-serif; line-height: 1.6; color: inherit; background-color: transparent;'>\n<div style='display: flex; flex-wrap: wrap; gap: 30px; margin-bottom: 30px;'>\n<div style='flex: 1 1 300px; min-width: 280px;'>\n<h3 style='font-size: 22px; border-bottom: 2px solid currentColor; padding-bottom: 5px; margin-top: 0; color: inherit; opacity: 0.8;'>Caracter\u00edsticas Principales<\/h3>\n<ul style='padding-left: 20px; font-size: 15px; color: inherit;'>\n<li style='margin-bottom: 5px;'>SMART-81 es una impresora de tarjetas de retransferencia de nueva generaci\u00f3n que ofrece la velocidad de producci\u00f3n m\u00e1s r\u00e1pida de la industria.<\/li>\n<li style='margin-bottom: 5px;'>Tecnolog\u00eda de calentamiento por retransferencia de IDP: tecnolog\u00eda de impresi\u00f3n por retransferencia r\u00e1pida o &#8216;RRP&#8217; proporciona la m\u00e9trica &#8216;Listo para imprimir&#8217; m\u00e1s r\u00e1pida de la industria.<\/li>\n<li style='margin-bottom: 5px;'>Ofrece una amplia gama de caracter\u00edsticas opcionales: impresi\u00f3n doble&comma; laminado&comma; Ethernet y codificaci\u00f3n de tarjetas inteligentes.<\/li>\n<\/ul><\/div>\n<div style='flex: 1 1 300px; min-width: 280px;'>\n<h3 style='font-size: 22px; border-bottom: 2px solid currentColor; padding-bottom: 5px; margin-top: 0; color: inherit; opacity: 0.8;'>Aplicaciones<\/h3>\n<ul style='padding-left: 20px; font-size: 15px; color: inherit;'>\n<li style='margin-bottom: 5px;'>Identificaciones corporativas<\/li>\n<li style='margin-bottom: 5px;'>Insignias de control de acceso<\/li>\n<li style='margin-bottom: 5px;'>Identificaciones de estudiantes<\/li>\n<li style='margin-bottom: 5px;'>Tarjetas de lealtad\/regalo<\/li>\n<li style='margin-bottom: 5px;'>Identificaciones nacionales<\/li>\n<li style='margin-bottom: 5px;'>Licencias de conducir<\/li>\n<\/ul><\/div>\n<\/p><\/div>\n<div style='display: flex; flex-wrap: wrap; gap: 20px; margin-bottom: 30px;'>\n<div style='flex: 1 1 250px; border: 1px solid rgba(150&comma; 150&comma; 150&comma; 0.4); border-radius: 8px; overflow: hidden; display: flex; flex-direction: column;'>\n<div style='padding: 15px; border-bottom: 1px solid rgba(150&comma; 150&comma; 150&comma; 0.2); font-weight: bold; font-size: 18px; color: inherit;'>Calidad de Impresi\u00f3n<\/div>\n<div style='padding: 15px; color: inherit;'>\n<ul style='padding-left: 20px; margin: 0; font-size: 14px; list-style-type: disc;'>\n<li style='margin-bottom: 5px;'>Tecnolog\u00eda FINE\u2122 y RRP de IDP para \u00f3ptima calidad<\/li>\n<li style='margin-bottom: 5px;'>Alta resoluci\u00f3n de 300 x 300 hasta 600 x 600 ppp<\/li>\n<li style='margin-bottom: 5px;'>Impresi\u00f3n infinita a todo color<\/li>\n<li style='margin-bottom: 5px;'>Cinta de impresora de sublimaci\u00f3n de tinta de la serie profesional para reproducci\u00f3n realista<\/li>\n<\/ul><\/div>\n<\/p><\/div>\n<div style='flex: 1 1 250px; border: 1px solid rgba(150&comma; 150&comma; 150&comma; 0.4); border-radius: 8px; overflow: hidden; display: flex; flex-direction: column;'>\n<div style='padding: 15px; border-bottom: 1px solid rgba(150&comma; 150&comma; 150&comma; 0.2); font-weight: bold; font-size: 18px; color: inherit;'>Velocidad de Producci\u00f3n<\/div>\n<div style='padding: 15px; color: inherit;'>\n<ul style='padding-left: 20px; margin: 0; font-size: 14px; list-style-type: disc;'>\n<li style='margin-bottom: 5px;'>&#8216;Listo para imprimir&#8217; m\u00e1s r\u00e1pido de la industria<\/li>\n<li style='margin-bottom: 5px;'>Velocidad de producci\u00f3n m\u00e1s r\u00e1pida<\/li>\n<li style='margin-bottom: 5px;'>200 Tarjetas de entrada en tolva<\/li>\n<li style='margin-bottom: 5px;'>Impresi\u00f3n a todo color de m\u00e1s de 144 tarjetas por hora<\/li>\n<li style='margin-bottom: 5px;'>Impresi\u00f3n y laminado a todo color de m\u00e1s de TBA tarjetas por hora (SMART-81L)<\/li>\n<li style='margin-bottom: 5px;'>Impresi\u00f3n monocrom\u00e1tica y codificaci\u00f3n magn\u00e9tica de m\u00e1s de TBA tarjetas por hora<\/li>\n<\/ul><\/div>\n<\/p><\/div>\n<div style='flex: 1 1 250px; border: 1px solid rgba(150&comma; 150&comma; 150&comma; 0.4); border-radius: 8px; overflow: hidden; display: flex; flex-direction: column;'>\n<div style='padding: 15px; border-bottom: 1px solid rgba(150&comma; 150&comma; 150&comma; 0.2); font-weight: bold; font-size: 18px; color: inherit;'>Confiabilidad<\/div>\n<div style='padding: 15px; color: inherit;'>\n<ul style='padding-left: 20px; margin: 0; font-size: 14px; list-style-type: disc;'>\n<li style='margin-bottom: 5px;'>Marco de metal para mejor calidad de impresi\u00f3n<\/li>\n<li style='margin-bottom: 5px;'>Mayor rendimiento de la impresora<\/li>\n<li style='margin-bottom: 5px;'>Larga vida \u00fatil de la impresora<\/li>\n<li style='margin-bottom: 5px;'>Mantenimiento m\u00e1s f\u00e1cil<\/li>\n<li style='margin-bottom: 5px;'>Reducci\u00f3n de los da\u00f1os de env\u00edo<\/li>\n<\/ul><\/div>\n<\/p><\/div>\n<div style='flex: 1 1 250px; border: 1px solid rgba(150&comma; 150&comma; 150&comma; 0.4); border-radius: 8px; overflow: hidden; display: flex; flex-direction: column;'>\n<div style='padding: 15px; border-bottom: 1px solid rgba(150&comma; 150&comma; 150&comma; 0.2); font-weight: bold; font-size: 18px; color: inherit;'>Codificaci\u00f3n<\/div>\n<div style='padding: 15px; color: inherit;'>\n<ul style='padding-left: 20px; margin: 0; font-size: 14px; list-style-type: disc;'>\n<li style='margin-bottom: 5px;'>Opciones de codificaci\u00f3n: banda magn\u00e9tica&comma; contacto y tarjetas inteligentes sin contacto<\/li>\n<li style='margin-bottom: 5px;'>Controlador OpenMag de IDP con compatibilidad para comandos de codificaci\u00f3n magn\u00e9tica heredados<\/li>\n<\/ul><\/div>\n<\/p><\/div>\n<div style='flex: 1 1 250px; border: 1px solid rgba(150&comma; 150&comma; 150&comma; 0.4); border-radius: 8px; overflow: hidden; display: flex; flex-direction: column;'>\n<div style='padding: 15px; border-bottom: 1px solid rgba(150&comma; 150&comma; 150&comma; 0.2); font-weight: bold; font-size: 18px; color: inherit;'>Seguridad<\/div>\n<div style='padding: 15px; color: inherit;'>\n<ul style='padding-left: 20px; margin: 0; font-size: 14px; list-style-type: disc;'>\n<li style='margin-bottom: 5px;'>Laminaci\u00f3n de seguridad (SMART-81L)<\/li>\n<li style='margin-bottom: 5px;'>Opciones de bloqueo tipo Kensington\u00ae disponibles<\/li>\n<\/ul><\/div>\n<\/p><\/div>\n<\/p><\/div>\n<hr style='border: 0; border-top: 1px solid rgba(150&comma; 150&comma; 150&comma; 0.3); margin: 30px 0;'> <\/div>\n","protected":false},"excerpt":{"rendered":"<p>Impresora de Tarjetas \/ Retransferencia \/ 144 Tarjetas por Hora \/ Doble cara<\/p>\n","protected":false},"featured_media":23142,"comment_status":"open","ping_status":"closed","template":"","meta":[],"product_brand":[],"product_cat":[823],"product_tag":[812,824,62],"class_list":{"0":"post-23143","1":"product","2":"type-product","3":"status-publish","4":"has-post-thumbnail","6":"product_cat-todos-identificacion-y-credencializacion","7":"product_tag-identificacion-y-credencializacion","8":"product_tag-idp","9":"product_tag-todos","11":"first","12":"instock","13":"sale","14":"shipping-taxable","15":"purchasable","16":"product-type-simple"},"_links":{"self":[{"href":"https:\/\/soydeaqui.ddns.net\/pachuca\/index.php\/wp-json\/wp\/v2\/product\/23143","targetHints":{"allow":["GET"]}}],"collection":[{"href":"https:\/\/soydeaqui.ddns.net\/pachuca\/index.php\/wp-json\/wp\/v2\/product"}],"about":[{"href":"https:\/\/soydeaqui.ddns.net\/pachuca\/index.php\/wp-json\/wp\/v2\/types\/product"}],"replies":[{"embeddable":true,"href":"https:\/\/soydeaqui.ddns.net\/pachuca\/index.php\/wp-json\/wp\/v2\/comments?post=23143"}],"wp:featuredmedia":[{"embeddable":true,"href":"https:\/\/soydeaqui.ddns.net\/pachuca\/index.php\/wp-json\/wp\/v2\/media\/23142"}],"wp:attachment":[{"href":"https:\/\/soydeaqui.ddns.net\/pachuca\/index.php\/wp-json\/wp\/v2\/media?parent=23143"}],"wp:term":[{"taxonomy":"product_brand","embeddable":true,"href":"https:\/\/soydeaqui.ddns.net\/pachuca\/index.php\/wp-json\/wp\/v2\/product_brand?post=23143"},{"taxonomy":"product_cat","embeddable":true,"href":"https:\/\/soydeaqui.ddns.net\/pachuca\/index.php\/wp-json\/wp\/v2\/product_cat?post=23143"},{"taxonomy":"product_tag","embeddable":true,"href":"https:\/\/soydeaqui.ddns.net\/pachuca\/index.php\/wp-json\/wp\/v2\/product_tag?post=23143"}],"curies":[{"name":"wp","href":"https:\/\/api.w.org\/{rel}","templated":true}]}}