{"id":23137,"date":"2026-03-18T11:10:20","date_gmt":"2026-03-18T11:10:20","guid":{"rendered":"https:\/\/soydeaqui.ddns.net\/pachuca\/index.php\/producto\/frente-de-calle-ip-2-megapixel-uso-rudo-antivandalico-ik09-y-exterior-ip65-poe-estandar-3-mts-ir-compatible-con-monitor-ip-hikvision-o-llamada-directo-a-app\/"},"modified":"2026-03-18T11:10:24","modified_gmt":"2026-03-18T11:10:24","slug":"frente-de-calle-ip-2-megapixel-uso-rudo-antivandalico-ik09-y-exterior-ip65-poe-estandar-3-mts-ir-compatible-con-monitor-ip-hikvision-o-llamada-directo-a-app","status":"publish","type":"product","link":"https:\/\/soydeaqui.ddns.net\/pachuca\/index.php\/producto\/frente-de-calle-ip-2-megapixel-uso-rudo-antivandalico-ik09-y-exterior-ip65-poe-estandar-3-mts-ir-compatible-con-monitor-ip-hikvision-o-llamada-directo-a-app\/","title":{"rendered":"Frente de Calle IP 2 Megapixel \/ Uso Rudo \/ Antivand\u00e1lico IK09 y Exterior IP65 \/ PoE Est\u00e1ndar \/ 3 mts IR \/ Compatible con Monitor IP HIKVISION o Llamada Directo a App"},"content":{"rendered":"<div style='width: 100%; max-width: 1200px; margin: 0 auto; font-family: sans-serif; line-height: 1.6; color: inherit; background-color: transparent;'> <!-- Banner principal --> <\/p>\n<div style='display: flex; flex-wrap: wrap; margin-bottom: 30px; justify-content: center;'>\n<div style='flex: 1 1 100%; max-width: 100%;'> <a href='http:\/\/soporte.syscom.mx\/control-de-acceso#hikvision' target='_blank' rel='noopener' style='display: block;'> <img style='width: 100%; height: auto; border: 1px solid rgba(150&comma;150&comma;150&comma;0.3); border-radius: 8px;' src='https:\/\/ftp3.syscom.mx\/usuarios\/ftp\/web_img\/web_banners\/videoporteros.jpg' alt='Videoporteros Hikvision'> <\/a> <\/div>\n<\/p><\/div>\n<p> <!-- Videos Section --> <\/p>\n<div style='display: flex; flex-wrap: wrap; gap: 20px; margin-bottom: 30px;'>\n<div style='flex: 1 1 300px; min-width: 280px;'>\n<div style='position: relative; padding-bottom: 56.25%; height: 0; overflow: hidden; margin-bottom: 30px;'>   <\/div>\n<\/p><\/div>\n<div style='flex: 1 1 300px; min-width: 280px;'>\n<div style='position: relative; padding-bottom: 56.25%; height: 0; overflow: hidden; margin-bottom: 30px;'>   <\/div>\n<\/p><\/div>\n<div style='flex: 1 1 300px; min-width: 280px;'>\n<div style='position: relative; padding-bottom: 56.25%; height: 0; overflow: hidden; margin-bottom: 30px;'>   <\/div>\n<div style='position: relative; padding-bottom: 56.25%; height: 0; overflow: hidden; margin-bottom: 30px;'>\n<div style='position: absolute; top: 0; left: 0; width: 100%; height: 100%;'><\/div>\n<\/p><\/div>\n<\/p><\/div>\n<\/p><\/div>\n<p> <!-- Caracter\u00edsticas en 3 columnas --> <\/p>\n<div style='display: flex; flex-wrap: wrap; gap: 30px; margin-bottom: 30px;'> <!-- Columna 1 --> <\/p>\n<div style='flex: 1 1 300px; min-width: 280px; display: flex; flex-direction: column;'>\n<div style='padding: 15px; border-bottom: 2px solid rgba(255&comma; 0&comma; 0&comma; 0.4); font-weight: bold; font-size: 18px; color: inherit; background-color: rgba(255&comma; 0&comma; 0&comma; 0.1);'>Caracter\u00edsticas de Frente de Calle DS-KB8113IME1:<\/div>\n<ul style='padding: 15px; margin: 0; font-size: 14px; color: inherit; list-style-type: disc; flex-grow: 1;'>\n<li style='margin-bottom: 5px;'>Funci\u00f3n de TV Portero para 1 Puerta<\/li>\n<li style='margin-bottom: 5px;'>C\u00e1mara HD de 2 MP<\/li>\n<li style='margin-bottom: 5px;'>Visi\u00f3n nocturna con IR de 3 metros<\/li>\n<li style='margin-bottom: 5px;'>WDR Real<\/li>\n<li style='margin-bottom: 5px;'>Campo de visi\u00f3n: Horizontal 87\u00b0 \/ Vertical 49\u00b0 \/ Diagonal 102\u00b0<\/li>\n<li style='margin-bottom: 5px;'>Supresi\u00f3n de ruido y cancelaci\u00f3n de eco<\/li>\n<li style='margin-bottom: 5px;'>Soporta interfaz web<\/li>\n<li style='margin-bottom: 5px;'>Sincronizaci\u00f3n a trav\u00e9s de NTP<\/li>\n<li style='margin-bottom: 5px;'>Soporta detecci\u00f3n de movimiento<\/li>\n<li style='margin-bottom: 5px;'>Comunicaci\u00f3n bidireccional<\/li>\n<\/ul><\/div>\n<p> <!-- Columna 2 --> <\/p>\n<div style='flex: 1 1 300px; min-width: 280px; display: flex; flex-direction: column;'>\n<div style='padding: 15px; border-bottom: 2px solid rgba(255&comma; 0&comma; 0&comma; 0.4); font-weight: bold; font-size: 18px; color: inherit; background-color: rgba(255&comma; 0&comma; 0&comma; 0.1);'>Caracter\u00edsticas F\u00edsicas y El\u00e9ctricas:<\/div>\n<ul style='padding: 15px; margin: 0; font-size: 14px; color: inherit; list-style-type: disc; flex-grow: 1;'>\n<li style='margin-bottom: 5px;'>Voltaje de operaci\u00f3n: 12 Vcc&comma; PoE Est\u00e1ndar IEEE802.3af &#8211; (Fuente no incluida)<\/li>\n<li style='margin-bottom: 5px;'>Consumo: 10 W<\/li>\n<li style='margin-bottom: 5px;'><strong style='color: inherit;'>Nivel de protecci\u00f3n<\/strong>: IP65 (Exterior protegido) &#038; IK09<\/li>\n<li style='margin-bottom: 5px;'>Temperatura de operaci\u00f3n: -30\u00b0 C a +50\u00b0 C<\/li>\n<li style='margin-bottom: 5px; font-weight: bold;'>Interfaces:<\/li>\n<li style='margin-bottom: 5px;'>1x Salida de relevador<\/li>\n<li style='margin-bottom: 5px;'>1x Conexi\u00f3n TCP\/IP<\/li>\n<li style='margin-bottom: 5px;'>1x Entrada Auxiliar (configurable como bot\u00f3n REX o Sensor de Puerta)<\/li>\n<li style='margin-bottom: 5px; color: #ff4444; font-weight: bold;'>* Este dispositivo no lee tarjetas de ning\u00fan tipo<\/li>\n<\/ul><\/div>\n<p> <!-- Columna 3 --> <\/p>\n<div style='flex: 1 1 300px; min-width: 280px; display: flex; flex-direction: column;'>\n<div style='padding: 15px; border-bottom: 2px solid rgba(255&comma; 0&comma; 0&comma; 0.4); font-weight: bold; font-size: 18px; color: inherit; background-color: rgba(255&comma; 0&comma; 0&comma; 0.1);'>Caracter\u00edsticas Destacadas:<\/div>\n<ul style='padding: 15px; margin: 0; font-size: 14px; color: inherit; list-style-type: disc; flex-grow: 1;'>\n<li style='margin-bottom: 5px;'>Solo es cuesti\u00f3n de alimentar el equipo con una fuente de 12 Vcc o mediante PoE para facilitar la instalaci\u00f3n<\/li>\n<li style='margin-bottom: 5px; color: #ff4444; font-weight: bold;'>El dispositivo puede funcionar con monitores o sin monitor&comma; llamando directo a la App de Smartphone<\/li>\n<li style='margin-bottom: 5px; color: #ff4444;'>Monitores compatibles:<\/li>\n<li style='margin-bottom: 5px;'><a href='https:\/\/www.syscom.mx\/principal\/searchcont?route=DS-KH6320-WTE1-HIKVISION-170761&#038;autodetect=DSKH6310' target='_blank' rel='noopener' style='color: #ff4444; text-decoration: underline;'>DS-KH6320-WTE1<\/a><\/li>\n<li style='margin-bottom: 5px;'><a href='https:\/\/www.syscom.mx\/principal\/searchcont?route=DS-KH6220-LE1-HIKVISION-189752&#038;autodetect=dskh6220' target='_blank' rel='noopener' style='color: #ff4444; text-decoration: underline;'>DS-KH6220-LE1<\/a><\/li>\n<li style='margin-bottom: 5px;'><a href='https:\/\/www.syscom.mx\/producto\/DS-KH8520-WTE1-HIKVISION-170927.html' target='_blank' rel='noopener' style='color: #ff4444; text-decoration: underline;'>DS-KH8520-WTE1<\/a><\/li>\n<li style='margin-bottom: 5px;'>Soporta <strong style='color: #ff4444;'>6 monitores en total<\/strong> (1 Principal y 5 extensiones). Todos timbran al mismo tiempo<\/li>\n<li style='margin-bottom: 5px;'>Soporta <strong style='color: #ff4444;'>9 frentes de calle en total<\/strong> (1 principal y 8 esclavos)<\/li>\n<\/ul><\/div>\n<\/p><\/div>\n<p> <!-- Soporte t\u00e9cnico --> <\/p>\n<div style='display: flex; flex-wrap: wrap; margin-bottom: 30px;'>\n<div style='flex: 1 1 100%;'>\n<div style='padding: 15px; border-bottom: 2px solid rgba(255&comma; 0&comma; 0&comma; 0.4); font-weight: bold; font-size: 18px; color: inherit; background-color: rgba(255&comma; 0&comma; 0&comma; 0.1); margin-bottom: 15px;'>Soporte T\u00e9cnico:<\/div>\n<div style='padding: 15px; font-size: 14px; color: inherit;'>\n<p style='margin: 0;'>Si requiere soporte t\u00e9cnico de clic <a href='https:\/\/soporte.syscom.mx\/es\/articles\/10706576-hikvision-repositorio-configuracion-videoporteros' target='_blank' rel='noopener' style='color: #ff4444; text-decoration: underline;'>aqu\u00ed<\/a><\/p>\n<\/p><\/div>\n<\/p><\/div>\n<\/p><\/div>\n<p> <!-- Im\u00e1genes finales --> <\/p>\n<hr style='border: 0; border-top: 1px solid rgba(150&comma;150&comma;150&comma;0.3); margin: 30px 0;'>\n<div style='text-align: center; margin-bottom: 15px;'> <strong style='font-size: 24px; display: inline-block;'>Ejemplo de conexi\u00f3n de una cerradura magnetica o electrica:<\/strong> <\/div>\n<div style='margin-bottom: 30px;'> <img style='width: 100%; height: auto; border: 1px solid rgba(150&comma;150&comma;150&comma;0.3); border-radius: 8px; display: block; margin: 0 auto;' src='https:\/\/downloads.intercomcdn.com\/i\/o\/qdpt3rxn\/1406813573\/860175acb5f95be60252993d75b3\/image.png?expires=1752080400&#038;signature=27edc3dee75a871f0dd65425269ed9992f69e6e3e1a6701ed28bfcac2c169da2&#038;req=dSQnEMF%2FnoRYWvMW1HO4zSURLQ4hXpQst7i8qmEq%2FHDYAfu5VRhXYXJzQfnW%0AeASlY20DYzgAEJFzTD8%3D%0A' alt=''> <\/div>\n<div> <a href='http:\/\/soporte.syscom.mx\/es\/articles\/4296720-hikvision-videoportero-configuraciones-tercera-generacion-con-interfaz-web' style='display: block; text-align: center;'> <img style='width: 100%; height: auto; border: 1px solid rgba(150&comma;150&comma;150&comma;0.3); border-radius: 8px; display: block; margin: 0 auto;' src='https:\/\/ftp3.syscom.mx\/usuarios\/fespinoza\/HIKVISION\/Dispositivos\/Videoporteros\/HIKVISION-VIDEOPORTEROS.png' alt='Configuraci\u00f3n Videoporteros'> <\/a> <\/div>\n<\/p><\/div>\n","protected":false},"excerpt":{"rendered":"<p>Frente de Calle IP 2 Megapixel \/ Uso Rudo \/ Antivand\u00e1lico IK09 y Exterior IP65 \/ PoE Est\u00e1ndar \/ 3 mts IR \/ Compatible con Monitor IP HIKVISION o Llamada Directo a App<\/p>\n","protected":false},"featured_media":23136,"comment_status":"open","ping_status":"closed","template":"","meta":[],"product_brand":[],"product_cat":[856],"product_tag":[54,557,857],"class_list":{"0":"post-23137","1":"product","2":"type-product","3":"status-publish","4":"has-post-thumbnail","6":"product_cat-videoporteros-ip","7":"product_tag-hikvision","8":"product_tag-videoporteros-e-interfonos","9":"product_tag-videoporteros-ip","11":"first","12":"instock","13":"sale","14":"shipping-taxable","15":"purchasable","16":"product-type-simple"},"_links":{"self":[{"href":"https:\/\/soydeaqui.ddns.net\/pachuca\/index.php\/wp-json\/wp\/v2\/product\/23137","targetHints":{"allow":["GET"]}}],"collection":[{"href":"https:\/\/soydeaqui.ddns.net\/pachuca\/index.php\/wp-json\/wp\/v2\/product"}],"about":[{"href":"https:\/\/soydeaqui.ddns.net\/pachuca\/index.php\/wp-json\/wp\/v2\/types\/product"}],"replies":[{"embeddable":true,"href":"https:\/\/soydeaqui.ddns.net\/pachuca\/index.php\/wp-json\/wp\/v2\/comments?post=23137"}],"wp:featuredmedia":[{"embeddable":true,"href":"https:\/\/soydeaqui.ddns.net\/pachuca\/index.php\/wp-json\/wp\/v2\/media\/23136"}],"wp:attachment":[{"href":"https:\/\/soydeaqui.ddns.net\/pachuca\/index.php\/wp-json\/wp\/v2\/media?parent=23137"}],"wp:term":[{"taxonomy":"product_brand","embeddable":true,"href":"https:\/\/soydeaqui.ddns.net\/pachuca\/index.php\/wp-json\/wp\/v2\/product_brand?post=23137"},{"taxonomy":"product_cat","embeddable":true,"href":"https:\/\/soydeaqui.ddns.net\/pachuca\/index.php\/wp-json\/wp\/v2\/product_cat?post=23137"},{"taxonomy":"product_tag","embeddable":true,"href":"https:\/\/soydeaqui.ddns.net\/pachuca\/index.php\/wp-json\/wp\/v2\/product_tag?post=23137"}],"curies":[{"name":"wp","href":"https:\/\/api.w.org\/{rel}","templated":true}]}}