{"id":23124,"date":"2026-03-18T11:10:05","date_gmt":"2026-03-18T11:10:05","guid":{"rendered":"https:\/\/soydeaqui.ddns.net\/pachuca\/index.php\/producto\/sensor-laser-de-seguridad\/"},"modified":"2026-03-18T11:10:09","modified_gmt":"2026-03-18T11:10:09","slug":"sensor-laser-de-seguridad","status":"publish","type":"product","link":"https:\/\/soydeaqui.ddns.net\/pachuca\/index.php\/producto\/sensor-laser-de-seguridad\/","title":{"rendered":"SENSOR LASER DE SEGURIDAD"},"content":{"rendered":"<div style='width: 100%; max-width: 1200px; margin: 0 auto; font-family: sans-serif; line-height: 1.6; color: inherit; background-color: transparent;'>\n<div style='display: flex; flex-wrap: wrap; gap: 30px; margin-bottom: 30px;'>\n<div style='flex: 1 1 300px; min-width: 280px;'>\n<h3 style='font-size: 22px; border-bottom: 2px solid currentColor; padding-bottom: 5px; margin-top: 0; color: inherit; opacity: 0.8;'>Descripci\u00f3n<\/h3>\n<ul style='padding-left: 20px; font-size: 15px; color: inherit;'>\n<li style='margin-bottom: 5px;'>Sensor l\u00e1ser de tiempo de vuelo para detecci\u00f3n precisa<\/li>\n<li style='margin-bottom: 5px;'>4 cortinas l\u00e1ser que crean una zona de detecci\u00f3n 3D<\/li>\n<li style='margin-bottom: 5px;'>Rango de detecci\u00f3n m\u00e1ximo de 25 x 25 m (82 x 82 ft)<\/li>\n<li style='margin-bottom: 5px;'>Caracter\u00edstica de presencia y movimiento<\/li>\n<li style='margin-bottom: 5px;'>Carcasa IP65 adecuada para instalaci\u00f3n exterior e industrial<\/li>\n<li style='margin-bottom: 5px;'>3 puntos l\u00e1ser visibles para ajuste del \u00e1ngulo de inclinaci\u00f3n<\/li>\n<li style='margin-bottom: 5px;'>Ajuste mediante control remoto universal BEA<\/li>\n<\/ul><\/div>\n<div style='flex: 1 1 300px; min-width: 280px;'>\n<h3 style='font-size: 22px; border-bottom: 2px solid currentColor; padding-bottom: 5px; margin-top: 0; color: inherit; opacity: 0.8;'>Caracter\u00edsticas T\u00e9cnicas<\/h3>\n<ul style='padding-left: 20px; font-size: 15px; color: inherit;'>\n<li style='margin-bottom: 5px;'><strong>Tecnolog\u00eda:<\/strong> L\u00e1ser&comma; medici\u00f3n por tiempo de vuelo<\/li>\n<li style='margin-bottom: 5px;'><strong>Rango de detecci\u00f3n:<\/strong> 10 m x 10 m (33 ft x 33 ft) por defecto (m\u00e1x. 25 m x 25 m)<\/li>\n<li style='margin-bottom: 5px;'><strong>Resoluci\u00f3n angular:<\/strong> 0.3516\u00b0<\/li>\n<li style='margin-bottom: 5px;'><strong>Tama\u00f1o m\u00ednimo detectable:<\/strong> 20 mm @ 3 m (0.8 in @ 10 ft)&comma; 35 mm @ 5 m (1.4 in @ 16 ft)&comma; 70 mm @ 10 m (2.8 in @ 33 ft)&comma; 175 mm @ 25 m (6.9 in @ 82 ft)<\/li>\n<li style='margin-bottom: 5px;'><strong>Caracter\u00edsticas del l\u00e1ser:<\/strong> IR (905 nm&comma; 0.10mW&comma; Clase 1)&comma; Visible rojo (635 nm&comma; 0.95mW&comma; Clase 2)<\/li>\n<li style='margin-bottom: 5px;'><strong>Alimentaci\u00f3n:<\/strong> 10 \u2013 35 VDC<\/li>\n<li style='margin-bottom: 5px;'><strong>Consumo:<\/strong> < 5 W<\/li>\n<li style='margin-bottom: 5px;'><strong>Tiempo de respuesta:<\/strong> 20 ms t\u00edpico (m\u00e1x. 80 ms)<\/li>\n<li style='margin-bottom: 5px;'><strong>Salidas:<\/strong> 2 rel\u00e9s electr\u00f3nicos (aislados&comma; sin polaridad)<\/li>\n<li style='margin-bottom: 5px;'><strong>Protecci\u00f3n:<\/strong> IP65 \/ NEMA 4<\/li>\n<\/ul><\/div>\n<\/p><\/div>\n<div style='display: flex; flex-wrap: wrap; gap: 20px; margin-bottom: 30px;'>\n<div style='flex: 1 1 250px; border: 1px solid rgba(150&comma; 150&comma; 150&comma; 0.4); border-radius: 8px; overflow: hidden; display: flex; flex-direction: column;'>\n<div style='padding: 15px; border-bottom: 1px solid rgba(150&comma; 150&comma; 150&comma; 0.2); font-weight: bold; font-size: 18px; color: inherit;'>Conexiones y Se\u00f1alizaci\u00f3n<\/div>\n<div style='padding: 15px; color: inherit;'>\n<ul style='padding-left: 20px; margin: 0; font-size: 14px; list-style-type: disc;'>\n<li style='margin-bottom: 5px;'><strong>Entradas:<\/strong> 2 optoacopladores (aislados&comma; sin polaridad)<\/li>\n<li style='margin-bottom: 5px;'><strong>Salidas:<\/strong> Rel\u00e9s con voltaje m\u00e1x. 35 VDC \/ 24 VAC&comma; corriente m\u00e1x. 80 mA<\/li>\n<li style='margin-bottom: 5px;'><strong>LEDs:<\/strong> 1 azul (alimentaci\u00f3n)&comma; 1 naranja (error)&comma; 2 bicolor (detecci\u00f3n\/salida)<\/li>\n<\/ul><\/div>\n<\/p><\/div>\n<div style='flex: 1 1 250px; border: 1px solid rgba(150&comma; 150&comma; 150&comma; 0.4); border-radius: 8px; overflow: hidden; display: flex; flex-direction: column;'>\n<div style='padding: 15px; border-bottom: 1px solid rgba(150&comma; 150&comma; 150&comma; 0.2); font-weight: bold; font-size: 18px; color: inherit;'>Condiciones Ambientales<\/div>\n<div style='padding: 15px; color: inherit;'>\n<ul style='padding-left: 20px; margin: 0; font-size: 14px; list-style-type: disc;'>\n<li style='margin-bottom: 5px;'><strong>Rango de temperatura:<\/strong> -30\u00b0C a +60\u00b0C (-22\u00b0F a +140\u00b0F) en funcionamiento<\/li>\n<li style='margin-bottom: 5px;'><strong>Humedad:<\/strong> 0 \u2013 95% sin condensaci\u00f3n<\/li>\n<li style='margin-bottom: 5px;'><strong>Vibraciones:<\/strong> < 2G<\/li>\n<li style='margin-bottom: 5px;'><strong>Normas:<\/strong> IEC 60529:2001&comma; IEC 60825-1:2007&comma; IEC 60950-1:2005<\/li>\n<\/ul><\/div>\n<\/p><\/div>\n<div style='flex: 1 1 250px; border: 1px solid rgba(150&comma; 150&comma; 150&comma; 0.4); border-radius: 8px; overflow: hidden; display: flex; flex-direction: column;'>\n<div style='padding: 15px; border-bottom: 1px solid rgba(150&comma; 150&comma; 150&comma; 0.2); font-weight: bold; font-size: 18px; color: inherit;'>Montaje<\/div>\n<div style='padding: 15px; color: inherit;'>\n<ul style='padding-left: 20px; margin: 0; font-size: 14px; list-style-type: disc;'>\n<li style='margin-bottom: 5px;'><strong>Material:<\/strong> PC\/ASA<\/li>\n<li style='margin-bottom: 5px;'><strong>Color:<\/strong> Negro<\/li>\n<li style='margin-bottom: 5px;'><strong>\u00c1ngulos de montaje:<\/strong> -45\u00b0&comma; 0\u00b0&comma; 45\u00b0<\/li>\n<li style='margin-bottom: 5px;'><strong>Rango de rotaci\u00f3n:<\/strong> -5\u00b0 a +5\u00b0 (bloqueable)<\/li>\n<li style='margin-bottom: 5px;'><strong>Rango de inclinaci\u00f3n:<\/strong> -3\u00b0 a +3\u00b0<\/li>\n<\/ul><\/div>\n<\/p><\/div>\n<\/p><\/div>\n<div style='display: flex; flex-wrap: wrap; gap: 20px; margin-bottom: 30px;'>\n<div style='flex: 1 1 250px; border: 1px solid rgba(150&comma; 150&comma; 150&comma; 0.4); border-radius: 8px; overflow: hidden; display: flex; flex-direction: column;'>\n<div style='padding: 15px; border-bottom: 1px solid rgba(150&comma; 150&comma; 150&comma; 0.2); font-weight: bold; font-size: 18px; color: inherit;'>Aplicaciones<\/div>\n<div style='padding: 15px; color: inherit;'>\n<ul style='padding-left: 20px; margin: 0; font-size: 14px; list-style-type: disc;'>\n<li style='margin-bottom: 5px;'>Protecci\u00f3n de per\u00edmetro<\/li>\n<li style='margin-bottom: 5px;'>Automatizaci\u00f3n industrial<\/li>\n<li style='margin-bottom: 5px;'>Puertas y portones industriales grandes<\/li>\n<li style='margin-bottom: 5px;'>Sistemas de transporte masivo<\/li>\n<li style='margin-bottom: 5px;'>Indicaci\u00f3n de advertencia<\/li>\n<\/ul><\/div>\n<\/p><\/div>\n<div style='flex: 1 1 250px; border: 1px solid rgba(150&comma; 150&comma; 150&comma; 0.4); border-radius: 8px; overflow: hidden; display: flex; flex-direction: column;'>\n<div style='padding: 15px; border-bottom: 1px solid rgba(150&comma; 150&comma; 150&comma; 0.2); font-weight: bold; font-size: 18px; color: inherit;'>Conformidad<\/div>\n<div style='padding: 15px; color: inherit;'>\n<ul style='padding-left: 20px; margin: 0; font-size: 14px; list-style-type: disc;'>\n<li style='margin-bottom: 5px;'>IEC 60529:2001<\/li>\n<li style='margin-bottom: 5px;'>IEC 60825-1:2007<\/li>\n<li style='margin-bottom: 5px;'>IEC 60950-1:2005<\/li>\n<li style='margin-bottom: 5px;'>IEC 61000-6-2:2005<\/li>\n<li style='margin-bottom: 5px;'>IEC 61000-6-3:2006<\/li>\n<li style='margin-bottom: 5px;'>2006\/95\/EC (LVD)<\/li>\n<li style='margin-bottom: 5px;'>2002\/95\/EC (RoHS)<\/li>\n<li style='margin-bottom: 5px;'>2004\/108\/EC (EMC)<\/li>\n<\/ul><\/div>\n<\/p><\/div>\n<div style='flex: 1 1 250px; border: 1px solid rgba(150&comma; 150&comma; 150&comma; 0.4); border-radius: 8px; overflow: hidden; display: flex; flex-direction: column;'>\n<div style='padding: 15px; border-bottom: 1px solid rgba(150&comma; 150&comma; 150&comma; 0.2); font-weight: bold; font-size: 18px; color: inherit;'>Accesorios<\/div>\n<div style='padding: 15px; color: inherit;'>\n<ul style='padding-left: 20px; margin: 0; font-size: 14px; list-style-type: disc;'>\n<li style='margin-bottom: 5px;'>10LZRI30 &#8211; Sensor LZR-I30<\/li>\n<li style='margin-bottom: 5px;'>10INDBRACKET &#8211; Soporte industrial<\/li>\n<li style='margin-bottom: 5px;'>10MINIBRACKET &#8211; Soporte mini<\/li>\n<li style='margin-bottom: 5px;'>10REMOTE &#8211; Control remoto universal<\/li>\n<li style='margin-bottom: 5px;'>10PSST242 &#8211; Fuente de alimentaci\u00f3n 242VDC 2A<\/li>\n<\/ul><\/div>\n<\/p><\/div>\n<\/p><\/div>\n<hr style='border: 0; border-top: 1px solid rgba(150&comma; 150&comma; 150&comma; 0.3); margin: 30px 0;'>\n<div style='display: flex; flex-wrap: wrap; gap: 30px; margin-bottom: 30px;'>\n<div style='flex: 1 1 300px; min-width: 280px;'>\n<h3 style='font-size: 22px; border-bottom: 2px solid currentColor; padding-bottom: 5px; margin-top: 0; color: inherit; opacity: 0.8;'>Beneficios Clave<\/h3>\n<ul style='padding-left: 20px; font-size: 15px; color: inherit;'>\n<li style='margin-bottom: 5px;'>Detecci\u00f3n 3D precisa mediante tecnolog\u00eda l\u00e1ser de tiempo de vuelo<\/li>\n<li style='margin-bottom: 5px;'>Amplio rango de detecci\u00f3n para aplicaciones industriales grandes<\/li>\n<li style='margin-bottom: 5px;'>Dise\u00f1o resistente para entornos industriales y exteriores<\/li>\n<li style='margin-bottom: 5px;'>Alta inmunidad a interferencias ambientales<\/li>\n<li style='margin-bottom: 5px;'>Capacidad para ignorar condiciones din\u00e1micas del suelo y clima extremo<\/li>\n<li style='margin-bottom: 5px;'>Interfaz para integraci\u00f3n con sistemas de gesti\u00f3n de edificios<\/li>\n<\/ul><\/div>\n<\/p><\/div>\n<\/p><\/div>\n","protected":false},"excerpt":{"rendered":"<p>SENSOR LASER DE SEGURIDAD<\/p>\n","protected":false},"featured_media":23123,"comment_status":"open","ping_status":"closed","template":"","meta":[],"product_brand":[],"product_cat":[777],"product_tag":[401,93,843],"class_list":{"0":"post-23124","1":"product","2":"type-product","3":"status-publish","4":"has-post-thumbnail","6":"product_cat-accesorios-acceso-vehicular","7":"product_tag-acceso-vehicular","8":"product_tag-accesorios","9":"product_tag-bea","11":"first","12":"instock","13":"sale","14":"shipping-taxable","15":"purchasable","16":"product-type-simple"},"_links":{"self":[{"href":"https:\/\/soydeaqui.ddns.net\/pachuca\/index.php\/wp-json\/wp\/v2\/product\/23124","targetHints":{"allow":["GET"]}}],"collection":[{"href":"https:\/\/soydeaqui.ddns.net\/pachuca\/index.php\/wp-json\/wp\/v2\/product"}],"about":[{"href":"https:\/\/soydeaqui.ddns.net\/pachuca\/index.php\/wp-json\/wp\/v2\/types\/product"}],"replies":[{"embeddable":true,"href":"https:\/\/soydeaqui.ddns.net\/pachuca\/index.php\/wp-json\/wp\/v2\/comments?post=23124"}],"wp:featuredmedia":[{"embeddable":true,"href":"https:\/\/soydeaqui.ddns.net\/pachuca\/index.php\/wp-json\/wp\/v2\/media\/23123"}],"wp:attachment":[{"href":"https:\/\/soydeaqui.ddns.net\/pachuca\/index.php\/wp-json\/wp\/v2\/media?parent=23124"}],"wp:term":[{"taxonomy":"product_brand","embeddable":true,"href":"https:\/\/soydeaqui.ddns.net\/pachuca\/index.php\/wp-json\/wp\/v2\/product_brand?post=23124"},{"taxonomy":"product_cat","embeddable":true,"href":"https:\/\/soydeaqui.ddns.net\/pachuca\/index.php\/wp-json\/wp\/v2\/product_cat?post=23124"},{"taxonomy":"product_tag","embeddable":true,"href":"https:\/\/soydeaqui.ddns.net\/pachuca\/index.php\/wp-json\/wp\/v2\/product_tag?post=23124"}],"curies":[{"name":"wp","href":"https:\/\/api.w.org\/{rel}","templated":true}]}}