{"id":23122,"date":"2026-03-18T11:10:03","date_gmt":"2026-03-18T11:10:03","guid":{"rendered":"https:\/\/soydeaqui.ddns.net\/pachuca\/index.php\/producto\/bobina-de-cable-de-152-metros-color-gris-sistemas-de-alarmas-de-intrusion-y-control-de-acceso-5-pares-calibre-22-1-par-calibre-18-intemperie\/"},"modified":"2026-03-18T11:10:04","modified_gmt":"2026-03-18T11:10:04","slug":"bobina-de-cable-de-152-metros-color-gris-sistemas-de-alarmas-de-intrusion-y-control-de-acceso-5-pares-calibre-22-1-par-calibre-18-intemperie","status":"publish","type":"product","link":"https:\/\/soydeaqui.ddns.net\/pachuca\/index.php\/producto\/bobina-de-cable-de-152-metros-color-gris-sistemas-de-alarmas-de-intrusion-y-control-de-acceso-5-pares-calibre-22-1-par-calibre-18-intemperie\/","title":{"rendered":"Bobina de Cable de 152 Metros \/ Color Gris \/ Sistemas de Alarmas de Intrusi\u00f3n y Control de Acceso \/ 5 Pares Calibre 22 \/ 1 Par Calibre 18 \/ Intemperie"},"content":{"rendered":"<div style='width: 100%; max-width: 1200px; margin: 0 auto; font-family: sans-serif; line-height: 1.6; color: inherit; background-color: transparent;'> <!-- Secci\u00f3n de descripci\u00f3n principal --> <\/p>\n<div style='margin-bottom: 30px;'>\n<p style='font-weight: bold; margin-top: 0; color: inherit;'> CABLE DE 12 CONDUCTORES PARA APLICACIONES DE CABLEADOS COMPLETOS A TRAV\u00c9S DE UN SOLO CABLEADO EN SISTEMAS DE CONTROL DE ACCESO Y ALARMAS DE INTRUSI\u00d3N. <\/p>\n<p style='margin: 15px 0; color: inherit;'> Conductores de cobre suave s\u00f3lido aislamiento de PVC&comma; identificado por c\u00f3digo de colores&comma; y forro total de PVC. <\/p>\n<\/p><\/div>\n<p> <!-- Secci\u00f3n de aplicaciones --> <\/p>\n<div style='margin-bottom: 30px;'>\n<h3 style='font-size: 22px; border-bottom: 2px solid currentColor; padding-bottom: 5px; margin-top: 0; color: inherit; opacity: 0.8;'>Aplicaciones<\/h3>\n<ul style='padding-left: 20px; font-size: 15px; color: inherit; list-style-type: disc;'>\n<li style='margin-bottom: 10px; color: inherit;'>Control de acceso: Cerraduras el\u00e9ctricas&comma; contras el\u00e9ctricos&comma; de perno&comma; Chapas magn\u00e9ticas&comma; lectores Wiegand<\/li>\n<li style='margin-bottom: 10px; color: inherit;'>Contiene los cables necesarios para la conexi\u00f3n de 1 lectora&comma; el sensor de puerta&comma; la chapa magn\u00e9tica y el bot\u00f3n de salida.<\/li>\n<li style='margin-bottom: 10px; color: inherit;'>Est\u00e1 compuesto de: 3 pares calibre 22 para lectora. 2 pares calibre 22 para bot\u00f3n de salida y sensor de puerta. 1 par calibre 18 para la chapa o cerradura.<\/li>\n<li style='margin-bottom: 10px; color: inherit;'>Todos los conductores est\u00e1n cubiertos por un forro en PVC&comma; para m\u00e1s resistencia al uso.<\/li>\n<li style='margin-bottom: 10px; color: inherit;'>Color externo: Gris.<\/li>\n<li style='margin-bottom: 10px; color: inherit;'>Di\u00e1metro exterior (mm): 8.78<\/li>\n<\/ul><\/div>\n<p> <!-- Informaci\u00f3n adicional --> <\/p>\n<div style='margin-bottom: 30px;'>\n<p style='font-weight: bold; margin-top: 0; margin-bottom: 15px; color: inherit;'> * Carrete de 152 mts. <\/p>\n<\/p><\/div>\n<p> <!-- Separador --> <\/p>\n<hr style='border: 0; border-top: 1px solid rgba(150&comma; 150&comma; 150&comma; 0.3); margin: 30px 0;'> <!-- Video --> <\/p>\n<div style='position: relative; padding-bottom: 56.25%; height: 0; overflow: hidden; margin-bottom: 30px;'>   <\/div>\n<\/p><\/div>\n","protected":false},"excerpt":{"rendered":"<p>Bobina de Cable de 152 Metros \/ Color Gris \/ Sistemas de Alarmas de Intrusi\u00f3n y Control de Acceso \/ 5 Pares Calibre 22 \/ 1 Par Calibre 18 \/ Intemperie<\/p>\n","protected":false},"featured_media":23121,"comment_status":"open","ping_status":"closed","template":"","meta":[],"product_brand":[],"product_cat":[837],"product_tag":[93,838,242],"class_list":{"0":"post-23122","1":"product","2":"type-product","3":"status-publish","4":"has-post-thumbnail","6":"product_cat-cables-para-control-de-acceso","7":"product_tag-accesorios","8":"product_tag-cables-para-control-de-acceso","9":"product_tag-viakon","11":"first","12":"instock","13":"sale","14":"shipping-taxable","15":"purchasable","16":"product-type-simple"},"_links":{"self":[{"href":"https:\/\/soydeaqui.ddns.net\/pachuca\/index.php\/wp-json\/wp\/v2\/product\/23122","targetHints":{"allow":["GET"]}}],"collection":[{"href":"https:\/\/soydeaqui.ddns.net\/pachuca\/index.php\/wp-json\/wp\/v2\/product"}],"about":[{"href":"https:\/\/soydeaqui.ddns.net\/pachuca\/index.php\/wp-json\/wp\/v2\/types\/product"}],"replies":[{"embeddable":true,"href":"https:\/\/soydeaqui.ddns.net\/pachuca\/index.php\/wp-json\/wp\/v2\/comments?post=23122"}],"wp:featuredmedia":[{"embeddable":true,"href":"https:\/\/soydeaqui.ddns.net\/pachuca\/index.php\/wp-json\/wp\/v2\/media\/23121"}],"wp:attachment":[{"href":"https:\/\/soydeaqui.ddns.net\/pachuca\/index.php\/wp-json\/wp\/v2\/media?parent=23122"}],"wp:term":[{"taxonomy":"product_brand","embeddable":true,"href":"https:\/\/soydeaqui.ddns.net\/pachuca\/index.php\/wp-json\/wp\/v2\/product_brand?post=23122"},{"taxonomy":"product_cat","embeddable":true,"href":"https:\/\/soydeaqui.ddns.net\/pachuca\/index.php\/wp-json\/wp\/v2\/product_cat?post=23122"},{"taxonomy":"product_tag","embeddable":true,"href":"https:\/\/soydeaqui.ddns.net\/pachuca\/index.php\/wp-json\/wp\/v2\/product_tag?post=23122"}],"curies":[{"name":"wp","href":"https:\/\/api.w.org\/{rel}","templated":true}]}}