{"id":23120,"date":"2026-03-18T11:10:02","date_gmt":"2026-03-18T11:10:02","guid":{"rendered":"https:\/\/soydeaqui.ddns.net\/pachuca\/index.php\/producto\/base-para-motor-came-bx-compatible-con-001u2813\/"},"modified":"2026-03-18T11:10:02","modified_gmt":"2026-03-18T11:10:02","slug":"base-para-motor-came-bx-compatible-con-001u2813","status":"publish","type":"product","link":"https:\/\/soydeaqui.ddns.net\/pachuca\/index.php\/producto\/base-para-motor-came-bx-compatible-con-001u2813\/","title":{"rendered":"Base Para Motor CAME BX \/ Compatible con 001U2813"},"content":{"rendered":"<div style='width: 100%; max-width: 1200px; margin: 0 auto; font-family: sans-serif; line-height: 1.6; color: inherit; background-color: transparent;'>\n<div style='display: flex; flex-wrap: wrap; gap: 30px; margin-bottom: 30px;'>\n<div style='flex: 1 1 300px; min-width: 280px;'>\n<h3 style='font-size: 22px; border-bottom: 2px solid currentColor; padding-bottom: 5px; margin-top: 0; color: inherit; opacity: 0.8;'>Caracter\u00edsticas T\u00e9cnicas<\/h3>\n<ul style='padding-left: 20px; font-size: 15px; color: inherit;'>\n<li style='margin-bottom: 5px;'><strong>C\u00f3digo:<\/strong> 119RIBK001<\/li>\n<li style='margin-bottom: 5px;'><strong>Descripci\u00f3n:<\/strong> Placa de anclaje para motor<\/li>\n<li style='margin-bottom: 5px;'><strong>Aplicaci\u00f3n:<\/strong> Compatible con motor CAME BX y modelo 001U2813<\/li>\n<\/ul><\/div>\n<div style='flex: 1 1 300px; min-width: 280px;'>\n<h3 style='font-size: 22px; border-bottom: 2px solid currentColor; padding-bottom: 5px; margin-top: 0; color: inherit; opacity: 0.8;'>Componentes Principales<\/h3>\n<ul style='padding-left: 20px; font-size: 15px; color: inherit;'>\n<li style='margin-bottom: 5px;'>Placa de anclaje principal<\/li>\n<li style='margin-bottom: 5px;'>Pi\u00f1\u00f3n BKS M=4 Z=18<\/li>\n<li style='margin-bottom: 5px;'>Eje de baja velocidad BKS<\/li>\n<li style='margin-bottom: 5px;'>Pasador el\u00e1stico de pi\u00f1\u00f3n<\/li>\n<li style='margin-bottom: 5px;'>Llave de liberaci\u00f3n interna<\/li>\n<li style='margin-bottom: 5px;'>Cilindro de bloqueo BX<\/li>\n<\/ul><\/div>\n<\/p><\/div>\n<div style='display: flex; flex-wrap: wrap; gap: 20px; margin-bottom: 30px;'>\n<div style='flex: 1 1 250px; border: 1px solid rgba(150&comma; 150&comma; 150&comma; 0.4); border-radius: 8px; overflow: hidden; display: flex; flex-direction: column;'>\n<div style='padding: 15px; border-bottom: 1px solid rgba(150&comma; 150&comma; 150&comma; 0.2); font-weight: bold; font-size: 18px; color: inherit;'>Componentes Electr\u00f3nicos<\/div>\n<div style='padding: 15px; color: inherit;'>\n<ul style='padding-left: 20px; margin: 0; font-size: 14px; list-style-type: disc;'>\n<li style='margin-bottom: 5px;'>Microinterruptores sin palanca (10 unidades)<\/li>\n<li style='margin-bottom: 5px;'>Transformador 230V con soportes<\/li>\n<li style='margin-bottom: 5px;'>Condensador \u00b5F 31 con cables y perno<\/li>\n<li style='margin-bottom: 5px;'>Llave de trilobes (10 unidades)<\/li>\n<\/ul><\/div>\n<\/p><\/div>\n<div style='flex: 1 1 250px; border: 1px solid rgba(150&comma; 150&comma; 150&comma; 0.4); border-radius: 8px; overflow: hidden; display: flex; flex-direction: column;'>\n<div style='padding: 15px; border-bottom: 1px solid rgba(150&comma; 150&comma; 150&comma; 0.2); font-weight: bold; font-size: 18px; color: inherit;'>Componentes Mec\u00e1nicos<\/div>\n<div style='padding: 15px; color: inherit;'>\n<ul style='padding-left: 20px; margin: 0; font-size: 14px; list-style-type: disc;'>\n<li style='margin-bottom: 5px;'>Tornillo sinf\u00edn BX<\/li>\n<li style='margin-bottom: 5px;'>Pesta\u00f1as de interruptor de l\u00edmite BX<\/li>\n<li style='margin-bottom: 5px;'>Llave de liberaci\u00f3n interna<\/li>\n<\/ul><\/div>\n<\/p><\/div>\n<div style='flex: 1 1 250px; border: 1px solid rgba(150&comma; 150&comma; 150&comma; 0.4); border-radius: 8px; overflow: hidden; display: flex; flex-direction: column;'>\n<div style='padding: 15px; border-bottom: 1px solid rgba(150&comma; 150&comma; 150&comma; 0.2); font-weight: bold; font-size: 18px; color: inherit;'>Componentes Adicionales<\/div>\n<div style='padding: 15px; color: inherit;'>\n<ul style='padding-left: 20px; margin: 0; font-size: 14px; list-style-type: disc;'>\n<li style='margin-bottom: 5px;'>Placa de circuito ZBKN<\/li>\n<li style='margin-bottom: 5px;'>Tornillos de montaje<\/li>\n<li style='margin-bottom: 5px;'>Juego de motores BK1800 BKS18<\/li>\n<li style='margin-bottom: 5px;'>Juntas (50 unidades)<\/li>\n<\/ul><\/div>\n<\/p><\/div>\n<\/p><\/div>\n<hr style='border: 0; border-top: 1px solid rgba(150&comma; 150&comma; 150&comma; 0.3); margin: 30px 0;'>\n<div style='margin-bottom: 30px;'>\n<h3 style='font-size: 22px; border-bottom: 2px solid currentColor; padding-bottom: 5px; margin-top: 0; color: inherit; opacity: 0.8;'>Informaci\u00f3n de Montaje<\/h3>\n<ul style='padding-left: 20px; font-size: 15px; color: inherit;'>\n<li style='margin-bottom: 5px;'>Dise\u00f1ada para facilitar el montaje del motor<\/li>\n<li style='margin-bottom: 5px;'>Incluye todos los componentes necesarios para instalaci\u00f3n<\/li>\n<li style='margin-bottom: 5px;'>Compatible con est\u00e1ndares de seguridad y normativas vigentes<\/li>\n<\/ul><\/div>\n<div style='margin-bottom: 30px;'>\n<h3 style='font-size: 22px; border-bottom: 2px solid currentColor; padding-bottom: 5px; margin-top: 0; color: inherit; opacity: 0.8;'>Advertencias<\/h3>\n<p style='font-size: 15px; color: inherit; margin-bottom: 15px;'>La informaci\u00f3n proporcionada es solo para referencia y no constituye compromiso de venta por parte de CAME S.p.A. o CAME UK. Todos los derechos de autor y propiedad industrial pertenecen a CAME S.p.A. No se permite la reproducci\u00f3n o uso comercial sin autorizaci\u00f3n previa.<\/p>\n<\/p><\/div>\n<\/p><\/div>\n","protected":false},"excerpt":{"rendered":"<p>Base Para Motor CAME BX \/ Compatible con 001U2813<\/p>\n","protected":false},"featured_media":32,"comment_status":"open","ping_status":"closed","template":"","meta":[],"product_brand":[],"product_cat":[777],"product_tag":[401,93,779],"class_list":{"0":"post-23120","1":"product","2":"type-product","3":"status-publish","4":"has-post-thumbnail","6":"product_cat-accesorios-acceso-vehicular","7":"product_tag-acceso-vehicular","8":"product_tag-accesorios","9":"product_tag-came","11":"first","12":"outofstock","13":"sale","14":"shipping-taxable","15":"purchasable","16":"product-type-simple"},"_links":{"self":[{"href":"https:\/\/soydeaqui.ddns.net\/pachuca\/index.php\/wp-json\/wp\/v2\/product\/23120","targetHints":{"allow":["GET"]}}],"collection":[{"href":"https:\/\/soydeaqui.ddns.net\/pachuca\/index.php\/wp-json\/wp\/v2\/product"}],"about":[{"href":"https:\/\/soydeaqui.ddns.net\/pachuca\/index.php\/wp-json\/wp\/v2\/types\/product"}],"replies":[{"embeddable":true,"href":"https:\/\/soydeaqui.ddns.net\/pachuca\/index.php\/wp-json\/wp\/v2\/comments?post=23120"}],"wp:featuredmedia":[{"embeddable":true,"href":"https:\/\/soydeaqui.ddns.net\/pachuca\/index.php\/wp-json\/wp\/v2\/media\/32"}],"wp:attachment":[{"href":"https:\/\/soydeaqui.ddns.net\/pachuca\/index.php\/wp-json\/wp\/v2\/media?parent=23120"}],"wp:term":[{"taxonomy":"product_brand","embeddable":true,"href":"https:\/\/soydeaqui.ddns.net\/pachuca\/index.php\/wp-json\/wp\/v2\/product_brand?post=23120"},{"taxonomy":"product_cat","embeddable":true,"href":"https:\/\/soydeaqui.ddns.net\/pachuca\/index.php\/wp-json\/wp\/v2\/product_cat?post=23120"},{"taxonomy":"product_tag","embeddable":true,"href":"https:\/\/soydeaqui.ddns.net\/pachuca\/index.php\/wp-json\/wp\/v2\/product_tag?post=23120"}],"curies":[{"name":"wp","href":"https:\/\/api.w.org\/{rel}","templated":true}]}}