{"id":23108,"date":"2026-03-18T11:09:50","date_gmt":"2026-03-18T11:09:50","guid":{"rendered":"https:\/\/soydeaqui.ddns.net\/pachuca\/index.php\/producto\/videoportero-ip-inteligente-gds3727-wi-fi-6-de-doble-banda-2k-ultra-hd-4mp-ia-isp-con-analisis-de-comportamiento-127-campo-de-vision-multiples-metodos-de-apertura-pin-ic-id-nfc-ble\/"},"modified":"2026-03-18T11:09:53","modified_gmt":"2026-03-18T11:09:53","slug":"videoportero-ip-inteligente-gds3727-wi-fi-6-de-doble-banda-2k-ultra-hd-4mp-ia-isp-con-analisis-de-comportamiento-127-campo-de-vision-multiples-metodos-de-apertura-pin-ic-id-nfc-ble","status":"publish","type":"product","link":"https:\/\/soydeaqui.ddns.net\/pachuca\/index.php\/producto\/videoportero-ip-inteligente-gds3727-wi-fi-6-de-doble-banda-2k-ultra-hd-4mp-ia-isp-con-analisis-de-comportamiento-127-campo-de-vision-multiples-metodos-de-apertura-pin-ic-id-nfc-ble\/","title":{"rendered":"Videoportero IP Inteligente GDS3727 \/ Wi-Fi 6 de doble banda \/ 2K Ultra HD 4MP \/ IA ISP con An\u00e1lisis de Comportamiento \/ 127\u00b0 Campo de Visi\u00f3n \/ M\u00faltiples M\u00e9todos de Apertura (PIN, IC\/ID, NFC, BLE, QR) \/ IP66 IK07 (Pl&#038;aacute"},"content":{"rendered":"<div style='width: 100%; max-width: 1200px; margin: 0 auto; font-family: sans-serif; line-height: 1.6; color: inherit; background-color: transparent;'> <!-- Secci\u00f3n de descripci\u00f3n general --> <\/p>\n<div style='margin-bottom: 30px;'>\n<p style='font-size: 17px; line-height: 1.6; color: inherit; margin: 0 0 20px 0;'>Los videoporteros IP inteligentes GDS3725\/3726\/3727 de Grandstream representan la evoluci\u00f3n en sistemas de control de acceso y seguridad&comma; combinando funciones de c\u00e1mara IP de alta definici\u00f3n&comma; intercomunicador IP y sistema de control de acceso integral. Con un procesador de imagen inteligente con tecnolog\u00eda IA ISP&comma; estos dispositivos ofrecen rendimiento excepcional en condiciones de luz extremadamente baja&comma; identificaci\u00f3n clara de personas u objetos hasta 3 metros&comma; y m\u00faltiples m\u00e9todos de apertura de puertas para edificios de cualquier tama\u00f1o.<\/p>\n<\/p><\/div>\n<p> <!-- Secci\u00f3n de caracter\u00edsticas principales --> <\/p>\n<div style='margin-bottom: 30px;'>\n<h2 style='font-size: 24px; font-weight: 600; margin: 0 0 15px 0; color: inherit; opacity: 0.9;'>Caracter\u00edsticas Principales<\/h2>\n<div style='display: flex; flex-wrap: wrap; gap: 20px;'>\n<div style='flex: 1 1 300px; min-width: 280px; border: 1px solid rgba(150&comma; 150&comma; 150&comma; 0.4); border-radius: 8px; overflow: hidden; display: flex; flex-direction: column;'>\n<div style='padding: 15px; border-bottom: 1px solid rgba(150&comma; 150&comma; 150&comma; 0.2); font-weight: bold; font-size: 18px; color: inherit; background-color: rgba(0&comma; 0&comma; 0&comma; 0.03);'>Caracter\u00edsticas Principales<\/div>\n<div style='padding: 15px; color: inherit;'>\n<ul style='padding-left: 20px; margin: 0; font-size: 14px; list-style-type: disc;'>\n<li style='margin-bottom: 5px;'>C\u00e1mara 2K Ultra HD con sensor de imagen 1\/3&#8242; 4MP y tecnolog\u00eda HDR para im\u00e1genes n\u00edtidas y detalladas<\/li>\n<li style='margin-bottom: 5px;'>Procesador de imagen inteligente IA ISP con algoritmos de \u00faltima generaci\u00f3n para rendimiento excepcional en baja luz<\/li>\n<li style='margin-bottom: 5px;'>\u00c1ngulo de visi\u00f3n amplio de 127\u00b0 horizontal x 70\u00b0 vertical x 152\u00b0 diagonal<\/li>\n<li style='margin-bottom: 5px;'>M\u00faltiples m\u00e9todos de apertura: PIN&comma; tarjetas IC\/ID&comma; NFC&comma; Bluetooth BLE 5.0&comma; aplicaci\u00f3n m\u00f3vil&comma; c\u00f3digo QR y llamada SIP<\/li>\n<li style='margin-bottom: 5px;'>Lector RFID integrado 13.56MHz y 125kHz compatible con MIFARE Classic&comma; Ultralight&comma; PLUS y DESFire (hasta 5000 tarjetas)<\/li>\n<li style='margin-bottom: 5px;'>Dos micr\u00f3fonos y altavoz de 3W con reducci\u00f3n de ruido mediante IA para comunicaci\u00f3n clara<\/li>\n<li style='margin-bottom: 5px;'>Protecci\u00f3n IP66 resistente a la intemperie y resistencia al vandalismo IK10 (modelos met\u00e1licos) o IK07 (modelo pl\u00e1stico)<\/li>\n<li style='margin-bottom: 5px;'>Integraci\u00f3n con software GDS Manager y aplicaci\u00f3n m\u00f3vil SecureAccess para gesti\u00f3n completa<\/li>\n<li style='margin-bottom: 5px;'>Detecci\u00f3n de movimiento basada en IA y sensor PIR con alcance de 3-5 metros<\/li>\n<li style='margin-bottom: 5px;'>Luz blanca inteligente con 6 LEDs para visi\u00f3n 24\/7 y funci\u00f3n d\u00eda\/noche autom\u00e1tica<\/li>\n<\/ul><\/div>\n<\/p><\/div>\n<\/p><\/div>\n<\/p><\/div>\n<p> <!-- Separador --> <\/p>\n<hr style='border: 0; border-top: 1px solid rgba(150&comma; 150&comma; 150&comma; 0.3); margin: 30px 0;'> <!-- Secci\u00f3n de especificaciones t\u00e9cnicas --> <\/p>\n<div style='display: flex; flex-wrap: wrap; gap: 20px; margin-bottom: 30px;'>\n<div style='flex: 1 1 400px; min-width: 280px; border: 1px solid rgba(150&comma; 150&comma; 150&comma; 0.4); border-radius: 8px; overflow: hidden; display: flex; flex-direction: column;'>\n<div style='padding: 15px; border-bottom: 1px solid rgba(150&comma; 150&comma; 150&comma; 0.2); font-weight: bold; font-size: 18px; color: inherit; background-color: rgba(0&comma; 0&comma; 0&comma; 0.03);'>Especificaciones<\/div>\n<div style='padding: 15px; color: inherit;'>\n<ul style='padding-left: 20px; margin: 0; font-size: 14px; list-style-type: disc;'>\n<li style='margin-bottom: 5px;'><strong>Resoluci\u00f3n m\u00e1xima de video:<\/strong> 1920&#215;1080 Full HD a 30 fps<\/li>\n<li style='margin-bottom: 5px;'><strong>Instant\u00e1neas:<\/strong> hasta 1920&#215;1080<\/li>\n<li style='margin-bottom: 5px;'><strong>Rango din\u00e1mico amplio (WDR):<\/strong> hasta 120dB<\/li>\n<li style='margin-bottom: 5px;'><strong>Compresi\u00f3n de video:<\/strong> H.264 (perfil alto\/principal\/base)&comma; Motion JPEG<\/li>\n<li style='margin-bottom: 5px;'><strong>Tipo de lente:<\/strong> F2.2&comma; FOV 127\u00b0(H) x 70\u00b0(V) x 152\u00b0(D)<\/li>\n<li style='margin-bottom: 5px;'><strong>Detecci\u00f3n PIR:<\/strong> 3-5 metros (10-16 pies)<\/li>\n<li style='margin-bottom: 5px;'><strong>Micr\u00f3fonos:<\/strong> 2 con reducci\u00f3n de ruido IA<\/li>\n<li style='margin-bottom: 5px;'><strong>Altavoz:<\/strong> 3 Watts<\/li>\n<li style='margin-bottom: 5px;'><strong>Memoria:<\/strong> Ranura para tarjeta SD hasta 256GB<\/li>\n<li style='margin-bottom: 5px;'><strong>Temperatura operaci\u00f3n:<\/strong> -30\u00b0C a +60\u00b0C<\/li>\n<li style='margin-bottom: 5px;'><strong>Humedad operaci\u00f3n:<\/strong> 10-90% sin condensaci\u00f3n<\/li>\n<\/ul><\/div>\n<\/p><\/div>\n<div style='flex: 1 1 400px; min-width: 280px; border: 1px solid rgba(150&comma; 150&comma; 150&comma; 0.4); border-radius: 8px; overflow: hidden; display: flex; flex-direction: column;'>\n<div style='padding: 15px; border-bottom: 1px solid rgba(150&comma; 150&comma; 150&comma; 0.2); font-weight: bold; font-size: 18px; color: inherit; background-color: rgba(0&comma; 0&comma; 0&comma; 0.03);'>Interfaces y Conectividad<\/div>\n<div style='padding: 15px; color: inherit;'>\n<ul style='padding-left: 20px; margin: 0; font-size: 14px; list-style-type: disc;'>\n<li style='margin-bottom: 5px;'><strong>Interfaz de red:<\/strong> 1 puerto RJ45 10\/100 Mbps con PoE integrado (802.3af clase 3)<\/li>\n<li style='margin-bottom: 5px;'><strong>Alimentaci\u00f3n:<\/strong> DC 9-36V 12W o PoE<\/li>\n<li style='margin-bottom: 5px;'><strong>Bluetooth:<\/strong> BLE 5.0 integrado<\/li>\n<li style='margin-bottom: 5px;'><strong>Wi-Fi:<\/strong> Banda dual Wi-Fi 6 802.11 a\/b\/g\/n\/ac\/ax (2.4GHz &#038; 5GHz) solo GDS3727<\/li>\n<li style='margin-bottom: 5px;'><strong>Interfaz de expansi\u00f3n:<\/strong> RS485&comma; entrada\/salida Wiegand 26\/34 (GDS3725\/3726)<\/li>\n<li style='margin-bottom: 5px;'><strong>Control de acceso:<\/strong> 2 rel\u00e9s SSR (GDS3725) \/ 1 rel\u00e9 SSR (GDS3726\/3727)<\/li>\n<li style='margin-bottom: 5px;'><strong>Entradas de alarma:<\/strong> 3 (GDS3725) \/ 2 (GDS3726\/3727)<\/li>\n<li style='margin-bottom: 5px;'><strong>Salidas de alarma:<\/strong> 2 (GDS3725) \/ 1 (GDS3726\/3727)<\/li>\n<li style='margin-bottom: 5px;'><strong>Protocolos de red:<\/strong> TCP\/IP\/UDP&comma; HTTP\/HTTPS&comma; DNS&comma; DHCP&comma; SSH&comma; SMTP&comma; TFTP&comma; NTP&comma; STUN&comma; TLS&comma; SRTP<\/li>\n<li style='margin-bottom: 5px;'><strong>Interoperabilidad:<\/strong> ONVIF Perfil S&comma; SIP<\/li>\n<\/ul><\/div>\n<\/p><\/div>\n<\/p><\/div>\n<p> <!-- Separador --> <\/p>\n<hr style='border: 0; border-top: 1px solid rgba(150&comma; 150&comma; 150&comma; 0.3); margin: 30px 0;'> <!-- Secci\u00f3n de aplicaciones y casos de uso --> <\/p>\n<div style='margin-bottom: 30px;'>\n<h2 style='font-size: 24px; font-weight: 600; margin: 0 0 15px 0; color: inherit; opacity: 0.9;'>Aplicaciones y Casos de Uso<\/h2>\n<div style='display: flex; flex-wrap: wrap; gap: 20px;'>\n<div style='flex: 1 1 300px; min-width: 280px; border: 1px solid rgba(150&comma; 150&comma; 150&comma; 0.4); border-radius: 8px; overflow: hidden; display: flex; flex-direction: column;'>\n<div style='padding: 15px; border-bottom: 1px solid rgba(150&comma; 150&comma; 150&comma; 0.2); font-weight: bold; font-size: 16px; color: inherit; background-color: rgba(0&comma; 0&comma; 0&comma; 0.03);'>Control de Acceso Residencial<\/div>\n<div style='padding: 15px; color: inherit;'>\n<p style='margin: 0; font-size: 14px; color: inherit;'>Ideal para edificios de apartamentos&comma; condominios y viviendas unifamiliares que requieren control de acceso seguro con m\u00faltiples m\u00e9todos de apertura y comunicaci\u00f3n por video.<\/p>\n<\/p><\/div>\n<\/p><\/div>\n<div style='flex: 1 1 300px; min-width: 280px; border: 1px solid rgba(150&comma; 150&comma; 150&comma; 0.4); border-radius: 8px; overflow: hidden; display: flex; flex-direction: column;'>\n<div style='padding: 15px; border-bottom: 1px solid rgba(150&comma; 150&comma; 150&comma; 0.2); font-weight: bold; font-size: 16px; color: inherit; background-color: rgba(0&comma; 0&comma; 0&comma; 0.03);'>Seguridad Corporativa<\/div>\n<div style='padding: 15px; color: inherit;'>\n<p style='margin: 0; font-size: 14px; color: inherit;'>Perfecto para oficinas&comma; empresas y edificios comerciales que necesitan integraci\u00f3n con sistemas existentes&comma; gesti\u00f3n centralizada y monitoreo remoto.<\/p>\n<\/p><\/div>\n<\/p><\/div>\n<div style='flex: 1 1 300px; min-width: 280px; border: 1px solid rgba(150&comma; 150&comma; 150&comma; 0.4); border-radius: 8px; overflow: hidden; display: flex; flex-direction: column;'>\n<div style='padding: 15px; border-bottom: 1px solid rgba(150&comma; 150&comma; 150&comma; 0.2); font-weight: bold; font-size: 16px; color: inherit; background-color: rgba(0&comma; 0&comma; 0&comma; 0.03);'>Instalaciones Gubernamentales<\/div>\n<div style='padding: 15px; color: inherit;'>\n<p style='margin: 0; font-size: 14px; color: inherit;'>Adecuado para edificios gubernamentales que requieren alta seguridad&comma; resistencia al vandalismo y m\u00faltiples capas de autenticaci\u00f3n.<\/p>\n<\/p><\/div>\n<\/p><\/div>\n<\/p><\/div>\n<\/p><\/div>\n<\/p><\/div>\n","protected":false},"excerpt":{"rendered":"<p>Videoportero IP Inteligente GDS3727 \/ Wi-Fi 6 de doble banda \/ 2K Ultra HD 4MP \/ IA ISP con An\u00e1lisis de Comportamiento \/ 127\u00b0 Campo de Visi\u00f3n \/ M\u00faltiples M\u00e9todos de Apertura (PIN, IC\/ID, NFC, BLE, QR) \/ IP66 IK07 (Pl&#038;aacute<\/p>\n","protected":false},"featured_media":23107,"comment_status":"open","ping_status":"closed","template":"","meta":[],"product_brand":[],"product_cat":[907],"product_tag":[909,908,557],"class_list":{"0":"post-23108","1":"product","2":"type-product","3":"status-publish","4":"has-post-thumbnail","6":"product_cat-interfones","7":"product_tag-grandstream","8":"product_tag-interfones","9":"product_tag-videoporteros-e-interfonos","11":"first","12":"outofstock","13":"sale","14":"shipping-taxable","15":"purchasable","16":"product-type-simple"},"_links":{"self":[{"href":"https:\/\/soydeaqui.ddns.net\/pachuca\/index.php\/wp-json\/wp\/v2\/product\/23108","targetHints":{"allow":["GET"]}}],"collection":[{"href":"https:\/\/soydeaqui.ddns.net\/pachuca\/index.php\/wp-json\/wp\/v2\/product"}],"about":[{"href":"https:\/\/soydeaqui.ddns.net\/pachuca\/index.php\/wp-json\/wp\/v2\/types\/product"}],"replies":[{"embeddable":true,"href":"https:\/\/soydeaqui.ddns.net\/pachuca\/index.php\/wp-json\/wp\/v2\/comments?post=23108"}],"wp:featuredmedia":[{"embeddable":true,"href":"https:\/\/soydeaqui.ddns.net\/pachuca\/index.php\/wp-json\/wp\/v2\/media\/23107"}],"wp:attachment":[{"href":"https:\/\/soydeaqui.ddns.net\/pachuca\/index.php\/wp-json\/wp\/v2\/media?parent=23108"}],"wp:term":[{"taxonomy":"product_brand","embeddable":true,"href":"https:\/\/soydeaqui.ddns.net\/pachuca\/index.php\/wp-json\/wp\/v2\/product_brand?post=23108"},{"taxonomy":"product_cat","embeddable":true,"href":"https:\/\/soydeaqui.ddns.net\/pachuca\/index.php\/wp-json\/wp\/v2\/product_cat?post=23108"},{"taxonomy":"product_tag","embeddable":true,"href":"https:\/\/soydeaqui.ddns.net\/pachuca\/index.php\/wp-json\/wp\/v2\/product_tag?post=23108"}],"curies":[{"name":"wp","href":"https:\/\/api.w.org\/{rel}","templated":true}]}}