{"id":2309,"date":"2026-03-18T05:55:48","date_gmt":"2026-03-18T05:55:48","guid":{"rendered":"https:\/\/soydeaqui.ddns.net\/pachuca\/index.php\/producto\/bobina-de-152-metros-500-pies-cable-de-cobre-4-x-18-awg-riser-color-blanco-para-aplicaciones-de-alarmas-de-intrusin-control-de-acceso-automatizacin-interfonos-y-tv-porteros\/"},"modified":"2026-03-18T05:55:51","modified_gmt":"2026-03-18T05:55:51","slug":"bobina-de-152-metros-500-pies-cable-de-cobre-4-x-18-awg-riser-color-blanco-para-aplicaciones-de-alarmas-de-intrusin-control-de-acceso-automatizacin-interfonos-y-tv-porteros","status":"publish","type":"product","link":"https:\/\/soydeaqui.ddns.net\/pachuca\/index.php\/producto\/bobina-de-152-metros-500-pies-cable-de-cobre-4-x-18-awg-riser-color-blanco-para-aplicaciones-de-alarmas-de-intrusin-control-de-acceso-automatizacin-interfonos-y-tv-porteros\/","title":{"rendered":"Bobina de 152 Metros (500 Pies) \/ Cable de Cobre \/ 4 x 18 AWG \/ Riser \/ Color Blanco \/ Para Aplicaciones de Alarmas de Intrusi?n\/Control de Acceso\/ Automatizaci?n \/ Interfonos y Tv Porteros"},"content":{"rendered":"<div style='width: 100%; max-width: 1200px; margin: 0 auto; font-family: sans-serif; line-height: 1.6; color: inherit; background-color: transparent;'> <!-- Im\u00e1genes --> <\/p>\n<div style='display: flex; flex-wrap: wrap; gap: 15px; justify-content: center; margin-bottom: 20px;'> <img style='width: auto; max-width: 100%; height: auto; border: 1px solid rgba(150&comma;150&comma;150&comma;0.3); border-radius: 8px;' src='http:\/\/ftp3.syscom.mx\/usuarios\/maguilar\/Icons\/RoHS%20Icon.png' alt=''> <img style='width: auto; max-width: 100%; height: auto; border: 1px solid rgba(150&comma;150&comma;150&comma;0.3); border-radius: 8px;' src='http:\/\/ftp3.syscom.mx\/usuarios\/maguilar\/Icons\/Riser%20Icon.png' alt=''> <\/div>\n<p> <!-- Descripci\u00f3n principal --> <\/p>\n<div style='margin-bottom: 30px;'>\n<p style='font-size: 16px; font-weight: bold;'>CABLE DE 4 CONDUCTORES CALIBRE 18 CON FORRO BLANCO PARA APLICACIONES EN ALARMAS&comma; CONTROL DE ACCESO&comma; INTERFONOS Y TV PORTEROS&comma; AUDIO Y VOCEO.<\/p>\n<p>Conductores de cobre suave s\u00f3lido aislamiento de PVC&comma; identificado por c\u00f3digo de colores&comma; y forro total de PVC.<\/p>\n<\/p><\/div>\n<p> <!-- Secci\u00f3n de caracter\u00edsticas con grid --> <\/p>\n<div style='display: grid; grid-template-columns: repeat(auto-fit&comma; minmax(280px&comma; 1fr)); gap: 30px; margin-bottom: 30px;'> <!-- Caracter\u00edsticas principales --> <\/p>\n<div>\n<h3 style='font-size: 22px; border-bottom: 2px solid currentColor; padding-bottom: 5px; margin-top: 0; color: inherit; opacity: 0.8;'>Caracter\u00edsticas<\/h3>\n<ul style='padding-left: 20px; font-size: 15px; color: inherit;'>\n<li style='margin-bottom: 5px;'>Uso Interior<\/li>\n<li style='margin-bottom: 5px;'>Alarmas&comma; cableado de sensores&comma; cableados Vplex&comma; cableado de sirenas<\/li>\n<li style='margin-bottom: 5px;'>Sistemas de control de acceso&comma; dispositivos de sujecci\u00f3n como contras el\u00e9ctricas&comma; cerraduras de perno&comma; chapas magn\u00e9ticas<\/li>\n<li style='margin-bottom: 5px;'>Cableado de interfonos y tv porteros<\/li>\n<li style='margin-bottom: 5px;'>Sistemas de automatizaci\u00f3n<\/li>\n<li style='margin-bottom: 5px;'>Riser&comma; FT4<\/li>\n<\/ul><\/div>\n<p> <!-- Caracter\u00edsticas f\u00edsicas y el\u00e9ctricas --> <\/p>\n<div>\n<h3 style='font-size: 22px; border-bottom: 2px solid currentColor; padding-bottom: 5px; margin-top: 0; color: inherit; opacity: 0.8;'>Caracter\u00edsticas f\u00edsicas y el\u00e9ctricas<\/h3>\n<ul style='padding-left: 20px; font-size: 15px; color: inherit;'>\n<li style='margin-bottom: 5px;'><strong>Tipo:<\/strong> Cable (2 pares)<\/li>\n<li style='margin-bottom: 5px;'><strong>Impedancia (\u03a9):<\/strong> 67<\/li>\n<li style='margin-bottom: 5px;'><strong>Resistencia en \u03a9 a 305 m:<\/strong> 6.66<\/li>\n<li style='margin-bottom: 5px;'><strong>Calibre:<\/strong> 18<\/li>\n<li style='margin-bottom: 5px;'><strong>Color externo:<\/strong> Blanco<\/li>\n<li style='margin-bottom: 5px;'><strong>Color interno:<\/strong> Negro&comma; Rojo&comma; Verde&comma; Blanco<\/li>\n<li style='margin-bottom: 5px;'><strong>Di\u00e1metro exterior (mm):<\/strong> 4.49<\/li>\n<li style='margin-bottom: 5px;'><strong>Tipo:<\/strong><\/li>\n<ul style='padding-left: 30px; margin-top: 5px; margin-bottom: 10px; font-size: 14px;'>\n<li style='margin-bottom: 3px;'>CL3R<\/li>\n<li style='margin-bottom: 3px;'>FPLR<\/li>\n<li style='margin-bottom: 3px;'>CMR<\/li>\n<li style='margin-bottom: 3px;'>FT4<\/li>\n<li style='margin-bottom: 3px;'>Sunlight Resistant<\/li>\n<\/ul>\n<li style='margin-bottom: 5px;'><strong>Temperatura de operaci\u00f3n:<\/strong> -20\u00b0C a 75\u00b0C<\/li>\n<\/ul><\/div>\n<p> <!-- Est\u00e1ndares --> <\/p>\n<div>\n<h3 style='font-size: 22px; border-bottom: 2px solid currentColor; padding-bottom: 5px; margin-top: 0; color: inherit; opacity: 0.8;'>Est\u00e1ndares<\/h3>\n<ul style='padding-left: 20px; font-size: 15px; color: inherit;'>\n<li style='margin-bottom: 5px;'>UL 1666 (Riser)<\/li>\n<li style='margin-bottom: 5px;'>CSA C22.2 No. 2556 (FT4)<\/li>\n<li style='margin-bottom: 5px;'>RoHS Compliant<\/li>\n<\/ul><\/div>\n<\/p><\/div>\n<p> <!-- Nota final --> <\/p>\n<div style='margin-top: 20px; padding: 15px; border-left: 5px solid #F52207; background-color: rgba(245&comma; 34&comma; 7&comma; 0.05);'>\n<p style='margin: 0; font-size: 15px;'><strong>* Precio carrete de 152 metros.<\/strong><\/p>\n<\/p><\/div>\n<\/p><\/div>\n","protected":false},"excerpt":{"rendered":"<p>Bobina de 152 Metros (500 Pies) \/ Cable de Cobre \/ 4 x 18 AWG \/ Riser \/ Color Blanco \/ Para Aplicaciones de Alarmas de Intrusi?n\/Control de Acceso\/ Automatizaci?n \/ Interfonos y Tv Porteros<\/p>\n","protected":false},"featured_media":2308,"comment_status":"open","ping_status":"closed","template":"","meta":[],"product_brand":[],"product_cat":[137],"product_tag":[138,139,62],"class_list":{"0":"post-2309","1":"product","2":"type-product","3":"status-publish","4":"has-post-thumbnail","6":"product_cat-todos-cables","7":"product_tag-cables","8":"product_tag-genesis","9":"product_tag-todos","11":"first","12":"instock","13":"sale","14":"shipping-taxable","15":"purchasable","16":"product-type-simple"},"_links":{"self":[{"href":"https:\/\/soydeaqui.ddns.net\/pachuca\/index.php\/wp-json\/wp\/v2\/product\/2309","targetHints":{"allow":["GET"]}}],"collection":[{"href":"https:\/\/soydeaqui.ddns.net\/pachuca\/index.php\/wp-json\/wp\/v2\/product"}],"about":[{"href":"https:\/\/soydeaqui.ddns.net\/pachuca\/index.php\/wp-json\/wp\/v2\/types\/product"}],"replies":[{"embeddable":true,"href":"https:\/\/soydeaqui.ddns.net\/pachuca\/index.php\/wp-json\/wp\/v2\/comments?post=2309"}],"wp:featuredmedia":[{"embeddable":true,"href":"https:\/\/soydeaqui.ddns.net\/pachuca\/index.php\/wp-json\/wp\/v2\/media\/2308"}],"wp:attachment":[{"href":"https:\/\/soydeaqui.ddns.net\/pachuca\/index.php\/wp-json\/wp\/v2\/media?parent=2309"}],"wp:term":[{"taxonomy":"product_brand","embeddable":true,"href":"https:\/\/soydeaqui.ddns.net\/pachuca\/index.php\/wp-json\/wp\/v2\/product_brand?post=2309"},{"taxonomy":"product_cat","embeddable":true,"href":"https:\/\/soydeaqui.ddns.net\/pachuca\/index.php\/wp-json\/wp\/v2\/product_cat?post=2309"},{"taxonomy":"product_tag","embeddable":true,"href":"https:\/\/soydeaqui.ddns.net\/pachuca\/index.php\/wp-json\/wp\/v2\/product_tag?post=2309"}],"curies":[{"name":"wp","href":"https:\/\/api.w.org\/{rel}","templated":true}]}}