{"id":23084,"date":"2026-03-18T11:09:24","date_gmt":"2026-03-18T11:09:24","guid":{"rendered":"https:\/\/soydeaqui.ddns.net\/pachuca\/index.php\/producto\/boton-de-salida-sin-contacto-exterior-ip68-retardo-de-tiempo\/"},"modified":"2026-03-18T11:09:26","modified_gmt":"2026-03-18T11:09:26","slug":"boton-de-salida-sin-contacto-exterior-ip68-retardo-de-tiempo","status":"publish","type":"product","link":"https:\/\/soydeaqui.ddns.net\/pachuca\/index.php\/producto\/boton-de-salida-sin-contacto-exterior-ip68-retardo-de-tiempo\/","title":{"rendered":"Bot\u00f3n de Salida sin Contacto \/ Exterior IP68 \/ Retardo de Tiempo"},"content":{"rendered":"<div style='width: 100%; max-width: 1200px; margin: 0 auto; font-family: sans-serif; line-height: 1.6; color: inherit; background-color: transparent;'>\n<div style='text-align: center; margin: 30px 0;'> <img style='width: 100%; max-width: 393px; height: auto; border: 1px solid rgba(150&comma;150&comma;150&comma;0.3); border-radius: 8px;' src='https:\/\/ftp3.syscom.mx\/usuarios\/fotos\/PRO800B\/67296-access-pro.png' alt='Bot\u00f3n de Salida sin Contacto Exterior IP68'> <\/div>\n<div style='display: flex; flex-wrap: wrap; gap: 30px; margin-bottom: 30px;'>\n<div style='flex: 1 1 300px; min-width: 280px;'>\n<h3 style='font-size: 22px; border-bottom: 2px solid currentColor; padding-bottom: 5px; margin-top: 0; color: inherit; opacity: 0.8;'>Caracter\u00edsticas principales<\/h3>\n<ul style='padding-left: 20px; font-size: 15px; color: inherit;'>\n<li style='margin-bottom: 5px;'>Contacto NO (normalmente abierto)<\/li>\n<li style='margin-bottom: 5px;'>Protecci\u00f3n <span style='font-weight: bold;'>IP67<\/span><\/li>\n<li style='margin-bottom: 5px;'>Garant\u00eda de por vida.<\/li>\n<\/ul><\/div>\n<div style='flex: 1 1 300px; min-width: 280px;'>\n<h3 style='font-size: 22px; border-bottom: 2px solid currentColor; padding-bottom: 5px; margin-top: 0; color: inherit; opacity: 0.8;'>Caracter\u00edsticas F\u00edsicas y El\u00e9ctricas<\/h3>\n<ul style='padding-left: 20px; font-size: 15px; color: inherit;'>\n<li style='margin-bottom: 5px;'>Voltaje 5-24 VDC a 200mA<\/li>\n<li style='margin-bottom: 5px;'>LED: verde<\/li>\n<li style='margin-bottom: 5px;'>Vida mec\u00e1nica: 1&comma;000&comma;000 tests<\/li>\n<li style='margin-bottom: 5px;'>Dimensiones: 78&#215;91.5&#215;61 mm<\/li>\n<li style='margin-bottom: 5px;'>Peso: 0.2kg<\/li>\n<li style='margin-bottom: 5px;'>Aleaci\u00f3n de zinc con tratamiento de pintura negra&comma; bot\u00f3n de metal.<\/li>\n<\/ul><\/div>\n<div style='flex: 1 1 300px; min-width: 280px;'>\n<h3 style='font-size: 22px; border-bottom: 2px solid currentColor; padding-bottom: 5px; margin-top: 0; color: inherit; opacity: 0.8;'>Caracter\u00edsticas Destacadas<\/h3>\n<div style='font-size: 15px; color: inherit;'> Los botones de salida sin contacto de ACCESSPRO utilizan tecnolog\u00eda IR para identificar la salida. Solo es necesario acercar la mano sin necesidad de tocar. Este equipo es <strong>ideal para instalaciones en escuelas&comma; hospitales&comma; oficinas o cl\u00ednicas.<\/strong> <\/div>\n<\/p><\/div>\n<\/p><\/div>\n<hr style='border: 0; border-top: 1px solid rgba(150&comma; 150&comma; 150&comma; 0.3); margin: 30px 0;'> <\/div>\n","protected":false},"excerpt":{"rendered":"<p>Bot\u00f3n de Salida sin Contacto \/ Exterior IP68 \/ Retardo de Tiempo<\/p>\n","protected":false},"featured_media":23083,"comment_status":"open","ping_status":"closed","template":"","meta":[],"product_brand":[],"product_cat":[190],"product_tag":[93,234,191],"class_list":{"0":"post-23084","1":"product","2":"type-product","3":"status-publish","4":"has-post-thumbnail","6":"product_cat-botones-de-salida","7":"product_tag-accesorios","8":"product_tag-accesspro","9":"product_tag-botones-de-salida","11":"first","12":"outofstock","13":"sale","14":"shipping-taxable","15":"purchasable","16":"product-type-simple"},"_links":{"self":[{"href":"https:\/\/soydeaqui.ddns.net\/pachuca\/index.php\/wp-json\/wp\/v2\/product\/23084","targetHints":{"allow":["GET"]}}],"collection":[{"href":"https:\/\/soydeaqui.ddns.net\/pachuca\/index.php\/wp-json\/wp\/v2\/product"}],"about":[{"href":"https:\/\/soydeaqui.ddns.net\/pachuca\/index.php\/wp-json\/wp\/v2\/types\/product"}],"replies":[{"embeddable":true,"href":"https:\/\/soydeaqui.ddns.net\/pachuca\/index.php\/wp-json\/wp\/v2\/comments?post=23084"}],"wp:featuredmedia":[{"embeddable":true,"href":"https:\/\/soydeaqui.ddns.net\/pachuca\/index.php\/wp-json\/wp\/v2\/media\/23083"}],"wp:attachment":[{"href":"https:\/\/soydeaqui.ddns.net\/pachuca\/index.php\/wp-json\/wp\/v2\/media?parent=23084"}],"wp:term":[{"taxonomy":"product_brand","embeddable":true,"href":"https:\/\/soydeaqui.ddns.net\/pachuca\/index.php\/wp-json\/wp\/v2\/product_brand?post=23084"},{"taxonomy":"product_cat","embeddable":true,"href":"https:\/\/soydeaqui.ddns.net\/pachuca\/index.php\/wp-json\/wp\/v2\/product_cat?post=23084"},{"taxonomy":"product_tag","embeddable":true,"href":"https:\/\/soydeaqui.ddns.net\/pachuca\/index.php\/wp-json\/wp\/v2\/product_tag?post=23084"}],"curies":[{"name":"wp","href":"https:\/\/api.w.org\/{rel}","templated":true}]}}