{"id":23056,"date":"2026-03-18T11:08:53","date_gmt":"2026-03-18T11:08:53","guid":{"rendered":"https:\/\/soydeaqui.ddns.net\/pachuca\/index.php\/producto\/licencia-de-tiempo-y-asistencia-standart-para-biostar-x-hasta-500-empleados\/"},"modified":"2026-03-18T11:08:53","modified_gmt":"2026-03-18T11:08:53","slug":"licencia-de-tiempo-y-asistencia-standart-para-biostar-x-hasta-500-empleados","status":"publish","type":"product","link":"https:\/\/soydeaqui.ddns.net\/pachuca\/index.php\/producto\/licencia-de-tiempo-y-asistencia-standart-para-biostar-x-hasta-500-empleados\/","title":{"rendered":"Licencia de  tiempo y Asistencia Standart para BioStar X, hasta 500 empleados"},"content":{"rendered":"<div style='width: 100%; max-width: 1200px; margin: 0 auto; font-family: sans-serif; line-height: 1.6; color: inherit; background-color: transparent;'>\n<h1 style='font-size: 48px; margin: 20px 0 40px; color: inherit; background: linear-gradient(70deg&comma; #00a0e9 0%&comma; #8f71f5 50%&comma; #e62e8b 100%); -webkit-text-fill-color: transparent; -webkit-background-clip: text; background-clip: text; font-weight: 700; text-align: center;'> BIOSTAR X <\/h1>\n<h2 style='font-size: 24px; margin: 20px 0 40px; color: #e62e8b; text-align: center;'> M\u00e1xima Seguridad&comma; sin Complicaciones <\/h2>\n<div style='margin: 40px 0; padding: 0;'>\n<p style='font-size: 16px; margin: 0 0 20px; color: inherit;'> BioStar X es la plataforma de seguridad unificada de Suprema&comma; que cuenta con el mejor acceso biom\u00e9trico de su clase&comma; monitoreo integrado y una infraestructura empresarial dise\u00f1ada para la escalabilidad&comma; garantizar el tiempo de actividad y el cumplimiento. <\/p>\n<\/p><\/div>\n<div style='display: flex; flex-wrap: wrap; gap: 30px; margin: 40px 0;'>\n<div style='flex: 1 1 300px; min-width: 280px;'>\n<h3 style='font-size: 22px; border-bottom: 2px solid currentColor; padding-bottom: 5px; margin-top: 0; color: inherit; opacity: 0.8;'> Control total sobre qui\u00e9n&comma; d\u00f3nde y cu\u00e1ndo <\/h3>\n<p style='font-size: 15px; color: inherit;'> Desde el vest\u00edbulo hasta la azotea&comma; BioStar X le permite controlar cada punto de acceso con la precisi\u00f3n de un cirujano. Horarios&comma; zonas&comma; alarmas de incendio&comma; pisos&#8230; No solo est\u00e1 gestionando puertas. Est\u00e1 orquestando el movimiento. <\/p>\n<\/p><\/div>\n<\/p><\/div>\n<div style='display: grid; grid-template-columns: 1fr; gap: 30px; margin: 40px 0;'>\n<div style='border: 1px solid rgba(150&comma; 150&comma; 150&comma; 0.4); border-radius: 8px; overflow: hidden;'>\n<div style='padding: 20px; border-bottom: 1px solid rgba(150&comma; 150&comma; 150&comma; 0.2); background: #17172a; color: white; font-weight: bold;'> Estructura de acceso central a escala <\/div>\n<div style='padding: 20px; background: #17172a; color: white;'>\n<p style='margin-bottom: 20px; font-size: 15px; color: inherit;'> \u00bfGestiona cientos de puertas o miles de usuarios? BioStar X fue dise\u00f1ado para crecer&comma; sin volverse inmanejable. <\/p>\n<div style='display: flex; flex-wrap: wrap; gap: 10px;'> <span style='background: rgba(255&comma; 255&comma; 255&comma; 0.5); border-radius: 24px; padding: 4px 24px; font-size: 14px; color: #17172a; display: inline-block; margin: 5px 0;'> Grupos de acceso <\/span> <span style='background: rgba(255&comma; 255&comma; 255&comma; 0.5); border-radius: 24px; padding: 4px 24px; font-size: 14px; color: #17172a; display: inline-block; margin: 5px 0;'> Acceso de niveles <\/span> <span style='background: rgba(255&comma; 255&comma; 255&comma; 0.5); border-radius: 24px; padding: 4px 24px; font-size: 14px; color: #17172a; display: inline-block; margin: 5px 0;'> Niveles de planta <\/span> <span style='background: rgba(255&comma; 255&comma; 255&comma; 0.5); border-radius: 24px; padding: 4px 24px; font-size: 14px; color: #17172a; display: inline-block; margin: 5px 0;'> Horarios <\/span> <span style='background: rgba(255&comma; 255&comma; 255&comma; 0.5); border-radius: 24px; padding: 4px 24px; font-size: 14px; color: #17172a; display: inline-block; margin: 5px 0;'> Vacaciones <\/span> <span style='background: rgba(255&comma; 255&comma; 255&comma; 0.5); border-radius: 24px; padding: 4px 24px; font-size: 14px; color: #17172a; display: inline-block; margin: 5px 0;'> Plantillas de acceso <\/span> <span style='background: rgba(255&comma; 255&comma; 255&comma; 0.5); border-radius: 24px; padding: 4px 24px; font-size: 14px; color: #17172a; display: inline-block; margin: 5px 0;'> Auditor\u00edas de acceso <\/span> <\/div>\n<\/p><\/div>\n<\/p><\/div>\n<\/p><\/div>\n<div style='display: grid; grid-template-columns: 1fr; gap: 30px; margin: 40px 0;'>\n<div style='border: 1px solid rgba(150&comma; 150&comma; 150&comma; 0.4); border-radius: 8px; overflow: hidden;'>\n<div style='padding: 20px; border-bottom: 1px solid rgba(150&comma; 150&comma; 150&comma; 0.2); background: #17172a; color: white; font-weight: bold;'> Zonas inteligentes avanzadas <\/div>\n<div style='padding: 20px; background: #17172a; color: white;'>\n<p style='margin-bottom: 20px; font-size: 15px; color: inherit;'> Aplique pol\u00edticas de comportamiento&comma; est\u00e1ndares de seguridad y protocolos de emergencia con una potente l\u00f3gica de zonas. <\/p>\n<div style='display: flex; flex-wrap: wrap; gap: 10px;'> <span style='background: rgba(255&comma; 255&comma; 255&comma; 0.5); border-radius: 24px; padding: 4px 24px; font-size: 14px; color: #17172a; display: inline-block; margin: 5px 0;'> Anti-retornos <\/span> <span style='background: rgba(255&comma; 255&comma; 255&comma; 0.5); border-radius: 24px; padding: 4px 24px; font-size: 14px; color: #17172a; display: inline-block; margin: 5px 0;'> Enclavamiento <\/span> <span style='background: rgba(255&comma; 255&comma; 255&comma; 0.5); border-radius: 24px; padding: 4px 24px; font-size: 14px; color: #17172a; display: inline-block; margin: 5px 0;'> Programaci\u00f3n de bloqueo y desbloqueo <\/span> <span style='background: rgba(255&comma; 255&comma; 255&comma; 0.5); border-radius: 24px; padding: 4px 24px; font-size: 14px; color: #17172a; display: inline-block; margin: 5px 0;'> Ocupaci\u00f3n <\/span> <span style='background: rgba(255&comma; 255&comma; 255&comma; 0.5); border-radius: 24px; padding: 4px 24px; font-size: 14px; color: #17172a; display: inline-block; margin: 5px 0;'> Punto de encuentro <\/span> <span style='background: rgba(255&comma; 255&comma; 255&comma; 0.5); border-radius: 24px; padding: 4px 24px; font-size: 14px; color: #17172a; display: inline-block; margin: 5px 0;'> Alarma de intrusi\u00f3n <\/span> <\/div>\n<\/p><\/div>\n<\/p><\/div>\n<\/p><\/div>\n<div style='display: grid; grid-template-columns: 1fr; gap: 30px; margin: 40px 0;'>\n<div style='border: 1px solid rgba(150&comma; 150&comma; 150&comma; 0.4); border-radius: 8px; overflow: hidden;'>\n<div style='padding: 20px; border-bottom: 1px solid rgba(150&comma; 150&comma; 150&comma; 0.2); background: #44447d; color: white; font-weight: bold;'> Gesti\u00f3n de emergencias <\/div>\n<div style='padding: 20px; background: #44447d; color: white;'>\n<p style='margin-bottom: 20px; font-size: 15px; color: inherit;'> Cuando cada segundo cuenta&comma; BioStar X facilita una respuesta r\u00e1pida con automatizaci\u00f3n incorporada. <\/p>\n<div style='display: flex; flex-wrap: wrap; gap: 10px;'> <span style='background: rgba(255&comma; 255&comma; 255&comma; 0.5); border-radius: 24px; padding: 4px 24px; font-size: 14px; color: #17172a; display: inline-block; margin: 5px 0;'> Bloqueo de emergencia con un clic <\/span> <span style='background: rgba(255&comma; 255&comma; 255&comma; 0.5); border-radius: 24px; padding: 4px 24px; font-size: 14px; color: #17172a; display: inline-block; margin: 5px 0;'> Reglas de desbloqueo de emergencia <\/span> <span style='background: rgba(255&comma; 255&comma; 255&comma; 0.5); border-radius: 24px; padding: 4px 24px; font-size: 14px; color: #17172a; display: inline-block; margin: 5px 0;'> Herramientas de anulaci\u00f3n de acceso <\/span> <span style='background: rgba(255&comma; 255&comma; 255&comma; 0.5); border-radius: 24px; padding: 4px 24px; font-size: 14px; color: #17172a; display: inline-block; margin: 5px 0;'> Alarmas de incendio <\/span> <\/div>\n<\/p><\/div>\n<\/p><\/div>\n<\/p><\/div>\n<div style='margin: 40px 0;'>\n<h3 style='font-size: 22px; margin: 0 0 20px; color: inherit; opacity: 0.8;'> Seguridad s\u00f3lida como una roca&comma; dise\u00f1ada para empresas <\/h3>\n<p style='font-size: 15px; color: inherit;'> Con cifrado AES-256&comma; permisos basados en roles y m\u00e1s de 50 disparadores de eventos de seguridad&comma; BioStar X garantiza una seguridad estricta de principio a fin. Construido para el mundo real&comma; donde la seguridad de la mente y el cumplimiento son innegociables. <\/p>\n<\/p><\/div>\n<div style='margin: 40px 0;'>\n<h3 style='font-size: 22px; margin: 0 0 20px; color: inherit; opacity: 0.8;'> Elija su plan <\/h3>\n<div style='overflow-x: auto;'>\n<table style='width: 100%; border-collapse: collapse; font-size: 14px;'>\n<thead>\n<tr style='background: #e8e8ed;'>\n<th style='padding: 16px; border-bottom: 1px solid #e3e3ec; text-align: left; min-width: 120px;'>Caracter\u00edstica<\/th>\n<th style='padding: 16px; border-bottom: 1px solid #e3e3ec; text-align: left; min-width: 100px;'>BIOSTARXSTR<\/th>\n<th style='padding: 16px; border-bottom: 1px solid #e3e3ec; text-align: left; min-width: 100px;'>BIOSTARXESS<\/th>\n<th style='padding: 16px; border-bottom: 1px solid #e3e3ec; text-align: left; min-width: 100px;'>BIOSTARXADV<\/th>\n<th style='padding: 16px; border-bottom: 1px solid #e3e3ec; text-align: left; min-width: 100px; background: #d9d9de;'>BIOSTARXENT<\/th>\n<\/tr>\n<\/thead>\n<tbody>\n<tr>\n<td style='padding: 16px; border-bottom: 1px solid #e3e3ec;'>M\u00e1x. puertas<\/td>\n<td style='padding: 16px; border-bottom: 1px solid #e3e3ec;'>5<\/td>\n<td style='padding: 16px; border-bottom: 1px solid #e3e3ec;'>32<\/td>\n<td style='padding: 16px; border-bottom: 1px solid #e3e3ec;'>128<\/td>\n<td style='padding: 16px; border-bottom: 1px solid #e3e3ec; background: #d9d9de;'>500<\/td>\n<\/tr>\n<tr>\n<td style='padding: 16px; border-bottom: 1px solid #e3e3ec;'>M\u00e1x. usuarios<\/td>\n<td style='padding: 16px; border-bottom: 1px solid #e3e3ec;'>100<\/td>\n<td style='padding: 16px; border-bottom: 1px solid #e3e3ec;'>1&comma;000<\/td>\n<td style='padding: 16px; border-bottom: 1px solid #e3e3ec;'>50&comma;000<\/td>\n<td style='padding: 16px; border-bottom: 1px solid #e3e3ec; background: #d9d9de;'>100&comma;000<\/td>\n<\/tr>\n<tr>\n<td style='padding: 16px; border-bottom: 1px solid #e3e3ec;'>M\u00e1x. operadores<\/td>\n<td style='padding: 16px; border-bottom: 1px solid #e3e3ec;'>1<\/td>\n<td style='padding: 16px; border-bottom: 1px solid #e3e3ec;'>10<\/td>\n<td style='padding: 16px; border-bottom: 1px solid #e3e3ec;'>20<\/td>\n<td style='padding: 16px; border-bottom: 1px solid #e3e3ec; background: #d9d9de;'>40<\/td>\n<\/tr>\n<tr>\n<td style='padding: 16px; border-bottom: 1px solid #e3e3ec;'>Actualizaciones<\/td>\n<td style='padding: 16px; border-bottom: 1px solid #e3e3ec;'> <\/td>\n<td style='padding: 16px; border-bottom: 1px solid #e3e3ec;'> <span style='color: #00bb5d; font-size: 20px; vertical-align: middle;'>\u2713<\/span> <\/td>\n<td style='padding: 16px; border-bottom: 1px solid #e3e3ec;'> <span style='color: #00bb5d; font-size: 20px; vertical-align: middle;'>\u2713<\/span> <\/td>\n<td style='padding: 16px; border-bottom: 1px solid #e3e3ec; background: #d9d9de;'> <span style='color: #00bb5d; font-size: 20px; vertical-align: middle;'>\u2713<\/span> <\/td>\n<\/tr>\n<tr>\n<td style='padding: 16px; border-bottom: 2px solid #d9d9de;'>Mapas<\/td>\n<td style='padding: 16px; border-bottom: 2px solid #d9d9de;'> <\/td>\n<td style='padding: 16px; border-bottom: 2px solid #d9d9de;'> <\/td>\n<td style='padding: 16px; border-bottom: 2px solid #d9d9de;'> <span style='color: #00bb5d; font-size: 20px; vertical-align: middle;'>\u2713<\/span> <\/td>\n<td style='padding: 16px; border-bottom: 2px solid #d9d9de; background: #d9d9de;'> <span style='color: #00bb5d; font-size: 20px; vertical-align: middle;'>\u2713<\/span> <\/td>\n<\/tr>\n<tr>\n<td style='padding: 16px; border-bottom: 1px solid #e3e3ec;'>Video<\/td>\n<td style='padding: 16px; border-bottom: 1px solid #e3e3ec;'> <\/td>\n<td style='padding: 16px; border-bottom: 1px solid #e3e3ec;'> <\/td>\n<td style='padding: 16px; border-bottom: 1px solid #e3e3ec;'>Add-on<\/td>\n<td style='padding: 16px; border-bottom: 1px solid #e3e3ec; background: #d9d9de;'>Add-on<\/td>\n<\/tr>\n<tr>\n<td style='padding: 16px; border-bottom: 1px solid #e3e3ec;'>AC Avanzado<\/td>\n<td style='padding: 16px; border-bottom: 1px solid #e3e3ec;'> <\/td>\n<td style='padding: 16px; border-bottom: 1px solid #e3e3ec;'>Add-on<\/td>\n<td style='padding: 16px; border-bottom: 1px solid #e3e3ec;'>Add-on<\/td>\n<td style='padding: 16px; border-bottom: 1px solid #e3e3ec; background: #d9d9de;'>Add-on<\/td>\n<\/tr>\n<tr>\n<td style='padding: 16px; border-bottom: 1px solid #e3e3ec;'>Servidores de M\u00faltiples Comunicaciones<\/td>\n<td style='padding: 16px; border-bottom: 1px solid #e3e3ec;'> <\/td>\n<td style='padding: 16px; border-bottom: 1px solid #e3e3ec;'>Add-on<\/td>\n<td style='padding: 16px; border-bottom: 1px solid #e3e3ec;'>Add-on<\/td>\n<td style='padding: 16px; border-bottom: 1px solid #e3e3ec; background: #d9d9de;'>Add-on<\/td>\n<\/tr>\n<tr>\n<td style='padding: 16px; border-bottom: 1px solid #e3e3ec;'>Mapa GIS<\/td>\n<td style='padding: 16px; border-bottom: 1px solid #e3e3ec;'> <\/td>\n<td style='padding: 16px; border-bottom: 1px solid #e3e3ec;'>Add-on<\/td>\n<td style='padding: 16px; border-bottom: 1px solid #e3e3ec;'>Add-on<\/td>\n<td style='padding: 16px; border-bottom: 1px solid #e3e3ec; background: #d9d9de;'>Add-on<\/td>\n<\/tr>\n<tr>\n<td style='padding: 16px; border-bottom: 1px solid #e3e3ec;'>Coincidencia de Servidores<\/td>\n<td style='padding: 16px; border-bottom: 1px solid #e3e3ec;'> <\/td>\n<td style='padding: 16px; border-bottom: 1px solid #e3e3ec;'>Add-on<\/td>\n<td style='padding: 16px; border-bottom: 1px solid #e3e3ec;'>Add-on<\/td>\n<td style='padding: 16px; border-bottom: 1px solid #e3e3ec; background: #d9d9de;'>Add-on<\/td>\n<\/tr>\n<tr>\n<td style='padding: 16px; border-bottom: 1px solid #e3e3ec;'>Tiempo y Asistencia<\/td>\n<td style='padding: 16px; border-bottom: 1px solid #e3e3ec;'> <\/td>\n<td style='padding: 16px; border-bottom: 1px solid #e3e3ec;'>Add-on<\/td>\n<td style='padding: 16px; border-bottom: 1px solid #e3e3ec;'>Add-on<\/td>\n<td style='padding: 16px; border-bottom: 1px solid #e3e3ec; background: #d9d9de;'>Add-on<\/td>\n<\/tr>\n<tr>\n<td style='padding: 16px; border-bottom: 1px solid #e3e3ec;'>Directorio Activo<\/td>\n<td style='padding: 16px; border-bottom: 1px solid #e3e3ec;'> <\/td>\n<td style='padding: 16px; border-bottom: 1px solid #e3e3ec;'>Add-on<\/td>\n<td style='padding: 16px; border-bottom: 1px solid #e3e3ec;'>Add-on<\/td>\n<td style='padding: 16px; border-bottom: 1px solid #e3e3ec; background: #d9d9de;'>Add-on<\/td>\n<\/tr>\n<tr>\n<td style='padding: 16px; border-bottom: 1px solid #e3e3ec;'>Recuento de personal<\/td>\n<td style='padding: 16px; border-bottom: 1px solid #e3e3ec;'> <\/td>\n<td style='padding: 16px; border-bottom: 1px solid #e3e3ec;'>Add-on<\/td>\n<td style='padding: 16px; border-bottom: 1px solid #e3e3ec;'>Add-on<\/td>\n<td style='padding: 16px; border-bottom: 1px solid #e3e3ec; background: #d9d9de;'>Add-on<\/td>\n<\/tr>\n<tr>\n<td style='padding: 16px; border-bottom: 1px solid #e3e3ec;'>Aplicaci\u00f3n m\u00f3vil<\/td>\n<td style='padding: 16px; border-bottom: 1px solid #e3e3ec;'> <\/td>\n<td style='padding: 16px; border-bottom: 1px solid #e3e3ec;'>Add-on<\/td>\n<td style='padding: 16px; border-bottom: 1px solid #e3e3ec;'>Add-on<\/td>\n<td style='padding: 16px; border-bottom: 1px solid #e3e3ec; background: #d9d9de;'>Add-on<\/td>\n<\/tr>\n<tr>\n<td style='padding: 16px; border-bottom: 1px solid #e3e3ec;'>Acceso remoto<\/td>\n<td style='padding: 16px; border-bottom: 1px solid #e3e3ec;'> <\/td>\n<td style='padding: 16px; border-bottom: 1px solid #e3e3ec;'>Add-on<\/td>\n<td style='padding: 16px; border-bottom: 1px solid #e3e3ec;'>Add-on<\/td>\n<td style='padding: 16px; border-bottom: 1px solid #e3e3ec; background: #d9d9de;'>Add-on<\/td>\n<\/tr>\n<\/tbody>\n<\/table><\/div>\n<\/p><\/div>\n<hr style='border: 0; border-top: 1px solid rgba(150&comma; 150&comma; 150&comma; 0.3); margin: 30px 0;'> <\/div>\n","protected":false},"excerpt":{"rendered":"<p>Licencia de  tiempo y Asistencia Standart para BioStar X, hasta 500 empleados<\/p>\n","protected":false},"featured_media":23055,"comment_status":"open","ping_status":"closed","template":"","meta":[],"product_brand":[],"product_cat":[743],"product_tag":[744,745,798],"class_list":{"0":"post-23056","1":"product","2":"type-product","3":"status-publish","4":"has-post-thumbnail","6":"product_cat-para-tiempo-y-asistencia-checadores","7":"product_tag-biometricos","8":"product_tag-para-tiempo-y-asistencia-checadores","9":"product_tag-suprema","11":"first","12":"outofstock","13":"sale","14":"shipping-taxable","15":"purchasable","16":"product-type-simple"},"_links":{"self":[{"href":"https:\/\/soydeaqui.ddns.net\/pachuca\/index.php\/wp-json\/wp\/v2\/product\/23056","targetHints":{"allow":["GET"]}}],"collection":[{"href":"https:\/\/soydeaqui.ddns.net\/pachuca\/index.php\/wp-json\/wp\/v2\/product"}],"about":[{"href":"https:\/\/soydeaqui.ddns.net\/pachuca\/index.php\/wp-json\/wp\/v2\/types\/product"}],"replies":[{"embeddable":true,"href":"https:\/\/soydeaqui.ddns.net\/pachuca\/index.php\/wp-json\/wp\/v2\/comments?post=23056"}],"wp:featuredmedia":[{"embeddable":true,"href":"https:\/\/soydeaqui.ddns.net\/pachuca\/index.php\/wp-json\/wp\/v2\/media\/23055"}],"wp:attachment":[{"href":"https:\/\/soydeaqui.ddns.net\/pachuca\/index.php\/wp-json\/wp\/v2\/media?parent=23056"}],"wp:term":[{"taxonomy":"product_brand","embeddable":true,"href":"https:\/\/soydeaqui.ddns.net\/pachuca\/index.php\/wp-json\/wp\/v2\/product_brand?post=23056"},{"taxonomy":"product_cat","embeddable":true,"href":"https:\/\/soydeaqui.ddns.net\/pachuca\/index.php\/wp-json\/wp\/v2\/product_cat?post=23056"},{"taxonomy":"product_tag","embeddable":true,"href":"https:\/\/soydeaqui.ddns.net\/pachuca\/index.php\/wp-json\/wp\/v2\/product_tag?post=23056"}],"curies":[{"name":"wp","href":"https:\/\/api.w.org\/{rel}","templated":true}]}}