{"id":23037,"date":"2026-03-18T11:08:34","date_gmt":"2026-03-18T11:08:34","guid":{"rendered":"https:\/\/soydeaqui.ddns.net\/pachuca\/index.php\/producto\/pinza-de-corte-en-diagonal-de-alta-palanca-de-6\/"},"modified":"2026-03-18T11:08:34","modified_gmt":"2026-03-18T11:08:34","slug":"pinza-de-corte-en-diagonal-de-alta-palanca-de-6","status":"publish","type":"product","link":"https:\/\/soydeaqui.ddns.net\/pachuca\/index.php\/producto\/pinza-de-corte-en-diagonal-de-alta-palanca-de-6\/","title":{"rendered":"Pinza De Corte en Diagonal de Alta Palanca de 6&#8243;"},"content":{"rendered":"<\/p>\n<p style='text-align: center;'><span style='font-family: tahoma&comma; arial&comma; helvetica&comma; sans-serif; font-size: 12pt;'><img class='fr-fic fr-dii' src='data:image\/png;base64&comma;iVBORw0KGgoAAAANSUhEUgAAANcAAABnCAIAAAAc1UCXAAAT7klEQVR4Ae2dd1gbR\/rHBTZuJE7suCUmubSLfYmd\/iTPXS6\/5HJpvzzJJffLpdwjATZgg8GY2MEluLfExnFix7Fjp5zL4TSrAqIITDFgehEguqkSIASoorba2V+khWG1orotQcOzf8xKu7Pzvu9nvzPzzshmYY4\/FpuLDuSBm+wBkj0Mw1iIwpvsevQ46AFEIdJ+5j2AKGQ+BlAS3LaAKEQUMu8BRCHzMXBbCYSGIwoRhcx7AFHIfAygJLhtAVGIKGTeA4hC5mPgthIIDUcUIgqZ9wCikPkYQElw2wKiEFHIvAcQhczHwG0lEBqOKEQUMu8BRCHzMYCS4LYFRCGikHkPIAqZj4HbSiA0HFGIKGTeA4hC5mMAJcFtC4hCRCHzHkAUMh8Dt5VAaDiiEFHIvAcQhczHAEqC2xYQhYhC5j2AKGQ+Bm4rgdBwRCGikHkPIAqZjwGUBLctIAoRhcx7AFHIfAzcVgKh4YhCRCHzHkAUMh8DKAluW0AUIgqZ9wCikPkYuK0EQsMRhYhC5j2AKGQ+BlAS3LaAKEQUMu8BRCHzMXBbCYSG3xAKH94kqZBrcQBGOKw2vENrzqzrjk6sfzU62ztQ6MGZhEB4cLhT\/XhLN0nWxkjP5rQmV3VJarsFJYrdouq\/H8ia5s+flFZDvMZYuDEUbpZUKnTEmP8AQbSrTd9mNL1yIGtOcOwYmz7BL5u2gv\/0jrSdgqpyudaGgyGd0W2wnM5qfuuLnElj9dUFZUJQCCPUY7D8N6d1eVTK1Rkzce6aHxr\/eWJ9Q5cBB0PzB00mCKLHYBGWtL\/4Wabb6uLEopAgCBwQnVrz8\/szJw5S423J8q2p1e264fSPyh+13G2whJwpnerHG+\/jJsH1E45CMjAao\/Wdo7lefvzfnYuf25shbdNQ8Rp7WWfC1v8oneb\/+7P6GsN0QyicvyYu7FzZbkH1cMceYfWBhLrT2S3ZDT1Gi23IOFW1657dnX6N5t3k2x\/alFzcMjSCOCDkGlNJq7a4RdPYY8Rs+JBWG8y2iPPlnr52Rbzn4yR43GRDbvLjbgiFHmzuFF\/eVL8RDv40f753oHBeSNzDn6SczGjqc2ERACKpUnmT3XEtj5u9SjQkghYb\/kuh4sWDWYvDxQtC4xeExt0VLn5mT8bXaY1mbIg3sMdgeePzHJY\/X642kUdbr5E1qXvqG0LheGM5xZf3zle5DV0GV3nwO1U43toYuX6qH28bT0YbC2I2UNyiefGzS8M16aHNEolMabIO6iJmA9Xtun8ezWWt4ENvAABY\/pN5vHhDKPQOFP55T8Yr0VnweHbX6H3rC\/szG1V90PVkobXHOH9N3HBRnDif\/2mzpKxNS208ZgPcQsV96xNHbuRv6njCLop2EOW9puiEugc+TrLfgigc2XGjfvtQZHJmbXen1gyPpIrOUe9isbnvfJVnsjp1UjgAvkzIodcKgc\/6xPsik2cECvtbzuGyODz74fKf93pwuKtOl1idh3rSVs2DHyd5uFzsevu8NXFJlcpL9d3P78ucsVLQfwGi0NVT4\/rkYZesdUFj71hqmBMcKyrtoCoKQRAxOa1THKN1sgYPNnduSOxbR3LP5baVKXRShY5b2u77XdH80DjqZSw297Ck4VRG88mMpk\/FtbcECb0DhAtC4xZvSLorImFucKzXUFNRL3\/+Q5slx9MblXoz2Qy9GbtQpHhyV1pJq6al19jSawz4TwnNFi8\/vrC0ndpsGw7e+TKXdtkIp7eHxE2lJQScKfTw589YKbgjJG7R2viFYfG3rxYNmdPx4HBvDRI+\/+mlI6lXJLWqi\/U932Q0vX44Z67zWsDCtfHrL1QekDQckDT4\/1A8M0AwK0AwLyRuUbh4YWjc7FUimidhy29fHftydPbx9KbMKz0ZDT0nM5teO5yzdLMk\/KfyHbE1G3myJZsl8OKxF25Ij3zVFHr68iLOS8nuCQY1p657cbiYNMnLn\/\/G4Zz0GhXmvBoBCKK0VcM5VUh1X6e2n6QOjdnvu6If89ra1CYzhuvNWEmbdqeg6r4NTt3lzABBxHlpu8YEHw0LJgyHY76Pfiyn+dc7SNSlt8CLCYLIrOumtoR2\/ZhOnSl84WDWibTGyg59b5+1U2fOqu\/ZcqHyXpfu\/vn9mbGlHTRVttrw9BrVP768DF+8ZVtSZAOLW5IKpe+pwjM5rTWdenWftVNrlsiUYefKZq8SUds51Y\/\/v5\/nSGRKi7Pk4wA0dBl0Jsyefu+zvn1kHO8erH9iUchic1+Nzob0kHGt7dA\/ue0ii8315PA+PFHQ1mukxptaVukt4eel0DZYD2YDKr2FtohhwfA4acfs1YO+Dj8vVRut1AqHLLtS+MSONFrlnGsfRVApJIjmHiNtFcZqw7lFCp91CdDeP+\/LqFcaaJdBEzp15oDvi8kcEJVCdZ+1t49udZ\/Fxi1S3BrU7xxPDu+D4wWtw3uefMrkofDRqNQGpdNkuV1tetGxlLJkYzJMCNtw0NjddyT1yiFJQ6VicKECAADXXSCFMBI4ALQgRQmqyCgu2SLB8P65qhnDz+e1\/e1Q9lN70veLa2k650oh+2QhfARBEBgOfD4ahANSMr4ChUJYOa3xBEFs+qWCrHZhWDxspw0H9UpDdHL97vja4hYN7DdqO\/VPbktlsblUCoerHAAicqDypRuTy+X9cy8cB3K16fTl1jOXW1t6jNQlyslD4ZKNyTUdeugagiBUBsur0dksNnfTLxUkRAYz9ll87W0DMjZ9pSA8Rqoa6BP5xe3ejikFlUKl1nyhQL5LVP1dRtMVSkqoXWuetkLg6cuLyW0jH6rus\/p9V0RqBovN9eBwX\/g0s6V7UIBdKdzwo5TaYKXOsjAsfnzMuU5inCnUGrFEaedRSUPM5VbH8nT\/AysVWnsv4cvbwa8igdCZsF2CqlkDk6pZgcID4loyHQsAsTe2xoNDp1Cls\/CLFMdSGn7Nb+ugDEhSZF1zQ+wJiq1cGSn2BrPtYELt3DX9O05mr47dJaiGHcjkoXDZJyl1nU5aqDJYXnNQWNSiJn2fWN55+2qnrTeevry9ohoyDLWd+ie223twSKHBbNvwUzmJ5jR\/\/svRWdSR0x8+TrozXAwF+MuUBtddBatPl0DOXCn86LwThSr99adwl7B6bojdZC9\/\/ptfXFao+wevVgz3XiWcHxonqVSSLTyd1TwrQDjVn788KjXkbOm5nJbiZjUcapfLtZ4cHlULNUar78kCktrpKwX\/+OKyeqCDLmvTLnXMNmTt\/Tuk4so6aJ738uMfkTSQIj15KPyf\/ZltvU7zg3aN6W+fXpoWJIJrfUOmsl\/Yn0lOLFQGy5tfXqZSKO81LqaMnzw43HzKOtuyranP7EgjNcCGg5eis1xlbOYqEQykK4XvnyiAjDo2ZIA\/bHDk\/FwVbuyfOGvhLZS3ztOPl17dRT4RB2BRuPjhLSlSR7bSaLUdSKj7NKGuVmkwU2ZUsHkmKz5rdSyVwuRK5TyH4JFWewcKEyv6ga7u0D++LfWW1SJ8YC743tf5rs555WCWymCfnE0eCv2\/LdKbnVKG9UrD09sv3r4mDs5SXz+U4+qLZ3amXXEkvTVG7N1jeVQKW7uNd1AczWJzLzb0wMA8uu0ipBDDwYsHh6IwSARXOFwpXBaVShuxBZ+hZ3NcGzzKJxQKXddOkgZAwQFYHJHw+NbUaudhDLSOfCt6+6wyhU4s7djOl80IEFApFBW3z6EgPitACJNlDgov+kQkwNH0c\/uG2Ov0l93pLT32EcskoXDGSsHRlH55h37Mbei5JyJhqj+\/2\/HCEQSxjStzDeFbX1zWGO35gg6t+RWHnsEeubXbOM95AYZG4d0fJTQPLNvsFtW4Vv7e8XzImSuFMwOFcspwiiCIkhb1tBXXtjWGQiFBECzn7GYyhUKfiMQHI5MKm\/qHK9BvAAC5xiQq7djOq\/rn0dxHtkhmBvSnxJ0oLBmFwpkBQtgPhJ4rc3XO20dytZMpU3N3REJtp9PUhCCIXwvkZKIrvryTdLFMoaWlyrz8+NwiBTmClrZp\/7gx2UkLXZYBaRR6+vISKvor1xgxclgJ3X3v+sSm7sGlRVcKp\/rxfsrvn9yQLcQBsfL7IljD1RRGpFDiTOGsQCG\/SAH5a9eaT11qfv2LnDvXim8NEs4Pje9fFRwYD4yLQhabm3ull6y8qEm9wHni5eXHvzDg+cmghZ6+vJ2iauhKsgAAWHOmlIwi+5tCo2N9DwdALO14dmfanWvj7wyLf2SL5Ex2C+w1jl+8QmaMB7VwNApZbO5LB7Pgvp7ePmvYubLln6Qs3ZT87ld5JS0aajrQlUIPDpdzqhB22WTL6zv1T2y76DrRoRHpwebeHZEQW9bx4YmCOcGxgyt+I1M4MBfBAfCJsOfe\/b8tglOulKqup7ZfvGuteFFY\/PJPUn641NylM792MAvu16RSGDuaFrLY3LCzpWTlGA7O57U9FpU6f03c\/DVxSzYlf5\/ZBD3\/u6fQk8N7\/3i+3mzvUql\/3XqLz7r+hZOFofG8IgVMUCm15vTqrrSqLupspqpdB9\/7cVH428+U9sXWQJJwAJR6S5vGBJNtsFWuFLLY3Ps\/TsobEAzyShyAVFnX4458O4086un9G5J+LZBbbcBoscVcbh3cUjlOCm8NEv6Y1wbfFpXecqlGlSLrahlIdyu15tcdqQZavjC2dJQemcXm+qxLSJF1kWMSQBBNqj5xWYe4rKNpYBhDmvz7pnCKL++D4\/nyoVLzURcGh4AeHO7SjclFTf29A8QCFmRy3SNbBtcxx0Uhi829bZXooLiWlFtYp2thSAo9fXnhMVI4fyLvwgFo7DKs+L7Ya8gxIof76qHs0hYN1DAbDuS9pq08+wSCuqdm1HEhifWc4Nif8tugMtFaXtqq+SO5W8c5az0WLfTk8J7akVbnvJpAq\/93MDspaVbPDY69g3aExC4Ijbs\/MulQYp2rCtrH+K0aT5fdnd6BopPpjR1qk9Fis+HAhgOTFVfpLNxC+QPO+ZHWXqMFwy0Y3qA03OE8O0mq6ya\/smD4sq325QTymOLLe\/dYXnGzWqkza42YzoSp9Jaqdt1mnszi2HxFEESEyzoyee+0lYLUqn7BoEYIB6CgWR10puTBzRKfdWKfcPG9kUnvnyiQyLpo1JJ3KbXm5\/aks1bwSeswHGA4oM1OEqSdNsfnFgxfNLDIzmJzZweJtvGqmlV9WhNmxnCLzb5oLu81Hk1psJM9YOYjWyTlbfZfBmI4EBQpnOfIAkFxO\/noSoXuMcdaC3njorViXrFCpTdbMHuHBABhseE9Bktdp97g2KQ80bVQa8LSalTpzkdGTXdRi4ZcCKeGjSzLe41vHB4iI8Ni23\/h+9jW1ODTJXuE1XtF1eH\/Lfvr3ozpLnqz5mxp5M8VkT9XBJ8uHdwx5YjEBycLyK8if66YF0rfvzh9peDpnWn\/+irv38cL\/rovc05I7JtHcuFIYMX3xTCctMKd4eL0ahWcTdOMIn+CrdCYRpBbld7i\/10Ri8P9bXP1Ln7VLn7VTl7VDp6MRdlVxGJzfU8Wkt9u58q8gwb2npGQcbj3bUh671j++vPSjT9XsE8WLN0smeL8Mi8IjQs7W2qvnF\/14df5VOd4+fH\/fbyArDzsbOmitU6LQNNX8J\/fl7nxp4rDSfWHk+o3\/VLx8oGsfx3PJ1eiewyWtx2ZWppbRj29SbsZaPEY9dRsxdfFSGesGHx9h7Xk+v2W3suf\/9zejEe3pnpS0iILw8XrYqTNjnwYQRAAgGVRg9rp2qrlUSmZNcOCOLLhnVoz+1QhXDx0rZzZT+ZQ+hNPPx5J9oMbk2EPoFCbXhp+Y\/kIjZ9wFAKC6DPb1sYMkZcawYzr8tVd4eLiVg0AQG20VrTrcpvUTd32Ph2iAwgiWTb6T2F8IhIu1XZbbXCqACsYtgAAIe81vn0012OoXbTXxbprrGThWnFjlyG\/SX0osS7sXFngD8VbuTJxhRKjmJlT33N1C+gTi0KjxZZUoXztkH3vws0\/PvimYMiBGsmODQeXG3rIddVR2zYjQBD5c0Vxi3pUFnEAWnuMP1xqemTLxP23ADw4vOAzJTCTNeTL1KW3\/J9jyWpU57heMCEoBATRpTP\/ki9\/71je4nDxqDk2VzOuyyfvn8jPquvus2Cu08wOjf0XIX\/aLPEcs1b9lspesjF59X9Kkis6yaUFWvBsOF4u1+6LrXlubwZc1bguhlz3SrwDhV+lNAz361UbDrLre16NzqaNPsfejBtC4bw1ccHnyrYJqkY9oriy4NMlT+9KmxkgHHuAx27euK70cGyknRUk\/MvezODTpVH8qm3CqrCzpc\/sSvfyu\/p\/1siTw7vNsVF+y6+VhyUNxy427hTVsE8W3LM+cYovj6lXblyeIbcYPxCZtC5G+muRokFlMFttJqututPwQ1bLywezXKeG46r\/hlA4rhagi5EHEIUMDEARdjQPIAoRhcx7AFHIfAxowuCGp4hCRCHzHkAUMh8DNxQ\/msmIQkQh8x5AFDIfA5owuOEpohBRyLwHEIXMx8ANxY9mMqIQUci8BxCFzMeAJgxueIooRBQy7wFEIfMxcEPxo5mMKEQUMu8BRCHzMaAJgxueIgoRhcx7AFHIfAzcUPxoJiMKEYXMewBRyHwMaMLghqeIQkQh8x5AFDIfAzcUP5rJiEJEIfMeQBQyHwOaMLjhKaIQUci8BxCFzMfADcWPZjKiEFHIvAcQhczHgCYMbniKKEQUMu8BRCHzMXBD8aOZjChEFDLvAUQh8zGgCYMbniIKEYXMewBRyHwM3FD8aCYjChGFzHsAUvj\/h+E3fXQU5i0AAAAASUVORK5CYII=' alt='' \/><\/span><\/p>\n<p style='text-align: justify;'><span style='font-family: helvetica&comma; arial&comma; sans-serif;'>La pinza de Corte de 6&#8242; Dongcheng<strong data-start='219' data-end='262'> D070326<\/strong> est\u00e1 dise\u00f1ada para ofrecer m\u00e1ximo rendimiento&comma; precisi\u00f3n y durabilidad en trabajos el\u00e9ctricos y de mantenimiento. Gracias a su tecnolog\u00eda de alta palanca&comma; reduce el esfuerzo del usuario sin sacrificar potencia ni control.<\/span><\/p>\n<\/p>\n<div class='row'>\n<div class='col-sm-12'>\n<div style='border-left: 5px solid #E42327; border-radius: 5px; padding: 5px; box-shadow: 2px 2px 10px #d8d8d8; -webkit-box-shadow: 2px 2px 10px #d8d8d8;'>\n<p><span style='color: #2880b9; font-family: helvetica&comma; arial&comma; sans-serif; font-size: 16px; font-weight: bold; background-color: #ffffff;'>Caracter\u00edsiticas:<\/span><\/p>\n<ul>\n<li style='text-align: justify;'><span style='font-family: helvetica&comma; arial&comma; sans-serif;'><strong data-start='496' data-end='533'>Dise\u00f1o exc\u00e9ntrico de alta palanca<\/strong> que ahorra hasta un 30 % de esfuerzo&comma; permitiendo cortes y sujeciones m\u00e1s eficientes.<\/span><\/li>\n<li style='text-align: justify;'><span style='font-family: helvetica&comma; arial&comma; sans-serif;'><strong data-start='628' data-end='655'>Filo templado con l\u00e1ser<\/strong>&comma; con una dureza de hasta 64 HRC&comma; ideal para cortes precisos y mayor vida \u00fatil.<\/span><\/li>\n<li style='text-align: justify;'><span style='font-family: helvetica&comma; arial&comma; sans-serif;'><strong data-start='743' data-end='780'>Tratamiento superficial fosfatado<\/strong>&comma; que brinda alta resistencia al \u00f3xido y la corrosi\u00f3n&comma; incluso en ambientes exigentes.<\/span><\/li>\n<\/ul><\/div>\n<\/p><\/div>\n<\/p><\/div>\n<\/p>\n<p style='text-align: center;'><img src='data:image\/png;base64&comma;iVBORw0KGgoAAAANSUhEUgAAAI8AAABLCAYAAABJGtQxAAAAAXNSR0IArs4c6QAAAARnQU1BAACxjwv8YQUAAAAJcEhZcwAADsMAAA7DAcdvqGQAAA2mSURBVHhe7Z1\/bBPnGce\/rAmtQ2sn9gppsWWbMlOaMh9r2sqsTRxTlEkNq1tKtWmqbLpRYNNEcNF+JEiYFaptnZygtSVdK2G3RZpIuwYl1YaGEyfbelrCFqcso3EpdmSzhhUHJ9DzGge8P+w7zhcnOJfkfEnuI0Uy7\/uGxOfvPe\/z694sSSaTSUhI8OAr3AEJiVyRxCPBG0k8EryRxCPBG0k8EryRxCPBG0k8EryRxCPBmyV8koS+QBRVLpI7LHq0ShkIjQJWYgWsxlIUFxVyl+TEvft9GLh4lTsserRKGdatlOOFTatgNqi409NmRuLRKmXQfbWIOy1aOgNR5rVCVgC3jYCVKM1Ykwu6Oi8Gh+PQKmXcKdHyxdg1XLo6xvxbq5TB94IJOhX\/z29G4tlfY4CzxsCdFjX+8Cga28\/DQ0YAADaTGm4bwV02JbR4kk013CnR81pnCL\/44BNcHP0SBV9ZgnaHCY+uVnKX5cSi83kIjRxuG4He+gooZAXwkBE42wLcZQuWH1bqMPTrTdjxqBbj15OocpHwh0e5y3Ji0YmHhtDI4XNsgEJWgANtAd4XcL7S9L112LvpHly7noT1SA93OicWrXiQFlDjM2UAsKisD83LW9ZCq5RhcDiOY90XuNM3RXTiiVEJ+AJRONsCWb\/cZHhWrYTdpIFWKcOJviHEqAR3esHzynfvBwD88k\/nuFM3RRQOcyhKocV\/EW4yjL5IbsJQyApgJUphNZbyipjY1B7vx+H2IDocppxC2NlymGmxclMGMSrBjIWi1ISIyO7xw27S5PS75sLSH30AABh79XHu1JTk1fL4AlHYPX7o69uxp7k\/q3AqDSpUGlQTwuKR+Dg8ZARPNp2Grs6LRm+Qt+WgPwQfK5Sfaxq9QZQ4TsKdjvpo3GQYunov\/OFRmF0kiINdGZbWTYbhISOocpEIRamM7+XL3YrbkLg2bRuSH\/G4yTDMLhJVLpIJmZHOPey26NHhMOGyqxrJphr4HCb4HCaEXtqIZFMNeusrcNRmxBPGG9ZmcDiOPc390NV7UXu8f9oXlXvnC4GzbQDIIlg3GcFIfBwtfUPoDESZ1zSEWsG8bvFfZF7nA8HEE6MScLYFoKvzYpunLyNhZzOp0ZEWSOMzZTAbVJN+oIRGDrtJg5Zd5bjsqkbD1jLGKo3Ex3G4PQh9fTusR05P+GDEQot\/CCPxcQCAlVjBnZ4SQiOHUS0HADR6z3OnBUUQ8dg9fpQ4TuJAWwCDw3Eg7bPsrzEgeMgCt43gtX8XFxWidqMeoZc24v2d5ahk\/R8n+oZQ5SKhq\/OKTkS0JVHICmBlWdBcsZs0QNri5vO9zbl4Gr3BCVvTUZsRsYZvwVljmOAM8sVKlMLnMCF4yAKbSc2MDw7HYXf7M9bmkxiVYK6HleBXX7Oz3p+bDGfMCcmciycWv+HE0lsTfeewCUUpmF0krEdOc6eyUnu8H2YXOeHO06mK4LYRuOyqZvwi2tqJAbb\/wsfqIG1x6ffW4s9fimHOxcNmqq0pRo2jMxDFib4h2D1TWwq7x4\/D7UF0BqIolmW\/c4uLCkFoUr6BmKCjK61SNqMUA219uA61kAgqnqkgNHI0bE1le6eqN7G3wd0WvSgFMhV0oDAT4YDz\/aFofiyraMQDALUb9Yy\/ciCdTWbjJsPY09wPpCM0urQwH+Hj64gNUYkHANw2gomatnn6GJ\/GHx5F7fGUcIxqORrTVkoif4hOPADQsrOcyWVYj\/SkhNPcj5H4OIxqOXwO07y9c9nphPmOKMVTXFSIll3lUMgKMBIfh\/VID9w2I9O4NV+Fw4YbJdIMjXwJpLdtsSNK8SAdctP9NoPDcViPnEbj1rJ55yDnSoxKgDjYlbU3WqcSZ7uraMUDVtcfAPRFRmH39HGXLAhiVAJmF8kUhkuKCrHbosf7O8vRW1+RNS8mBkQrnkZvEP7wKKxEKY7ajEC65HCzHJDYyWZFnG0BRjg2kxpvbSMQisbR2B6EmwxPu9ArFKIQD92aYXaRqD3eD2dbAHua+2F2fYhQlILdpGFCeA8ZYbLLZhc5o1aMfECXY0KXUoIIRSkcbg8CaWfabFBh86s9OJGuqh9uD4I42DVBQOz3nE2QQpB38dg9fqY1g75YtLNIaBTMxXbbCEZAdHa5MxBlWjFms7tQCOiSCTsZ+uK31zDpCDYj8XHUHv93xpif1fs0W\/XB6TLn4iHSITfSuRo2dGOTUS1H8JAFyaYadDhMTJhea9FnrKczqbstemZ9w9YyjMTHs25n9M8Ta3gcilIZjwBdu55kWjW4sGuESH8vzYK1POywmmt66Wamll3lzN1jNqgYJ5ldswlFKXQGotAqZWh8poxZT2el+yKjE8RJ\/7zJ6l\/5gH0zPffWjQDAWWOY1u\/Jfq8L1vKwi6Hc3EYsnkClQTXhzdPhOLtmQ7\/OVhOiq9PsuzNGJRgnVEzhPft6dAykrofNpIZOVQRCI5\/USrLbMMC6lpOtF4I5Fw\/S5QRkEQ\/ShUKuw5vNYkx1V2b7f9ljU1XzhYbdTkHDDsVbOE1tdNMcew37xsjnexNEPLS16IuMZmxd9N1U29zPCChGJZh8DrtFk9DIoVXKcDgdvtL40k62VinLuJDsbr18XuBsPLK6hHm9tvT2jN+vuKgQvnQPd4fDxDTNsWFv5+\/8PTLBHRAKQcTDNrmN3lRYmhpPheAeMgJdvRdmFwldvRedgShsJvWE5FjLrgehkBVgm6cPxMEuEAe7UOUioZAVoGXXg8w6breemAhFKbz4wSfMv39SfU\/GPE1xUeGkone23ojQPv2cmrR9Za4RRDw6VRFjit1kOGObctsINGwtA6FRIHSJAqFR4KjNmPXwAUIjh39fRUabqc2khn9fRYZf05jOm4CzJYgBNxnB6P9SEdVui37av5\/d42fC\/BXyW4HF0M\/D7nxjf7hIR0z04zU+h2nKC0q3mfr3VcC\/rwJuG5HhcMeoBPNUgVEtn\/TuFQPT7Ueye\/yMRTWq5bi39HbuEkERUDypx3qRfmRkrvZpZ1uAyZVwfYX5ii8Qha7OywgntU2Xc5cJjmDiAQC3PbUVpZJ6s1\/kpJ1npENYsfk706HFP4SnX\/8HdHVeVLlIZqsyqlNbNze9kQ8EFY\/ZoGLC1M5ANMN5nikxKpFxVMh87jR0k2E82XQa7\/V+NuE5N7EIB0KLBwDcNiMUsgIAwJ7mfrT4Z975T7c00NtVygEXT2JwunCfXz9qMyJ0aKPotuE5PSVjyc427lDemOpEi1zfD81MTslwtgWYwu9k3292kRmPY192VWftnqTXVRpU8DlM3Omc4ft+BLc8EjeHm3FnV9DFhODi2b5mOf78XDnz5TTpgaW34AViJd79jhHb1yxPLcwyJlu2NOuY06THm5vvw9M6fgczio1sR82IEcHFQ\/PAWiUee6gU92vlcD26Cr\/ZuR6WB1bgd3sewvY1y\/Fm9ZqMsad1SvzWsjpjzFIqx9ub12K\/rQyVxuVo\/tkG3FMiDmdyNpmrtMZMEVw8bwz8F4OfUyi5YynORa7i2dazWKdV4PTZYSjrvQCA6vV34akKdcbY\/Xcp8P3HV+FU9xBWOn0AgAq9ClvMGpzqHsKON\/8JAHj23ukdWTIfyFcG+WYILh4AGKUSOBe5itXq2\/HTr68EAMSujAFj1wAAiqJClNyxNGOMTfyLG4dRLzTY\/s6yW2\/JmBMbgotn+5rlGKXG8bWDKevxzbWp8kHxHUuBpamLNUIlcPnKWMYYG9mypdyhBQPbOV595zKA014SiqYKobq6VAE5nwgunpXKZdhvK2PCwr+djeLM4AjK1yrRs+thAMDJ3s\/wh65Ixti\/PhvBe74wHnuoFB\/t2QAA6ApGmbHXf\/ANAMDbH+f3qLXpQBzsgt3jh7MtAF+WviaaVL0u1Qivr2\/POCQLeSzDCC4eJxnE3qZenOoewt6mXjjJIBx\/OY8Dnn7Eroxhb1Mv3ghG8eP2c2hoHkDsyhieb+jGu6FhPNt6Fg3NA+g7dxnPN3SjfWh0wtinl+feuVx1Z8opz9aEdjPYZ\/L0RUbhISM40BZAlYtEieNkxh+EKbv7DmYd98BPozp1qkjwkCVvxV9eScIYlUCJ4yRTZ5mMhZokpKvbL29Zi72bsvfjTIUvEGW+QpeoSQ+f2l9jyHjsWKuUwb5BA3u6bXW2EDRJWFxUCKNaPqEzcLFQa1kFAHilI8SdygmzQQVnjYFpQ6G7Bhu2lsFmUqPSoMJuix61Fj2eMJZit0WP3voKhF5KlShmUzgzIsmThlPnk9jRmnzitR7u1LyjY+BSEjtak\/tbB7hTk6Ko\/WMSO1qTrR8NcafmHdqfn0piRyt3+KbwsjxIN3DRx+5zD2FaDLzz3HoAwFNNpyc88rNY4C0ecHqK89VHmy9q1q3AlvV3IXEtiYd\/9Ve0nZk\/Ud5sMSPxcP\/skK7OK+oH82ebd3c8gOr77sTY+HVsfrUHj7z8IY51X5g05F5o8Iq2uISiFOycU93nI7lGW1yOdV\/AzmNncPXL7I8KzxemG23NinhoQlEKbjLCK\/8hBuxZHveZDse6L+D3Pf\/BmQvzzwe6rfAWfHzAzB2eklkVj8TiYkY+j8TiRhKPBG8k8UjwRhKPBG8k8UjwRhKPBG8k8UjwRhKPBG8k8UjwRhKPBG8k8Ujw5v\/AtFKB\/wPddwAAAABJRU5ErkJggg==' alt='' \/><\/p>\n","protected":false},"excerpt":{"rendered":"<p>Pinza De Corte en Diagonal de Alta Palanca de 6&#8243;<\/p>\n","protected":false},"featured_media":23036,"comment_status":"open","ping_status":"closed","template":"","meta":[],"product_brand":[],"product_cat":[130],"product_tag":[132,25,131],"class_list":{"0":"post-23037","1":"product","2":"type-product","3":"status-publish","4":"has-post-thumbnail","6":"product_cat-herramientas-electricas","7":"product_tag-dongcheng","8":"product_tag-herramientas","9":"product_tag-herramientas-electricas","11":"first","12":"outofstock","13":"sale","14":"shipping-taxable","15":"purchasable","16":"product-type-simple"},"_links":{"self":[{"href":"https:\/\/soydeaqui.ddns.net\/pachuca\/index.php\/wp-json\/wp\/v2\/product\/23037","targetHints":{"allow":["GET"]}}],"collection":[{"href":"https:\/\/soydeaqui.ddns.net\/pachuca\/index.php\/wp-json\/wp\/v2\/product"}],"about":[{"href":"https:\/\/soydeaqui.ddns.net\/pachuca\/index.php\/wp-json\/wp\/v2\/types\/product"}],"replies":[{"embeddable":true,"href":"https:\/\/soydeaqui.ddns.net\/pachuca\/index.php\/wp-json\/wp\/v2\/comments?post=23037"}],"wp:featuredmedia":[{"embeddable":true,"href":"https:\/\/soydeaqui.ddns.net\/pachuca\/index.php\/wp-json\/wp\/v2\/media\/23036"}],"wp:attachment":[{"href":"https:\/\/soydeaqui.ddns.net\/pachuca\/index.php\/wp-json\/wp\/v2\/media?parent=23037"}],"wp:term":[{"taxonomy":"product_brand","embeddable":true,"href":"https:\/\/soydeaqui.ddns.net\/pachuca\/index.php\/wp-json\/wp\/v2\/product_brand?post=23037"},{"taxonomy":"product_cat","embeddable":true,"href":"https:\/\/soydeaqui.ddns.net\/pachuca\/index.php\/wp-json\/wp\/v2\/product_cat?post=23037"},{"taxonomy":"product_tag","embeddable":true,"href":"https:\/\/soydeaqui.ddns.net\/pachuca\/index.php\/wp-json\/wp\/v2\/product_tag?post=23037"}],"curies":[{"name":"wp","href":"https:\/\/api.w.org\/{rel}","templated":true}]}}