{"id":22960,"date":"2026-03-18T11:07:14","date_gmt":"2026-03-18T11:07:14","guid":{"rendered":"https:\/\/soydeaqui.ddns.net\/pachuca\/index.php\/producto\/tarjeta-inteligente-uhf-iclass-sio-tecnologia-dual-uhf-y-hf-rango-largo-hasta-5-metros-seguridad-sio-con-encriptacion-compatible-iclass-se-memoria-nvm-100k-ciclos-pet-pvc-composite\/"},"modified":"2026-03-18T11:07:15","modified_gmt":"2026-03-18T11:07:15","slug":"tarjeta-inteligente-uhf-iclass-sio-tecnologia-dual-uhf-y-hf-rango-largo-hasta-5-metros-seguridad-sio-con-encriptacion-compatible-iclass-se-memoria-nvm-100k-ciclos-pet-pvc-composite","status":"publish","type":"product","link":"https:\/\/soydeaqui.ddns.net\/pachuca\/index.php\/producto\/tarjeta-inteligente-uhf-iclass-sio-tecnologia-dual-uhf-y-hf-rango-largo-hasta-5-metros-seguridad-sio-con-encriptacion-compatible-iclass-se-memoria-nvm-100k-ciclos-pet-pvc-composite\/","title":{"rendered":"Tarjeta Inteligente UHF\/iCLASS SIO \/ Tecnolog\u00eda Dual UHF y HF \/ Rango Largo hasta 5 metros \/ Seguridad SIO con Encriptaci\u00f3n \/ Compatible iCLASS SE \/ Memoria NVM 100K Ciclos \/ PET\/PVC Composite"},"content":{"rendered":"<div style='width: 100%; max-width: 1200px; margin: 0 auto; font-family: sans-serif; line-height: 1.6; color: inherit; background-color: transparent;'>\n<div style='margin-bottom: 30px;'>\n<p style='font-size: 17px; line-height: 1.6; margin: 0 0 20px 0; color: inherit; opacity: 0.85;'>La Tarjeta Inteligente UHF\/iCLASS SIO de HID Global es una soluci\u00f3n de credencializaci\u00f3n dual tecnolog\u00eda que extiende los sistemas de control de acceso iCLASS para incluir aplicaciones de estacionamiento de largo alcance y control de puertas. Esta tarjeta compuesta ofrece la m\u00e1xima seguridad disponible en credenciales UHF con protecci\u00f3n de datos mediante password y el modelo Secure Identity Object (SIO) para encriptaci\u00f3n adicional.<\/p>\n<\/p><\/div>\n<div style='margin-bottom: 30px;'>\n<h2 style='font-size: 24px; font-weight: 600; margin: 0 0 20px 0; color: inherit; opacity: 0.9;'>Caracter\u00edsticas Principales<\/h2>\n<div style='display: flex; flex-wrap: wrap; gap: 20px;'>\n<div style='flex: 1 1 100%; min-width: 280px;'>\n<ul style='padding-left: 20px; font-size: 15px; color: inherit; list-style-type: disc;'>\n<li style='margin-bottom: 5px;'>Tecnolog\u00eda Dual UHF\/iCLASS para integraci\u00f3n perfecta en arquitecturas existentes<\/li>\n<li style='margin-bottom: 5px;'>Secure Identity Object (SIO) con capa adicional de encriptaci\u00f3n y autenticaci\u00f3n<\/li>\n<li style='margin-bottom: 5px;'>Rango de lectura UHF de hasta 5 metros dependiendo de condiciones de instalaci\u00f3n<\/li>\n<li style='margin-bottom: 5px;'>Memoria NVM read\/write con retenci\u00f3n de datos de 100&comma;000 ciclos<\/li>\n<li style='margin-bottom: 5px;'>Protecci\u00f3n por password para almacenamiento seguro de datos confidenciales<\/li>\n<li style='margin-bottom: 5px;'>Compatibilidad con lectores iCLASS SE U90 para UHF<\/li>\n<li style='margin-bottom: 5px;'>Construcci\u00f3n compuesta 40% Polyester \/ 60% PVC de alta durabilidad<\/li>\n<li style='margin-bottom: 5px;'>Opciones de personalizaci\u00f3n gr\u00e1fica con arte personalizado&comma; fotograf\u00eda y caracter\u00edsticas anti-falsificaci\u00f3n<\/li>\n<\/ul><\/div>\n<\/p><\/div>\n<\/p><\/div>\n<div style='margin-bottom: 30px;'>\n<h2 style='font-size: 24px; font-weight: 600; margin: 0 0 20px 0; color: inherit; opacity: 0.9;'>Detalles T\u00e9cnicos<\/h2>\n<div style='display: flex; flex-wrap: wrap; gap: 20px;'>\n<div style='flex: 1 1 45%; min-width: 280px;'>\n<div style='border: 1px solid rgba(150&comma; 150&comma; 150&comma; 0.4); border-radius: 8px; overflow: hidden; display: flex; flex-direction: column;'>\n<div style='padding: 15px; border-bottom: 1px solid rgba(150&comma; 150&comma; 150&comma; 0.2); font-weight: bold; font-size: 18px; color: inherit;'>Especificaciones<\/div>\n<div style='padding: 15px; color: inherit;'>\n<ul style='padding-left: 20px; margin: 0; font-size: 14px; list-style-type: disc;'>\n<li style='margin-bottom: 5px;'><strong>Dimensiones:<\/strong> 2.127&#8242; x 3.375&#8242; x 0.033&#8242; max (5.40 x 8.57 x 0.084 cm)<\/li>\n<li style='margin-bottom: 5px;'><strong>Peso:<\/strong> 0.20 oz (5.7 g)<\/li>\n<li style='margin-bottom: 5px;'><strong>Temperatura de operaci\u00f3n:<\/strong> -40\u00b0 to 158\u00b0 F (-40\u00b0 to 70\u00b0 C)<\/li>\n<li style='margin-bottom: 5px;'><strong>Humedad de operaci\u00f3n:<\/strong> 5 &#8211; 95% no condensante<\/li>\n<li style='margin-bottom: 5px;'><strong>Frecuencia UHF:<\/strong> 860 &#8211; 960 MHz<\/li>\n<li style='margin-bottom: 5px;'><strong>Memoria tipo:<\/strong> NVM read\/write<\/li>\n<li style='margin-bottom: 5px;'><strong>Retenci\u00f3n de datos:<\/strong> 100&comma;000 ciclos<\/li>\n<li style='margin-bottom: 5px;'><strong>Marcado de tarjeta:<\/strong> Grabado l\u00e1ser<\/li>\n<\/ul><\/div>\n<\/p><\/div>\n<\/p><\/div>\n<div style='flex: 1 1 45%; min-width: 280px;'>\n<div style='border: 1px solid rgba(150&comma; 150&comma; 150&comma; 0.4); border-radius: 8px; overflow: hidden; display: flex; flex-direction: column;'>\n<div style='padding: 15px; border-bottom: 1px solid rgba(150&comma; 150&comma; 150&comma; 0.2); font-weight: bold; font-size: 18px; color: inherit;'>Interfaces y Conectividad<\/div>\n<div style='padding: 15px; color: inherit;'>\n<ul style='padding-left: 20px; margin: 0; font-size: 14px; list-style-type: disc;'>\n<li style='margin-bottom: 5px;'><strong>Interfaz RF UHF:<\/strong> ISO18000-6C y EPC Class-1 Gen-2<\/li>\n<li style='margin-bottom: 5px;'><strong>Interfaz RF HF:<\/strong> ISO15693<\/li>\n<li style='margin-bottom: 5px;'><strong>Baud rate UHF:<\/strong> Reader to card 26.7Kbit\/s ->128Kbit\/s&comma; Card to reader 40Kbits\/s -> 640Kbit\/s<\/li>\n<li style='margin-bottom: 5px;'><strong>Baud rate HF:<\/strong> ISO15693 mode 26 Kbit\/s<\/li>\n<li style='margin-bottom: 5px;'><strong>Rango t\u00edpico lectura UHF:<\/strong> Hasta 5 metros<\/li>\n<li style='margin-bottom: 5px;'><strong>Rango t\u00edpico lectura HF:<\/strong> Hasta 10 cent\u00edmetros<\/li>\n<li style='margin-bottom: 5px;'><strong>Compatibilidad:<\/strong> iCLASS SE U90 Reader (UHF) y lectores iCLASS SE para iCLASS<\/li>\n<\/ul><\/div>\n<\/p><\/div>\n<\/p><\/div>\n<\/p><\/div>\n<\/p><\/div>\n<div style='margin-bottom: 30px;'>\n<h2 style='font-size: 24px; font-weight: 600; margin: 0 0 20px 0; color: inherit; opacity: 0.9;'>Aplicaciones y Casos de Uso<\/h2>\n<div style='display: flex; flex-wrap: wrap; gap: 20px;'>\n<div style='flex: 1 1 30%; min-width: 280px;'>\n<div style='border: 1px solid rgba(150&comma; 150&comma; 150&comma; 0.4); border-radius: 8px; overflow: hidden; display: flex; flex-direction: column; height: 100%;'>\n<div style='padding: 15px; border-bottom: 1px solid rgba(150&comma; 150&comma; 150&comma; 0.2); font-weight: bold; font-size: 16px; color: inherit;'>Control de Acceso Corporativo<\/div>\n<div style='padding: 15px; color: inherit;'>\n<p style='margin: 0; font-size: 14px; color: inherit;'>Integraci\u00f3n perfecta con sistemas iCLASS existentes para control de puertas y \u00e1reas restringidas<\/p>\n<\/p><\/div>\n<\/p><\/div>\n<\/p><\/div>\n<div style='flex: 1 1 30%; min-width: 280px;'>\n<div style='border: 1px solid rgba(150&comma; 150&comma; 150&comma; 0.4); border-radius: 8px; overflow: hidden; display: flex; flex-direction: column; height: 100%;'>\n<div style='padding: 15px; border-bottom: 1px solid rgba(150&comma; 150&comma; 150&comma; 0.2); font-weight: bold; font-size: 16px; color: inherit;'>Estacionamiento de Largo Alcance<\/div>\n<div style='padding: 15px; color: inherit;'>\n<p style='margin: 0; font-size: 14px; color: inherit;'>Soluci\u00f3n ideal para control de parqueaderos con lectura a distancia de hasta 5 metros<\/p>\n<\/p><\/div>\n<\/p><\/div>\n<\/p><\/div>\n<div style='flex: 1 1 30%; min-width: 280px;'>\n<div style='border: 1px solid rgba(150&comma; 150&comma; 150&comma; 0.4); border-radius: 8px; overflow: hidden; display: flex; flex-direction: column; height: 100%;'>\n<div style='padding: 15px; border-bottom: 1px solid rgba(150&comma; 150&comma; 150&comma; 0.2); font-weight: bold; font-size: 16px; color: inherit;'>Control de Puertas y Portones<\/div>\n<div style='padding: 15px; color: inherit;'>\n<p style='margin: 0; font-size: 14px; color: inherit;'>Gesti\u00f3n unificada de acceso vehicular y peatonal con una sola credencial<\/p>\n<\/p><\/div>\n<\/p><\/div>\n<\/p><\/div>\n<\/p><\/div>\n<\/p><\/div>\n<\/p><\/div>\n","protected":false},"excerpt":{"rendered":"<p>Tarjeta Inteligente UHF\/iCLASS SIO \/ Tecnolog\u00eda Dual UHF y HF \/ Rango Largo hasta 5 metros \/ Seguridad SIO con Encriptaci\u00f3n \/ Compatible iCLASS SE \/ Memoria NVM 100K Ciclos \/ PET\/PVC Composite<\/p>\n","protected":false},"featured_media":22959,"comment_status":"open","ping_status":"closed","template":"","meta":[],"product_brand":[],"product_cat":[469],"product_tag":[93,814,470],"class_list":{"0":"post-22960","1":"product","2":"type-product","3":"status-publish","4":"has-post-thumbnail","6":"product_cat-tarjetas-y-tags","7":"product_tag-accesorios","8":"product_tag-hid","9":"product_tag-tarjetas-y-tags","11":"first","12":"outofstock","13":"sale","14":"shipping-taxable","15":"purchasable","16":"product-type-simple"},"_links":{"self":[{"href":"https:\/\/soydeaqui.ddns.net\/pachuca\/index.php\/wp-json\/wp\/v2\/product\/22960","targetHints":{"allow":["GET"]}}],"collection":[{"href":"https:\/\/soydeaqui.ddns.net\/pachuca\/index.php\/wp-json\/wp\/v2\/product"}],"about":[{"href":"https:\/\/soydeaqui.ddns.net\/pachuca\/index.php\/wp-json\/wp\/v2\/types\/product"}],"replies":[{"embeddable":true,"href":"https:\/\/soydeaqui.ddns.net\/pachuca\/index.php\/wp-json\/wp\/v2\/comments?post=22960"}],"wp:featuredmedia":[{"embeddable":true,"href":"https:\/\/soydeaqui.ddns.net\/pachuca\/index.php\/wp-json\/wp\/v2\/media\/22959"}],"wp:attachment":[{"href":"https:\/\/soydeaqui.ddns.net\/pachuca\/index.php\/wp-json\/wp\/v2\/media?parent=22960"}],"wp:term":[{"taxonomy":"product_brand","embeddable":true,"href":"https:\/\/soydeaqui.ddns.net\/pachuca\/index.php\/wp-json\/wp\/v2\/product_brand?post=22960"},{"taxonomy":"product_cat","embeddable":true,"href":"https:\/\/soydeaqui.ddns.net\/pachuca\/index.php\/wp-json\/wp\/v2\/product_cat?post=22960"},{"taxonomy":"product_tag","embeddable":true,"href":"https:\/\/soydeaqui.ddns.net\/pachuca\/index.php\/wp-json\/wp\/v2\/product_tag?post=22960"}],"curies":[{"name":"wp","href":"https:\/\/api.w.org\/{rel}","templated":true}]}}