{"id":2296,"date":"2026-03-18T05:55:38","date_gmt":"2026-03-18T05:55:38","guid":{"rendered":"https:\/\/soydeaqui.ddns.net\/pachuca\/index.php\/producto\/detector-de-movimiento-inalambrico-con-inmunidad-de-mascotas-de-38-kg-dsc-433-mhz\/"},"modified":"2026-03-18T05:55:43","modified_gmt":"2026-03-18T05:55:43","slug":"detector-de-movimiento-inalambrico-con-inmunidad-de-mascotas-de-38-kg-dsc-433-mhz","status":"publish","type":"product","link":"https:\/\/soydeaqui.ddns.net\/pachuca\/index.php\/producto\/detector-de-movimiento-inalambrico-con-inmunidad-de-mascotas-de-38-kg-dsc-433-mhz\/","title":{"rendered":"Detector de movimiento inal\u00e1mbrico con inmunidad de mascotas de 38 kg \/ DSC 433 Mhz"},"content":{"rendered":"<div style='width: 100%; max-width: 1200px; margin: 0 auto; font-family: sans-serif; line-height: 1.6; color: inherit; background-color: transparent;'>\n<p style='text-align: center;'><img style='width: 100%; max-width: 250px; height: auto; border: 1px solid rgba(150&comma;150&comma;150&comma;0.3); border-radius: 8px;' src='https:\/\/ftp3.syscom.mx\/usuarios\/vvega\/sfire\/SFIRE_LOGO.png' alt=''><\/p>\n<div style='margin-top: 30px;'>\n<p><span style='font-size: 16px; line-height: 1.6; color: inherit;'>Sensor de movimiento con inmunidad a mascotas de hasta 38 Kgs y una inmunidad a la luz de hasta 2000 lux para una mayor protecci\u00f3n contra falsas alarmas. El sensor cubrir\u00e1 un \u00e1rea de hasta 12 mts con un \u00e1ngulo de 90 grados.<\/span><\/p>\n<p><span style='font-size: 16px; line-height: 1.6; color: inherit;'>Este modelo es compatible con los receptores DSC de 433 MHz y funciona perfectamente con el sistema.<\/span><\/p>\n<\/p><\/div>\n<div style='display: flex; flex-wrap: wrap; gap: 30px; margin-top: 40px;'>\n<div style='flex: 1 1 300px; min-width: 280px;'>\n<h3 style='font-size: 20px; border-bottom: 2px solid currentColor; padding-bottom: 5px; margin-top: 0; color: inherit; opacity: 0.8;'>Caracter\u00edsticas principales<\/h3>\n<ul style='padding-left: 20px; font-size: 15px; color: inherit;'>\n<li style='margin-bottom: 8px;'>Compatible con Paneles <strong>DSC Power Series<\/strong><\/li>\n<li style='margin-bottom: 8px;'>Inmunidad de mascotas de hasta 38KG<\/li>\n<li style='margin-bottom: 8px;'>Ajuste de Sensibilidad: Normal y Alta<\/li>\n<li style='margin-bottom: 8px;'>Angulo de detecci\u00f3n: 90\u00b0<\/li>\n<li style='margin-bottom: 8px;'>Distancia de detecci\u00f3n: 12 mts<\/li>\n<\/ul><\/div>\n<div style='flex: 1 1 300px; min-width: 280px;'>\n<h3 style='font-size: 20px; border-bottom: 2px solid currentColor; padding-bottom: 5px; margin-top: 0; color: inherit; opacity: 0.8;'>Caracter\u00edsticas F\u00edsicas y El\u00e9ctricas<\/h3>\n<ul style='padding-left: 20px; font-size: 15px; color: inherit;'>\n<li style='margin-bottom: 8px;'>Frecuencia 433Mhz<\/li>\n<li style='margin-bottom: 8px;'>Bateria 3Vcc Litio Modelo CR-123A<\/li>\n<li style='margin-bottom: 8px;'>Duraci\u00f3n Aproximada de Bateria de 5 a\u00f1os<\/li>\n<li style='margin-bottom: 8px;'>Temperatura Operaci\u00f3n de 0\u00b0 a 49\u00b0 C<\/li>\n<li style='margin-bottom: 8px;'>Dimensiones: 9.2 x 6.6 x 3.81 cms<\/li>\n<\/ul><\/div>\n<div style='flex: 1 1 300px; min-width: 280px;'>\n<h3 style='font-size: 20px; border-bottom: 2px solid currentColor; padding-bottom: 5px; margin-top: 0; color: inherit; opacity: 0.8;'>Contenido<\/h3>\n<ul style='padding-left: 20px; font-size: 15px; color: inherit;'>\n<li style='margin-bottom: 8px;'>Sensor de movimiento<\/li>\n<li style='margin-bottom: 8px;'>Bateria 3Vcc Litio Modelo CR-123A<\/li>\n<\/ul><\/div>\n<\/p><\/div>\n<\/p><\/div>\n","protected":false},"excerpt":{"rendered":"<p>Detector de movimiento inal\u00e1mbrico con inmunidad de mascotas de 38 kg \/ DSC 433 Mhz<\/p>\n","protected":false},"featured_media":2295,"comment_status":"open","ping_status":"closed","template":"","meta":[],"product_brand":[],"product_cat":[18],"product_tag":[19,20,79],"class_list":{"0":"post-2296","1":"product","2":"type-product","3":"status-publish","4":"has-post-thumbnail","6":"product_cat-movimiento-para-interior","7":"product_tag-detectores-sensores","8":"product_tag-movimiento-para-interior","9":"product_tag-sfire","11":"first","12":"instock","13":"sale","14":"shipping-taxable","15":"purchasable","16":"product-type-simple"},"_links":{"self":[{"href":"https:\/\/soydeaqui.ddns.net\/pachuca\/index.php\/wp-json\/wp\/v2\/product\/2296","targetHints":{"allow":["GET"]}}],"collection":[{"href":"https:\/\/soydeaqui.ddns.net\/pachuca\/index.php\/wp-json\/wp\/v2\/product"}],"about":[{"href":"https:\/\/soydeaqui.ddns.net\/pachuca\/index.php\/wp-json\/wp\/v2\/types\/product"}],"replies":[{"embeddable":true,"href":"https:\/\/soydeaqui.ddns.net\/pachuca\/index.php\/wp-json\/wp\/v2\/comments?post=2296"}],"wp:featuredmedia":[{"embeddable":true,"href":"https:\/\/soydeaqui.ddns.net\/pachuca\/index.php\/wp-json\/wp\/v2\/media\/2295"}],"wp:attachment":[{"href":"https:\/\/soydeaqui.ddns.net\/pachuca\/index.php\/wp-json\/wp\/v2\/media?parent=2296"}],"wp:term":[{"taxonomy":"product_brand","embeddable":true,"href":"https:\/\/soydeaqui.ddns.net\/pachuca\/index.php\/wp-json\/wp\/v2\/product_brand?post=2296"},{"taxonomy":"product_cat","embeddable":true,"href":"https:\/\/soydeaqui.ddns.net\/pachuca\/index.php\/wp-json\/wp\/v2\/product_cat?post=2296"},{"taxonomy":"product_tag","embeddable":true,"href":"https:\/\/soydeaqui.ddns.net\/pachuca\/index.php\/wp-json\/wp\/v2\/product_tag?post=2296"}],"curies":[{"name":"wp","href":"https:\/\/api.w.org\/{rel}","templated":true}]}}