{"id":22946,"date":"2026-03-18T11:06:59","date_gmt":"2026-03-18T11:06:59","guid":{"rendered":"https:\/\/soydeaqui.ddns.net\/pachuca\/index.php\/producto\/biostar-x-edicion-enterprice-administracion-de-acceso-y-asistencia-licencia-para-500-puertas-100-000-usuarios-40-operadores-uso-con-lectores-suprema\/"},"modified":"2026-03-18T11:06:59","modified_gmt":"2026-03-18T11:06:59","slug":"biostar-x-edicion-enterprice-administracion-de-acceso-y-asistencia-licencia-para-500-puertas-100-000-usuarios-40-operadores-uso-con-lectores-suprema","status":"publish","type":"product","link":"https:\/\/soydeaqui.ddns.net\/pachuca\/index.php\/producto\/biostar-x-edicion-enterprice-administracion-de-acceso-y-asistencia-licencia-para-500-puertas-100-000-usuarios-40-operadores-uso-con-lectores-suprema\/","title":{"rendered":"BioStar X edici\u00f3n Enterprice, Administraci\u00f3n de Acceso y asistencia, Licencia para 500 puertas\/100 000 usuarios\/40 operadores, uso con lectores SUPREMA"},"content":{"rendered":"<div style='width: 100%; max-width: 1200px; margin: 0 auto; font-family: sans-serif; line-height: 1.6; color: inherit; background-color: transparent;'>\n<div style='margin-bottom: 30px;'>\n<h1 style='font-size: 48px; margin: 0 0 20px 0; color: inherit;'> <span style='background: linear-gradient(70deg&comma; #00a0e9 0%&comma; #8f71f5 50%&comma; #e62e8b 100%); -webkit-text-fill-color: transparent; background-clip: text; background-repeat: repeat; background-size: auto;'> BIOSTAR X <\/span> <\/h1>\n<h2 style='font-size: 24px; margin: 0 0 30px 0; color: #e62e8b;'> M\u00e1xima Seguridad&comma; sin Complicaciones <\/h2>\n<p style='margin: 0 0 30px 0; color: inherit; font-size: 16px; line-height: 1.5;'> BioStar X es la plataforma de seguridad unificada de Suprema&comma; que cuenta con el mejor acceso biom\u00e9trico de su clase&comma; monitoreo integrado y una infraestructura empresarial dise\u00f1ada para la escalabilidad&comma; garantizar el tiempo de actividad y el cumplimiento. <\/p>\n<\/p><\/div>\n<div style='display: flex; flex-wrap: wrap; gap: 30px; margin-bottom: 30px;'>\n<div style='flex: 1 1 300px; min-width: 280px;'>\n<h3 style='font-size: 22px; border-bottom: 2px solid currentColor; padding-bottom: 5px; margin-top: 0; color: inherit; opacity: 0.8;'> Caracter\u00edsticas Principales <\/h3>\n<ul style='padding-left: 20px; font-size: 15px; color: inherit;'>\n<li style='margin-bottom: 5px;'><strong>Control de acceso:<\/strong> Centralizado y escalable<\/li>\n<li style='margin-bottom: 5px;'><strong>Capacidad:<\/strong> Hasta 500 puertas<\/li>\n<li style='margin-bottom: 5px;'><strong>Usuarios:<\/strong> Hasta 100&comma;000<\/li>\n<li style='margin-bottom: 5px;'><strong>Operadores:<\/strong> Hasta 40<\/li>\n<li style='margin-bottom: 5px;'><strong>Integraci\u00f3n:<\/strong> Con lectores Suprema<\/li>\n<\/ul><\/div>\n<div style='flex: 1 1 300px; min-width: 280px;'>\n<h3 style='font-size: 22px; border-bottom: 2px solid currentColor; padding-bottom: 5px; margin-top: 0; color: inherit; opacity: 0.8;'> Funcionalidades <\/h3>\n<ul style='padding-left: 20px; font-size: 15px; color: inherit;'>\n<li style='margin-bottom: 5px;'><strong>Control total:<\/strong> Acceso por horarios&comma; zonas y niveles<\/li>\n<li style='margin-bottom: 5px;'><strong>Zonas inteligentes:<\/strong> Anti-retornos&comma; enclavamiento y m\u00e1s<\/li>\n<li style='margin-bottom: 5px;'><strong>Gesti\u00f3n de emergencias:<\/strong> Bloqueo con un clic&comma; alarmas<\/li>\n<li style='margin-bottom: 5px;'><strong>Seguridad:<\/strong> Cifrado AES-256&comma; permisos basados en roles<\/li>\n<\/ul><\/div>\n<\/p><\/div>\n<div style='margin-bottom: 30px;'>\n<h3 style='font-size: 22px; border-bottom: 2px solid currentColor; padding-bottom: 5px; margin-top: 0; color: inherit; opacity: 0.8;'> Descripci\u00f3n detallada <\/h3>\n<p style='margin: 15px 0; color: inherit; font-size: 15px; line-height: 1.6;'> BioStar X ofrece control total sobre el acceso f\u00edsico a instalaciones&comma; permitiendo gesti\u00f3n precisa de usuarios&comma; horarios y zonas. Con su arquitectura empresarial&comma; garantiza escalabilidad y cumplimiento normativo&comma; ideal para entornos corporativos complejos. <\/p>\n<p style='margin: 15px 0; color: inherit; font-size: 15px; line-height: 1.6;'> La plataforma soporta m\u00faltiples niveles de seguridad&comma; desde grupos de acceso hasta control de ocupaci\u00f3n y puntos de encuentro en emergencias. Su motor de reglas permite automatizaci\u00f3n de respuestas a eventos de seguridad&comma; con integraci\u00f3n nativa para sistemas de alarma y protocolos de evacuaci\u00f3n. <\/p>\n<\/p><\/div>\n<div style='display: flex; flex-wrap: wrap; gap: 20px; margin-bottom: 30px;'>\n<div style='flex: 1 1 250px; border: 1px solid rgba(150&comma; 150&comma; 150&comma; 0.4); border-radius: 8px; overflow: hidden;'>\n<div style='padding: 15px; border-bottom: 1px solid rgba(150&comma; 150&comma; 150&comma; 0.2); font-weight: bold; font-size: 18px; color: inherit;'> Capacidad <\/div>\n<div style='padding: 15px; color: inherit;'>\n<ul style='padding-left: 20px; margin: 0; font-size: 14px; list-style-type: disc;'>\n<li style='margin-bottom: 5px;'><strong>M\u00e1x. puertas:<\/strong> 500<\/li>\n<li style='margin-bottom: 5px;'><strong>M\u00e1x. usuarios:<\/strong> 100&comma;000<\/li>\n<li style='margin-bottom: 5px;'><strong>M\u00e1x. operadores:<\/strong> 40<\/li>\n<\/ul><\/div>\n<\/p><\/div>\n<div style='flex: 1 1 250px; border: 1px solid rgba(150&comma; 150&comma; 150&comma; 0.4); border-radius: 8px; overflow: hidden;'>\n<div style='padding: 15px; border-bottom: 1px solid rgba(150&comma; 150&comma; 150&comma; 0.2); font-weight: bold; font-size: 18px; color: inherit;'> Caracter\u00edsticas de Seguridad <\/div>\n<div style='padding: 15px; color: inherit;'>\n<ul style='padding-left: 20px; margin: 0; font-size: 14px; list-style-type: disc;'>\n<li style='margin-bottom: 5px;'>Cifrado AES-256<\/li>\n<li style='margin-bottom: 5px;'>Permisos basados en roles<\/li>\n<li style='margin-bottom: 5px;'>M\u00e1s de 50 disparadores de eventos de seguridad<\/li>\n<\/ul><\/div>\n<\/p><\/div>\n<div style='flex: 1 1 250px; border: 1px solid rgba(150&comma; 150&comma; 150&comma; 0.4); border-radius: 8px; overflow: hidden;'>\n<div style='padding: 15px; border-bottom: 1px solid rgba(150&comma; 150&comma; 150&comma; 0.2); font-weight: bold; font-size: 18px; color: inherit;'> Control de Acceso <\/div>\n<div style='padding: 15px; color: inherit;'>\n<ul style='padding-left: 20px; margin: 0; font-size: 14px; list-style-type: disc;'>\n<li style='margin-bottom: 5px;'>Grupos de acceso y niveles<\/li>\n<li style='margin-bottom: 5px;'>Control de niveles de planta<\/li>\n<li style='margin-bottom: 5px;'>Horarios y vacaciones<\/li>\n<li style='margin-bottom: 5px;'>Plantillas de acceso<\/li>\n<\/ul><\/div>\n<\/p><\/div>\n<\/p><\/div>\n<div style='margin-bottom: 30px;'>\n<h3 style='font-size: 22px; border-bottom: 2px solid currentColor; padding-bottom: 5px; margin-top: 0; color: inherit; opacity: 0.8;'> Aplicaciones Comunes <\/h3>\n<p style='margin: 15px 0; color: inherit; font-size: 15px; line-height: 1.6;'> Ideal para entornos empresariales que requieren control de acceso centralizado con alta capacidad y cumplimiento normativo. Sector bancario&comma; centros de datos&comma; campus corporativos y edificios inteligentes son algunos de los escenarios t\u00edpicos de implementaci\u00f3n. <\/p>\n<\/p><\/div>\n<div style='margin-bottom: 30px;'>\n<h3 style='font-size: 22px; border-bottom: 2px solid currentColor; padding-bottom: 5px; margin-top: 0; color: inherit; opacity: 0.8;'> Requisitos del Sistema <\/h3>\n<ul style='padding-left: 20px; margin: 15px 0; font-size: 15px; color: inherit;'>\n<li style='margin-bottom: 5px;'><strong>Sistema operativo:<\/strong> Windows Server 2016 o posterior<\/li>\n<li style='margin-bottom: 5px;'><strong>Procesador:<\/strong> Intel i5 o mejor<\/li>\n<li style='margin-bottom: 5px;'><strong>Memoria RAM:<\/strong> 8GB m\u00ednimo<\/li>\n<li style='margin-bottom: 5px;'><strong>Espacio en disco:<\/strong> 1TB SSD<\/li>\n<li style='margin-bottom: 5px;'><strong>Conexi\u00f3n:<\/strong> Red 10\/100\/1000 Mbps<\/li>\n<\/ul><\/div>\n<div style='margin-bottom: 30px;'>\n<h3 style='font-size: 22px; border-bottom: 2px solid currentColor; padding-bottom: 5px; margin-top: 0; color: inherit; opacity: 0.8;'> Recursos y Documentaci\u00f3n <\/h3>\n<ul style='padding-left: 20px; margin: 15px 0; font-size: 15px; color: inherit;'>\n<li style='margin-bottom: 5px;'><a href='#' style='color: #00a0e9; text-decoration: none;'>Manual de usuario<\/a><\/li>\n<li style='margin-bottom: 5px;'><a href='#' style='color: #00a0e9; text-decoration: none;'>Gu\u00eda de instalaci\u00f3n<\/a><\/li>\n<li style='margin-bottom: 5px;'><a href='#' style='color: #00a0e9; text-decoration: none;'>Ficha t\u00e9cnica<\/a><\/li>\n<\/ul><\/div>\n<div style='margin-bottom: 30px;'>\n<h3 style='font-size: 22px; border-bottom: 2px solid currentColor; padding-bottom: 5px; margin-top: 0; color: inherit; opacity: 0.8;'> Im\u00e1genes y Diagramas <\/h3>\n<div style='margin-top: 20px;'> <img style='width: 100%; height: auto; border: 1px solid rgba(150&comma;150&comma;150&comma;0.3); border-radius: 8px;' src='https:\/\/supremainc.com\/en\/asset\/images\/01_product\/biostarx_sec2_1.webp' alt='BioStar X Estructura de acceso central a escala'> <\/div>\n<\/p><\/div>\n<div style='margin-bottom: 30px;'>\n<h3 style='font-size: 22px; border-bottom: 2px solid currentColor; padding-bottom: 5px; margin-top: 0; color: inherit; opacity: 0.8;'> Comparaci\u00f3n de Planes <\/h3>\n<div style='margin-top: 20px; overflow-x: auto;'>\n<table style='width: 100%; border-collapse: collapse; color: inherit; font-size: 14px;'>\n<thead>\n<tr style='background-color: #f5f5f7;'>\n<th style='padding: 12px; border: 1px solid rgba(150&comma;150&comma;150&comma;0.3); text-align: left; font-weight: bold; min-width: 150px;'>Caracter\u00edstica<\/th>\n<th style='padding: 12px; border: 1px solid rgba(150&comma;150&comma;150&comma;0.3); text-align: center; font-weight: bold; min-width: 100px;'>BIOSTARXSTR<\/th>\n<th style='padding: 12px; border: 1px solid rgba(150&comma;150&comma;150&comma;0.3); text-align: center; font-weight: bold; min-width: 100px;'>BIOSTARXESS<\/th>\n<th style='padding: 12px; border: 1px solid rgba(150&comma;150&comma;150&comma;0.3); text-align: center; font-weight: bold; min-width: 100px;'>BIOSTARXADV<\/th>\n<th style='padding: 12px; border: 1px solid rgba(150&comma;150&comma;150&comma;0.3); text-align: center; font-weight: bold; min-width: 100px; background-color: #e8e8ed;'>BIOSTARXENT<\/th>\n<\/tr>\n<\/thead>\n<tbody>\n<tr>\n<td style='padding: 12px; border: 1px solid rgba(150&comma;150&comma;150&comma;0.3);'>M\u00e1x. puertas<\/td>\n<td style='padding: 12px; border: 1px solid rgba(150&comma;150&comma;150&comma;0.3); text-align: center;'>5<\/td>\n<td style='padding: 12px; border: 1px solid rgba(150&comma;150&comma;150&comma;0.3); text-align: center;'>32<\/td>\n<td style='padding: 12px; border: 1px solid rgba(150&comma;150&comma;150&comma;0.3); text-align: center;'>128<\/td>\n<td style='padding: 12px; border: 1px solid rgba(150&comma;150&comma;150&comma;0.3); text-align: center; background-color: #e8e8ed;'>500<\/td>\n<\/tr>\n<tr>\n<td style='padding: 12px; border: 1px solid rgba(150&comma;150&comma;150&comma;0.3);'>M\u00e1x. usuarios<\/td>\n<td style='padding: 12px; border: 1px solid rgba(150&comma;150&comma;150&comma;0.3); text-align: center;'>100<\/td>\n<td style='padding: 12px; border: 1px solid rgba(150&comma;150&comma;150&comma;0.3); text-align: center;'>1&comma;000<\/td>\n<td style='padding: 12px; border: 1px solid rgba(150&comma;150&comma;150&comma;0.3); text-align: center;'>50&comma;000<\/td>\n<td style='padding: 12px; border: 1px solid rgba(150&comma;150&comma;150&comma;0.3); text-align: center; background-color: #e8e8ed;'>100&comma;000<\/td>\n<\/tr>\n<tr>\n<td style='padding: 12px; border: 1px solid rgba(150&comma;150&comma;150&comma;0.3);'>M\u00e1x. operadores<\/td>\n<td style='padding: 12px; border: 1px solid rgba(150&comma;150&comma;150&comma;0.3); text-align: center;'>1<\/td>\n<td style='padding: 12px; border: 1px solid rgba(150&comma;150&comma;150&comma;0.3); text-align: center;'>10<\/td>\n<td style='padding: 12px; border: 1px solid rgba(150&comma;150&comma;150&comma;0.3); text-align: center;'>20<\/td>\n<td style='padding: 12px; border: 1px solid rgba(150&comma;150&comma;150&comma;0.3); text-align: center; background-color: #e8e8ed;'>40<\/td>\n<\/tr>\n<tr>\n<td style='padding: 12px; border: 1px solid rgba(150&comma;150&comma;150&comma;0.3);'>Actualizaciones<\/td>\n<td style='padding: 12px; border: 1px solid rgba(150&comma;150&comma;150&comma;0.3); text-align: center;'><span style='color: #00bb5d; font-family: 'Material Icons';'>check<\/span><\/td>\n<td style='padding: 12px; border: 1px solid rgba(150&comma;150&comma;150&comma;0.3); text-align: center;'><span style='color: #00bb5d; font-family: 'Material Icons';'>check<\/span><\/td>\n<td style='padding: 12px; border: 1px solid rgba(150&comma;150&comma;150&comma;0.3); text-align: center;'><span style='color: #00bb5d; font-family: 'Material Icons';'>check<\/span><\/td>\n<td style='padding: 12px; border: 1px solid rgba(150&comma;150&comma;150&comma;0.3); text-align: center; background-color: #e8e8ed;'><span style='color: #00bb5d; font-family: 'Material Icons';'>check<\/span><\/td>\n<\/tr>\n<tr>\n<td style='padding: 12px; border: 1px solid rgba(150&comma;150&comma;150&comma;0.3);'>Mapas<\/td>\n<td style='padding: 12px; border: 1px solid rgba(150&comma;150&comma;150&comma;0.3); text-align: center;'><\/td>\n<td style='padding: 12px; border: 1px solid rgba(150&comma;150&comma;150&comma;0.3); text-align: center;'><\/td>\n<td style='padding: 12px; border: 1px solid rgba(150&comma;150&comma;150&comma;0.3); text-align: center;'><span style='color: #00bb5d; font-family: 'Material Icons';'>check<\/span><\/td>\n<td style='padding: 12px; border: 1px solid rgba(150&comma;150&comma;150&comma;0.3); text-align: center; background-color: #e8e8ed;'><span style='color: #00bb5d; font-family: 'Material Icons';'>check<\/span><\/td>\n<\/tr>\n<\/tbody>\n<\/table><\/div>\n<\/p><\/div>\n<hr style='border: 0; border-top: 1px solid rgba(150&comma; 150&comma; 150&comma; 0.3); margin: 30px 0;'> <\/div>\n","protected":false},"excerpt":{"rendered":"<p>BioStar X edici\u00f3n Enterprice, Administraci\u00f3n de Acceso y asistencia, Licencia para 500 puertas\/100 000 usuarios\/40 operadores, uso con lectores SUPREMA<\/p>\n","protected":false},"featured_media":22945,"comment_status":"open","ping_status":"closed","template":"","meta":[],"product_brand":[],"product_cat":[743],"product_tag":[744,745,798],"class_list":{"0":"post-22946","1":"product","2":"type-product","3":"status-publish","4":"has-post-thumbnail","6":"product_cat-para-tiempo-y-asistencia-checadores","7":"product_tag-biometricos","8":"product_tag-para-tiempo-y-asistencia-checadores","9":"product_tag-suprema","11":"first","12":"outofstock","13":"sale","14":"shipping-taxable","15":"purchasable","16":"product-type-simple"},"_links":{"self":[{"href":"https:\/\/soydeaqui.ddns.net\/pachuca\/index.php\/wp-json\/wp\/v2\/product\/22946","targetHints":{"allow":["GET"]}}],"collection":[{"href":"https:\/\/soydeaqui.ddns.net\/pachuca\/index.php\/wp-json\/wp\/v2\/product"}],"about":[{"href":"https:\/\/soydeaqui.ddns.net\/pachuca\/index.php\/wp-json\/wp\/v2\/types\/product"}],"replies":[{"embeddable":true,"href":"https:\/\/soydeaqui.ddns.net\/pachuca\/index.php\/wp-json\/wp\/v2\/comments?post=22946"}],"wp:featuredmedia":[{"embeddable":true,"href":"https:\/\/soydeaqui.ddns.net\/pachuca\/index.php\/wp-json\/wp\/v2\/media\/22945"}],"wp:attachment":[{"href":"https:\/\/soydeaqui.ddns.net\/pachuca\/index.php\/wp-json\/wp\/v2\/media?parent=22946"}],"wp:term":[{"taxonomy":"product_brand","embeddable":true,"href":"https:\/\/soydeaqui.ddns.net\/pachuca\/index.php\/wp-json\/wp\/v2\/product_brand?post=22946"},{"taxonomy":"product_cat","embeddable":true,"href":"https:\/\/soydeaqui.ddns.net\/pachuca\/index.php\/wp-json\/wp\/v2\/product_cat?post=22946"},{"taxonomy":"product_tag","embeddable":true,"href":"https:\/\/soydeaqui.ddns.net\/pachuca\/index.php\/wp-json\/wp\/v2\/product_tag?post=22946"}],"curies":[{"name":"wp","href":"https:\/\/api.w.org\/{rel}","templated":true}]}}