{"id":22944,"date":"2026-03-18T11:06:57","date_gmt":"2026-03-18T11:06:57","guid":{"rendered":"https:\/\/soydeaqui.ddns.net\/pachuca\/index.php\/producto\/biostar-x-edicion-elite-administracion-de-acceso-licencia-para-2000-puertas-500-000-usuarios-100-operadores-uso-con-lectores-suprema\/"},"modified":"2026-03-18T11:06:58","modified_gmt":"2026-03-18T11:06:58","slug":"biostar-x-edicion-elite-administracion-de-acceso-licencia-para-2000-puertas-500-000-usuarios-100-operadores-uso-con-lectores-suprema","status":"publish","type":"product","link":"https:\/\/soydeaqui.ddns.net\/pachuca\/index.php\/producto\/biostar-x-edicion-elite-administracion-de-acceso-licencia-para-2000-puertas-500-000-usuarios-100-operadores-uso-con-lectores-suprema\/","title":{"rendered":"BioStar X edici\u00f3n Elite, Administraci\u00f3n de Acceso , Licencia para 2000 puertas\/500 000 usuarios\/100 operadores, uso con lectores SUPREMA"},"content":{"rendered":"<div style='width: 100%; max-width: 1200px; margin: 0 auto; font-family: sans-serif; line-height: 1.6; color: inherit; background-color: transparent;'> <!-- T\u00edtulos destacados --> <\/p>\n<div style='margin: 40px 0; text-align: center;'>\n<h1 style='font-size: 60px; margin: 0 0 20px; color: inherit; background: linear-gradient(70deg&comma; #00a0e9 0%&comma; #8f71f5 50%&comma; #e62e8b 100%); -webkit-text-fill-color: transparent; -webkit-background-clip: text; background-clip: text; font-weight: 700; line-height: 1.2;'> BIOSTAR X <\/h1>\n<h2 style='font-size: 32px; margin: 0; color: #e62e8b; font-weight: 600;'> M\u00e1xima seguridad&comma; sin complicaciones <\/h2>\n<\/p><\/div>\n<p> <!-- Descripci\u00f3n general --> <\/p>\n<div style='margin: 40px 0; font-size: 16px; color: inherit;'>\n<p style='margin: 0 0 20px;'> BioStar X es la plataforma de seguridad unificada de Suprema&comma; que cuenta con el mejor acceso biom\u00e9trico de su clase&comma; monitoreo integrado y una infraestructura empresarial dise\u00f1ada para la escalabilidad&comma; garantizar el tiempo de actividad y el cumplimiento. <\/p>\n<\/p><\/div>\n<p> <!-- Secci\u00f3n de caracter\u00edsticas --> <\/p>\n<div style='margin: 60px 0;'>\n<h3 style='font-size: 28px; margin: 0 0 30px; border-bottom: 2px solid rgba(150&comma;150&comma;150&comma;0.3); padding-bottom: 10px; color: inherit; opacity: 0.8;'> Control total sobre qui\u00e9n&comma; d\u00f3nde y cu\u00e1ndo <\/h3>\n<div style='display: flex; flex-wrap: wrap; gap: 30px;'>\n<div style='flex: 1 1 300px; min-width: 280px;'>\n<p style='color: inherit; opacity: 0.8;'> Desde el vest\u00edbulo hasta la azotea&comma; BioStar X le permite controlar cada punto de acceso con la precisi\u00f3n de un cirujano. Horarios&comma; zonas&comma; alarmas de incendio&comma; pisos&#8230; No solo est\u00e1 gestionando puertas. Est\u00e1 orquestando el movimiento. <\/p>\n<div style='margin-top: 20px; display: flex; flex-wrap: wrap; gap: 10px;'> <span style='background: rgba(255&comma;255&comma;255&comma;0.5); border-radius: 24px; padding: 4px 24px; font-size: 0.85em; display: inline-block; margin: 5px 0;'>Grupos de acceso<\/span> <span style='background: rgba(255&comma;255&comma;255&comma;0.5); border-radius: 24px; padding: 4px 24px; font-size: 0.85em; display: inline-block; margin: 5px 0;'>Acceso de niveles<\/span> <span style='background: rgba(255&comma;255&comma;255&comma;0.5); border-radius: 24px; padding: 4px 24px; font-size: 0.85em; display: inline-block; margin: 5px 0;'>Niveles de planta<\/span> <span style='background: rgba(255&comma;255&comma;255&comma;0.5); border-radius: 24px; padding: 4px 24px; font-size: 0.85em; display: inline-block; margin: 5px 0;'>Horarios<\/span> <span style='background: rgba(255&comma;255&comma;255&comma;0.5); border-radius: 24px; padding: 4px 24px; font-size: 0.85em; display: inline-block; margin: 5px 0;'>Vacaciones<\/span> <span style='background: rgba(255&comma;255&comma;255&comma;0.5); border-radius: 24px; padding: 4px 24px; font-size: 0.85em; display: inline-block; margin: 5px 0;'>Plantillas de acceso<\/span> <span style='background: rgba(255&comma;255&comma;255&comma;0.5); border-radius: 24px; padding: 4px 24px; font-size: 0.85em; display: inline-block; margin: 5px 0;'>Auditor\u00edas de acceso<\/span> <\/div>\n<\/p><\/div>\n<div style='flex: 1 1 300px; min-width: 280px;'> <img style='width: 100%; height: auto; border: 1px solid rgba(150&comma;150&comma;150&comma;0.3); border-radius: 8px;' src='https:\/\/supremainc.com\/en\/asset\/images\/01_product\/biostarx_sec2_1.webp' alt='BioStar X Estructura de acceso central a escala'> <\/div>\n<\/p><\/div>\n<\/p><\/div>\n<p> <!-- Secci\u00f3n de caracter\u00edsticas adicionales --> <\/p>\n<div style='margin: 60px 0;'>\n<div style='display: flex; flex-wrap: wrap; gap: 30px;'>\n<div style='flex: 1 1 300px; min-width: 280px; background: #17172a; border-radius: 8px; padding: 20px;'>\n<h3 style='font-size: 24px; margin: 0 0 20px; color: #fff; font-weight: 600;'> Zonas inteligentes avanzadas <\/h3>\n<p style='color: #ccc; margin: 0 0 20px;'> Aplique pol\u00edticas de comportamiento&comma; est\u00e1ndares de seguridad y protocolos de emergencia con una potente l\u00f3gica de zonas. <\/p>\n<div style='display: flex; flex-wrap: wrap; gap: 10px;'> <span style='background: rgba(255&comma;255&comma;255&comma;0.5); border-radius: 24px; padding: 4px 24px; font-size: 0.85em; display: inline-block; margin: 5px 0;'>Anti-retornos<\/span> <span style='background: rgba(255&comma;255&comma;255&comma;0.5); border-radius: 24px; padding: 4px 24px; font-size: 0.85em; display: inline-block; margin: 5px 0;'>Enclavamiento<\/span> <span style='background: rgba(255&comma;255&comma;255&comma;0.5); border-radius: 24px; padding: 4px 24px; font-size: 0.85em; display: inline-block; margin: 5px 0;'>Programaci\u00f3n de bloqueo y desbloqueo<\/span> <span style='background: rgba(255&comma;255&comma;255&comma;0.5); border-radius: 24px; padding: 4px 24px; font-size: 0.85em; display: inline-block; margin: 5px 0;'>Ocupaci\u00f3n<\/span> <span style='background: rgba(255&comma;255&comma;255&comma;0.5); border-radius: 24px; padding: 4px 24px; font-size: 0.85em; display: inline-block; margin: 5px 0;'>Punto de encuentro<\/span> <span style='background: rgba(255&comma;255&comma;255&comma;0.5); border-radius: 24px; padding: 4px 24px; font-size: 0.85em; display: inline-block; margin: 5px 0;'>Alarma de intrusi\u00f3n<\/span> <\/div>\n<\/p><\/div>\n<div style='flex: 1 1 300px; min-width: 280px; background: #44447d; border-radius: 8px; padding: 20px;'>\n<h3 style='font-size: 24px; margin: 0 0 20px; color: #fff; font-weight: 600;'> Gesti\u00f3n de emergencias <\/h3>\n<p style='color: #ccc; margin: 0 0 20px;'> Cuando cada segundo cuenta&comma; BioStar X facilita una respuesta r\u00e1pida con automatizaci\u00f3n incorporada. <\/p>\n<div style='display: flex; flex-wrap: wrap; gap: 10px;'> <span style='background: rgba(255&comma;255&comma;255&comma;0.5); border-radius: 24px; padding: 4px 24px; font-size: 0.85em; display: inline-block; margin: 5px 0;'>Bloqueo de emergencia con un clic<\/span> <span style='background: rgba(255&comma;255&comma;255&comma;0.5); border-radius: 24px; padding: 4px 24px; font-size: 0.85em; display: inline-block; margin: 5px 0;'>Reglas de desbloqueo de emergencia<\/span> <span style='background: rgba(255&comma;255&comma;255&comma;0.5); border-radius: 24px; padding: 4px 24px; font-size: 0.85em; display: inline-block; margin: 5px 0;'>Herramientas de anulaci\u00f3n de acceso<\/span> <span style='background: rgba(255&comma;255&comma;255&comma;0.5); border-radius: 24px; padding: 4px 24px; font-size: 0.85em; display: inline-block; margin: 5px 0;'>Alarmas de incendio<\/span> <\/div>\n<\/p><\/div>\n<\/p><\/div>\n<\/p><\/div>\n<p> <!-- Secci\u00f3n de seguridad --> <\/p>\n<div style='margin: 60px 0;'>\n<h3 style='font-size: 28px; margin: 0 0 30px; border-bottom: 2px solid rgba(150&comma;150&comma;150&comma;0.3); padding-bottom: 10px; color: inherit; opacity: 0.8;'> Seguridad s\u00f3lida como una roca&comma; dise\u00f1ada para empresas <\/h3>\n<p style='color: inherit; opacity: 0.8;'> Con cifrado AES-256&comma; permisos basados en roles y m\u00e1s de 50 disparadores de eventos de seguridad&comma; BioStar X garantiza una seguridad estricta de principio a fin. Construido para el mundo real&comma; donde la seguridad de la mente y el cumplimiento son innegociables. <\/p>\n<\/p><\/div>\n<p> <!-- Tabla de planes --> <\/p>\n<div style='margin: 60px 0;'>\n<h3 style='font-size: 28px; margin: 0 0 30px; color: inherit; opacity: 0.8;'> Elija su plan <\/h3>\n<div style='overflow-x: auto;'>\n<table style='width: 100%; border-collapse: collapse; min-width: 800px;'>\n<thead>\n<tr style='background: #f5f5f7;'>\n<th style='padding: 16px 8px; text-align: left; font-weight: 600; border-bottom: 2px solid #d9d9de; color: #666; font-size: 14px;'> Caracter\u00edstica <\/th>\n<th style='padding: 16px 8px; text-align: left; font-weight: 600; border-bottom: 2px solid #d9d9de; color: #666; font-size: 14px;'> BioStar X Essential <\/th>\n<th style='padding: 16px 8px; text-align: left; font-weight: 600; border-bottom: 2px solid #d9d9de; color: #666; font-size: 14px;'> BioStar X Advanced <\/th>\n<th style='padding: 16px 8px; text-align: left; font-weight: 600; border-bottom: 2px solid #d9d9de; color: #666; font-size: 14px;'> BioStar X Enterprise <\/th>\n<\/tr>\n<\/thead>\n<tbody>\n<tr>\n<td style='padding: 16px 8px; border-bottom: 1px solid #e3e3ec; color: inherit; font-weight: 500;'> M\u00e1x. puertas <\/td>\n<td style='padding: 16px 8px; border-bottom: 1px solid #e3e3ec; color: inherit;'> 32 <\/td>\n<td style='padding: 16px 8px; border-bottom: 1px solid #e3e3ec; color: inherit;'> 128 <\/td>\n<td style='padding: 16px 8px; border-bottom: 1px solid #e3e3ec; color: inherit;'> 500 <\/td>\n<\/tr>\n<tr>\n<td style='padding: 16px 8px; border-bottom: 1px solid #e3e3ec; color: inherit; font-weight: 500;'> M\u00e1x. usuarios <\/td>\n<td style='padding: 16px 8px; border-bottom: 1px solid #e3e3ec; color: inherit;'> 1&comma;000 <\/td>\n<td style='padding: 16px 8px; border-bottom: 1px solid #e3e3ec; color: inherit;'> 50&comma;000 <\/td>\n<td style='padding: 16px 8px; border-bottom: 1px solid #e3e3ec; color: inherit;'> 500&comma;000 <\/td>\n<\/tr>\n<tr>\n<td style='padding: 16px 8px; border-bottom: 1px solid #e3e3ec; color: inherit; font-weight: 500;'> M\u00e1x. operadores <\/td>\n<td style='padding: 16px 8px; border-bottom: 1px solid #e3e3ec; color: inherit;'> 10 <\/td>\n<td style='padding: 16px 8px; border-bottom: 1px solid #e3e3ec; color: inherit;'> 20 <\/td>\n<td style='padding: 16px 8px; border-bottom: 1px solid #e3e3ec; color: inherit;'> 100 <\/td>\n<\/tr>\n<tr>\n<td style='padding: 16px 8px; border-bottom: 1px solid #e3e3ec; color: inherit; font-weight: 500;'> Actualizaciones <\/td>\n<td style='padding: 16px 8px; border-bottom: 1px solid #e3e3ec; color: inherit;'> \u2713 <\/td>\n<td style='padding: 16px 8px; border-bottom: 1px solid #e3e3ec; color: inherit;'> \u2713 <\/td>\n<td style='padding: 16px 8px; border-bottom: 1px solid #e3e3ec; color: inherit;'> \u2713 <\/td>\n<\/tr>\n<tr>\n<td style='padding: 16px 8px; border-bottom: 1px solid #e3e3ec; color: inherit; font-weight: 500;'> Mapas <\/td>\n<td style='padding: 16px 8px; border-bottom: 1px solid #e3e3ec; color: inherit;'> \u2713 <\/td>\n<td style='padding: 16px 8px; border-bottom: 1px solid #e3e3ec; color: inherit;'> \u2713 <\/td>\n<td style='padding: 16px 8px; border-bottom: 1px solid #e3e3ec; color: inherit;'> \u2713 <\/td>\n<\/tr>\n<tr>\n<td style='padding: 16px 8px; border-bottom: 1px solid #e3e3ec; color: inherit; font-weight: 500;'> Video <\/td>\n<td style='padding: 16px 8px; border-bottom: 1px solid #e3e3ec; color: inherit;'> \u2713 <\/td>\n<td style='padding: 16px 8px; border-bottom: 1px solid #e3e3ec; color: inherit;'> \u2713 <\/td>\n<td style='padding: 16px 8px; border-bottom: 1px solid #e3e3ec; color: inherit;'> \u2713 <\/td>\n<\/tr>\n<tr>\n<td style='padding: 16px 8px; border-bottom: 1px solid #e3e3ec; color: inherit; font-weight: 500;'> AC Avanzado <\/td>\n<td style='padding: 16px 8px; border-bottom: 1px solid #e3e3ec; color: inherit;'> \u2713 <\/td>\n<td style='padding: 16px 8px; border-bottom: 1px solid #e3e3ec; color: inherit;'> \u2713 <\/td>\n<td style='padding: 16px 8px; border-bottom: 1px solid #e3e3ec; color: inherit;'> \u2713 <\/td>\n<\/tr>\n<tr>\n<td style='padding: 16px 8px; border-bottom: 1px solid #e3e3ec; color: inherit; font-weight: 500;'> Servidores de M\u00faltiples Comunicaciones <\/td>\n<td style='padding: 16px 8px; border-bottom: 1px solid #e3e3ec; color: inherit;'> \u2713 <\/td>\n<td style='padding: 16px 8px; border-bottom: 1px solid #e3e3ec; color: inherit;'> \u2713 <\/td>\n<td style='padding: 16px 8px; border-bottom: 1px solid #e3e3ec; color: inherit;'> \u2713 <\/td>\n<\/tr>\n<tr>\n<td style='padding: 16px 8px; border-bottom: 1px solid #e3e3ec; color: inherit; font-weight: 500;'> Mapa GIS <\/td>\n<td style='padding: 16px 8px; border-bottom: 1px solid #e3e3ec; color: inherit;'> \u2713 <\/td>\n<td style='padding: 16px 8px; border-bottom: 1px solid #e3e3ec; color: inherit;'> \u2713 <\/td>\n<td style='padding: 16px 8px; border-bottom: 1px solid #e3e3ec; color: inherit;'> \u2713 <\/td>\n<\/tr>\n<tr>\n<td style='padding: 16px 8px; border-bottom: 1px solid #e3e3ec; color: inherit; font-weight: 500;'> Coincidencia de Servidores <\/td>\n<td style='padding: 16px 8px; border-bottom: 1px solid #e3e3ec; color: inherit;'> \u2713 <\/td>\n<td style='padding: 16px 8px; border-bottom: 1px solid #e3e3ec; color: inherit;'> \u2713 <\/td>\n<td style='padding: 16px 8px; border-bottom: 1px solid #e3e3ec; color: inherit;'> \u2713 <\/td>\n<\/tr>\n<tr>\n<td style='padding: 16px 8px; border-bottom: 1px solid #e3e3ec; color: inherit; font-weight: 500;'> Tiempo y Asistencia <\/td>\n<td style='padding: 16px 8px; border-bottom: 1px solid #e3e3ec; color: inherit;'> \u2713 <\/td>\n<td style='padding: 16px 8px; border-bottom: 1px solid #e3e3ec; color: inherit;'> \u2713 <\/td>\n<td style='padding: 16px 8px; border-bottom: 1px solid #e3e3ec; color: inherit;'> \u2713 <\/td>\n<\/tr>\n<tr>\n<td style='padding: 16px 8px; border-bottom: 1px solid #e3e3ec; color: inherit; font-weight: 500;'> Directorio Activo <\/td>\n<td style='padding: 16px 8px; border-bottom: 1px solid #e3e3ec; color: inherit;'> \u2713 <\/td>\n<td style='padding: 16px 8px; border-bottom: 1px solid #e3e3ec; color: inherit;'> \u2713 <\/td>\n<td style='padding: 16px 8px; border-bottom: 1px solid #e3e3ec; color: inherit;'> \u2713 <\/td>\n<\/tr>\n<tr>\n<td style='padding: 16px 8px; border-bottom: 1px solid #e3e3ec; color: inherit; font-weight: 500;'> Recuento de personal <\/td>\n<td style='padding: 16px 8px; border-bottom: 1px solid #e3e3ec; color: inherit;'> \u2713 <\/td>\n<td style='padding: 16px 8px; border-bottom: 1px solid #e3e3ec; color: inherit;'> \u2713 <\/td>\n<td style='padding: 16px 8px; border-bottom: 1px solid #e3e3ec; color: inherit;'> \u2713 <\/td>\n<\/tr>\n<tr>\n<td style='padding: 16px 8px; border-bottom: 1px solid #e3e3ec; color: inherit; font-weight: 500;'> Aplicaci\u00f3n m\u00f3vil <\/td>\n<td style='padding: 16px 8px; border-bottom: 1px solid #e3e3ec; color: inherit;'> \u2713 <\/td>\n<td style='padding: 16px 8px; border-bottom: 1px solid #e3e3ec; color: inherit;'> \u2713 <\/td>\n<td style='padding: 16px 8px; border-bottom: 1px solid #e3e3ec; color: inherit;'> \u2713 <\/td>\n<\/tr>\n<tr>\n<td style='padding: 16px 8px; border-bottom: 1px solid #e3e3ec; color: inherit; font-weight: 500;'> Acceso remoto <\/td>\n<td style='padding: 16px 8px; border-bottom: 1px solid #e3e3ec; color: inherit;'> \u2713 <\/td>\n<td style='padding: 16px 8px; border-bottom: 1px solid #e3e3ec; color: inherit;'> \u2713 <\/td>\n<td style='padding: 16px 8px; border-bottom: 1px solid #e3e3ec; color: inherit;'> \u2713 <\/td>\n<\/tr>\n<\/tbody>\n<\/table><\/div>\n<\/p><\/div>\n<p> <!-- Notas --> <\/p>\n<div style='margin: 40px 0; font-size: 14px; color: #666;'>\n<p style='margin: 0 0 10px; font-size: 14px;'> * Actualizaciones disponibles para todos los planes <\/p>\n<p style='margin: 0; font-size: 14px;'> ** Funcionalidad de Acceso Avanzado disponible como add-on en todos los planes <\/p>\n<\/p><\/div>\n<p> <!-- Separador --> <\/p>\n<hr style='border: 0; border-top: 1px solid rgba(150&comma; 150&comma; 150&comma; 0.3); margin: 60px 0;'> <\/div>\n","protected":false},"excerpt":{"rendered":"<p>BioStar X edici\u00f3n Elite, Administraci\u00f3n de Acceso , Licencia para 2000 puertas\/500 000 usuarios\/100 operadores, uso con lectores SUPREMA<\/p>\n","protected":false},"featured_media":22943,"comment_status":"open","ping_status":"closed","template":"","meta":[],"product_brand":[],"product_cat":[743],"product_tag":[744,745,798],"class_list":{"0":"post-22944","1":"product","2":"type-product","3":"status-publish","4":"has-post-thumbnail","6":"product_cat-para-tiempo-y-asistencia-checadores","7":"product_tag-biometricos","8":"product_tag-para-tiempo-y-asistencia-checadores","9":"product_tag-suprema","11":"first","12":"outofstock","13":"sale","14":"shipping-taxable","15":"purchasable","16":"product-type-simple"},"_links":{"self":[{"href":"https:\/\/soydeaqui.ddns.net\/pachuca\/index.php\/wp-json\/wp\/v2\/product\/22944","targetHints":{"allow":["GET"]}}],"collection":[{"href":"https:\/\/soydeaqui.ddns.net\/pachuca\/index.php\/wp-json\/wp\/v2\/product"}],"about":[{"href":"https:\/\/soydeaqui.ddns.net\/pachuca\/index.php\/wp-json\/wp\/v2\/types\/product"}],"replies":[{"embeddable":true,"href":"https:\/\/soydeaqui.ddns.net\/pachuca\/index.php\/wp-json\/wp\/v2\/comments?post=22944"}],"wp:featuredmedia":[{"embeddable":true,"href":"https:\/\/soydeaqui.ddns.net\/pachuca\/index.php\/wp-json\/wp\/v2\/media\/22943"}],"wp:attachment":[{"href":"https:\/\/soydeaqui.ddns.net\/pachuca\/index.php\/wp-json\/wp\/v2\/media?parent=22944"}],"wp:term":[{"taxonomy":"product_brand","embeddable":true,"href":"https:\/\/soydeaqui.ddns.net\/pachuca\/index.php\/wp-json\/wp\/v2\/product_brand?post=22944"},{"taxonomy":"product_cat","embeddable":true,"href":"https:\/\/soydeaqui.ddns.net\/pachuca\/index.php\/wp-json\/wp\/v2\/product_cat?post=22944"},{"taxonomy":"product_tag","embeddable":true,"href":"https:\/\/soydeaqui.ddns.net\/pachuca\/index.php\/wp-json\/wp\/v2\/product_tag?post=22944"}],"curies":[{"name":"wp","href":"https:\/\/api.w.org\/{rel}","templated":true}]}}