{"id":22942,"date":"2026-03-18T11:06:55","date_gmt":"2026-03-18T11:06:55","guid":{"rendered":"https:\/\/soydeaqui.ddns.net\/pachuca\/index.php\/producto\/licencia-para-biostar-x-habilita-funcion-de-zonas-de-ocupacion-de-personas\/"},"modified":"2026-03-18T11:06:56","modified_gmt":"2026-03-18T11:06:56","slug":"licencia-para-biostar-x-habilita-funcion-de-zonas-de-ocupacion-de-personas","status":"publish","type":"product","link":"https:\/\/soydeaqui.ddns.net\/pachuca\/index.php\/producto\/licencia-para-biostar-x-habilita-funcion-de-zonas-de-ocupacion-de-personas\/","title":{"rendered":"licencia para BIOSTAR X , habilita funci\u00f3n de zonas de ocupaci\u00f3n de personas"},"content":{"rendered":"<div style='width: 100%; max-width: 1200px; margin: 0 auto; font-family: sans-serif; line-height: 1.6; color: inherit; background-color: transparent;'> <!-- Secci\u00f3n principal --> <\/p>\n<div style='margin-bottom: 30px;'>\n<h1 style='font-size: 36px; margin: 20px 0 10px; color: inherit; font-weight: 600; background: linear-gradient(70deg&comma; #00a0e9 0%&comma; #8f71f5 50%&comma; #e62e8b 100%) 0% 0%; -webkit-background-clip: text; -webkit-text-fill-color: transparent; background-clip: text;'> BIOSTAR X <\/h1>\n<h2 style='font-size: 24px; margin: 0 0 30px; color: #e62e8b;'> M\u00e1xima Seguridad&comma; sin Complicaciones <\/h2>\n<p style='margin: 0 0 20px; color: inherit; opacity: 0.8; font-size: 16px;'> BioStar X es la plataforma de seguridad unificada de Suprema&comma; que cuenta con el mejor acceso biom\u00e9trico de su clase&comma; monitoreo integrado y una infraestructura empresarial dise\u00f1ada para la escalabilidad&comma; garantizar el tiempo de actividad y el cumplimiento. <\/p>\n<\/p><\/div>\n<p> <!-- Secci\u00f3n de caracter\u00edsticas --> <\/p>\n<div style='margin-bottom: 30px;'>\n<h3 style='font-size: 22px; border-bottom: 2px solid currentColor; padding-bottom: 5px; margin-top: 0; color: inherit; opacity: 0.8;'> Control total sobre qui\u00e9n&comma; d\u00f3nde y cu\u00e1ndo <\/h3>\n<p style='margin: 15px 0; color: inherit; opacity: 0.8; font-size: 15px;'> Desde el vest\u00edbulo hasta la azotea&comma; BioStar X le permite controlar cada punto de acceso con la precisi\u00f3n de un cirujano. Horarios&comma; zonas&comma; alarmas de incendio&comma; pisos&#8230; No solo est\u00e1 gestionando puertas. Est\u00e1 orquestando el movimiento. <\/p>\n<\/p><\/div>\n<p> <!-- Secci\u00f3n de cards --> <\/p>\n<div style='display: flex; flex-wrap: wrap; gap: 20px; margin-bottom: 30px;'>\n<div style='flex: 1 1 250px; border: 1px solid rgba(150&comma; 150&comma; 150&comma; 0.4); border-radius: 8px; overflow: hidden; display: flex; flex-direction: column;'>\n<div style='padding: 15px; border-bottom: 1px solid rgba(150&comma; 150&comma; 150&comma; 0.2); font-weight: bold; font-size: 18px; color: inherit;'> Estructura de acceso central a escala <\/div>\n<div style='padding: 15px; color: inherit;'>\n<p style='margin: 0 0 15px; font-size: 14px;'> \u00bfGestiona cientos de puertas o miles de usuarios? BioStar X fue dise\u00f1ado para crecer&comma; sin volverse inmanejable. <\/p>\n<div style='display: flex; flex-wrap: wrap; gap: 10px;'> <span style='background: rgba(255&comma; 255&comma; 255&comma; 0.5); border-radius: 24px; padding: 4px 24px; font-size: 13px; display: inline-block; color: inherit;'> Grupos de acceso <\/span> <span style='background: rgba(255&comma; 255&comma; 255&comma; 0.5); border-radius: 24px; padding: 4px 24px; font-size: 13px; display: inline-block; color: inherit;'> Acceso de niveles <\/span> <span style='background: rgba(255&comma; 255&comma; 255&comma; 0.5); border-radius: 24px; padding: 4px 24px; font-size: 13px; display: inline-block; color: inherit;'> Niveles de planta <\/span> <span style='background: rgba(255&comma; 255&comma; 255&comma; 0.5); border-radius: 24px; padding: 4px 24px; font-size: 13px; display: inline-block; color: inherit;'> Horarios <\/span> <span style='background: rgba(255&comma; 255&comma; 255&comma; 0.5); border-radius: 24px; padding: 4px 24px; font-size: 13px; display: inline-block; color: inherit;'> Vacaciones <\/span> <span style='background: rgba(255&comma; 255&comma; 255&comma; 0.5); border-radius: 24px; padding: 4px 24px; font-size: 13px; display: inline-block; color: inherit;'> Plantillas de acceso <\/span> <span style='background: rgba(255&comma; 255&comma; 255&comma; 0.5); border-radius: 24px; padding: 4px 24px; font-size: 13px; display: inline-block; color: inherit;'> Auditor\u00edas de acceso <\/span> <\/div>\n<\/p><\/div>\n<\/p><\/div>\n<div style='flex: 1 1 250px; border: 1px solid rgba(150&comma; 150&comma; 150&comma; 0.4); border-radius: 8px; overflow: hidden; display: flex; flex-direction: column;'>\n<div style='padding: 15px; border-bottom: 1px solid rgba(150&comma; 150&comma; 150&comma; 0.2); font-weight: bold; font-size: 18px; color: inherit;'> Zonas inteligentes avanzadas <\/div>\n<div style='padding: 15px; color: inherit;'>\n<p style='margin: 0 0 15px; font-size: 14px;'> Aplique pol\u00edticas de comportamiento&comma; est\u00e1ndares de seguridad y protocolos de emergencia con una potente l\u00f3gica de zonas. <\/p>\n<div style='display: flex; flex-wrap: wrap; gap: 10px;'> <span style='background: rgba(255&comma; 255&comma; 255&comma; 0.5); border-radius: 24px; padding: 4px 24px; font-size: 13px; display: inline-block; color: inherit;'> Anti-retornos <\/span> <span style='background: rgba(255&comma; 255&comma; 255&comma; 0.5); border-radius: 24px; padding: 4px 24px; font-size: 13px; display: inline-block; color: inherit;'> Enclavamiento <\/span> <span style='background: rgba(255&comma; 255&comma; 255&comma; 0.5); border-radius: 24px; padding: 4px 24px; font-size: 13px; display: inline-block; color: inherit;'> Programaci\u00f3n de bloqueo y desbloqueo <\/span> <span style='background: rgba(255&comma; 255&comma; 255&comma; 0.5); border-radius: 24px; padding: 4px 24px; font-size: 13px; display: inline-block; color: inherit;'> Ocupaci\u00f3n <\/span> <span style='background: rgba(255&comma; 255&comma; 255&comma; 0.5); border-radius: 24px; padding: 4px 24px; font-size: 13px; display: inline-block; color: inherit;'> Punto de encuentro <\/span> <span style='background: rgba(255&comma; 255&comma; 255&comma; 0.5); border-radius: 24px; padding: 4px 24px; font-size: 13px; display: inline-block; color: inherit;'> Alarma de intrusi\u00f3n <\/span> <\/div>\n<\/p><\/div>\n<\/p><\/div>\n<div style='flex: 1 1 250px; border: 1px solid rgba(150&comma; 150&comma; 150&comma; 0.4); border-radius: 8px; overflow: hidden; display: flex; flex-direction: column;'>\n<div style='padding: 15px; border-bottom: 1px solid rgba(150&comma; 150&comma; 150&comma; 0.2); font-weight: bold; font-size: 18px; color: inherit;'> Gesti\u00f3n de emergencias <\/div>\n<div style='padding: 15px; color: inherit;'>\n<p style='margin: 0 0 15px; font-size: 14px;'> Cuando cada segundo cuenta&comma; BioStar X facilita una respuesta r\u00e1pida con automatizaci\u00f3n incorporada. <\/p>\n<div style='display: flex; flex-wrap: wrap; gap: 10px;'> <span style='background: rgba(255&comma; 255&comma; 255&comma; 0.5); border-radius: 24px; padding: 4px 24px; font-size: 13px; display: inline-block; color: inherit;'> Bloqueo de emergencia con un clic <\/span> <span style='background: rgba(255&comma; 255&comma; 255&comma; 0.5); border-radius: 24px; padding: 4px 24px; font-size: 13px; display: inline-block; color: inherit;'> Reglas de desbloqueo de emergencia <\/span> <span style='background: rgba(255&comma; 255&comma; 255&comma; 0.5); border-radius: 24px; padding: 4px 24px; font-size: 13px; display: inline-block; color: inherit;'> Herramientas de anulaci\u00f3n de acceso <\/span> <span style='background: rgba(255&comma; 255&comma; 255&comma; 0.5); border-radius: 24px; padding: 4px 24px; font-size: 13px; display: inline-block; color: inherit;'> Alarmas de incendio <\/span> <\/div>\n<\/p><\/div>\n<\/p><\/div>\n<\/p><\/div>\n<p> <!-- Imagen --> <\/p>\n<div style='margin-bottom: 30px;'> <img style='width: 100%; height: auto; border: 1px solid rgba(150&comma;150&comma;150&comma;0.3); border-radius: 8px;' src='https:\/\/supremainc.com\/en\/asset\/images\/01_product\/biostarx_sec2_1.webp' alt='BioStar X Estructura de acceso central a escala'> <\/div>\n<p> <!-- Secci\u00f3n de seguridad --> <\/p>\n<div style='margin-bottom: 30px;'>\n<h3 style='font-size: 22px; border-bottom: 2px solid currentColor; padding-bottom: 5px; margin-top: 0; color: inherit; opacity: 0.8;'> Seguridad s\u00f3lida como una roca&comma; dise\u00f1ada para empresas <\/h3>\n<p style='margin: 15px 0; color: inherit; opacity: 0.8; font-size: 15px;'> Con cifrado AES-256&comma; permisos basados en roles y m\u00e1s de 50 disparadores de eventos de seguridad&comma; BioStar X garantiza una seguridad estricta de principio a fin. Construido para el mundo real&comma; donde la seguridad de la mente y el cumplimiento son innegociables. <\/p>\n<\/p><\/div>\n<p> <!-- Tabla de planes --> <\/p>\n<div style='margin-bottom: 30px;'>\n<h3 style='font-size: 22px; border-bottom: 2px solid currentColor; padding-bottom: 5px; margin-top: 0; color: inherit; opacity: 0.8;'> Elija su plan <\/h3>\n<div style='overflow-x: auto; margin-top: 20px;'>\n<table style='width: 100%; border-collapse: collapse; color: inherit; font-size: 14px;'>\n<thead>\n<tr style='background-color: #f5f5f7;'>\n<th style='padding: 12px; border: 1px solid rgba(150&comma;150&comma;150&comma;0.3); text-align: left; font-weight: 600;'> Plan <\/th>\n<th style='padding: 12px; border: 1px solid rgba(150&comma;150&comma;150&comma;0.3); text-align: center; font-weight: 600;'> BIOSTARXSTR <\/th>\n<th style='padding: 12px; border: 1px solid rgba(150&comma;150&comma;150&comma;0.3); text-align: center; font-weight: 600;'> BIOSTARXESS <\/th>\n<th style='padding: 12px; border: 1px solid rgba(150&comma;150&comma;150&comma;0.3); text-align: center; font-weight: 600;'> BIOSTARXADV <\/th>\n<th style='padding: 12px; border: 1px solid rgba(150&comma;150&comma;150&comma;0.3); text-align: center; font-weight: 600;'> BIOSTARXENT <\/th>\n<\/tr>\n<\/thead>\n<tbody>\n<tr>\n<td style='padding: 12px; border: 1px solid rgba(150&comma;150&comma;150&comma;0.3); font-weight: 500;'> M\u00e1x. puertas <\/td>\n<td style='padding: 12px; border: 1px solid rgba(150&comma;150&comma;150&comma;0.3); text-align: center;'> 5 <\/td>\n<td style='padding: 12px; border: 1px solid rgba(150&comma;150&comma;150&comma;0.3); text-align: center;'> 32 <\/td>\n<td style='padding: 12px; border: 1px solid rgba(150&comma;150&comma;150&comma;0.3); text-align: center;'> 128 <\/td>\n<td style='padding: 12px; border: 1px solid rgba(150&comma;150&comma;150&comma;0.3); text-align: center;'> 500 <\/td>\n<\/tr>\n<tr>\n<td style='padding: 12px; border: 1px solid rgba(150&comma;150&comma;150&comma;0.3); font-weight: 500;'> M\u00e1x. usuarios <\/td>\n<td style='padding: 12px; border: 1px solid rgba(150&comma;150&comma;150&comma;0.3); text-align: center;'> 100 <\/td>\n<td style='padding: 12px; border: 1px solid rgba(150&comma;150&comma;150&comma;0.3); text-align: center;'> 1&comma;000 <\/td>\n<td style='padding: 12px; border: 1px solid rgba(150&comma;150&comma;150&comma;0.3); text-align: center;'> 50&comma;000 <\/td>\n<td style='padding: 12px; border: 1px solid rgba(150&comma;150&comma;150&comma;0.3); text-align: center;'> 100&comma;000 <\/td>\n<\/tr>\n<tr>\n<td style='padding: 12px; border: 1px solid rgba(150&comma;150&comma;150&comma;0.3); font-weight: 500;'> M\u00e1x. operadores <\/td>\n<td style='padding: 12px; border: 1px solid rgba(150&comma;150&comma;150&comma;0.3); text-align: center;'> 1 <\/td>\n<td style='padding: 12px; border: 1px solid rgba(150&comma;150&comma;150&comma;0.3); text-align: center;'> 10 <\/td>\n<td style='padding: 12px; border: 1px solid rgba(150&comma;150&comma;150&comma;0.3); text-align: center;'> 20 <\/td>\n<td style='padding: 12px; border: 1px solid rgba(150&comma;150&comma;150&comma;0.3); text-align: center;'> 40 <\/td>\n<\/tr>\n<tr>\n<td style='padding: 12px; border: 1px solid rgba(150&comma;150&comma;150&comma;0.3); font-weight: 500;'> Actualizaciones <\/td>\n<td style='padding: 12px; border: 1px solid rgba(150&comma;150&comma;150&comma;0.3); text-align: center;'> &nbsp; <\/td>\n<td style='padding: 12px; border: 1px solid rgba(150&comma;150&comma;150&comma;0.3); text-align: center;'> <span style='color: #00bb5d; font-size: 20px; vertical-align: middle;'>\u2713<\/span> <\/td>\n<td style='padding: 12px; border: 1px solid rgba(150&comma;150&comma;150&comma;0.3); text-align: center;'> <span style='color: #00bb5d; font-size: 20px; vertical-align: middle;'>\u2713<\/span> <\/td>\n<td style='padding: 12px; border: 1px solid rgba(150&comma;150&comma;150&comma;0.3); text-align: center;'> <span style='color: #00bb5d; font-size: 20px; vertical-align: middle;'>\u2713<\/span> <\/td>\n<\/tr>\n<tr>\n<td style='padding: 12px; border: 1px solid rgba(150&comma;150&comma;150&comma;0.3); font-weight: 500;'> Mapas <\/td>\n<td style='padding: 12px; border: 1px solid rgba(150&comma;150&comma;150&comma;0.3); text-align: center;'> &nbsp; <\/td>\n<td style='padding: 12px; border: 1px solid rgba(150&comma;150&comma;150&comma;0.3); text-align: center;'> &nbsp; <\/td>\n<td style='padding: 12px; border: 1px solid rgba(150&comma;150&comma;150&comma;0.3); text-align: center;'> <span style='color: #00bb5d; font-size: 20px; vertical-align: middle;'>\u2713<\/span> <\/td>\n<td style='padding: 12px; border: 1px solid rgba(150&comma;150&comma;150&comma;0.3); text-align: center;'> <span style='color: #00bb5d; font-size: 20px; vertical-align: middle;'>\u2713<\/span> <\/td>\n<\/tr>\n<tr>\n<td style='padding: 12px; border: 1px solid rgba(150&comma;150&comma;150&comma;0.3); font-weight: 500;'> Video <\/td>\n<td style='padding: 12px; border: 1px solid rgba(150&comma;150&comma;150&comma;0.3); text-align: center;'> &nbsp; <\/td>\n<td style='padding: 12px; border: 1px solid rgba(150&comma;150&comma;150&comma;0.3); text-align: center;'> &nbsp; <\/td>\n<td style='padding: 12px; border: 1px solid rgba(150&comma;150&comma;150&comma;0.3); text-align: center;'> Add-on <\/td>\n<td style='padding: 12px; border: 1px solid rgba(150&comma;150&comma;150&comma;0.3); text-align: center;'> Add-on <\/td>\n<\/tr>\n<tr>\n<td style='padding: 12px; border: 1px solid rgba(150&comma;150&comma;150&comma;0.3); font-weight: 500;'> AC Avanzado <\/td>\n<td style='padding: 12px; border: 1px solid rgba(150&comma;150&comma;150&comma;0.3); text-align: center;'> &nbsp; <\/td>\n<td style='padding: 12px; border: 1px solid rgba(150&comma;150&comma;150&comma;0.3); text-align: center;'> &nbsp; <\/td>\n<td style='padding: 12px; border: 1px solid rgba(150&comma;150&comma;150&comma;0.3); text-align: center;'> Add-on <\/td>\n<td style='padding: 12px; border: 1px solid rgba(150&comma;150&comma;150&comma;0.3); text-align: center;'> Add-on <\/td>\n<\/tr>\n<tr>\n<td style='padding: 12px; border: 1px solid rgba(150&comma;150&comma;150&comma;0.3); font-weight: 500;'> Servidores de M\u00faltiples Comunicaciones <\/td>\n<td style='padding: 12px; border: 1px solid rgba(150&comma;150&comma;150&comma;0.3); text-align: center;'> &nbsp; <\/td>\n<td style='padding: 12px; border: 1px solid rgba(150&comma;150&comma;150&comma;0.3); text-align: center;'> &nbsp; <\/td>\n<td style='padding: 12px; border: 1px solid rgba(150&comma;150&comma;150&comma;0.3); text-align: center;'> Add-on <\/td>\n<td style='padding: 12px; border: 1px solid rgba(150&comma;150&comma;150&comma;0.3); text-align: center;'> Add-on <\/td>\n<\/tr>\n<tr>\n<td style='padding: 12px; border: 1px solid rgba(150&comma;150&comma;150&comma;0.3); font-weight: 500;'> Mapa GIS <\/td>\n<td style='padding: 12px; border: 1px solid rgba(150&comma;150&comma;150&comma;0.3); text-align: center;'> &nbsp; <\/td>\n<td style='padding: 12px; border: 1px solid rgba(150&comma;150&comma;150&comma;0.3); text-align: center;'> &nbsp; <\/td>\n<td style='padding: 12px; border: 1px solid rgba(150&comma;150&comma;150&comma;0.3); text-align: center;'> Add-on <\/td>\n<td style='padding: 12px; border: 1px solid rgba(150&comma;150&comma;150&comma;0.3); text-align: center;'> Add-on <\/td>\n<\/tr>\n<tr>\n<td style='padding: 12px; border: 1px solid rgba(150&comma;150&comma;150&comma;0.3); font-weight: 500;'> Coincidencia de Servidores <\/td>\n<td style='padding: 12px; border: 1px solid rgba(150&comma;150&comma;150&comma;0.3); text-align: center;'> &nbsp; <\/td>\n<td style='padding: 12px; border: 1px solid rgba(150&comma;150&comma;150&comma;0.3); text-align: center;'> &nbsp; <\/td>\n<td style='padding: 12px; border: 1px solid rgba(150&comma;150&comma;150&comma;0.3); text-align: center;'> Add-on <\/td>\n<td style='padding: 12px; border: 1px solid rgba(150&comma;150&comma;150&comma;0.3); text-align: center;'> Add-on <\/td>\n<\/tr>\n<tr>\n<td style='padding: 12px; border: 1px solid rgba(150&comma;150&comma;150&comma;0.3); font-weight: 500;'> Tiempo y Asistencia <\/td>\n<td style='padding: 12px; border: 1px solid rgba(150&comma;150&comma;150&comma;0.3); text-align: center;'> &nbsp; <\/td>\n<td style='padding: 12px; border: 1px solid rgba(150&comma;150&comma;150&comma;0.3); text-align: center;'> &nbsp; <\/td>\n<td style='padding: 12px; border: 1px solid rgba(150&comma;150&comma;150&comma;0.3); text-align: center;'> Add-on <\/td>\n<td style='padding: 12px; border: 1px solid rgba(150&comma;150&comma;150&comma;0.3); text-align: center;'> Add-on <\/td>\n<\/tr>\n<tr>\n<td style='padding: 12px; border: 1px solid rgba(150&comma;150&comma;150&comma;0.3); font-weight: 500;'> Directorio Activo <\/td>\n<td style='padding: 12px; border: 1px solid rgba(150&comma;150&comma;150&comma;0.3); text-align: center;'> &nbsp; <\/td>\n<td style='padding: 12px; border: 1px solid rgba(150&comma;150&comma;150&comma;0.3); text-align: center;'> &nbsp; <\/td>\n<td style='padding: 12px; border: 1px solid rgba(150&comma;150&comma;150&comma;0.3); text-align: center;'> Add-on <\/td>\n<td style='padding: 12px; border: 1px solid rgba(150&comma;150&comma;150&comma;0.3); text-align: center;'> Add-on <\/td>\n<\/tr>\n<tr>\n<td style='padding: 12px; border: 1px solid rgba(150&comma;150&comma;150&comma;0.3); font-weight: 500;'> Recuento de personal <\/td>\n<td style='padding: 12px; border: 1px solid rgba(150&comma;150&comma;150&comma;0.3); text-align: center;'> &nbsp; <\/td>\n<td style='padding: 12px; border: 1px solid rgba(150&comma;150&comma;150&comma;0.3); text-align: center;'> &nbsp; <\/td>\n<td style='padding: 12px; border: 1px solid rgba(150&comma;150&comma;150&comma;0.3); text-align: center;'> Add-on <\/td>\n<td style='padding: 12px; border: 1px solid rgba(150&comma;150&comma;150&comma;0.3); text-align: center;'> Add-on <\/td>\n<\/tr>\n<tr>\n<td style='padding: 12px; border: 1px solid rgba(150&comma;150&comma;150&comma;0.3); font-weight: 500;'> Aplicaci\u00f3n m\u00f3vil <\/td>\n<td style='padding: 12px; border: 1px solid rgba(150&comma;150&comma;150&comma;0.3); text-align: center;'> &nbsp; <\/td>\n<td style='padding: 12px; border: 1px solid rgba(150&comma;150&comma;150&comma;0.3); text-align: center;'> &nbsp; <\/td>\n<td style='padding: 12px; border: 1px solid rgba(150&comma;150&comma;150&comma;0.3); text-align: center;'> Add-on <\/td>\n<td style='padding: 12px; border: 1px solid rgba(150&comma;150&comma;150&comma;0.3); text-align: center;'> Add-on <\/td>\n<\/tr>\n<tr>\n<td style='padding: 12px; border: 1px solid rgba(150&comma;150&comma;150&comma;0.3); font-weight: 500;'> Acceso remoto <\/td>\n<td style='padding: 12px; border: 1px solid rgba(150&comma;150&comma;150&comma;0.3); text-align: center;'> &nbsp; <\/td>\n<td style='padding: 12px; border: 1px solid rgba(150&comma;150&comma;150&comma;0.3); text-align: center;'> &nbsp; <\/td>\n<td style='padding: 12px; border: 1px solid rgba(150&comma;150&comma;150&comma;0.3); text-align: center;'> Add-on <\/td>\n<td style='padding: 12px; border: 1px solid rgba(150&comma;150&comma;150&comma;0.3); text-align: center;'> Add-on <\/td>\n<\/tr>\n<\/tbody>\n<\/table><\/div>\n<\/p><\/div>\n<p> <!-- Notas --> <\/p>\n<div style='margin-bottom: 30px; font-size: 13px; color: inherit; opacity: 0.7;'>\n<p style='margin: 0 0 8px;'>* Incluye actualizaciones de software<\/p>\n<p style='margin: 0;'>** Caracter\u00edsticas avanzadas de control de acceso<\/p>\n<\/p><\/div>\n<p> <!-- Separador --> <\/p>\n<hr style='border: 0; border-top: 1px solid rgba(150&comma; 150&comma; 150&comma; 0.3); margin: 30px 0;'> <\/div>\n","protected":false},"excerpt":{"rendered":"<p>licencia para BIOSTAR X , habilita funci\u00f3n de zonas de ocupaci\u00f3n de personas<\/p>\n","protected":false},"featured_media":22941,"comment_status":"open","ping_status":"closed","template":"","meta":[],"product_brand":[],"product_cat":[743],"product_tag":[744,745,798],"class_list":{"0":"post-22942","1":"product","2":"type-product","3":"status-publish","4":"has-post-thumbnail","6":"product_cat-para-tiempo-y-asistencia-checadores","7":"product_tag-biometricos","8":"product_tag-para-tiempo-y-asistencia-checadores","9":"product_tag-suprema","11":"first","12":"outofstock","13":"sale","14":"shipping-taxable","15":"purchasable","16":"product-type-simple"},"_links":{"self":[{"href":"https:\/\/soydeaqui.ddns.net\/pachuca\/index.php\/wp-json\/wp\/v2\/product\/22942","targetHints":{"allow":["GET"]}}],"collection":[{"href":"https:\/\/soydeaqui.ddns.net\/pachuca\/index.php\/wp-json\/wp\/v2\/product"}],"about":[{"href":"https:\/\/soydeaqui.ddns.net\/pachuca\/index.php\/wp-json\/wp\/v2\/types\/product"}],"replies":[{"embeddable":true,"href":"https:\/\/soydeaqui.ddns.net\/pachuca\/index.php\/wp-json\/wp\/v2\/comments?post=22942"}],"wp:featuredmedia":[{"embeddable":true,"href":"https:\/\/soydeaqui.ddns.net\/pachuca\/index.php\/wp-json\/wp\/v2\/media\/22941"}],"wp:attachment":[{"href":"https:\/\/soydeaqui.ddns.net\/pachuca\/index.php\/wp-json\/wp\/v2\/media?parent=22942"}],"wp:term":[{"taxonomy":"product_brand","embeddable":true,"href":"https:\/\/soydeaqui.ddns.net\/pachuca\/index.php\/wp-json\/wp\/v2\/product_brand?post=22942"},{"taxonomy":"product_cat","embeddable":true,"href":"https:\/\/soydeaqui.ddns.net\/pachuca\/index.php\/wp-json\/wp\/v2\/product_cat?post=22942"},{"taxonomy":"product_tag","embeddable":true,"href":"https:\/\/soydeaqui.ddns.net\/pachuca\/index.php\/wp-json\/wp\/v2\/product_tag?post=22942"}],"curies":[{"name":"wp","href":"https:\/\/api.w.org\/{rel}","templated":true}]}}