{"id":22919,"date":"2026-03-18T11:06:31","date_gmt":"2026-03-18T11:06:31","guid":{"rendered":"https:\/\/soydeaqui.ddns.net\/pachuca\/index.php\/producto\/arco-detector-de-metales-con-pantalla-7-hasta-72-zonas-configurable-tecnologia-anti-interferencia-y-sensibilidad-de-ultima-generacion-conteo-de-personas-y-alarmas\/"},"modified":"2026-03-18T11:06:33","modified_gmt":"2026-03-18T11:06:33","slug":"arco-detector-de-metales-con-pantalla-7-hasta-72-zonas-configurable-tecnologia-anti-interferencia-y-sensibilidad-de-ultima-generacion-conteo-de-personas-y-alarmas","status":"publish","type":"product","link":"https:\/\/soydeaqui.ddns.net\/pachuca\/index.php\/producto\/arco-detector-de-metales-con-pantalla-7-hasta-72-zonas-configurable-tecnologia-anti-interferencia-y-sensibilidad-de-ultima-generacion-conteo-de-personas-y-alarmas\/","title":{"rendered":"Arco Detector de Metales con Pantalla 7&#8243; \/ Hasta 72 Zonas Configurable \/ Tecnolog\u00eda Anti-Interferencia y Sensibilidad de \u00daltima Generaci\u00f3n \/ Conteo de Personas y Alarmas"},"content":{"rendered":"<div style='width: 100%; max-width: 1200px; margin: 0 auto; font-family: sans-serif; line-height: 1.6; color: inherit; background-color: transparent;'> <!-- Secci\u00f3n de caracter\u00edsticas principales --> <\/p>\n<div style='display: flex; flex-wrap: wrap; gap: 30px; margin-bottom: 30px;'>\n<div style='flex: 1 1 300px; min-width: 280px;'>\n<h3 style='font-size: 22px; border-bottom: 2px solid currentColor; padding-bottom: 5px; margin-top: 0; color: inherit; opacity: 0.8;'>Caracter\u00edsticas Principales<\/h3>\n<ul style='padding-left: 20px; font-size: 15px; color: inherit;'>\n<li style='margin-bottom: 5px;'>Configuraci\u00f3n con control remoto o software<\/li>\n<li style='margin-bottom: 5px;'>Pantalla LCD de 7&#8242;<\/li>\n<li style='margin-bottom: 5px;'>Funci\u00f3n de alarma multizona<\/li>\n<li style='margin-bottom: 5px;'>Muestra zona donde lleva metal la persona<\/li>\n<li style='margin-bottom: 5px;'>Frecuencia configurable para reducci\u00f3n de falsas alarmas<\/li>\n<li style='margin-bottom: 5px; color: #c0392b;'><strong>Arco detector de metales de hasta 72 zonas (configurable)<\/strong><\/li>\n<\/ul><\/div>\n<div style='flex: 1 1 300px; min-width: 280px;'>\n<h3 style='font-size: 22px; border-bottom: 2px solid currentColor; padding-bottom: 5px; margin-top: 0; color: inherit; opacity: 0.8;'>Caracter\u00edsticas F\u00edsicas y El\u00e9ctricas<\/h3>\n<ul style='padding-left: 20px; font-size: 15px; color: inherit;'>\n<li style='margin-bottom: 5px;'>Alimentaci\u00f3n 110 Vca<\/li>\n<li style='margin-bottom: 5px;'>Consumo: 24 W<\/li>\n<li style='margin-bottom: 5px;'>Temperatura de Operaci\u00f3n: -10\u00b0C &#8211; 55\u00b0C<\/li>\n<li style='margin-bottom: 5px;'>Condiciones de humedad: 10 &#8211; 95% no condensada<\/li>\n<li style='margin-bottom: 5px;'>Nivel de protecci\u00f3n: Uso Interior<\/li>\n<li style='margin-bottom: 5px;'>Peso: <80 Kg<\/li>\n<li style='margin-bottom: 5px;'>Dimensiones totales: 228.7 x 87.1 x 66 cms<\/li>\n<li style='margin-bottom: 5px;'>Dimensiones del pasillo 200 x 72.7 x 60 cms<\/li>\n<\/ul><\/div>\n<div style='flex: 1 1 300px; min-width: 280px;'>\n<h3 style='font-size: 22px; border-bottom: 2px solid currentColor; padding-bottom: 5px; margin-top: 0; color: inherit; opacity: 0.8;'>Caracter\u00edsticas Destacadas<\/h3>\n<ul style='padding-left: 20px; font-size: 15px; color: inherit;'>\n<li style='margin-bottom: 5px;'>Contador de personas y de alarmas<\/li>\n<li style='margin-bottom: 5px;'>Inofensivo para personas con problemas cardiacos&comma; embarazadas etc<\/li>\n<li style='margin-bottom: 5px;'>Alta sensibilidad de detecci\u00f3n y habilidad anti-interferencia<\/li>\n<li style='margin-bottom: 5px;'>Aplicables a oficinas&comma; escuelas&comma; corporativos&comma; hospitales&comma; museos etc<\/li>\n<li style='margin-bottom: 5px;'>Configurable con control remoto incluido o interfaz web<\/li>\n<\/ul><\/div>\n<\/p><\/div>\n<p> <!-- Secci\u00f3n de diferenciador --> <\/p>\n<div style='margin-bottom: 30px;'>\n<h3 style='font-size: 22px; border-bottom: 2px solid currentColor; padding-bottom: 5px; margin-top: 0; color: inherit; opacity: 0.8;'>Diferenciador<\/h3>\n<ul style='padding-left: 20px; font-size: 15px; color: inherit;'>\n<li style='margin-bottom: 5px;'><span style='color: #c0392b;'><strong>Pantalla:<\/strong><\/span> Cuenta con una pantalla LCD de 7 pulgadas que muestra el conteo de pasajeros y de alarmas<\/li>\n<\/ul><\/div>\n<p> <!-- Separador --> <\/p>\n<hr style='border: 0; border-top: 1px solid rgba(150&comma; 150&comma; 150&comma; 0.3); margin: 30px 0;'> <!-- Secci\u00f3n de video --> <\/p>\n<div style='margin-bottom: 30px;'>\n<h2 style='text-align: center; font-size: 20px; margin-bottom: 20px; color: inherit;'>VIDEOS DEMOSTRATIVOS MODELO SIMILAR<\/h2>\n<div style='position: relative; padding-bottom: 56.25%; height: 0; overflow: hidden; margin-bottom: 30px;'>   <\/div>\n<\/p><\/div>\n<\/p><\/div>\n","protected":false},"excerpt":{"rendered":"<p>Arco Detector de Metales con Pantalla 7&#8243; \/ Hasta 72 Zonas Configurable \/ Tecnolog\u00eda Anti-Interferencia y Sensibilidad de \u00daltima Generaci\u00f3n \/ Conteo de Personas y Alarmas<\/p>\n","protected":false},"featured_media":22918,"comment_status":"open","ping_status":"closed","template":"","meta":[],"product_brand":[],"product_cat":[826],"product_tag":[827,54],"class_list":{"0":"post-22919","1":"product","2":"type-product","3":"status-publish","4":"has-post-thumbnail","6":"product_cat-detectores-de-metal-detectores-de-metal","7":"product_tag-detectores-de-metal","8":"product_tag-hikvision","10":"first","11":"outofstock","12":"sale","13":"shipping-taxable","14":"purchasable","15":"product-type-simple"},"_links":{"self":[{"href":"https:\/\/soydeaqui.ddns.net\/pachuca\/index.php\/wp-json\/wp\/v2\/product\/22919","targetHints":{"allow":["GET"]}}],"collection":[{"href":"https:\/\/soydeaqui.ddns.net\/pachuca\/index.php\/wp-json\/wp\/v2\/product"}],"about":[{"href":"https:\/\/soydeaqui.ddns.net\/pachuca\/index.php\/wp-json\/wp\/v2\/types\/product"}],"replies":[{"embeddable":true,"href":"https:\/\/soydeaqui.ddns.net\/pachuca\/index.php\/wp-json\/wp\/v2\/comments?post=22919"}],"wp:featuredmedia":[{"embeddable":true,"href":"https:\/\/soydeaqui.ddns.net\/pachuca\/index.php\/wp-json\/wp\/v2\/media\/22918"}],"wp:attachment":[{"href":"https:\/\/soydeaqui.ddns.net\/pachuca\/index.php\/wp-json\/wp\/v2\/media?parent=22919"}],"wp:term":[{"taxonomy":"product_brand","embeddable":true,"href":"https:\/\/soydeaqui.ddns.net\/pachuca\/index.php\/wp-json\/wp\/v2\/product_brand?post=22919"},{"taxonomy":"product_cat","embeddable":true,"href":"https:\/\/soydeaqui.ddns.net\/pachuca\/index.php\/wp-json\/wp\/v2\/product_cat?post=22919"},{"taxonomy":"product_tag","embeddable":true,"href":"https:\/\/soydeaqui.ddns.net\/pachuca\/index.php\/wp-json\/wp\/v2\/product_tag?post=22919"}],"curies":[{"name":"wp","href":"https:\/\/api.w.org\/{rel}","templated":true}]}}