{"id":22898,"date":"2026-03-18T11:06:07","date_gmt":"2026-03-18T11:06:07","guid":{"rendered":"https:\/\/soydeaqui.ddns.net\/pachuca\/index.php\/producto\/cierra-puertas-de-superficie-puertas-de-metal-puertas-de-madera-ajustable-para-tamanos-puertas-hasta-65-kg-incluye-herrajes-brazos-de-acero-forjado\/"},"modified":"2026-03-18T11:06:08","modified_gmt":"2026-03-18T11:06:08","slug":"cierra-puertas-de-superficie-puertas-de-metal-puertas-de-madera-ajustable-para-tamanos-puertas-hasta-65-kg-incluye-herrajes-brazos-de-acero-forjado","status":"publish","type":"product","link":"https:\/\/soydeaqui.ddns.net\/pachuca\/index.php\/producto\/cierra-puertas-de-superficie-puertas-de-metal-puertas-de-madera-ajustable-para-tamanos-puertas-hasta-65-kg-incluye-herrajes-brazos-de-acero-forjado\/","title":{"rendered":"Cierra Puertas  \/ De Superficie \/ Puertas de Metal \/ Puertas de Madera \/ Ajustable para Tama\u00f1os  \/ Puertas Hasta 65 kg \/ Incluye Herrajes \/ Brazos de Acero Forjado"},"content":{"rendered":"<div style='width: 100%; max-width: 1200px; margin: 0 auto; font-family: sans-serif; line-height: 1.6; color: inherit; background-color: transparent;'>\n<hr style='border: 0; border-top: 1px solid rgba(150&comma; 150&comma; 150&comma; 0.3); margin: 30px 0;'>\n<div style='display: flex; flex-wrap: wrap; gap: 30px; margin-bottom: 30px;'>\n<div style='flex: 1 1 300px; min-width: 280px;'>\n<h3 style='font-size: 22px; border-bottom: 2px solid currentColor; padding-bottom: 5px; margin-top: 0; color: inherit; opacity: 0.8;'>Caracter\u00edsticas Principales:<\/h3>\n<ul style='padding-left: 20px; font-size: 15px; color: inherit;'>\n<li style='margin-bottom: 5px;'>Cierra puertas grado 1<\/li>\n<li style='margin-bottom: 5px;'>Listado UL<\/li>\n<li style='margin-bottom: 5px;'>Se adapta a puertas met\u00e1licas o de madera de hasta 91 cm de ancho<\/li>\n<li style='margin-bottom: 5px;'>Peso de la puerta hasta 65 kg (140 lb)&comma; talla 3<\/li>\n<\/ul><\/div>\n<div style='flex: 1 1 300px; min-width: 280px;'>\n<h3 style='font-size: 22px; border-bottom: 2px solid currentColor; padding-bottom: 5px; margin-top: 0; color: inherit; opacity: 0.8;'>Caracter\u00edsticas F\u00edsicas y El\u00e9ctricas:<\/h3>\n<ul style='padding-left: 20px; font-size: 15px; color: inherit;'>\n<li style='margin-bottom: 5px;'>Dos ajustes de v\u00e1lvula independientes para ajustar f\u00e1cilmente la velocidad de barrido y de enganche<\/li>\n<li style='margin-bottom: 5px;'>Dise\u00f1o reversible sin manos<\/li>\n<li style='margin-bottom: 5px;'>Cuerpo de aluminio anodizado<\/li>\n<\/ul><\/div>\n<div style='flex: 1 1 300px; min-width: 280px;'>\n<h3 style='font-size: 22px; border-bottom: 2px solid currentColor; padding-bottom: 5px; margin-top: 0; color: inherit; opacity: 0.8;'>Caracter\u00edsticas Destacadas:<\/h3>\n<ul style='padding-left: 20px; font-size: 15px; color: inherit;'>\n<li style='margin-bottom: 5px;'>Acabado plateado<\/li>\n<li style='margin-bottom: 5px;'>Brazos de acero forjado<\/li>\n<li style='margin-bottom: 5px;'>Incluye Tornilleria<\/li>\n<\/ul><\/div>\n<\/p><\/div>\n<hr style='border: 0; border-top: 1px solid rgba(150&comma; 150&comma; 150&comma; 0.3); margin: 30px 0;'> <\/div>\n","protected":false},"excerpt":{"rendered":"<p>Cierra Puertas  \/ De Superficie \/ Puertas de Metal \/ Puertas de Madera \/ Ajustable para Tama\u00f1os  \/ Puertas Hasta 65 kg \/ Incluye Herrajes \/ Brazos de Acero Forjado<\/p>\n","protected":false},"featured_media":22897,"comment_status":"open","ping_status":"closed","template":"","meta":[],"product_brand":[],"product_cat":[815],"product_tag":[93,816,116],"class_list":{"0":"post-22898","1":"product","2":"type-product","3":"status-publish","4":"has-post-thumbnail","6":"product_cat-cierrapuertas","7":"product_tag-accesorios","8":"product_tag-cierrapuertas","9":"product_tag-enforcer-secolarm","11":"first","12":"outofstock","13":"sale","14":"shipping-taxable","15":"purchasable","16":"product-type-simple"},"_links":{"self":[{"href":"https:\/\/soydeaqui.ddns.net\/pachuca\/index.php\/wp-json\/wp\/v2\/product\/22898","targetHints":{"allow":["GET"]}}],"collection":[{"href":"https:\/\/soydeaqui.ddns.net\/pachuca\/index.php\/wp-json\/wp\/v2\/product"}],"about":[{"href":"https:\/\/soydeaqui.ddns.net\/pachuca\/index.php\/wp-json\/wp\/v2\/types\/product"}],"replies":[{"embeddable":true,"href":"https:\/\/soydeaqui.ddns.net\/pachuca\/index.php\/wp-json\/wp\/v2\/comments?post=22898"}],"wp:featuredmedia":[{"embeddable":true,"href":"https:\/\/soydeaqui.ddns.net\/pachuca\/index.php\/wp-json\/wp\/v2\/media\/22897"}],"wp:attachment":[{"href":"https:\/\/soydeaqui.ddns.net\/pachuca\/index.php\/wp-json\/wp\/v2\/media?parent=22898"}],"wp:term":[{"taxonomy":"product_brand","embeddable":true,"href":"https:\/\/soydeaqui.ddns.net\/pachuca\/index.php\/wp-json\/wp\/v2\/product_brand?post=22898"},{"taxonomy":"product_cat","embeddable":true,"href":"https:\/\/soydeaqui.ddns.net\/pachuca\/index.php\/wp-json\/wp\/v2\/product_cat?post=22898"},{"taxonomy":"product_tag","embeddable":true,"href":"https:\/\/soydeaqui.ddns.net\/pachuca\/index.php\/wp-json\/wp\/v2\/product_tag?post=22898"}],"curies":[{"name":"wp","href":"https:\/\/api.w.org\/{rel}","templated":true}]}}