{"id":2288,"date":"2026-03-18T05:55:35","date_gmt":"2026-03-18T05:55:35","guid":{"rendered":"https:\/\/soydeaqui.ddns.net\/pachuca\/index.php\/producto\/paquete-de-12-latas-de-gas-genuino-de-monoxido-de-carbono-co-de-uso-manual-o-dispensadores-solo-330-solo-332\/"},"modified":"2026-03-18T05:55:35","modified_gmt":"2026-03-18T05:55:35","slug":"paquete-de-12-latas-de-gas-genuino-de-monoxido-de-carbono-co-de-uso-manual-o-dispensadores-solo-330-solo-332","status":"publish","type":"product","link":"https:\/\/soydeaqui.ddns.net\/pachuca\/index.php\/producto\/paquete-de-12-latas-de-gas-genuino-de-monoxido-de-carbono-co-de-uso-manual-o-dispensadores-solo-330-solo-332\/","title":{"rendered":"Paquete De 12 Latas De Gas Genuino De Mon\u00f3xido De Carbono CO De Uso Manual o Dispensadores SOLO-330\/SOLO-332"},"content":{"rendered":"<div style='width: 100%; max-width: 1200px; margin: 0 auto; font-family: sans-serif; line-height: 1.6; color: inherit; background-color: transparent;'>\n<div style='display: flex; flex-wrap: wrap; gap: 30px; margin-bottom: 30px;'>\n<div style='flex: 1 1 300px; min-width: 280px;'>\n<h3 style='font-size: 22px; border-bottom: 2px solid currentColor; padding-bottom: 5px; margin-top: 0; color: inherit; opacity: 0.8;'>Descripci\u00f3n<\/h3>\n<p style='font-size: 15px; margin: 0 0 15px 0; color: inherit;'> Proporciona una forma r\u00e1pida y sencilla de cumplir con los requisitos de la legislaci\u00f3n sobre pruebas de detectores de CO mediante la introducci\u00f3n de CO real en la celda de detecci\u00f3n del detector. <\/p>\n<p style='font-size: 15px; margin: 0 0 15px 0; color: inherit;'> Como el primer comprobador de detectores de CO clasificado por UL del mundo&comma; es la elecci\u00f3n de los profesionales para la m\u00e1xima tranquilidad al garantizar que el detector funcione correctamente y proteger las vidas de quienes lo rodean. <\/p>\n<p style='font-size: 15px; margin: 0 0 15px 0; color: inherit;'> Tambi\u00e9n para uso de dispensadores para probar detectores y alarmas de incendios de CO \/ multicriterio. <\/p>\n<\/p><\/div>\n<\/p><\/div>\n<div style='display: flex; flex-wrap: wrap; gap: 20px; margin-bottom: 30px;'>\n<div style='flex: 1 1 250px; border: 1px solid rgba(150&comma; 150&comma; 150&comma; 0.4); border-radius: 8px; overflow: hidden; display: flex; flex-direction: column;'>\n<div style='padding: 15px; border-bottom: 1px solid rgba(150&comma; 150&comma; 150&comma; 0.2); font-weight: bold; font-size: 18px; color: inherit;'>Caracter\u00edsticas<\/div>\n<div style='padding: 15px; color: inherit;'>\n<ul style='padding-left: 20px; margin: 0; font-size: 14px; list-style-type: disc;'>\n<li style='margin-bottom: 5px; color: inherit;'><span style='color: inherit;'>Gas CO genuino y no inflamable<\/span><\/li>\n<li style='margin-bottom: 5px; color: inherit;'><span style='color: inherit;'>Prueba r\u00e1pida y tiempo de restablecimiento<\/span><\/li>\n<li style='margin-bottom: 5px; color: inherit;'><span style='color: inherit;'>Prueba de detector de CO controlable y segura<\/span><\/li>\n<li style='margin-bottom: 5px; color: inherit;'><span style='color: inherit;'>Solo comprobador de CO aprobado para detectores de CO System Sensor 1224T \/ A \/ R y alarmas de CO Interlogix SpaceAir 250<\/span><\/li>\n<li style='margin-bottom: 5px; color: inherit;'><span style='color: inherit;'>Avalado por el fabricante del detector<\/span><\/li>\n<li style='margin-bottom: 5px; color: inherit;'><span style='color: inherit;'>UL clasificado<\/span><\/li>\n<\/ul><\/div>\n<\/p><\/div>\n<\/p><\/div>\n<hr style='border: 0; border-top: 1px solid rgba(150&comma; 150&comma; 150&comma; 0.3); margin: 30px 0;'> <\/div>\n","protected":false},"excerpt":{"rendered":"<p>Paquete De 12 Latas De Gas Genuino De Mon\u00f3xido De Carbono CO De Uso Manual o Dispensadores SOLO-330\/SOLO-332<\/p>\n","protected":false},"featured_media":2287,"comment_status":"open","ping_status":"closed","template":"","meta":[],"product_brand":[],"product_cat":[382],"product_tag":[19,383,403],"class_list":{"0":"post-2288","1":"product","2":"type-product","3":"status-publish","4":"has-post-thumbnail","6":"product_cat-humo","7":"product_tag-detectores-sensores","8":"product_tag-humo","9":"product_tag-sdi","11":"first","12":"instock","13":"sale","14":"shipping-taxable","15":"purchasable","16":"product-type-simple"},"_links":{"self":[{"href":"https:\/\/soydeaqui.ddns.net\/pachuca\/index.php\/wp-json\/wp\/v2\/product\/2288","targetHints":{"allow":["GET"]}}],"collection":[{"href":"https:\/\/soydeaqui.ddns.net\/pachuca\/index.php\/wp-json\/wp\/v2\/product"}],"about":[{"href":"https:\/\/soydeaqui.ddns.net\/pachuca\/index.php\/wp-json\/wp\/v2\/types\/product"}],"replies":[{"embeddable":true,"href":"https:\/\/soydeaqui.ddns.net\/pachuca\/index.php\/wp-json\/wp\/v2\/comments?post=2288"}],"wp:featuredmedia":[{"embeddable":true,"href":"https:\/\/soydeaqui.ddns.net\/pachuca\/index.php\/wp-json\/wp\/v2\/media\/2287"}],"wp:attachment":[{"href":"https:\/\/soydeaqui.ddns.net\/pachuca\/index.php\/wp-json\/wp\/v2\/media?parent=2288"}],"wp:term":[{"taxonomy":"product_brand","embeddable":true,"href":"https:\/\/soydeaqui.ddns.net\/pachuca\/index.php\/wp-json\/wp\/v2\/product_brand?post=2288"},{"taxonomy":"product_cat","embeddable":true,"href":"https:\/\/soydeaqui.ddns.net\/pachuca\/index.php\/wp-json\/wp\/v2\/product_cat?post=2288"},{"taxonomy":"product_tag","embeddable":true,"href":"https:\/\/soydeaqui.ddns.net\/pachuca\/index.php\/wp-json\/wp\/v2\/product_tag?post=2288"}],"curies":[{"name":"wp","href":"https:\/\/api.w.org\/{rel}","templated":true}]}}