{"id":22848,"date":"2026-03-18T11:05:12","date_gmt":"2026-03-18T11:05:12","guid":{"rendered":"https:\/\/soydeaqui.ddns.net\/pachuca\/index.php\/producto\/lector-rfid-de-pedestal-esclava\/"},"modified":"2026-03-18T11:05:12","modified_gmt":"2026-03-18T11:05:12","slug":"lector-rfid-de-pedestal-esclava","status":"publish","type":"product","link":"https:\/\/soydeaqui.ddns.net\/pachuca\/index.php\/producto\/lector-rfid-de-pedestal-esclava\/","title":{"rendered":"Lector RFID de pedestal ESCLAVA"},"content":{"rendered":"<div style='width: 100%; max-width: 1200px; margin: 0 auto; font-family: sans-serif; line-height: 1.6; color: inherit; background-color: transparent;'> <!-- Secci\u00f3n de especificaciones --> <\/p>\n<div style='display: flex; flex-wrap: wrap; gap: 30px; margin-bottom: 30px;'>\n<div style='flex: 1 1 300px; min-width: 280px;'>\n<h3 style='font-size: 22px; border-bottom: 2px solid currentColor; padding-bottom: 5px; margin-top: 0; color: inherit; opacity: 0.8;'>Caracter\u00edsticas<\/h3>\n<ul style='padding-left: 20px; font-size: 15px; color: inherit; list-style-type: disc;'>\n<li style='margin-bottom: 5px;'><strong>Antena transmisora<\/strong><\/li>\n<li style='margin-bottom: 5px;'><strong>Requiere antena Maestra:<\/strong> CA78L\/F1C<\/li>\n<li style='margin-bottom: 5px;'><strong>Frecuencia:<\/strong> 58 kHz<\/li>\n<li style='margin-bottom: 5px;'><strong>Consumo de energ\u00eda:<\/strong> 220 W<\/li>\n<li style='margin-bottom: 5px;'><strong>Corriente m\u00e1xima:<\/strong> 5A@ 120 VCA<\/li>\n<li style='margin-bottom: 5px;'><strong>Dimensiones:<\/strong> 1548 x 405 mm<\/li>\n<li style='margin-bottom: 5px;'><strong>Grosor del marco:<\/strong> 45 mm<\/li>\n<li style='margin-bottom: 5px;'><strong>Grosor de la base:<\/strong> 130 mm<\/li>\n<li style='margin-bottom: 5px;'><strong>Peso:<\/strong> 15 Kg<\/li>\n<\/ul><\/div>\n<\/p><\/div>\n<p> <!-- Secci\u00f3n de requerimientos de instalaci\u00f3n --> <\/p>\n<div style='display: flex; flex-wrap: wrap; gap: 30px; margin-bottom: 30px;'>\n<div style='flex: 1 1 300px; min-width: 280px;'>\n<h3 style='font-size: 22px; border-bottom: 2px solid currentColor; padding-bottom: 5px; margin-top: 0; color: inherit; opacity: 0.8;'>Requerimientos de entorno de instalaci\u00f3n<\/h3>\n<ul style='padding-left: 20px; font-size: 15px; color: inherit; list-style-type: decimal;'>\n<li style='margin-bottom: 5px;'>Aseg\u00farese de que la antena est\u00e9 instalada en un entorno con buena ventilaci\u00f3n<\/li>\n<li style='margin-bottom: 5px;'>Aseg\u00farese de que el entorno est\u00e9 limpio y seco<\/li>\n<li style='margin-bottom: 5px;'>Aseg\u00farese de que no haya posibilidad de que entre agua en el marco de la antena<\/li>\n<li style='margin-bottom: 5px;'>Aseg\u00farese de que no haya objetos met\u00e1licos grandes&comma; como el marco met\u00e1lico de la puerta&comma; el gabinete o el carrito de compras cerca de la antena<\/li>\n<li style='margin-bottom: 5px;'>Aseg\u00farese de que no haya una etiqueta de 58 KHz cerca de la antena<\/li>\n<\/ul><\/div>\n<\/p><\/div>\n<p> <!-- Secci\u00f3n de requerimientos el\u00e9ctricos --> <\/p>\n<div style='display: flex; flex-wrap: wrap; gap: 30px; margin-bottom: 30px;'>\n<div style='flex: 1 1 300px; min-width: 280px;'>\n<h3 style='font-size: 22px; border-bottom: 2px solid currentColor; padding-bottom: 5px; margin-top: 0; color: inherit; opacity: 0.8;'>Requerimientos de la fuente de energ\u00eda<\/h3>\n<ul style='padding-left: 20px; font-size: 15px; color: inherit; list-style-type: decimal;'>\n<li style='margin-bottom: 5px;'>Todas las antenas dentro de los 40 m deber\u00e1n usar la misma fuente de alimentaci\u00f3n de 110 VCA&comma; y el cable neutro y el cable vivo deben estar en la misma posici\u00f3n&comma; es decir&comma; neutro a la izquierda y vivo a la derecha<\/li>\n<li style='margin-bottom: 5px;'>Conexi\u00f3n a tierra de alta calidad (en la caja de distribuci\u00f3n): el voltaje entre vivo y tierra debe ser de 110VCA<\/li>\n<li style='margin-bottom: 5px;'>La energ\u00eda suministrada por UPS o generador privado no es aceptable<\/li>\n<li style='margin-bottom: 5px;'>El cable vivo no se conectar\u00e1 a ninguna electricidad din\u00e1mica. El cable con corriente es mejor usar la misma fuente de alimentaci\u00f3n para los sistemas de iluminaci\u00f3n<\/li>\n<\/ul><\/div>\n<\/p><\/div>\n<p> <!-- Secci\u00f3n de consideraciones adicionales --> <\/p>\n<div style='display: flex; flex-wrap: wrap; gap: 30px; margin-bottom: 30px;'>\n<div style='flex: 1 1 300px; min-width: 280px;'>\n<h3 style='font-size: 22px; border-bottom: 2px solid currentColor; padding-bottom: 5px; margin-top: 0; color: inherit; opacity: 0.8;'>Consideraciones adicionales<\/h3>\n<ul style='padding-left: 20px; font-size: 15px; color: inherit; list-style-type: decimal;'>\n<li style='margin-bottom: 5px;'>Aseg\u00farese de que la fuente de alimentaci\u00f3n de la toma de corriente sea independiente (no la comparta con otros equipos el\u00e9ctricos) y que la toma de corriente tenga una buena conexi\u00f3n a tierra (puede usar un mult\u00edmetro para probar el voltaje entre el cable de fase y la conexi\u00f3n a tierra&comma; que debe ser de 110V o 220V)<\/li>\n<li style='margin-bottom: 5px;'>Aseg\u00farese de que el voltaje de la fuente de alimentaci\u00f3n sea normal<\/li>\n<li style='margin-bottom: 5px;'>Las etiquetas de 58 KHz deben estar a 3 mts o m\u00e1s de la antena<\/li>\n<\/ul><\/div>\n<\/p><\/div>\n<p> <!-- Notas importantes --> <\/p>\n<div style='display: flex; flex-wrap: wrap; gap: 30px; margin-bottom: 30px;'>\n<div style='flex: 1 1 300px; min-width: 280px;'>\n<h3 style='font-size: 22px; border-bottom: 2px solid currentColor; padding-bottom: 5px; margin-top: 0; color: inherit; opacity: 0.8;'>Notas importantes<\/h3>\n<p style='margin: 0 0 15px; font-size: 15px; color: inherit;'>*El rango de detecci\u00f3n depende de la calidad de la alimentaci\u00f3n&comma; niveles de ruido as\u00ed como el tipo de tags.<\/p>\n<p style='margin: 0 0 15px; font-size: 15px; color: inherit;'><strong>No se recomienda en bibliotecas&comma; ferreter\u00edas&comma; productos de metal&comma; equipos electr\u00f3nicos directamente o lugares con gran cantidad de metal.<\/strong><\/p>\n<p style='margin: 0; font-size: 15px; color: inherit;'><strong>En caso de manejar carriles tomar en cuenta la estructura: Maestra- Esclava- Maestra.<\/strong><\/p>\n<\/p><\/div>\n<\/p><\/div>\n<p> <!-- Separador --> <\/p>\n<hr style='border: 0; border-top: 1px solid rgba(150&comma; 150&comma; 150&comma; 0.3); margin: 30px 0;'> <\/div>\n","protected":false},"excerpt":{"rendered":"<p>Lector RFID de pedestal ESCLAVA<\/p>\n","protected":false},"featured_media":32,"comment_status":"open","ping_status":"closed","template":"","meta":[],"product_brand":[],"product_cat":[880],"product_tag":[882,881,62],"class_list":{"0":"post-22848","1":"product","2":"type-product","3":"status-publish","4":"has-post-thumbnail","6":"product_cat-todos-proteccion-de-mercancia-eas","7":"product_tag-century","8":"product_tag-proteccion-de-mercancia-eas","9":"product_tag-todos","11":"first","12":"outofstock","13":"sale","14":"shipping-taxable","15":"purchasable","16":"product-type-simple"},"_links":{"self":[{"href":"https:\/\/soydeaqui.ddns.net\/pachuca\/index.php\/wp-json\/wp\/v2\/product\/22848","targetHints":{"allow":["GET"]}}],"collection":[{"href":"https:\/\/soydeaqui.ddns.net\/pachuca\/index.php\/wp-json\/wp\/v2\/product"}],"about":[{"href":"https:\/\/soydeaqui.ddns.net\/pachuca\/index.php\/wp-json\/wp\/v2\/types\/product"}],"replies":[{"embeddable":true,"href":"https:\/\/soydeaqui.ddns.net\/pachuca\/index.php\/wp-json\/wp\/v2\/comments?post=22848"}],"wp:featuredmedia":[{"embeddable":true,"href":"https:\/\/soydeaqui.ddns.net\/pachuca\/index.php\/wp-json\/wp\/v2\/media\/32"}],"wp:attachment":[{"href":"https:\/\/soydeaqui.ddns.net\/pachuca\/index.php\/wp-json\/wp\/v2\/media?parent=22848"}],"wp:term":[{"taxonomy":"product_brand","embeddable":true,"href":"https:\/\/soydeaqui.ddns.net\/pachuca\/index.php\/wp-json\/wp\/v2\/product_brand?post=22848"},{"taxonomy":"product_cat","embeddable":true,"href":"https:\/\/soydeaqui.ddns.net\/pachuca\/index.php\/wp-json\/wp\/v2\/product_cat?post=22848"},{"taxonomy":"product_tag","embeddable":true,"href":"https:\/\/soydeaqui.ddns.net\/pachuca\/index.php\/wp-json\/wp\/v2\/product_tag?post=22848"}],"curies":[{"name":"wp","href":"https:\/\/api.w.org\/{rel}","templated":true}]}}