{"id":22847,"date":"2026-03-18T11:05:11","date_gmt":"2026-03-18T11:05:11","guid":{"rendered":"https:\/\/soydeaqui.ddns.net\/pachuca\/index.php\/producto\/pinza-de-extension-para-tubo-de-10\/"},"modified":"2026-03-18T11:05:11","modified_gmt":"2026-03-18T11:05:11","slug":"pinza-de-extension-para-tubo-de-10","status":"publish","type":"product","link":"https:\/\/soydeaqui.ddns.net\/pachuca\/index.php\/producto\/pinza-de-extension-para-tubo-de-10\/","title":{"rendered":"Pinza de Extensi\u00f3n para tubo de 10&#8243;"},"content":{"rendered":"<\/p>\n<p style='text-align: center;'><span style='font-family: tahoma&comma; arial&comma; helvetica&comma; sans-serif; font-size: 12pt;'><img class='fr-fic fr-dii' src='data:image\/png;base64&comma;iVBORw0KGgoAAAANSUhEUgAAANcAAABnCAIAAAAc1UCXAAAT7klEQVR4Ae2dd1gbR\/rHBTZuJE7suCUmubSLfYmd\/iTPXS6\/5HJpvzzJJffLpdwjATZgg8GY2MEluLfExnFix7Fjp5zL4TSrAqIITDFgehEguqkSIASoorba2V+khWG1orotQcOzf8xKu7Pzvu9nvzPzzshmYY4\/FpuLDuSBm+wBkj0Mw1iIwpvsevQ46AFEIdJ+5j2AKGQ+BlAS3LaAKEQUMu8BRCHzMXBbCYSGIwoRhcx7AFHIfAygJLhtAVGIKGTeA4hC5mPgthIIDUcUIgqZ9wCikPkYQElw2wKiEFHIvAcQhczHwG0lEBqOKEQUMu8BRCHzMYCS4LYFRCGikHkPIAqZj4HbSiA0HFGIKGTeA4hC5mMAJcFtC4hCRCHzHkAUMh8Dt5VAaDiiEFHIvAcQhczHAEqC2xYQhYhC5j2AKGQ+Bm4rgdBwRCGikHkPIAqZjwGUBLctIAoRhcx7AFHIfAzcVgKh4YhCRCHzHkAUMh8DKAluW0AUIgqZ9wCikPkYuK0EQsMRhYhC5j2AKGQ+BlAS3LaAKEQUMu8BRCHzMXBbCYSG3xAKH94kqZBrcQBGOKw2vENrzqzrjk6sfzU62ztQ6MGZhEB4cLhT\/XhLN0nWxkjP5rQmV3VJarsFJYrdouq\/H8ia5s+flFZDvMZYuDEUbpZUKnTEmP8AQbSrTd9mNL1yIGtOcOwYmz7BL5u2gv\/0jrSdgqpyudaGgyGd0W2wnM5qfuuLnElj9dUFZUJQCCPUY7D8N6d1eVTK1Rkzce6aHxr\/eWJ9Q5cBB0PzB00mCKLHYBGWtL\/4Wabb6uLEopAgCBwQnVrz8\/szJw5S423J8q2p1e264fSPyh+13G2whJwpnerHG+\/jJsH1E45CMjAao\/Wdo7lefvzfnYuf25shbdNQ8Rp7WWfC1v8oneb\/+7P6GsN0QyicvyYu7FzZbkH1cMceYfWBhLrT2S3ZDT1Gi23IOFW1657dnX6N5t3k2x\/alFzcMjSCOCDkGlNJq7a4RdPYY8Rs+JBWG8y2iPPlnr52Rbzn4yR43GRDbvLjbgiFHmzuFF\/eVL8RDv40f753oHBeSNzDn6SczGjqc2ERACKpUnmT3XEtj5u9SjQkghYb\/kuh4sWDWYvDxQtC4xeExt0VLn5mT8bXaY1mbIg3sMdgeePzHJY\/X642kUdbr5E1qXvqG0LheGM5xZf3zle5DV0GV3nwO1U43toYuX6qH28bT0YbC2I2UNyiefGzS8M16aHNEolMabIO6iJmA9Xtun8ezWWt4ENvAABY\/pN5vHhDKPQOFP55T8Yr0VnweHbX6H3rC\/szG1V90PVkobXHOH9N3HBRnDif\/2mzpKxNS208ZgPcQsV96xNHbuRv6njCLop2EOW9puiEugc+TrLfgigc2XGjfvtQZHJmbXen1gyPpIrOUe9isbnvfJVnsjp1UjgAvkzIodcKgc\/6xPsik2cECvtbzuGyODz74fKf93pwuKtOl1idh3rSVs2DHyd5uFzsevu8NXFJlcpL9d3P78ucsVLQfwGi0NVT4\/rkYZesdUFj71hqmBMcKyrtoCoKQRAxOa1THKN1sgYPNnduSOxbR3LP5baVKXRShY5b2u77XdH80DjqZSw297Ck4VRG88mMpk\/FtbcECb0DhAtC4xZvSLorImFucKzXUFNRL3\/+Q5slx9MblXoz2Qy9GbtQpHhyV1pJq6al19jSawz4TwnNFi8\/vrC0ndpsGw7e+TKXdtkIp7eHxE2lJQScKfTw589YKbgjJG7R2viFYfG3rxYNmdPx4HBvDRI+\/+mlI6lXJLWqi\/U932Q0vX44Z67zWsDCtfHrL1QekDQckDT4\/1A8M0AwK0AwLyRuUbh4YWjc7FUimidhy29fHftydPbx9KbMKz0ZDT0nM5teO5yzdLMk\/KfyHbE1G3myJZsl8OKxF25Ij3zVFHr68iLOS8nuCQY1p657cbiYNMnLn\/\/G4Zz0GhXmvBoBCKK0VcM5VUh1X6e2n6QOjdnvu6If89ra1CYzhuvNWEmbdqeg6r4NTt3lzABBxHlpu8YEHw0LJgyHY76Pfiyn+dc7SNSlt8CLCYLIrOumtoR2\/ZhOnSl84WDWibTGyg59b5+1U2fOqu\/ZcqHyXpfu\/vn9mbGlHTRVttrw9BrVP768DF+8ZVtSZAOLW5IKpe+pwjM5rTWdenWftVNrlsiUYefKZq8SUds51Y\/\/v5\/nSGRKi7Pk4wA0dBl0Jsyefu+zvn1kHO8erH9iUchic1+Nzob0kHGt7dA\/ue0ii8315PA+PFHQ1mukxptaVukt4eel0DZYD2YDKr2FtohhwfA4acfs1YO+Dj8vVRut1AqHLLtS+MSONFrlnGsfRVApJIjmHiNtFcZqw7lFCp91CdDeP+\/LqFcaaJdBEzp15oDvi8kcEJVCdZ+1t49udZ\/Fxi1S3BrU7xxPDu+D4wWtw3uefMrkofDRqNQGpdNkuV1tetGxlLJkYzJMCNtw0NjddyT1yiFJQ6VicKECAADXXSCFMBI4ALQgRQmqyCgu2SLB8P65qhnDz+e1\/e1Q9lN70veLa2k650oh+2QhfARBEBgOfD4ahANSMr4ChUJYOa3xBEFs+qWCrHZhWDxspw0H9UpDdHL97vja4hYN7DdqO\/VPbktlsblUCoerHAAicqDypRuTy+X9cy8cB3K16fTl1jOXW1t6jNQlyslD4ZKNyTUdeugagiBUBsur0dksNnfTLxUkRAYz9ll87W0DMjZ9pSA8Rqoa6BP5xe3ejikFlUKl1nyhQL5LVP1dRtMVSkqoXWuetkLg6cuLyW0jH6rus\/p9V0RqBovN9eBwX\/g0s6V7UIBdKdzwo5TaYKXOsjAsfnzMuU5inCnUGrFEaedRSUPM5VbH8nT\/AysVWnsv4cvbwa8igdCZsF2CqlkDk6pZgcID4loyHQsAsTe2xoNDp1Cls\/CLFMdSGn7Nb+ugDEhSZF1zQ+wJiq1cGSn2BrPtYELt3DX9O05mr47dJaiGHcjkoXDZJyl1nU5aqDJYXnNQWNSiJn2fWN55+2qnrTeevry9ohoyDLWd+ie223twSKHBbNvwUzmJ5jR\/\/svRWdSR0x8+TrozXAwF+MuUBtddBatPl0DOXCn86LwThSr99adwl7B6bojdZC9\/\/ptfXFao+wevVgz3XiWcHxonqVSSLTyd1TwrQDjVn788KjXkbOm5nJbiZjUcapfLtZ4cHlULNUar78kCktrpKwX\/+OKyeqCDLmvTLnXMNmTt\/Tuk4so6aJ738uMfkTSQIj15KPyf\/ZltvU7zg3aN6W+fXpoWJIJrfUOmsl\/Yn0lOLFQGy5tfXqZSKO81LqaMnzw43HzKOtuyranP7EgjNcCGg5eis1xlbOYqEQykK4XvnyiAjDo2ZIA\/bHDk\/FwVbuyfOGvhLZS3ztOPl17dRT4RB2BRuPjhLSlSR7bSaLUdSKj7NKGuVmkwU2ZUsHkmKz5rdSyVwuRK5TyH4JFWewcKEyv6ga7u0D++LfWW1SJ8YC743tf5rs555WCWymCfnE0eCv2\/LdKbnVKG9UrD09sv3r4mDs5SXz+U4+qLZ3amXXEkvTVG7N1jeVQKW7uNd1AczWJzLzb0wMA8uu0ipBDDwYsHh6IwSARXOFwpXBaVShuxBZ+hZ3NcGzzKJxQKXddOkgZAwQFYHJHw+NbUaudhDLSOfCt6+6wyhU4s7djOl80IEFApFBW3z6EgPitACJNlDgov+kQkwNH0c\/uG2Ov0l93pLT32EcskoXDGSsHRlH55h37Mbei5JyJhqj+\/2\/HCEQSxjStzDeFbX1zWGO35gg6t+RWHnsEeubXbOM95AYZG4d0fJTQPLNvsFtW4Vv7e8XzImSuFMwOFcspwiiCIkhb1tBXXtjWGQiFBECzn7GYyhUKfiMQHI5MKm\/qHK9BvAAC5xiQq7djOq\/rn0dxHtkhmBvSnxJ0oLBmFwpkBQtgPhJ4rc3XO20dytZMpU3N3REJtp9PUhCCIXwvkZKIrvryTdLFMoaWlyrz8+NwiBTmClrZp\/7gx2UkLXZYBaRR6+vISKvor1xgxclgJ3X3v+sSm7sGlRVcKp\/rxfsrvn9yQLcQBsfL7IljD1RRGpFDiTOGsQCG\/SAH5a9eaT11qfv2LnDvXim8NEs4Pje9fFRwYD4yLQhabm3ull6y8qEm9wHni5eXHvzDg+cmghZ6+vJ2iauhKsgAAWHOmlIwi+5tCo2N9DwdALO14dmfanWvj7wyLf2SL5Ex2C+w1jl+8QmaMB7VwNApZbO5LB7Pgvp7ePmvYubLln6Qs3ZT87ld5JS0aajrQlUIPDpdzqhB22WTL6zv1T2y76DrRoRHpwebeHZEQW9bx4YmCOcGxgyt+I1M4MBfBAfCJsOfe\/b8tglOulKqup7ZfvGuteFFY\/PJPUn641NylM792MAvu16RSGDuaFrLY3LCzpWTlGA7O57U9FpU6f03c\/DVxSzYlf5\/ZBD3\/u6fQk8N7\/3i+3mzvUql\/3XqLz7r+hZOFofG8IgVMUCm15vTqrrSqLupspqpdB9\/7cVH428+U9sXWQJJwAJR6S5vGBJNtsFWuFLLY3Ps\/TsobEAzyShyAVFnX4458O4086un9G5J+LZBbbcBoscVcbh3cUjlOCm8NEv6Y1wbfFpXecqlGlSLrahlIdyu15tcdqQZavjC2dJQemcXm+qxLSJF1kWMSQBBNqj5xWYe4rKNpYBhDmvz7pnCKL++D4\/nyoVLzURcGh4AeHO7SjclFTf29A8QCFmRy3SNbBtcxx0Uhi829bZXooLiWlFtYp2thSAo9fXnhMVI4fyLvwgFo7DKs+L7Ya8gxIof76qHs0hYN1DAbDuS9pq08+wSCuqdm1HEhifWc4Nif8tugMtFaXtqq+SO5W8c5az0WLfTk8J7akVbnvJpAq\/93MDspaVbPDY69g3aExC4Ijbs\/MulQYp2rCtrH+K0aT5fdnd6BopPpjR1qk9Fis+HAhgOTFVfpLNxC+QPO+ZHWXqMFwy0Y3qA03OE8O0mq6ya\/smD4sq325QTymOLLe\/dYXnGzWqkza42YzoSp9Jaqdt1mnszi2HxFEESEyzoyee+0lYLUqn7BoEYIB6CgWR10puTBzRKfdWKfcPG9kUnvnyiQyLpo1JJ3KbXm5\/aks1bwSeswHGA4oM1OEqSdNsfnFgxfNLDIzmJzZweJtvGqmlV9WhNmxnCLzb5oLu81Hk1psJM9YOYjWyTlbfZfBmI4EBQpnOfIAkFxO\/noSoXuMcdaC3njorViXrFCpTdbMHuHBABhseE9Bktdp97g2KQ80bVQa8LSalTpzkdGTXdRi4ZcCKeGjSzLe41vHB4iI8Ni23\/h+9jW1ODTJXuE1XtF1eH\/Lfvr3ozpLnqz5mxp5M8VkT9XBJ8uHdwx5YjEBycLyK8if66YF0rfvzh9peDpnWn\/+irv38cL\/rovc05I7JtHcuFIYMX3xTCctMKd4eL0ahWcTdOMIn+CrdCYRpBbld7i\/10Ri8P9bXP1Ln7VLn7VTl7VDp6MRdlVxGJzfU8Wkt9u58q8gwb2npGQcbj3bUh671j++vPSjT9XsE8WLN0smeL8Mi8IjQs7W2qvnF\/14df5VOd4+fH\/fbyArDzsbOmitU6LQNNX8J\/fl7nxp4rDSfWHk+o3\/VLx8oGsfx3PJ1eiewyWtx2ZWppbRj29SbsZaPEY9dRsxdfFSGesGHx9h7Xk+v2W3suf\/9zejEe3pnpS0iILw8XrYqTNjnwYQRAAgGVRg9rp2qrlUSmZNcOCOLLhnVoz+1QhXDx0rZzZT+ZQ+hNPPx5J9oMbk2EPoFCbXhp+Y\/kIjZ9wFAKC6DPb1sYMkZcawYzr8tVd4eLiVg0AQG20VrTrcpvUTd32Ph2iAwgiWTb6T2F8IhIu1XZbbXCqACsYtgAAIe81vn0012OoXbTXxbprrGThWnFjlyG\/SX0osS7sXFngD8VbuTJxhRKjmJlT33N1C+gTi0KjxZZUoXztkH3vws0\/PvimYMiBGsmODQeXG3rIddVR2zYjQBD5c0Vxi3pUFnEAWnuMP1xqemTLxP23ADw4vOAzJTCTNeTL1KW3\/J9jyWpU57heMCEoBATRpTP\/ki9\/71je4nDxqDk2VzOuyyfvn8jPquvus2Cu08wOjf0XIX\/aLPEcs1b9lspesjF59X9Kkis6yaUFWvBsOF4u1+6LrXlubwZc1bguhlz3SrwDhV+lNAz361UbDrLre16NzqaNPsfejBtC4bw1ccHnyrYJqkY9oriy4NMlT+9KmxkgHHuAx27euK70cGyknRUk\/MvezODTpVH8qm3CqrCzpc\/sSvfyu\/p\/1siTw7vNsVF+y6+VhyUNxy427hTVsE8W3LM+cYovj6lXblyeIbcYPxCZtC5G+muRokFlMFttJqututPwQ1bLywezXKeG46r\/hlA4rhagi5EHEIUMDEARdjQPIAoRhcx7AFHIfAxowuCGp4hCRCHzHkAUMh8DNxQ\/msmIQkQh8x5AFDIfA5owuOEpohBRyLwHEIXMx8ANxY9mMqIQUci8BxCFzMeAJgxueIooRBQy7wFEIfMxcEPxo5mMKEQUMu8BRCHzMaAJgxueIgoRhcx7AFHIfAzcUPxoJiMKEYXMewBRyHwMaMLghqeIQkQh8x5AFDIfAzcUP5rJiEJEIfMeQBQyHwOaMLjhKaIQUci8BxCFzMfADcWPZjKiEFHIvAcQhczHgCYMbniKKEQUMu8BRCHzMXBD8aOZjChEFDLvAUQh8zGgCYMbniIKEYXMewBRyHwM3FD8aCYjChGFzHsAUvj\/h+E3fXQU5i0AAAAASUVORK5CYII=' alt='' \/><\/span><\/p>\n<p style='text-align: center;'>\n<p style='text-align: justify;'><span style='font-family: helvetica&comma; arial&comma; sans-serif; font-size: 12pt;'>La Pinza de Extensi\u00f3n de 10 pulgadas Dongcheng <strong>D072010 <\/strong> es una herramienta esencial para trabajos de sujeci\u00f3n&comma; ajuste y extensi\u00f3n&comma; ofreciendo alto rendimiento y seguridad en aplicaciones profesionales y dom\u00e9sticas. Su dise\u00f1o robusto permite un agarre firme y confiable&comma;<\/span><\/p>\n<\/p>\n<div class='row'>\n<div class='col-sm-12'>\n<div style='border-left: 5px solid #E42327; border-radius: 5px; padding: 5px; box-shadow: 2px 2px 10px #d8d8d8; -webkit-box-shadow: 2px 2px 10px #d8d8d8;'>\n<p><span style='color: #2880b9; font-family: helvetica&comma; arial&comma; sans-serif; font-size: 16px; font-weight: bold; background-color: #ffffff;'>Caracter\u00edsiticas:<\/span><\/p>\n<ul>\n<li style='text-align: justify;'><span style='font-family: helvetica&comma; arial&comma; sans-serif;'><strong data-start='507' data-end='524'>Tama\u00f1o de 10&#8242;<\/strong> para mayor alcance y control.<\/span><\/li>\n<li style='text-align: justify;'><span style='font-family: helvetica&comma; arial&comma; sans-serif;'><strong data-start='558' data-end='585'>Construcci\u00f3n resistente<\/strong> para uso prolongado.<\/span><\/li>\n<li style='text-align: justify;'><span style='font-family: helvetica&comma; arial&comma; sans-serif;'><strong data-start='592' data-end='617'>Agarre firme y seguro<\/strong> que evita deslizamientos.<\/span><\/li>\n<\/ul><\/div>\n<\/p><\/div>\n<\/p><\/div>\n<p style='text-align: center;'>\n<p style='text-align: center;'><img src='data:image\/png;base64&comma;iVBORw0KGgoAAAANSUhEUgAAAQ4AAACJCAYAAADdc9ZxAAAAAXNSR0IArs4c6QAAAARnQU1BAACxjwv8YQUAAAAJcEhZcwAADsMAAA7DAcdvqGQAABvBSURBVHhe7Z1vbBvnfce\/SqRlJDZJMVNEGEiYSgsGmIrxPHjDGGwSLQ1IgLEL\/cIG9qIgNeyFvTemtAEdIq+mUSvYgEGmXxQyMGAmsRfbrBeRUb5oXlCmtCEcamHmoeOwElhET0ShYKVDsq3YQmq1F+Qxdw\/vyPtL3Um\/DxAgek5NRd7d9\/n9f0ZOTk5OQBAEoYFX2AWCIIhBkHAQBKEZEg6CIDRDwkEQhGZIOAiC0AwJB0EQmiHhIAhCMyQcBEFohoSDIAjNkHAQBKEZEg6CIDRDwkEQhGZG9Da5VWqHSBeq7DJhEeGAB36PC36Pm7106iSzZXaJsAjOO45J9xjCAQ97aajoFo58uYYrawV2mbCYCdcootwUosEpRLkp9vKpMHIjyy4RQ2Au4EE0OIV4yItJ9xh72VJIOBzMxQsuJL8WQDzkYy8NFRKO0ycW8iJ1bWZoAkIxDgfz4mULixke3L0dFPeb7GXiHJEpVOFfySGV22MvWYJpFkcs5D31ne+sUj88QrHaRL5cw3a5xl7ucv\/aDBIL0+yy5YgtjqB3HKnrM5LrhHnkyzVUaofI\/6CGFy9b7GWg48Js3rhsqfVhmnDciQSQjAQkv0OYT\/3wCJv8AZLfKcs+OLGQF+kYxy5bilg45gIe5JdDkuuENeTLNaQL+8jIJCmC3nHkl0OWiQe5Kg5j0j2GeMiHyocLuH9tBhOuUcn1TKGKeKYoWSPOJuGAB+kYh+crswh6xyXX+GoT4bUC6odHknWzIOFwMImFaRRv9z40mUIV6cK+ZI04u3C+cRRvzyIW8krWBfGwAhIOh+P3uJFfDvWIx2KGp4DpOSMd4\/AoFpSs8dWmJXU2JBxngEn3mKx4JDZKkp+Js0885MMdJtZ4N1s2fRMh4TgjTLrHkI5xkpjHdid45iTqh0fIl2vdf5LZcs8\/qdye6S\/CWSIZCWCOqSw1exOhrMoZI5kt467INL14wYXKhwuS3zEbo1mVSu0Qqdwe8uUa+Kp6QZhwjSIZeftUUtB2p1I7BHdvB43WcXft+cosOJ\/UKtULWRxnjGQkgIsXXN2fX7xs2XZ3Lu63g3fTK1t4sLWnSTQAoNE6xtJGiQrgZPB73EgsvCVZS219KvnZCCQcZxD2gbGbu1I\/PELicQmXVnf6FrSpha82cWl1x5IgoJOJM1mWzeKB5GcjkHCoIJXbQzJbRt6Eh3wYRLk3JT+b+cAYpX54hPBaAQ+2zC+Nvpstg7u3Y1ntgtPwe9x4P\/hFI2SjdWyaZUbC0YfN4gH8H+SwtFHC3WwZV9YKGLmRRXR9F6ncHiq1Q\/Z\/Ygv8Hrckw\/LiZcsWL1Nxvwn\/Sk6zS6IFqwufnAbbfm\/W5kfC0YfU1p5sWfcT\/gBLGyVMr2yBu7eDdGHfdg8q+8AULXxZ1ZAu7OPSqjRYZxVWFj45DTYYatZmR8LRB7\/niyCjEny1icUMD\/9KDvFM0bQbYxSrehT0YtXQp4sXXJgLeDAX8EiCwny1icRjc1OQTsSqDYSEow9apm01WsfIFKqYXtlCeK1gmkmoF44pBjttivsNoPOiC1y84EIs5MXFCy5MuEa71yZcoz09OGIuXnDhUSyIk4cRpOMcEvPTCAc8SF2fwdPlED5fexdPOylhu1mCZwWq4+gDWxOhlbmAB8lIoEf1hwF7f54uhyz7O9TUcaRye\/B7XKjUWqomVon\/\/veDU0gsTCO6\/gzJyNvgfOOKXaEQTUlLRgKaxP+soub+aIUsDgvZ7jz88Uzx3O98SxslXH24i6WNEl5f\/hj+D3IYuZGF\/4Mcwp2gc3it0K0MBYBb89OYC3iQjgURDnhQWV3oCoqSaICx\/shdsQYSjj5Eg1N9TWa1DHs6k92QSwEKQecXL1vdWo7tcg13s2UsbZQ61kVAMlMinuHxhNeWWn6wtUdjBiyAhKMPnG8c9fvv9dT960GocgyvFWRfpLMM5xvX\/B02WseIZ3jUD49QPzxCdH1Xs2gI0IwS8yHhUEE6FuyZdaCX7XINl1Z3zp31kY4FNVtvT\/gDvL78MV5f\/li3aAiQeJgLCYcK\/B43kpGAaeKBjs8fXd89N7EPud6JYUPiYR4kHCrxe9xIzL+l2eTuxxP+4FxVOcq1e5vBrflp3IkEJOXVSpB4mAMJhwY4X3sArJmctxLp\/HIIj2JBST2HEf7pz367GzyNcm+qsgpJPIxDwqGDpzLTtoxw3sRDGLZsVEDmAh5Mjb+Gu516m3ShitQ1dUczkHgYg4RDB+GAB2GmxNko5008wAiIXiE2UtRG4qEfEg6dpK7PIP6OuQdQ8dWm6SPenEA85EPx9iyer7QndavNvmyXayjuN3EnEsCdSADxkBcpje36mUKVWvF1QMJhgGQk0O2JMItMoWqr+RnDhPONIx3jUFldwNPlEO5fmxkYswivfQJ0enPynQIyrZxHa88oJBwG4bzjeKSjRqEf571EfdI9hnDAg8TCNNIxDk+XQ4rfb6N1jLvZMq4+3O1bhj4IEg9tkHAYRDhZLRx4Q\/Hh1kqjdazZ5D7LhAMe5JffMe37VYLEQz0kHCaxefOyqZ2Yqdyn9ACLaKfC3zE1IC3HWRMPqz4HCYeJ5Dt+uRk0WseWDb9xKpxvHJUPF\/DRjcuIhbyYC3gw4RpF0DtuqjVyVsRDmCJvBSQcJiL45mbtiqmceePszwrxTBH11hHSMQ755RDq999D8fYs6vffw8nDCE4eRvB8ZRYf3biMOwYqVZ0uHqncHi6t7lg235WEw2SEXXFvdV5VCXQ\/7HwmymlRqbWwmOExufRdhNcKSDwu9XxHfo8L9dYREvPTyHcmgt2\/NqNZ0J0oHvVOJ\/GSxWl9Eg6L8Hvc2LzZNqmNcNojCO1Ko3WM7XIND7b2UG9JX+xiZw7s68sfdy2UxMJ0t9hMi1vjJPEo7jfB3dsx3EmsBhIOi6kfGpvqXay2Z3US+hAKvATiIR8qqwuarEEniIfgmshN5bcC2wrHZvEA0fVddtlRxDNFw+pfqQ3nQXAKaibPs7BHMky6x7B58zJuzas\/c9au4tHPNbl4wYXnK7PssinYTjiEL+Lqw11Uaoe2OW5AK\/FM0VBBkoAwHZxoY2rK+\/oMHsWC7LIidhOPfq7J+8EpFG+bd8g0i+2EI7W11\/0i+GoT8QzP\/oqtqR8emSYakNktCXOJh3ymiEe6sN8dwDxyI4t4ptgTtDUbOddkwjWK+9dmsHnz8sBJ8kawnXCwX\/Z2ueaY3o1651xUs0SDMA\/2uRITD\/nwfGVWddCUrzbx+3\/3SfcYUO7eDhYzvOQlzhSquLS6g\/BawZJDv+WC5kFvu0gusaDeBdOLDYWj1zS\/+tD+sQ5BNKzKmxPqkRMJNvPCIlSmqsE19ipKP\/wxljZK4O71r5XYLtfaJ\/19kEMyW7bU9U4sTFvmmrDYSjjqh0c9ppeAnQOlldphj2joLTwijCMnEmpeWM7XblgcROvoF91\/V+tKvnjZwt1sGdMrW4hnirIWgxY4mWrZxOOSqs9pBrYSjn7nWj7hDwx\/2VYgBKjEovEoFkR+OYSTh5FueTRhDnqyKlCwQuSIh3yasi1igt7xbtVqv40jU6jiylqhe2C5HtqZod+RrDVax0PbYG0lHIOEQXykoR1o9wJ8Itl1Ll5wSSL\/UW4K6RhnSiUpIZ9VYXdZOZHotymxpK7P9H3xlRBchSg3hfxyCHur830HE\/GdQrXJpe\/qcmMmXWM9k9P4IR22bSvhkLvhLMNS1EGkC\/s9ooGOSXplrQD\/BznJbiJUkn5047LigyQH+2AQvSS\/U+5mOdKFfdn0pHBanFo2b1zWXKK+mOF77rkwmKhfybswU0TsxuTLNcQzRXD3drqZGu7eTjdbk3hcUuxFebC1N3ATNoqthEPON2V5wh+oEhgrSRf2sZjhe0RDzIuX7Z4K7t6O5Ca2dyP17eFyOywh5cXLFvwr7TNoF\/uk77U8N4Ir4P6VV9lLfVnM8D0v7aR7rFvyrtaNEc7HFQsDX212szUPBsxria4\/60kZm4mthEMt4bVPND0EZpJ4XJI8nIPO9OCrTVzpHKYswPnGkf8L5alWYowM4z1PCL0r\/WBf6EFwvnF8490vs8sDia4\/U3w+1boxRmm0jhG1MBvpSOFotI6RzH5hng6LeKbYo\/T11hHCAQ82b17G52vv4k4kIPsw3M2WJRO1\/R63qvQfCYeUSZf+oqZNGRdmEN\/8o4Bmd7HROh64ual1Y4ywXa5JNiwzcaRwoOOyDGu8nlAGL1fYJZiW4bUCitUmkpGAYhNVplCVBK4433jfwT8XL7iGlpd3CpxvXPdLtl2u6dps8jrO0VEjHmDcmKfLIclzE\/SO46Mbl7tzRthzaOYCnoF\/l57hzWpwrHCgM+jG6qpSobBLLuAmZrtcw5XOfAihiUquJuDB1p7kYUosTCu+CGYfv3BWSH4twC6pRo\/VMekeMyQearMlguUqCEXx9iyi3BdCIpxDI1zPL4eweVNbsN0sHC0cVo\/XY2s0YiEvni6HcGt+WvFmPdja657ToVTKzJ6dovQixKn+Q5Z4yNc3wNiPVE6flWpEPKw8XFxweYaNo4UDooObzUao0RBXsgqzNVLXZ1BZXVCMZwiNUBCdFSJGOEhIIB7y9Vgdt+anKaPSBz3pUhiscxDEQ2tBn1JjnFlEuSndRWt6cbxwoPMi6t1J5FCq0XjCH6iOZ4gf0Cg3hTsRqVWR2pLOExWbpBOuUSSZ3yekCOlSOeEexIOtPd0u7qR7DOkYZzvxSF2f0WwNGcFWwmHENF\/aKJlyU9TUaAjxjOj6Ljb5A+TLP2J\/Beg8oIJ\/m4wEJDtkplCV\/L1i4UjHOEtbos8KQmOaHvGIZ4qqYw9y6BUPK1Okw4x32Ew4fIY+uHhEnB7ENRoTnbkGt+aVg5dP+AMsZniEA290f5f9+8XpMDaWIQTqivtNxNPtVO2t+WmJiBD90SseZvR16BGP7U5FqBUMM95hK+EAgMTCW+ySauqtI101\/5Cp0Wi0jpEv1xDlplD5cKF7IDKLMDQlsTCN1PUZFG\/P9lgWwt\/DxjJSuT3JrMj712aQuq6cniXk0Sse\/\/nDH3fLufU2m+kRj0yhapl4DCveYT\/hMPChhZp\/LZZH\/fAI3L0d2RoNIaYRXd+F3+PqnmOKjkXy0Y22YIjxe9w9aVSx1SG2JvhqE0sbJUy4RvEoFuz5bxHq0Soer74ygl\/88qT7M9tnooV0jNP8slopHsmI9qI1rdhOOCbdY5oVnEVtdaHcHA05nvAH3Rbo6PozTLhGkV9+R9GlYEubWatDjPDfYtcJ7agVD1Y0BOTOaFGL1vml6DwXesWqH0IAd9D3YATbCQc6imkEdseXQ65Go9\/JX0LTmt\/jRmV1QbaiUygW2y7XejItm8XPJD+jUxlo5UDZ88gg8VASDWio9lRC6\/xSGLR0+sH5xi11e20pHH6PW\/EFVsMgi2OzeCCbbuW8492Tv9j0KTrikl8OyWY8xKIhxD3E8Yx0Yb+b5kWnXDi\/HKJaDQtQEo+RESiKhkCjddw+xElnhk6veOhND\/cjHvIZtt6VsKVwwKDVkcp9qhggrdQOkXhc6hGNTKGKqw934f8gh03+AMlIQCIedyIBxTSpIBqC9SK4KmLLh+8MbWm0jvsKEGEOrHiMjAAn\/TWji9GaCz3iYdVU9FSfXigj2FY4jBze\/OJlqzv0JJWTDjXxe9yofLiAz9fexaNYsMelEM\/RuJstdwOXSkLGujzoxETqh+2uWZb712aGljI77wjm+ugrI6pFQ4CvNntaA7SgVTyMuklKWLU52VY4IFP3oIVG6xiZQhVLGyVcWStg5EYW4bVCd6T9pHsM8ZAPmzcvd2cjiOGrzYGBS6EsXW4AUbHalMzHpMzJ6RAP+fD3X\/8tdlkVRjMfgniwLpMS7doSawfwmIWthcNoQRjLdrmGpY1Sz6RpoXDm6fIXw3WC3nHFIChEojHpGkN++Z0e4dksHiDx+L8AypycOmz9jBaMZj7iIZ9svEWJFy9bhtykYWFr4YDBgrB+CHM0ouvtoybRcY+Kt2dxa366bwxCHFytt47g97iQmJf+nQ86J9JR5sQe6O1rgQmZDzbeMgjeAScY2l84NBbWaEVco4GO9ZG6PqMoGunCPq4+3O0GVxutY2zyB7LCQJkT+6D15WW59S\/6azyg4\/\/\/CX9gyE2yGtsLhxkFYYNotI6xmOEH3iihAY6tyhNcHnEKmTIn9kN4efW4Lc2faRvKI4dW8cgUqpaN\/jOK7YUDQ5z03S8YlsrtYTHD4\/613n6USq2FdGG\/OyyXMif2hfO1XUdW\/NUgNMYZiT9oFY+72bIhN8kqHCEcw0RO5eOZIpY6qTnBJRGXmxf3G1jM8JQ5cQh6p3mBGdKkF63iYTTGYgUkHDLczZa77kcqtydpgBNuoDim0WgdU+bEYRgVDyXLVC16xMNIjMVsSDgUEKyOKPemZF0oDRa7T5Q5cSaCeLBFgGqQs0y1wvnaKX+14mVFgZheSDgU2O4cw8f2zTRax50ajbbrQpkTZzPpHpOt8FWDGfEHLZaPVdWleiDh6IPwULAjDa8+3AVfbVLmxOHUO+flCPErPZjhQjhRPEg4+pDpzAWNypiylDlxNvlyDf6V3MDzctRgxousVTyMdPCagSOEQ89NmQt4DLXmC+TLNUy6x7r\/LcqcOJ9ktowra4WeDmnh3vY7XU8Os15kLeJhtIPXKI4QDqUp4nK8H5zCv\/7lO4gGpxANToH\/a\/lZoWoRsivhgIcyJw5HGH8gdyxi0NvOcsRDPiQWpjV1tsLECeZOEQ\/bC0dxv9mzMygR9I4jHvIi8u3vYWmjhKWNEoLf2kE44NEtHoJwcJQ5cTSCayJ3or0QqxLf23jIh7sau7PNmmDuBPGwvXDItawrkYwEZIf0LGZ4LP+hvmY5Yc5GlJuizIlDGeSayA1oSuX2cOc7vZbJIPpVH2vB7uJhe+HgVHxxAn6PW3Jko5iXPz1SdRPk0BNjIU4fta6JGDMyLedBPGwvHJPuMdXVda8M+DR6v1QtVg9hH4QZsCxyrglE09zMyLRkClVTjiXVKh7Dascf8KrZg3DgDXZJlv\/434ZsJkVoSFOyRgZhpCOSOB2S2bJknCNEZ+EouSbCwVhmsbRRMlwgBo3iMax2fEcIB1v2rUTicQnf+uO3JeIxF\/DgH\/\/0ku4TytHpfiWcRfoT6QsrtAWwZ+FodU1+7bVRTbGuxQxvmuWh9qwUsatkhnDJ4QjhUDv6rdE6xte+\/T2EAx48X5nF3uo84iEvvv4Pz3t2H+Jsw1oOcm0BWl2ToHcc3\/\/mLJ6v\/IGq3V9gaaNkihWgpTEuU6jid\/\/m37BokeviCOGAhsHFjc4xkJdWdzC9soXFDN\/zEBHni6B33LBrcmt+GsXbs\/B73JpcBwGzAqZahhE9q9TZJdNwjHDEQz5NN8pMxNPKCefBV5tdd6G439TkmghxEfZUtEn3GN6b+ZJkbRBmiofeYURm4QjhSHa6EDdvXlZlppkNa+IS9ocNki9tlDByI4tLq9pcE6W4SHitgL\/9+H8k62owSzwEq4f9nMPCEcJRPzzCYoZHvlxT7eMR5xulA7TUInZNxPSrQFWL2eKhtyraCI4QjmInsClkRoYtHuSq9GeY90It4YBHc78J+rgm6FOBqgezxAMA0jFO12c1giOEo\/Kjdh1Fe1jsM\/g9rqG2tLO7DiGF8010\/93ITmw28ZAPTzWY83MBDyqrC4quiVwFqhEE8dBbmCgmHvLh+Yp0iLaV6BYOthRcfD6r2Ygj3y9ethB9uIsoNyV7ojxx+tipYC7cmdB28jCC5yuzitbRnUgAeZmhTFpdk7mAB9\/+k6+yy4pkClXTSsWFoGks5O0KiNLnNYpu4WBLwdV+sVqR6xPZLteQyu0hGQmo3k30cpqRa6fAjt6zchPRS6V22D19T8yEaxRPl0OyMRGtrokgPn8+55ccJzoIM\/tMhEKxyocLOHkYQf3+e+yvmIJu4YBMKbgwyNdMlPpEljbaJ2ulNRzqqwd2ByJ6Gab1qZdkttwjAIJrwgqfVtdETnzals47eG1U3StmpngMA3WfSgG2FHxTZZpLC\/0ewnimCL\/HjWTkbfYSMUTYmIAwctFOsJua0vnAelwTOfGp1A4RzxTx8+NfStb74STxMCYcwSnJbp8pVE33b\/t9iXy1iWS2jMTCtGUuBbubEvKwKcHUlvH+DDMRWxsXL7hMyZooxUU2i+3ziPW0OfDVJvwrOVkX3U4YEo5J91jPbmN2W6+QilXibraMSu1Q9kEwA\/ahIORh51oI98UJmOGaCCQelySHkuuhYZNJ5v0wJByQKbQRApdmIaRi+xHP8IbGAxLGCcsMh46uG5\/BaRZiy\/jFyxai67vIl2tIZsumuCZCw9wDkywtu4uHYeHwe9w9adGljVLf2IQW1DQhbZdrSBf2e0TMDNgHhFAmzRQhtQfLmFPkZBTWMn7CH+BKx8pQax0ouSbpwj7Ca5+odk2++hu\/zi7JYmfxMCwc6FgdbIwhuv7MsHho+cISj0uYdI2R1XGKyG0iZlZIGiEZCejOvl284JJ1TeqHR4hniljM8KrEZ6Iz4\/T735xTXelpV\/EwRTjQKXsV35hG6xhX1gqG3BalVKwcjdYxUlvt2g7i9EhGAj1nsZpZ5KQXv8c9sFVB7tr7wSkUb8\/2WJ7F\/XYGJCM6kLwf7IzTeMiHRypLCQTxsFPMyDThUBoysrRRQnitoMv60KqyQnDLTKuDfWCIwaRjwR4LdLuT5rRqIpUahEOe71+b6R7YNRfw4Nb8NPZW5zHpkrogsZAXmzcvG3ZNlGachgMevDn+mmRNiXa7xe6piq8Y04QDfcRju1zDlbUCwmsFpAv7qj+8FotDIJktk9Vxyii1fDdax1jM8PB\/kEMqt3cqO+ikewyJhXYNh\/BP6vqM7IT8FHOim17XRG7GabqwD+7eDsqf\/VSy3g871XmMnJycnLCLRqnUDhFdbx\/MrETQOw6\/x92jwgDw3wc\/wb9\/+nnPjVTDu7\/5JfzeW6\/jn5\/9ED\/47CfsZU28NvoK\/uq9r7DLjqBSO5SY0U+XQ6diPSUel\/pmGi5ecMH\/hvtU\/jYWNh37jXe\/jF8dexUAcND4OTb5A3zW\/Lnkd5R4c\/w1RINTmJqQWhQ\/O\/oFvlv6P9l3Y2QEUPM2Br3jPcHefog\/11ynd8colgiHQDJbRir3qSp1JqzltIQDnWrMeLqoayMgzMUs4TDVVWFJRgKorC7gjoGINuF8wgEPKh8u4JFM7INwJpZaHCybxQNs8gco7jdlTTXCOk7T4mAp7jexyR8gX66pLrwizMEsi2OowsFSPzwaWFJOmAMnM+nbTujJuhHamXSNycYVtXKqwkEQhDOxNMZBEMTZhISDIAjNkHAQBKEZEg6CIDRDwkEQhGZIOAiC0AwJB0EQmiHhIAhCMyQcBEFohoSDIAjNkHAQBKEZEg6CIDRDwkEQhGZIOAiC0Mz\/Az2aVhkunD\/TAAAAAElFTkSuQmCC' alt='' \/><\/p>\n","protected":false},"excerpt":{"rendered":"<p>Pinza de Extensi\u00f3n para tubo de 10&#8243;<\/p>\n","protected":false},"featured_media":22846,"comment_status":"open","ping_status":"closed","template":"","meta":[],"product_brand":[],"product_cat":[130],"product_tag":[132,25,131],"class_list":{"0":"post-22847","1":"product","2":"type-product","3":"status-publish","4":"has-post-thumbnail","6":"product_cat-herramientas-electricas","7":"product_tag-dongcheng","8":"product_tag-herramientas","9":"product_tag-herramientas-electricas","11":"first","12":"outofstock","13":"sale","14":"shipping-taxable","15":"purchasable","16":"product-type-simple"},"_links":{"self":[{"href":"https:\/\/soydeaqui.ddns.net\/pachuca\/index.php\/wp-json\/wp\/v2\/product\/22847","targetHints":{"allow":["GET"]}}],"collection":[{"href":"https:\/\/soydeaqui.ddns.net\/pachuca\/index.php\/wp-json\/wp\/v2\/product"}],"about":[{"href":"https:\/\/soydeaqui.ddns.net\/pachuca\/index.php\/wp-json\/wp\/v2\/types\/product"}],"replies":[{"embeddable":true,"href":"https:\/\/soydeaqui.ddns.net\/pachuca\/index.php\/wp-json\/wp\/v2\/comments?post=22847"}],"wp:featuredmedia":[{"embeddable":true,"href":"https:\/\/soydeaqui.ddns.net\/pachuca\/index.php\/wp-json\/wp\/v2\/media\/22846"}],"wp:attachment":[{"href":"https:\/\/soydeaqui.ddns.net\/pachuca\/index.php\/wp-json\/wp\/v2\/media?parent=22847"}],"wp:term":[{"taxonomy":"product_brand","embeddable":true,"href":"https:\/\/soydeaqui.ddns.net\/pachuca\/index.php\/wp-json\/wp\/v2\/product_brand?post=22847"},{"taxonomy":"product_cat","embeddable":true,"href":"https:\/\/soydeaqui.ddns.net\/pachuca\/index.php\/wp-json\/wp\/v2\/product_cat?post=22847"},{"taxonomy":"product_tag","embeddable":true,"href":"https:\/\/soydeaqui.ddns.net\/pachuca\/index.php\/wp-json\/wp\/v2\/product_tag?post=22847"}],"curies":[{"name":"wp","href":"https:\/\/api.w.org\/{rel}","templated":true}]}}