{"id":22843,"date":"2026-03-18T11:05:07","date_gmt":"2026-03-18T11:05:07","guid":{"rendered":"https:\/\/soydeaqui.ddns.net\/pachuca\/index.php\/producto\/juego-de-8-desarmadores-crv-con-mango-bicolor\/"},"modified":"2026-03-18T11:05:08","modified_gmt":"2026-03-18T11:05:08","slug":"juego-de-8-desarmadores-crv-con-mango-bicolor","status":"publish","type":"product","link":"https:\/\/soydeaqui.ddns.net\/pachuca\/index.php\/producto\/juego-de-8-desarmadores-crv-con-mango-bicolor\/","title":{"rendered":"Juego de 8 desarmadores CrV con Mango Bicolor."},"content":{"rendered":"<\/p>\n<p style='text-align: center;'><span style='font-family: tahoma&comma; arial&comma; helvetica&comma; sans-serif; font-size: 12pt;'><img class='fr-fic fr-dii' src='data:image\/png;base64&comma;iVBORw0KGgoAAAANSUhEUgAAANcAAABnCAIAAAAc1UCXAAAT7klEQVR4Ae2dd1gbR\/rHBTZuJE7suCUmubSLfYmd\/iTPXS6\/5HJpvzzJJffLpdwjATZgg8GY2MEluLfExnFix7Fjp5zL4TSrAqIITDFgehEguqkSIASoorba2V+khWG1orotQcOzf8xKu7Pzvu9nvzPzzshmYY4\/FpuLDuSBm+wBkj0Mw1iIwpvsevQ46AFEIdJ+5j2AKGQ+BlAS3LaAKEQUMu8BRCHzMXBbCYSGIwoRhcx7AFHIfAygJLhtAVGIKGTeA4hC5mPgthIIDUcUIgqZ9wCikPkYQElw2wKiEFHIvAcQhczHwG0lEBqOKEQUMu8BRCHzMYCS4LYFRCGikHkPIAqZj4HbSiA0HFGIKGTeA4hC5mMAJcFtC4hCRCHzHkAUMh8Dt5VAaDiiEFHIvAcQhczHAEqC2xYQhYhC5j2AKGQ+Bm4rgdBwRCGikHkPIAqZjwGUBLctIAoRhcx7AFHIfAzcVgKh4YhCRCHzHkAUMh8DKAluW0AUIgqZ9wCikPkYuK0EQsMRhYhC5j2AKGQ+BlAS3LaAKEQUMu8BRCHzMXBbCYSG3xAKH94kqZBrcQBGOKw2vENrzqzrjk6sfzU62ztQ6MGZhEB4cLhT\/XhLN0nWxkjP5rQmV3VJarsFJYrdouq\/H8ia5s+flFZDvMZYuDEUbpZUKnTEmP8AQbSrTd9mNL1yIGtOcOwYmz7BL5u2gv\/0jrSdgqpyudaGgyGd0W2wnM5qfuuLnElj9dUFZUJQCCPUY7D8N6d1eVTK1Rkzce6aHxr\/eWJ9Q5cBB0PzB00mCKLHYBGWtL\/4Wabb6uLEopAgCBwQnVrz8\/szJw5S423J8q2p1e264fSPyh+13G2whJwpnerHG+\/jJsH1E45CMjAao\/Wdo7lefvzfnYuf25shbdNQ8Rp7WWfC1v8oneb\/+7P6GsN0QyicvyYu7FzZbkH1cMceYfWBhLrT2S3ZDT1Gi23IOFW1657dnX6N5t3k2x\/alFzcMjSCOCDkGlNJq7a4RdPYY8Rs+JBWG8y2iPPlnr52Rbzn4yR43GRDbvLjbgiFHmzuFF\/eVL8RDv40f753oHBeSNzDn6SczGjqc2ERACKpUnmT3XEtj5u9SjQkghYb\/kuh4sWDWYvDxQtC4xeExt0VLn5mT8bXaY1mbIg3sMdgeePzHJY\/X642kUdbr5E1qXvqG0LheGM5xZf3zle5DV0GV3nwO1U43toYuX6qH28bT0YbC2I2UNyiefGzS8M16aHNEolMabIO6iJmA9Xtun8ezWWt4ENvAABY\/pN5vHhDKPQOFP55T8Yr0VnweHbX6H3rC\/szG1V90PVkobXHOH9N3HBRnDif\/2mzpKxNS208ZgPcQsV96xNHbuRv6njCLop2EOW9puiEugc+TrLfgigc2XGjfvtQZHJmbXen1gyPpIrOUe9isbnvfJVnsjp1UjgAvkzIodcKgc\/6xPsik2cECvtbzuGyODz74fKf93pwuKtOl1idh3rSVs2DHyd5uFzsevu8NXFJlcpL9d3P78ucsVLQfwGi0NVT4\/rkYZesdUFj71hqmBMcKyrtoCoKQRAxOa1THKN1sgYPNnduSOxbR3LP5baVKXRShY5b2u77XdH80DjqZSw297Ck4VRG88mMpk\/FtbcECb0DhAtC4xZvSLorImFucKzXUFNRL3\/+Q5slx9MblXoz2Qy9GbtQpHhyV1pJq6al19jSawz4TwnNFi8\/vrC0ndpsGw7e+TKXdtkIp7eHxE2lJQScKfTw589YKbgjJG7R2viFYfG3rxYNmdPx4HBvDRI+\/+mlI6lXJLWqi\/U932Q0vX44Z67zWsDCtfHrL1QekDQckDT4\/1A8M0AwK0AwLyRuUbh4YWjc7FUimidhy29fHftydPbx9KbMKz0ZDT0nM5teO5yzdLMk\/KfyHbE1G3myJZsl8OKxF25Ij3zVFHr68iLOS8nuCQY1p657cbiYNMnLn\/\/G4Zz0GhXmvBoBCKK0VcM5VUh1X6e2n6QOjdnvu6If89ra1CYzhuvNWEmbdqeg6r4NTt3lzABBxHlpu8YEHw0LJgyHY76Pfiyn+dc7SNSlt8CLCYLIrOumtoR2\/ZhOnSl84WDWibTGyg59b5+1U2fOqu\/ZcqHyXpfu\/vn9mbGlHTRVttrw9BrVP768DF+8ZVtSZAOLW5IKpe+pwjM5rTWdenWftVNrlsiUYefKZq8SUds51Y\/\/v5\/nSGRKi7Pk4wA0dBl0Jsyefu+zvn1kHO8erH9iUchic1+Nzob0kHGt7dA\/ue0ii8315PA+PFHQ1mukxptaVukt4eel0DZYD2YDKr2FtohhwfA4acfs1YO+Dj8vVRut1AqHLLtS+MSONFrlnGsfRVApJIjmHiNtFcZqw7lFCp91CdDeP+\/LqFcaaJdBEzp15oDvi8kcEJVCdZ+1t49udZ\/Fxi1S3BrU7xxPDu+D4wWtw3uefMrkofDRqNQGpdNkuV1tetGxlLJkYzJMCNtw0NjddyT1yiFJQ6VicKECAADXXSCFMBI4ALQgRQmqyCgu2SLB8P65qhnDz+e1\/e1Q9lN70veLa2k650oh+2QhfARBEBgOfD4ahANSMr4ChUJYOa3xBEFs+qWCrHZhWDxspw0H9UpDdHL97vja4hYN7DdqO\/VPbktlsblUCoerHAAicqDypRuTy+X9cy8cB3K16fTl1jOXW1t6jNQlyslD4ZKNyTUdeugagiBUBsur0dksNnfTLxUkRAYz9ll87W0DMjZ9pSA8Rqoa6BP5xe3ejikFlUKl1nyhQL5LVP1dRtMVSkqoXWuetkLg6cuLyW0jH6rus\/p9V0RqBovN9eBwX\/g0s6V7UIBdKdzwo5TaYKXOsjAsfnzMuU5inCnUGrFEaedRSUPM5VbH8nT\/AysVWnsv4cvbwa8igdCZsF2CqlkDk6pZgcID4loyHQsAsTe2xoNDp1Cls\/CLFMdSGn7Nb+ugDEhSZF1zQ+wJiq1cGSn2BrPtYELt3DX9O05mr47dJaiGHcjkoXDZJyl1nU5aqDJYXnNQWNSiJn2fWN55+2qnrTeevry9ohoyDLWd+ie223twSKHBbNvwUzmJ5jR\/\/svRWdSR0x8+TrozXAwF+MuUBtddBatPl0DOXCn86LwThSr99adwl7B6bojdZC9\/\/ptfXFao+wevVgz3XiWcHxonqVSSLTyd1TwrQDjVn788KjXkbOm5nJbiZjUcapfLtZ4cHlULNUar78kCktrpKwX\/+OKyeqCDLmvTLnXMNmTt\/Tuk4so6aJ738uMfkTSQIj15KPyf\/ZltvU7zg3aN6W+fXpoWJIJrfUOmsl\/Yn0lOLFQGy5tfXqZSKO81LqaMnzw43HzKOtuyranP7EgjNcCGg5eis1xlbOYqEQykK4XvnyiAjDo2ZIA\/bHDk\/FwVbuyfOGvhLZS3ztOPl17dRT4RB2BRuPjhLSlSR7bSaLUdSKj7NKGuVmkwU2ZUsHkmKz5rdSyVwuRK5TyH4JFWewcKEyv6ga7u0D++LfWW1SJ8YC743tf5rs555WCWymCfnE0eCv2\/LdKbnVKG9UrD09sv3r4mDs5SXz+U4+qLZ3amXXEkvTVG7N1jeVQKW7uNd1AczWJzLzb0wMA8uu0ipBDDwYsHh6IwSARXOFwpXBaVShuxBZ+hZ3NcGzzKJxQKXddOkgZAwQFYHJHw+NbUaudhDLSOfCt6+6wyhU4s7djOl80IEFApFBW3z6EgPitACJNlDgov+kQkwNH0c\/uG2Ov0l93pLT32EcskoXDGSsHRlH55h37Mbei5JyJhqj+\/2\/HCEQSxjStzDeFbX1zWGO35gg6t+RWHnsEeubXbOM95AYZG4d0fJTQPLNvsFtW4Vv7e8XzImSuFMwOFcspwiiCIkhb1tBXXtjWGQiFBECzn7GYyhUKfiMQHI5MKm\/qHK9BvAAC5xiQq7djOq\/rn0dxHtkhmBvSnxJ0oLBmFwpkBQtgPhJ4rc3XO20dytZMpU3N3REJtp9PUhCCIXwvkZKIrvryTdLFMoaWlyrz8+NwiBTmClrZp\/7gx2UkLXZYBaRR6+vISKvor1xgxclgJ3X3v+sSm7sGlRVcKp\/rxfsrvn9yQLcQBsfL7IljD1RRGpFDiTOGsQCG\/SAH5a9eaT11qfv2LnDvXim8NEs4Pje9fFRwYD4yLQhabm3ull6y8qEm9wHni5eXHvzDg+cmghZ6+vJ2iauhKsgAAWHOmlIwi+5tCo2N9DwdALO14dmfanWvj7wyLf2SL5Ex2C+w1jl+8QmaMB7VwNApZbO5LB7Pgvp7ePmvYubLln6Qs3ZT87ld5JS0aajrQlUIPDpdzqhB22WTL6zv1T2y76DrRoRHpwebeHZEQW9bx4YmCOcGxgyt+I1M4MBfBAfCJsOfe\/b8tglOulKqup7ZfvGuteFFY\/PJPUn641NylM792MAvu16RSGDuaFrLY3LCzpWTlGA7O57U9FpU6f03c\/DVxSzYlf5\/ZBD3\/u6fQk8N7\/3i+3mzvUql\/3XqLz7r+hZOFofG8IgVMUCm15vTqrrSqLupspqpdB9\/7cVH428+U9sXWQJJwAJR6S5vGBJNtsFWuFLLY3Ps\/TsobEAzyShyAVFnX4458O4086un9G5J+LZBbbcBoscVcbh3cUjlOCm8NEv6Y1wbfFpXecqlGlSLrahlIdyu15tcdqQZavjC2dJQemcXm+qxLSJF1kWMSQBBNqj5xWYe4rKNpYBhDmvz7pnCKL++D4\/nyoVLzURcGh4AeHO7SjclFTf29A8QCFmRy3SNbBtcxx0Uhi829bZXooLiWlFtYp2thSAo9fXnhMVI4fyLvwgFo7DKs+L7Ya8gxIof76qHs0hYN1DAbDuS9pq08+wSCuqdm1HEhifWc4Nif8tugMtFaXtqq+SO5W8c5az0WLfTk8J7akVbnvJpAq\/93MDspaVbPDY69g3aExC4Ijbs\/MulQYp2rCtrH+K0aT5fdnd6BopPpjR1qk9Fis+HAhgOTFVfpLNxC+QPO+ZHWXqMFwy0Y3qA03OE8O0mq6ya\/smD4sq325QTymOLLe\/dYXnGzWqkza42YzoSp9Jaqdt1mnszi2HxFEESEyzoyee+0lYLUqn7BoEYIB6CgWR10puTBzRKfdWKfcPG9kUnvnyiQyLpo1JJ3KbXm5\/aks1bwSeswHGA4oM1OEqSdNsfnFgxfNLDIzmJzZweJtvGqmlV9WhNmxnCLzb5oLu81Hk1psJM9YOYjWyTlbfZfBmI4EBQpnOfIAkFxO\/noSoXuMcdaC3njorViXrFCpTdbMHuHBABhseE9Bktdp97g2KQ80bVQa8LSalTpzkdGTXdRi4ZcCKeGjSzLe41vHB4iI8Ni23\/h+9jW1ODTJXuE1XtF1eH\/Lfvr3ozpLnqz5mxp5M8VkT9XBJ8uHdwx5YjEBycLyK8if66YF0rfvzh9peDpnWn\/+irv38cL\/rovc05I7JtHcuFIYMX3xTCctMKd4eL0ahWcTdOMIn+CrdCYRpBbld7i\/10Ri8P9bXP1Ln7VLn7VTl7VDp6MRdlVxGJzfU8Wkt9u58q8gwb2npGQcbj3bUh671j++vPSjT9XsE8WLN0smeL8Mi8IjQs7W2qvnF\/14df5VOd4+fH\/fbyArDzsbOmitU6LQNNX8J\/fl7nxp4rDSfWHk+o3\/VLx8oGsfx3PJ1eiewyWtx2ZWppbRj29SbsZaPEY9dRsxdfFSGesGHx9h7Xk+v2W3suf\/9zejEe3pnpS0iILw8XrYqTNjnwYQRAAgGVRg9rp2qrlUSmZNcOCOLLhnVoz+1QhXDx0rZzZT+ZQ+hNPPx5J9oMbk2EPoFCbXhp+Y\/kIjZ9wFAKC6DPb1sYMkZcawYzr8tVd4eLiVg0AQG20VrTrcpvUTd32Ph2iAwgiWTb6T2F8IhIu1XZbbXCqACsYtgAAIe81vn0012OoXbTXxbprrGThWnFjlyG\/SX0osS7sXFngD8VbuTJxhRKjmJlT33N1C+gTi0KjxZZUoXztkH3vws0\/PvimYMiBGsmODQeXG3rIddVR2zYjQBD5c0Vxi3pUFnEAWnuMP1xqemTLxP23ADw4vOAzJTCTNeTL1KW3\/J9jyWpU57heMCEoBATRpTP\/ki9\/71je4nDxqDk2VzOuyyfvn8jPquvus2Cu08wOjf0XIX\/aLPEcs1b9lspesjF59X9Kkis6yaUFWvBsOF4u1+6LrXlubwZc1bguhlz3SrwDhV+lNAz361UbDrLre16NzqaNPsfejBtC4bw1ccHnyrYJqkY9oriy4NMlT+9KmxkgHHuAx27euK70cGyknRUk\/MvezODTpVH8qm3CqrCzpc\/sSvfyu\/p\/1siTw7vNsVF+y6+VhyUNxy427hTVsE8W3LM+cYovj6lXblyeIbcYPxCZtC5G+muRokFlMFttJqututPwQ1bLywezXKeG46r\/hlA4rhagi5EHEIUMDEARdjQPIAoRhcx7AFHIfAxowuCGp4hCRCHzHkAUMh8DNxQ\/msmIQkQh8x5AFDIfA5owuOEpohBRyLwHEIXMx8ANxY9mMqIQUci8BxCFzMeAJgxueIooRBQy7wFEIfMxcEPxo5mMKEQUMu8BRCHzMaAJgxueIgoRhcx7AFHIfAzcUPxoJiMKEYXMewBRyHwMaMLghqeIQkQh8x5AFDIfAzcUP5rJiEJEIfMeQBQyHwOaMLjhKaIQUci8BxCFzMfADcWPZjKiEFHIvAcQhczHgCYMbniKKEQUMu8BRCHzMXBD8aOZjChEFDLvAUQh8zGgCYMbniIKEYXMewBRyHwM3FD8aCYjChGFzHsAUvj\/h+E3fXQU5i0AAAAASUVORK5CYII=' alt=''><\/span><\/p>\n<p style='text-align: center;'>\n<p style='text-align: justify;'><span style='font-family: helvetica&comma; arial&comma; sans-serif;'>El Juego de 8 Desarmadores CR-V <strong>D091253<\/strong> est\u00e1 dise\u00f1ado para ofrecer m\u00e1xima durabilidad&comma; precisi\u00f3n y comodidad en cada uso. Fabricados en acero Cromo Vanadio (CR-V)&comma; garantizan alta resistencia al desgaste&comma; mayor vida \u00fatil y excelente desempe\u00f1o en trabajos profesionales y dom\u00e9sticos.<\/span><\/p>\n<\/p>\n<div class='row'>\n<div class='col-sm-12'>\n<div style='border-left: 5px solid #E42327; border-radius: 5px; padding: 5px; box-shadow: 2px 2px 10px #d8d8d8; -webkit-box-shadow: 2px 2px 10px #d8d8d8;'>\n<p><span style='color: #2880b9; font-family: helvetica&comma; arial&comma; sans-serif; font-size: 16px; font-weight: bold; background-color: #ffffff;'>Caracter\u00edsiticas:<\/span><\/p>\n<ul>\n<li style='text-align: justify;'><span style='font-family: helvetica&comma; arial&comma; sans-serif;'>Fabricados en Acero Cromo Vanadio (CR-V).<\/span><\/li>\n<li style='text-align: justify;'><span style='font-family: helvetica&comma; arial&comma; sans-serif;'>Punta magnetizada.<\/span><\/li>\n<li style='text-align: justify;'><span style='font-family: helvetica&comma; arial&comma; sans-serif;'>Mango ergon\u00f3mico&comma; Antideslizante y de alta comodidad.<\/span><\/li>\n<li style='text-align: justify;'><span style='font-family: helvetica&comma; arial&comma; sans-serif;'>Juego de 8 Diferentes tama\u00f1os para distintos trabajos:<\/span><br \/>\n<table style='border-collapse: collapse; width: 92pt; height: 128px;' border='0' width='122' cellspacing='0' cellpadding='0'>\n<colgroup>\n<col style='mso-width-source: userset; mso-width-alt: 4461; width: 92pt;' width='122'><\/colgroup>\n<tbody>\n<tr style='height: 16px;'>\n<td style='height: 16px; width: 122.656px;' height='22'>SL5 x 75mm<\/td>\n<\/tr>\n<tr style='height: 16px;'>\n<td style='height: 16px; width: 122.656px;' height='22'>SL6 x 100mm<\/td>\n<\/tr>\n<tr style='height: 16px;'>\n<td style='height: 16px; width: 122.656px;' height='22'>SL6 x 150mm<\/td>\n<\/tr>\n<tr style='height: 16px;'>\n<td style='height: 16px; width: 122.656px;' height='22'>SL6 x 38mm<\/td>\n<\/tr>\n<tr style='height: 16px;'>\n<td style='height: 16px; width: 122.656px;' height='22'>PH1 x 75mm<\/td>\n<\/tr>\n<tr style='height: 16px;'>\n<td style='height: 16px; width: 122.656px;' height='22'>PH2 x 100mm<\/td>\n<\/tr>\n<tr style='height: 16px;'>\n<td style='height: 16px; width: 122.656px;' height='22'>PH2 x 150mm<\/td>\n<\/tr>\n<tr style='height: 16px;'>\n<td style='height: 16px; width: 122.656px;' height='22'>PH2 x 38mm<\/td>\n<\/tr>\n<\/tbody>\n<\/table>\n<\/li>\n<\/ul>\n<\/div>\n<\/div>\n<\/div>\n<p style='text-align: center;'>\n<p style='text-align: center;'><img src='data:image\/png;base64&comma;iVBORw0KGgoAAAANSUhEUgAAAgAAAACACAYAAAB9V9ELAAAAAXNSR0IArs4c6QAAAARnQU1BAACxjwv8YQUAAAAJcEhZcwAADsMAAA7DAcdvqGQAACWjSURBVHhe7d1PbCLZvh\/wb0e2XiCRzW2udK0E1HikMAsrolryu1LNwqaNojsLrppedCtKFuBd9yJqGmWTdkumlfYsbTpS1F5EalimezG0Lle5s8DG1lOzGCtT6MVRhvfSxgJFnmTw2NYTvBc7z1lA0VWnqqCAKlxQv49UmnHhf+2i6vzO75zzO7eur6+vQQghhBBb+QfsCUIIIYRMPgoACCGEEBuiAIAQQgixIQoACCGEEBuiAIAQQgixoVtaqwAq9QbSxRp7mpjA53bA53aC88zA5ZxmX74RdP1Hx+WYBued6bwPrCKZK7OniAmseP3TxSoq9SZ7mphAfO4H\/W72JdNpBgCFch33NovsaWKyO7cdiHBziPFecN4Z9uWRoet\/M+7cdiD4pRuRwBwi3Bz78kjdepxjTxGTzTqmEOHmbvz6BzeL2CvX2dPEZAHPDGK8FxHuNyMJBikAsLCAZwbJsP9GHgR0\/W\/endsOJH\/vR4z3si+NBAUAN+vObQdiX3mRDPvZl0xHAcDNi\/IeJMN+UwMBmgNgYaXaBR5sHyC4WUSl3mBfJhPu+LSJ1UwJ3Kt9CNUL9mUy4Y5Pm3iZK8P3PI8CNca2kynWML+2g\/i7Q5w1LtmXDaE7A7D1cOFGU9KTrFJvoFJvIiucoFRTf9DPOqaQerQwst4ge\/2jvGdkP9tuxOtfKNe79rq2Hi4gHppnT5tGmgGg62+es8YlhNoFhOoFCuWfcd68Yj8FAPB0ZR6pRwvsaVOwGYDdBC97nRinUK6jUm+g8GMdx6fq8y4Cnhlknywang3QHQDsJvgbmaRgN2eNS6SLNaTyn1TfDG+jgZE8iNnrvx7230gq0m7OGpfIlk6Q\/ENZ9fpHeQ\/SUY49bQppAEDXf3TSxSrSxZpqMDiq688GANfbYdnrxBxC9QKpnU\/IqEzAnnVMoZD4ytCOOA0BWIzLOY14aB7CiyWsqzxwVzMlpItV9jSZEC7nNGK8F5VvQth6uIBZx5Ts9UyxhlhGkJ0jkyXGe1FI8HgbDdD1txnOO4N0lMPRxgqWmQ73efMKwc2Phg4HUgBgUS7nNJJhP35YW1I8BFYzJWSFE9k5MnnEQDDgkUf8mWKNgkAbiPFeVDZCioYgU6wh\/u5Qdo5MFp\/biUKCx9ZD+ZCPGAQYNSeAAgCL47wzqGyEFI1ALCMY9iYg1iU+CNjrv5opGdoTINbkck6jkOAR5T2y8693jqgTYAPx0DzeRgOyc+fNK0S2D2TnBkUBwBgQHwLSTMB58wqxTEn2eWQyidefDQIoFWwf6SinyASYOTucWEeM9yqCgL1y3ZAsIAUAY8LlnEb2yZ\/Lzn0ondDyIJtoXf9FWRBYql0Y8hAg4yH7eBF3bjs6Hx+fNpHaOZJ9DplMMd6LpyvyFUDJPwxfqZMCgDES9LuVbwIq12obPrcTyfCXsnNGPATIeHA5pxXLAFP5T5QFsInUowVFADhsB4ACgDGTDPtlvcC99hpSYg\/x0LziIUBZIPuIcHOyoYDz5hWyJZoLYBfJ38tXhqXyw2WAKAAYM+IyMams8JPsYzLZ4qEvZB8P2wsg4yXOZAHp\/rePGO+VdQBKtYuhOoAUAIwhRQBAPQBbiTEzwgs\/UgbATiLcnCwL+IHuf1th94YZJgCkAGAMcd4ZWRSoVjGMTC6Xc1qWBj4+bdI4sM2wjQANA9kHe+2F2rns435QADCmOO+s7ONh0kBk\/LBluQWNPSTIZOI8dP\/bFXvvV+rKkuF6UQAwpth60MO8Ccj4cTmmZR9TBsBe6P63N2lNEKFKGQAygbLCCYKbRQQlmxJZQaFch+vZn5DMlW+s4WUbAMoAEGIfLufnDoDW7pF6UABALKdQrsP3PI8H2wfYa2+Ra6UUZzJXxnnzqrVX+1qeKvJZiFC96ASN4kGrJAhRRwEAsRyXY1qxFa5VCh4V2gGJaJjomxjvrHnZCRo\/B4+UHidEDQUAxHI474yi7nmmWLNEFkCtN5lU2baZEEKsjgIAYklqjeqwVa+GVak3kCnWZOfuB+bgcztl58jNEKoXqtvkpj9WaedEokuhXL+xeT03gQIAYklBv1ux+126WL3Rm1NtGCIekldlI6MVywi49TiHW49zuLuxj5LKZMjj0ybubux3Pk8ti0Ps56xxiUK5jmSujOBmEbce53Bvs4j4e2UQOakoACCWIN6MqfwR4u8OEdwsKh7m582rG9v97Kxxqej9o70la+TNAZK5MrLCCfU0R0ztmvSyStto21Kl3kBWOEH83SG4V\/v4VeI73Nss4mWuLJvXkynWbDOxlwIAcuMibw46N+Oz94d4vXOkWd0wlf\/EnhoJrcCjVLvAh9IJXubKeLB90OlpWmG+AiF2JlRb22XHMgJ8z\/OYX9vBg+0DvN45UnQuWHYJAigAIDeunzT6efNq5Cncs8ZlX4FHlPfQvABCRkxM50feHMD17E+4u7GP1UwJmWJNsapIDzsEARQAkBsX9LsVs\/7VLPvdeMrshDYKZ81LxENfYNnvlu3BoEVtAiMxx9togD3V0yBfQ6zlrHGJrHCiGL9\/mSvjQ+nEsOW5mWLtxicfm4kCAGIJao3mndsO7CZ4HG2s4Ho7jEKCR+rRgmI3RLP53E4kw34UEjwq34RwvR3GboJXDUZoVcBoxXiv7gZ91jGFbx8vjvz9Q4wX3CziwfaBYvzeDM\/eH4486zgqFAAQS1DLAhyfNuFzOyzZoAb9btXyu\/0MZxBj6G3Qz5tXiHBzqNQbKJTrKJTrNGlzzIirgAoJXrFKyEyrmdJEBgEUABDLUMsCqC29swK2IiDaQxTsTl3EetLFGu5tFnFvs4i7G\/vwPc9TIDAGxL1BzhqXcDmnKQgwAAUAxDLUsgBWqQDIUhsXVAtgiPUdnzYRefM9e5pYTLZ0glLtArH2Mk6XcxrpKIdZxxT7qaZZzZRQMHnIYZQoACCWotaIWu2Ga9Us+Fl2jnr\/48PnVk7kPD5tqgZ1xDqywgkA4EPppDM7n\/POoJD4aqRBQOTN9xOTMaIAgFiKNAsQ5T042ljRPcY7Ki7nNCobIayH\/Z0Hj1rgQkaj34dxjPfiejuM6+2wbFVHMvfjjVaaJNqE6oVsZr90id6og4Dz5hWCmx\/7ft9ZEQUAxHJSDxdwtLGCdJSz5ARAtIOAZNiPykYIb6MB6v3foLPm4I12OsZ1\/v+8eWXZOSd2pzb2rhYEjMqkBAEUABDL4bwzlm34WS7ntOUyFEQ\/dt7J652jsX+oTyKtYcBMsdYJDjjvjO4loUYQgwArzlHSiwIAQohtqDXuaabRsNNmMOOgUm90Ld0rnZ3fT10II5w3rxB5czC2Q0cUABBCbENtuMDndmJdModjr1zvTDgjNy8r\/MSeUrjJIKBUu+gsTxw3FACQGyVu0TroYfaYbTJXVvzMfg9iffGVedkksvi7w7F8oE8irfQ\/azVT6gRuMd6LrYcL7KeYZlyDAAoACCG253JOI\/Xoc4NxfNrU3AGSjM5Z4xIfSvqzMbGM0BnmiYfmEeU97KeYRgwCxgkFAISQsaa3h9hLjPfKJgSm8p\/GeoLXJMj20fhDZXZ+OsqZHgTcue1AlPfgbTSAdPTzqpJxQAEAIYS0Ses5nDevEH\/332Wvk9EaJLgzOwgIeGbwdGUe3z5exNHGCirfhJCOcojxXnDe0ZUmNgIFAIQQ0hb0u2WNxYfSyUCNEDHGoJMxxSBAHJNPRzlFmXG9lv1urIf92E3wuN4OQ3ixhNSjBUQ4+c6f4hbFajULrOrW9fX1NXsS7cjrnmQ8YzfBU7ETC0nmyngpmQBn9PVhr\/962G9KtbthJ8mZ9XuJ2L\/zIK63w+ypoY3i+kivjVHfP12solJvsqcHlgz7EcsIyBRr7Euq3kYDPes2nDUu4VvLdyrPBTwziPFeRLjfaNanSBerSOv8HVicZ0Y2\/0APs69\/cLMo2+zKjPdwL+y\/cRABzwwKCR4u5zTOGpcIbha7LimcdUwh6P81gu3S3t169OyukuL33Xq4YPquoEZdH8oAEEJMJ1Qv4Huex2qmhJftoGrYI\/2x1dPqJ6DQ87ku5zTioS86H5dqF3j2\/hDzazuIv1PWCEgXq1jNlLDX3iGy3+P1zlGnoh35bNDev5R0dr7aDoIBz0xn\/P5oYwVnW18j+2QR8dC8ovEXqhdI5Y8QeXMA3\/M85td2sJopIVOsyYKKCPcb2ddZ2UgDgEq9gVT+CMHNomKplO95HpE3B0gXq12XUsTfHSK4Wex5xN8dIpkrqxb+MILW76EnXShUW29K9qCHAJlErZ7XRxyf9m58++H7tXpv3AjJsF+2T4Do9U7r+SU1aM9fSm8Gw06MCACgEQR8+3gRv2z+DsKLpc74PZvdKZTrSObKCG4W4Xr2J9zd2Mez94f4UDrRfC\/fue1QfB8rG1kAkMyVMb+2g2fvD2WpC9HxaRMfSidYzZTgW8tr7swl1C4UEbTa8XrnCC9z5c5+30aPy\/jcTsXP3NNZQCRbOlF83Z7K34SQSZDaOZJt5BLwzGC5XYJ3mINr9+RcjmnJTzOO8GIJ62E\/lpmhtb12w6BmuT1erOdgvy\/5rFJvaDayg2C3EY5wc3A5P79vxPH7+LtDcK\/2cetxDvc2i3iZK2OvXJe9f7uJcHPsKUsbSQAQywh4qXHDqDlvXuHZ+0PDesTHp02sZkqdKNAIWuPtejIAWp8TCYzXm4cQPaTv9\/uBOQgvllBI8EMf4ri5WnU\/I4gbPhUSPH5YW5JlBFL5TwhuFhF5c4DKz5+XCgb9biTb4\/G9Dq1nCNFX\/a9fH0onnYzwWeMS6WIVsYwA3\/M8fpX4Dg+2D\/B656jrHIFeKABg9DNBhyXd6MEIe+V6JwocFuedUU0RlmoXXdcOnzUuVXv7s46psXvzENIvl3M0W7YajfPOKHYO3CvXu6aDyeCMfO6L7tx2dMb1k7lyZ\/zeqOvXmkA4XkGdqQFAoVzXbPzv3HZ0UmH3u\/R8k3\/QlzmQphW77Qtt5LIerQa72\/fXek3rexEy7qQpejHNKs6eHuYQe3N\/87f60rPDCvrdXZ9VxBhnjcuheuFagl9+bpwLGs\/hYYzjM9zUAEBrnCzKe1D5JtRJhWWftAoqqDXcx6dNXRcr9Wihkxo82\/oauwle9fsB0Jxf0C+t5UTdfl+t1yj93xLlPdhN8JqHdAbvTWF\/J+kxyvrj40K6JOq8eYXXO0e4t1kc+kjtfAIA\/E9JCr4XMTsXf3c40HMg+2QRb6MBQwvLELn\/sNv\/ddFDfMb22l1wUOPW+4eZAUCl3tBMdadUHpI+t1NzLaxWo9lNayzuS\/Y0IHkIDEtrGKDwo\/bvqzZJkNL\/n\/nczs4aXLVDOnHnprC\/k\/Rglw6R1t\/r6Yrx66JjvBfHp82+5vX854P\/BbTv3UHnGcV4r2bwT\/pXKNfbdRRax1\/89S\/spxhCfMYO0p7oMY6dONMCAK3ldzHeq\/kQN3r5hNZ6TCOjP7WG+\/i0qfrv15rZqvY9CJkUWeEEZ81LzYzcIO7cdiDod+Pf\/\/Gv2Je6+tvLv8e\/\/E\/\/FTHei1nHFDLFGrhX+30FEWQ44gS8dLGKVP4IPrejE1TFeC\/KP\/0N+yVDkw7dmDHB8H5AvqpgXJgXAGg0st16SEGNJTRBg1Mrar32QWn1BNSiTLVzGNPIkZBexMprD7YPkCnWdC+l0kMMmv\/4l\/0\/zMUsnPg9SrUL+NbymvcnMUa6WEUyV0a6WEMkMIcY70U8NK\/o+GWf\/LmhwSKYzmA\/uwvqZXQbNSqmBQBa2IvNYpfKDLNcRmuMTzoZZFiawwAqDxO1c5T+J5Mq1q6OZ4YIN4fj0yZOLv6Ofamnv7v6e4AJvM+bV7jXLsZl1BAhaQWByVy5VT3P7UQy7Ec8NN+1t8x5ZwzfVU9sQ9SGYI2glW1WI+4XYIX32cgDALMI1QvZDOH4u0O81tjPW6vXPii1gEItylR78wX9v2ZPETL2KvWG7B6Qrvox4gj63fju8P\/IfmY\/\/l32f6h2LMQhgfi7QxoWGEKn4d8+QNDvRvbJourfW0uEm8PbaIA9PZCAZ6bT8VTrhA1L+v31iHCt7IdQvUAyV77RQGBiAoBn7w9lM4S1Gv+30YDqG5EtTax1qNFK4UvfbEL1QjUF2k\/kSMi4kI6zzjqmILxYUmT2hjkA4OOnU8lP7M\/ujz\/D5ZxWrcYnrlTgXu2zLxEdssIJfGt5AEBhiE3KYrzXkCBA+vPVOmHDGvTfF+HmEF+ZRzJX1lwxZ7aJCQB6uXPbgd0Eb3jvH+0LqTZmJQ0AtCJPreCBkHFmVnU+qW6rbXr56eL\/AgCyjxc11\/brXYJMWs4al4hlBDzYPkDq0UInUBuGEUGA+MzXmoQ9rGHaFJdzGukoB5\/bAe7V\/sizAbYJAI5Pmz03GhqG2ji+NNrMqgwJjOvMUUJ6kfaKzptX4F7td3o6wx4A8Bd\/fTrUw7xSb3Q2h8k+WcRuglfM5Zl1TMHnVs7vIUrihM9MsaZry+V+xHjvwMtIZx1TnYnnZsz+l37\/YcR4L4J+N7hX+6oryMximwAA7fE9I\/cDkFLryZdqF52fpTYZitL\/ZFIF\/W5Z0abj06ZiO99BDwD443\/735KfNhjpSqWg343KNyG8jQZwPzDXKla2EeprbNfOItsHKNUusOx3G9r4i1KPFgYqviTtmKl1woal1vEbVOrRAlyOaQQ3P5rSRqmZmABg6+FCpxrbt48XNSPGUu0CKY35AcPoNgygNe6kFjQQMinSUU71nhiGOGZf\/DR8sRi1nlaM9yL7ZBHpKEfZOZ1S+aNOB8fMZ1o6yvUdBIi\/j9YeLMMy+t8b4eZw3rwybM+aXkYeAKjddCKh2tq3mT30bAzBeWcQbFdji3BzSD1qBQRqUvlWCVGjqUWD4qoEFqX\/yaTjvDOobISwbuDWt2JK\/seT4YvFCLVz9hQZgPR5avaQSb9BgDgUpfYMNsKgEwC1iG2CdOdCM5kWAGj9YbpdiLNmK0pjj0p9sLE+Ng0pOm9eKSZbXG+HdR3dqEWDWUF98yFK\/xM7ELfUjfXx0O5GTMmrrajp16DPFfKZUL2QzcUwI83OSkc5XQGltJNlxu9lRieu17wxo5kWAHAqDS96RDZaqXLpbmL90gpEzLj51X7W8WlTtfSwWrBA+jeqsTKR0SltO6jUG1g1KKUp9jCbl\/+PfalvQpUyAMNiV3tkhRNF58oM2ceLqp07KenzeJgVI1rUnvfDKJTrqm2FmUwLAFzOac1UTXDzo6JXXGhvCKFmmD+00RFaNy7ntOaSIqmAZ2akv5eV9bqJWWyKUavktFHYAIPzzso+Jr2JM\/dFs44pRWEfvccwzwKWEVkEInfevELkzYHivjGayzmNQo\/dQcUsK5ulMIqRWVyheoHIm+\/Z06YzLQBAu6yvWo9JLLvJvdpHsP3fe5tF1Rsy4JkxZJnFqOh5U5gxS3ZcsYFQrwcHOyvbjIk9UmygygYgLPbziTzbFvDMoJD4SlHYR+\/hczsN\/Rv3er+R7oJ+t+IZX6q15nKZnQnoFgRIq\/MZmUoPeGbwdGUe3z5eVDyLBtWa+\/ZR0f6NIktsagDQbYtftN8oez3SHt2+fhhmvTn1XDQ9QYJdsA1qrx69Wg9Qa+hoWGr7hnOe7hkAtkHRM1ZpJz6301IBfa\/3G+ktHvqCPYVS7QLcq33N\/ViMIgYBbA0H6XNimOfDcnuDut0Ej+vtMIQXS0g9WlCd8N0vsVzy3Y19ReO\/PKKtxU0NADBkJSetsr390Jo\/YGQvQqrXMEC\/daMnHfu36NWjV+txmLGsEyqpa+gI3tj3FRvg2JH0b\/ChdDJUUSAAA20ARMyTDPtVe+HnzSs8e38I7tX+UI1wL61iTvIdBMUs61njUhHEa5l1TOF+YA5bDxfww9oSrrfDKCR4JA0eekJ7Z0Tu1X6nroXUrGMK6QHbzH6ZHgCgfTF+WFvS3RsysmxvjPcoGgy0iwKxD2ujdGskjPg3TRK1G0trkqiIjb73NJZaDqNSbyBTrMnOLfvdioBFSu1h0ytjYAdJpiRsqXahKO6j9wCAk3MKAKxGKxWP9vV+sH0A3\/O8adVYOW9raGnWMSWv\/tcl\/X\/ntgNR3oO30QCONlZwtvU1sk8WEQ\/Nm9L7rtQbSObK8D3PYzVTUp2XMOuYQiHxVdfnjJFGEgCgc4F4\/LC2hPWwH\/cDc1j2uzvH\/cAc1sN+\/LC2hMo3IdWGAe0GnZ0YtB72a\/a0XO1ay+znrxtQp1pLpP1vUTu6BQd2pLZapNtNC5UGBQBiacHQB0vkzQF7qudSNrUgROt9bCc+txNvowHVQJxMBjEV3y37eXzaxGqmhF8lvkMsIyArnBhyzwrVVsVVMQiQdrKk9+Sy390Zv\/9l83eofBNCOsohxntNa3DPGpdIF6uIvDnA\/NoOXubKqg0\/JPNjzAg+tNy6vr6+Zk+i\/Ye7t1nsfLw7xK5OxHhJSY8IJlwf9vqvS3ZhMxr3al\/Wcw54ZiC8WJJ9DiuWERQ99NYNxCsmFvZL7Xsv+90oaBSWErFfN+uYwtnW17LPMcooro9090sjvn+l3kAqfyQbd6\/83N8GLdfbYaTyR3j2\/pB9aSD93jfpYhXxd4eKMVtRP38n9h7uVWdEyuzrH9wsyobj+vndev2NWMt+NyKBOQQHHPdO5spI5T8h9WhBkWFN5Y86ReJGpdDOSGaFE0VGUMvTlXkkw37dz65hro\/UyDIAhGhhb9pS7aLnMEDq4YKiRynOPh60V3HW3s2MbfzR\/nndnDUuFV\/HDlXYnTgpuJDgUUjwiK\/MK9aRW1mhXMdqpqS7YbOrGO9FZSOkWY6dtVeu49n7Q9zd2MetxzkEN4tI5srICto1Y1jnzSusZkqK1Qfx0Lypjb9QvegEPMHNIm49zuHeZhEvc2Vdjf+y342jjZXWPgA6G38jUQBAbpzasEhqp3u5ZnFoh1WqXcC3lu970lGhXO\/sZsbaerjQs2eiNhGRDWzIZ2KwNS6N6U2t0x5XLuc0Uo8WcLSxgnWN5eBa9sp1vMyV8WD7oBMUcK\/2EXlz0O7tH3V62ay9ch3zaztI5soDdwSkzhqXnZ8lTkQVl67fepzD3Y19rGZKeL3zeT8EPaK8B7vtQNis4Qc9aAhgTLHpQ6OvD3v9jU4xsiJvDvCBGfs\/2ljpeXOki1XNKnOtnck8iHQp2ZkVTpDqcvNGeY9qoCF11riEby0va8zu3Hag8k1I9nlGGsX1MXoIQIpN4886ppAMf9kz0Ar63cj95U\/4\/X80pjHWc9+ordNeb88MdzmmEX9\/2Hn\/RHmP7sAvXazKAs5+0rhmX3+jUsyis8YlsqUTpIs1zXvNaHduO3ou2Su0C9CxlWHN+B3v3HYgHvoCEe43PZ9rvRh1fSgDQCwhHlKmC\/XsiNVtmeleO2X7q8R3naJTkTcHnU2mbj3O4cH2gebNrqfxR7v3z\/Zkk7837mE8iaSpf3Hms5iu7XYAwD\/+M\/29yV60Jg+LkirrtKO8p7M0jA1YMsUa7m0WdR1q2aZJ5XJOI8Z7UUjwONpYwdbDha4TBo1wfNrEg+3W\/a5V96VQriPTDkqkh1HEwkHi5PZ4aH7oxt9IFAAQSwi2V4NI7XXZSlkqxnuxm+C7phnFolMfSic9b\/JZxxTeRgO6Gn+h2lrSJnXntkN3L5C09GqIpdRWjgxK7WEsTlb0Pc8rrq1aUKhVa6QfWkvoJpHP7UQ8NI\/sk9ZsfHH7drP+BnvlOrhX+4YMCfTCLi0UCwexgaJVUABALEMthRnL6FveF\/S7UdkIae4\/odey3w3hxZKuBlwcx2ZR7783aYN\/3ryCby2PWEZQFP5hj0K5rjmc069\/ON16\/BXK9U5myPc8j\/m1HTx7f6hYnbAe9isafwBIRwNDNV7i6hU7cjmnO9u3Cy9axXd2Ezy2Hi4gynsUnYJBPF2ZR2UjZNj7RnTntqOzfH03wY9saaGRaA7AmJq0OQAitVn4epYFSok9uHSxqkjNq5l1TCHCzSG+8kVfkbra76pnuaARRnF9zJwDAJXln3qIv4fz3\/yXoXcEdDmn8cvm7xB\/d4jXKpM4RQHPDFKPFgy9v4Zl9vU3aozZKJV6A5V6s7Xmv3nZ+e+ZSvEtUcAzg3SU63pPs89RqTu3HfD9utWIi9denPfR7XuOglHXhzIAxFJSDxcUdb1LtQvVnrYWcbnZ2dbX+GFtCVsPF7Ae9ssKTz1dme9E7mdbX\/d8ULBS+SNF4z\/KEp6ToFv1OC3isrA\/a\/feh+H+R60eodZ+APcDc3gbDUB4sWSpxt+OfG4ngn434qHWevnsk0UUEjyEF63CclKzjilsPWxlFHrd07H2bHzxONpYwfV2GNfbYVS+CXWWrCbbAZbavI9xNvxdRIiBXM5ppGPKNGumWOsrCBBx3pnOQ0O8mQsJHqlHC50bul\/pYlW1EE3q0cJYpP2swuWchvBiCW+jATxdmZcFaFqHOHSw\/M\/6v26s3\/p+1fn\/5famL+thf6dSXPbJoq6hIGIdUd6DykZrsp0eYmAhHna7fykAIJYT9LuxpVJ4Z9AgwEjJXFl12WE\/y7+IXIz3ygoEdTvE3UF7lWXW41\/99p8A7UyEtJcX4bSXjRJrCnhmsJvgkY5ydO36QAEAsaR4aF51Ql+mWAP3al9zWY9ZxAl\/auOFy3636uQwYp5BMjes8D9XFqAi4yfGe2iYZkAUABDLSkc51SBA3GtczxJBIxTay4jYMX+0ex7Zx4vsaWIyl3NaMVekH2IvUc8KE2JtdkvbG4kCAGJpWkHAefOqU+RDb73wflXqDcQyAu5tFhVLwtCeJFYwYPMhMphuFd56+de\/\/afsKUJshwIAYnnpKKc6JwDtIh93N1p1wtVqgw9CqLZWHcyv7aj2+tFeW5x9skiN\/w0aZs7Fv\/0XXwCSTAAhdkQBABkL8dA8dhO8Ztr3Q+kE99qFXOLvDvsOBoTqBZK5MrhX+7i7oZ7uR3uJ0bePFzuT0cjN4bwzmu+HblqrCShtTAgFAGRsBNtV+rptM3p82sTrnSPca9f6l+4ixh5i9TdxV69eW3jeD8xBeLE0VOqZGGuQqotGFswhZJxRAEDGirjN6A9rS1jWMeu3VLvAh9IJXrYrfkkPcV+AXpb9buwmeGSfLFLP0WJivLevTWWivIdmixPSRgEAGUuct1U\/fTfBq04SNML9wBx222vEqdGwruyT1mYy3cw6pjRr+RNiVxQAkLEWbK\/B\/2Xzd3gbDfTVG1Sz3C5CdLSxguyTRWr4x0Tq0ULnPSBW9JNW9qtshCj1TwhDdwAw6sIrhPRD3G88+2RRtqMYuwcAezxdmcfWwwXsJnhcb4dRSPCW27PbCsxaamkk8T0gVvSjyn6EdNdHAKBcB03sY9wKpkg3DmHLybKlZeOheerp93DWHK\/rT4Yj3a4Z1AGcWJoBgMshj5jpDWAvbIOotWMamVyzjqnO\/1d+pvvfTtgM2DhkgEj\/NAMAdsvDwo+9Z0uTySJdY61ntjyZLJx3tvP\/x6dN6gTYCMds09xvXQ0yHjQDALQnRImOT5sUBdpM8Et5FmBUtfeJNbBZoKzwk+xjMrnYDiDd+5OpawAQYWZUp4tV2cdksrENQFqjOh6ZTOz9n8p\/kn1MJpfP7URAkgU4Pm1SFmACdQ8AOPl2melidewmg5HBRQJzsnHgD6UTygLZCFtqlxoBe2H3WkiqbIVNxlvXAMDndsrWVZ83rxB\/fyj7HDK5XM5pRdlbuv72Eg+1Ns0RxdICdQJsIsZ7ZB2AvXKdAsAJ0zUAQHsTFqlMsUbjQTbCFk\/ZK9eRyh\/JzpHJxTYCx6dN6gnahMs5rQgAI2++pwBwgvQMAIJ+t6LUaiwjUCrYJnxuJ9aZIODZ+\/532yPjSdx7Qer1zhHNB7KJ+Mq8LAA8b14huFmkIGBC9AwAACD1cEHlTfCRggCbSIb9sglBaPcEKAiwB7UNd1YzJQoCbMDlnFbsn1CqXVAQMCF0BQAu5zQKia9k58QggB4C9pB9sqgIAu9tFmk4wCbS0YAiCFzNlBB\/R3NCJl2Em1NstiQGAdQJHG+6AgC0ZwS\/jQZk586bV1jNlBB5c0BFQiacz+1EIfGVLAhAezgguFmkbMCEE3uC7PV\/vXME7tU+Xf8Jl3q0oBgKbgUBH5HMlSkbMKZ0BwBopwLfRgOKh8CH0gnm13YQywg0QXCCtbbgVQYBe+U67m0WEdwsIiuc0MNgQonXX7o0EO2GQLz+tFR4cqWjnCIIOG9e4WWuDN9aHvF3h5QRGDO3rq+vr9mTvQjVC0TefI\/jU+0Ngpb9bvjcDkVNaWKMQrkuK8+7O8I96yv1BiJvDlDqsj8AXX9zVeoNZCSFmdbbO9+NwlnjEpHtg67loQOeGfjcTkVFOWKMm7z+qfwRnnVZDjzrmALnnR3Z88iO0h+rsvb3ejsse12vgQIAtB8CyVwZr3doDNgKRhkAiJK5MlL5TzhvXrEvkREbZQMgSuWPkMz9SNffAkZ9\/YXqBeLvD7sGgWR0Bg0A+hoCkBKXBx1trCjSQsQekmE\/hBdLeMosFSL2EA\/No7IRwnrYT9ffZlrDQTx2E7xszxgyXgbOALDOGpfIlk5QKNdR+LHedXiAGO8mMgCsrHCCbLtccLfhAWK8UfcA1WSF9v1frtP1H7Gbvv6VegNZ4af2\/X9OWaERGzQDYFgAoEaoXuCsSROCRoHzzMDlnGZP36hKvYFKnQLBUbDifAu6\/qNjxetPK0NGZ9DOn6kBACGEEEKsaeA5AIQQQggZXxQAEEIIITZEAQAhhBBiQxQAEEIIITZEAQAhhBBiQxQAEEIIITZEAQAhhBBiQxQAEEIIITZEAQAhhBBiQxQAEEIIITZEAQAhhBBiQxQAEEIIITb0\/wEDuVvbW5LWEwAAAABJRU5ErkJggg==' alt='' class='fr-fic fr-dii'><\/p>\n","protected":false},"excerpt":{"rendered":"<p>Juego de 8 desarmadores CrV con Mango Bicolor.<\/p>\n","protected":false},"featured_media":22842,"comment_status":"open","ping_status":"closed","template":"","meta":[],"product_brand":[],"product_cat":[130],"product_tag":[132,25,131],"class_list":{"0":"post-22843","1":"product","2":"type-product","3":"status-publish","4":"has-post-thumbnail","6":"product_cat-herramientas-electricas","7":"product_tag-dongcheng","8":"product_tag-herramientas","9":"product_tag-herramientas-electricas","11":"first","12":"outofstock","13":"sale","14":"shipping-taxable","15":"purchasable","16":"product-type-simple"},"_links":{"self":[{"href":"https:\/\/soydeaqui.ddns.net\/pachuca\/index.php\/wp-json\/wp\/v2\/product\/22843","targetHints":{"allow":["GET"]}}],"collection":[{"href":"https:\/\/soydeaqui.ddns.net\/pachuca\/index.php\/wp-json\/wp\/v2\/product"}],"about":[{"href":"https:\/\/soydeaqui.ddns.net\/pachuca\/index.php\/wp-json\/wp\/v2\/types\/product"}],"replies":[{"embeddable":true,"href":"https:\/\/soydeaqui.ddns.net\/pachuca\/index.php\/wp-json\/wp\/v2\/comments?post=22843"}],"wp:featuredmedia":[{"embeddable":true,"href":"https:\/\/soydeaqui.ddns.net\/pachuca\/index.php\/wp-json\/wp\/v2\/media\/22842"}],"wp:attachment":[{"href":"https:\/\/soydeaqui.ddns.net\/pachuca\/index.php\/wp-json\/wp\/v2\/media?parent=22843"}],"wp:term":[{"taxonomy":"product_brand","embeddable":true,"href":"https:\/\/soydeaqui.ddns.net\/pachuca\/index.php\/wp-json\/wp\/v2\/product_brand?post=22843"},{"taxonomy":"product_cat","embeddable":true,"href":"https:\/\/soydeaqui.ddns.net\/pachuca\/index.php\/wp-json\/wp\/v2\/product_cat?post=22843"},{"taxonomy":"product_tag","embeddable":true,"href":"https:\/\/soydeaqui.ddns.net\/pachuca\/index.php\/wp-json\/wp\/v2\/product_tag?post=22843"}],"curies":[{"name":"wp","href":"https:\/\/api.w.org\/{rel}","templated":true}]}}