{"id":22841,"date":"2026-03-18T11:05:02","date_gmt":"2026-03-18T11:05:02","guid":{"rendered":"https:\/\/soydeaqui.ddns.net\/pachuca\/index.php\/producto\/1-par-de-cabezales-de-sensor-con-cable-con-longitud-de-10m-se-necesita-os12ct\/"},"modified":"2026-03-18T11:05:02","modified_gmt":"2026-03-18T11:05:02","slug":"1-par-de-cabezales-de-sensor-con-cable-con-longitud-de-10m-se-necesita-os12ct","status":"publish","type":"product","link":"https:\/\/soydeaqui.ddns.net\/pachuca\/index.php\/producto\/1-par-de-cabezales-de-sensor-con-cable-con-longitud-de-10m-se-necesita-os12ct\/","title":{"rendered":"1 par de cabezales de sensor con cable con longitud de 10m  \/ SE NECESITA OS12CT"},"content":{"rendered":"<div style='width: 100%; max-width: 1200px; margin: 0 auto; font-family: sans-serif; line-height: 1.6; color: inherit; background-color: transparent;'>\n<div style='display: flex; flex-wrap: wrap; gap: 30px; margin-bottom: 30px;'>\n<div style='flex: 1 1 300px; min-width: 280px;'>\n<h3 style='font-size: 22px; border-bottom: 2px solid currentColor; padding-bottom: 5px; margin-top: 0; color: inherit; opacity: 0.8;'>Detalles del producto<\/h3>\n<p style='font-size: 15px; color: inherit; margin: 15px 0;'>El sistema Optex OS-12C de haz de seguridad de infrarrojos activos es compatible con cualquier tipo de puerta autom\u00e1tica. Su caja de control y los cabezales del haz est\u00e1n dise\u00f1ados para una instalaci\u00f3n f\u00e1cil y sencilla&comma; al mismo tiempo que se cumplen los m\u00e1s altos est\u00e1ndares de seguridad y fiabilidad.<\/p>\n<\/p><\/div>\n<\/p><\/div>\n<div style='display: flex; flex-wrap: wrap; gap: 30px; margin-bottom: 30px;'>\n<div style='flex: 1 1 300px; min-width: 280px;'>\n<h3 style='font-size: 22px; border-bottom: 2px solid currentColor; padding-bottom: 5px; margin-top: 0; color: inherit; opacity: 0.8;'>Amplificador f\u00e1cil de instalar<\/h3>\n<p style='font-size: 15px; color: inherit; margin: 15px 0;'>El amplificador Optex OS-12C presenta terminales de cables sin tornillos&comma; que permiten acelerar la instalaci\u00f3n. Al presionar el bot\u00f3n \u201cTeach-In\u201d&comma; se obtiene la sensibilidad adecuada y se autocorrigen los cables cruzados. Un amplificador acciona uno o dos pares de cabezales de los sensores.<\/p>\n<\/p><\/div>\n<\/p><\/div>\n<div style='display: flex; flex-wrap: wrap; gap: 30px; margin-bottom: 30px;'>\n<div style='flex: 1 1 300px; min-width: 280px;'>\n<h3 style='font-size: 22px; border-bottom: 2px solid currentColor; padding-bottom: 5px; margin-top: 0; color: inherit; opacity: 0.8;'>Seguridad<\/h3>\n<p style='font-size: 15px; color: inherit; margin: 15px 0;'>Para disfrutar de la m\u00e1xima seguridad&comma; el amplificador est\u00e1 dise\u00f1ado a prueba de fallos&comma; de modo que se garantiza que las puertas se mantengan abiertas en el caso de que se aver\u00ede alguno de los componentes. Dos indicadores LED parpadean en la puesta en marcha inicial&comma; para advertir al instalador si la alineaci\u00f3n del OS-12C es incorrecta o si la sensibilidad es insuficiente.<\/p>\n<\/p><\/div>\n<\/p><\/div>\n<div style='display: flex; flex-wrap: wrap; gap: 30px; margin-bottom: 30px;'>\n<div style='flex: 1 1 300px; min-width: 280px;'>\n<h3 style='font-size: 22px; border-bottom: 2px solid currentColor; padding-bottom: 5px; margin-top: 0; color: inherit; opacity: 0.8;'>Dise\u00f1o multifuncional<\/h3>\n<p style='font-size: 15px; color: inherit; margin: 15px 0;'>El dise\u00f1o compacto y los cabezales est\u00e1ndar del haz de 15 mm hacen que el modelo OS-12C sea compatible con cualquier tipo de puerta y que su mantenimiento sea sencillo. Los accesorios de montaje opcionales permiten realizar la instalaci\u00f3n a ras de superficie o empotrada. Adem\u00e1s&comma; se incluye un kit reflector para un cableado simplificado. Este haz de seguridad es \u00f3ptimo para su uso con cualquier puerta deslizante&comma; incluidas las puertas de trenes y vallas autom\u00e1ticas.<\/p>\n<\/p><\/div>\n<\/p><\/div>\n<\/p><\/div>\n","protected":false},"excerpt":{"rendered":"<p>1 par de cabezales de sensor con cable con longitud de 10m  \/ SE NECESITA OS12CT<\/p>\n","protected":false},"featured_media":22840,"comment_status":"open","ping_status":"closed","template":"","meta":[],"product_brand":[],"product_cat":[905],"product_tag":[93,106,906],"class_list":{"0":"post-22841","1":"product","2":"type-product","3":"status-publish","4":"has-post-thumbnail","6":"product_cat-sensores-para-puertas-automaticas","7":"product_tag-accesorios","8":"product_tag-optex","9":"product_tag-sensores-para-puertas-automaticas","11":"first","12":"outofstock","13":"sale","14":"shipping-taxable","15":"purchasable","16":"product-type-simple"},"_links":{"self":[{"href":"https:\/\/soydeaqui.ddns.net\/pachuca\/index.php\/wp-json\/wp\/v2\/product\/22841","targetHints":{"allow":["GET"]}}],"collection":[{"href":"https:\/\/soydeaqui.ddns.net\/pachuca\/index.php\/wp-json\/wp\/v2\/product"}],"about":[{"href":"https:\/\/soydeaqui.ddns.net\/pachuca\/index.php\/wp-json\/wp\/v2\/types\/product"}],"replies":[{"embeddable":true,"href":"https:\/\/soydeaqui.ddns.net\/pachuca\/index.php\/wp-json\/wp\/v2\/comments?post=22841"}],"wp:featuredmedia":[{"embeddable":true,"href":"https:\/\/soydeaqui.ddns.net\/pachuca\/index.php\/wp-json\/wp\/v2\/media\/22840"}],"wp:attachment":[{"href":"https:\/\/soydeaqui.ddns.net\/pachuca\/index.php\/wp-json\/wp\/v2\/media?parent=22841"}],"wp:term":[{"taxonomy":"product_brand","embeddable":true,"href":"https:\/\/soydeaqui.ddns.net\/pachuca\/index.php\/wp-json\/wp\/v2\/product_brand?post=22841"},{"taxonomy":"product_cat","embeddable":true,"href":"https:\/\/soydeaqui.ddns.net\/pachuca\/index.php\/wp-json\/wp\/v2\/product_cat?post=22841"},{"taxonomy":"product_tag","embeddable":true,"href":"https:\/\/soydeaqui.ddns.net\/pachuca\/index.php\/wp-json\/wp\/v2\/product_tag?post=22841"}],"curies":[{"name":"wp","href":"https:\/\/api.w.org\/{rel}","templated":true}]}}