{"id":22832,"date":"2026-03-18T11:04:53","date_gmt":"2026-03-18T11:04:53","guid":{"rendered":"https:\/\/soydeaqui.ddns.net\/pachuca\/index.php\/producto\/boton-de-salida-sin-contacto-led-indicador-normalmente-abierto-y-cerrado-distancia-ajustable-de-deteccion\/"},"modified":"2026-03-18T11:04:53","modified_gmt":"2026-03-18T11:04:53","slug":"boton-de-salida-sin-contacto-led-indicador-normalmente-abierto-y-cerrado-distancia-ajustable-de-deteccion","status":"publish","type":"product","link":"https:\/\/soydeaqui.ddns.net\/pachuca\/index.php\/producto\/boton-de-salida-sin-contacto-led-indicador-normalmente-abierto-y-cerrado-distancia-ajustable-de-deteccion\/","title":{"rendered":"Bot\u00f3n de Salida Sin Contacto \/ LED Indicador \/ Normalmente Abierto y Cerrado \/ Distancia Ajustable de Detecci\u00f3n"},"content":{"rendered":"<div style='width: 100%; max-width: 1200px; margin: 0 auto; font-family: sans-serif; line-height: 1.6; color: inherit; background-color: transparent;'>\n<div style='display: flex; flex-wrap: wrap; gap: 30px; margin-bottom: 30px;'>\n<div style='flex: 1 1 300px; min-width: 280px;'>\n<h3 style='font-size: 22px; border-bottom: 2px solid currentColor; padding-bottom: 5px; margin-top: 0; color: inherit; opacity: 0.8;'>Caracter\u00edsticas principales<\/h3>\n<ul style='padding-left: 20px; font-size: 15px; color: inherit;'>\n<li style='margin-bottom: 5px;'><strong>Bot\u00f3n de salida de proximidad<\/strong>: Sin contacto<\/li>\n<li style='margin-bottom: 5px;'><strong>Panel<\/strong>: Acero inoxidable<\/li>\n<li style='margin-bottom: 5px;'><strong>Resistente al desgaste<\/strong><\/li>\n<li style='margin-bottom: 5px;'><strong>Temperatura de trabajo<\/strong>: -20 \u00b0C a 50 \u00b0C (-4 \u00b0F a 122 \u00b0F)<\/li>\n<li style='margin-bottom: 5px;'><strong>Distancia inductiva m\u00e1xima<\/strong>: 40 a 120 mm (1.57 a 4.72&#8242;) (ajustable)<\/li>\n<li style='margin-bottom: 5px;'><strong>Retardo de tiempo<\/strong>: 1 a 25 s (ajustable)<\/li>\n<li style='margin-bottom: 5px;'><strong>Estado del indicador LED<\/strong>: Verde \/ Rojo<\/li>\n<\/ul><\/div>\n<div style='flex: 1 1 300px; min-width: 280px;'>\n<h3 style='font-size: 22px; border-bottom: 2px solid currentColor; padding-bottom: 5px; margin-top: 0; color: inherit; opacity: 0.8;'>Caracter\u00edsticas F\u00edsicas y El\u00e9ctricas<\/h3>\n<ul style='padding-left: 20px; font-size: 15px; color: inherit;'>\n<li style='margin-bottom: 5px;'><strong>Dimensiones (L \u00d7 W \u00d7 H)<\/strong>: 90 mm \u00d7 35 mm \u00d7 37.7 mm (3.54&#8242; \u00d7 1.38&#8242; \u00d7 1.48&#8242;)<\/li>\n<li style='margin-bottom: 5px;'><strong>Voltaje de entrada<\/strong>: 30 VDC&comma; 1A<\/li>\n<li style='margin-bottom: 5px;'><strong>Consumo<\/strong>: 20mA (en espera)<\/li>\n<li style='margin-bottom: 5px;'><strong>Contacto de salida<\/strong>: Contacto NO \/ NC \/ COM<\/li>\n<li style='margin-bottom: 5px;'><strong>Peso del producto<\/strong>: 0.18 kg (0.40 libras)<\/li>\n<\/ul><\/div>\n<\/p><\/div>\n<\/p><\/div>\n","protected":false},"excerpt":{"rendered":"<p>Bot\u00f3n de Salida Sin Contacto \/ LED Indicador \/ Normalmente Abierto y Cerrado \/ Distancia Ajustable de Detecci\u00f3n<\/p>\n","protected":false},"featured_media":22831,"comment_status":"open","ping_status":"closed","template":"","meta":[],"product_brand":[],"product_cat":[190],"product_tag":[93,191,54],"class_list":{"0":"post-22832","1":"product","2":"type-product","3":"status-publish","4":"has-post-thumbnail","6":"product_cat-botones-de-salida","7":"product_tag-accesorios","8":"product_tag-botones-de-salida","9":"product_tag-hikvision","11":"first","12":"instock","13":"sale","14":"shipping-taxable","15":"purchasable","16":"product-type-simple"},"_links":{"self":[{"href":"https:\/\/soydeaqui.ddns.net\/pachuca\/index.php\/wp-json\/wp\/v2\/product\/22832","targetHints":{"allow":["GET"]}}],"collection":[{"href":"https:\/\/soydeaqui.ddns.net\/pachuca\/index.php\/wp-json\/wp\/v2\/product"}],"about":[{"href":"https:\/\/soydeaqui.ddns.net\/pachuca\/index.php\/wp-json\/wp\/v2\/types\/product"}],"replies":[{"embeddable":true,"href":"https:\/\/soydeaqui.ddns.net\/pachuca\/index.php\/wp-json\/wp\/v2\/comments?post=22832"}],"wp:featuredmedia":[{"embeddable":true,"href":"https:\/\/soydeaqui.ddns.net\/pachuca\/index.php\/wp-json\/wp\/v2\/media\/22831"}],"wp:attachment":[{"href":"https:\/\/soydeaqui.ddns.net\/pachuca\/index.php\/wp-json\/wp\/v2\/media?parent=22832"}],"wp:term":[{"taxonomy":"product_brand","embeddable":true,"href":"https:\/\/soydeaqui.ddns.net\/pachuca\/index.php\/wp-json\/wp\/v2\/product_brand?post=22832"},{"taxonomy":"product_cat","embeddable":true,"href":"https:\/\/soydeaqui.ddns.net\/pachuca\/index.php\/wp-json\/wp\/v2\/product_cat?post=22832"},{"taxonomy":"product_tag","embeddable":true,"href":"https:\/\/soydeaqui.ddns.net\/pachuca\/index.php\/wp-json\/wp\/v2\/product_tag?post=22832"}],"curies":[{"name":"wp","href":"https:\/\/api.w.org\/{rel}","templated":true}]}}