{"id":22828,"date":"2026-03-18T11:04:49","date_gmt":"2026-03-18T11:04:49","guid":{"rendered":"https:\/\/soydeaqui.ddns.net\/pachuca\/index.php\/producto\/torniquete-tripode-con-diseno-slim-ultra-estetico-uso-rudo-leds-indicador-de-entrada-y-salida-acero-inoxidable-exterior-protegido\/"},"modified":"2026-03-18T11:04:50","modified_gmt":"2026-03-18T11:04:50","slug":"torniquete-tripode-con-diseno-slim-ultra-estetico-uso-rudo-leds-indicador-de-entrada-y-salida-acero-inoxidable-exterior-protegido","status":"publish","type":"product","link":"https:\/\/soydeaqui.ddns.net\/pachuca\/index.php\/producto\/torniquete-tripode-con-diseno-slim-ultra-estetico-uso-rudo-leds-indicador-de-entrada-y-salida-acero-inoxidable-exterior-protegido\/","title":{"rendered":"Torniquete Tr\u00edpode con Dise\u00f1o Slim Ultra Est\u00e9tico \/ Uso Rudo \/ LEDs Indicador de Entrada y Salida \/ Acero Inoxidable \/ Exterior Protegido"},"content":{"rendered":"<div style='width: 100%; max-width: 1200px; margin: 0 auto; font-family: sans-serif; line-height: 1.6; color: inherit; background-color: transparent;'>\n<div style='display: flex; flex-wrap: wrap; gap: 30px; margin-bottom: 30px;'>\n<div style='flex: 1 1 300px; min-width: 280px;'>\n<h3 style='font-size: 22px; border-bottom: 2px solid currentColor; padding-bottom: 5px; margin-top: 0; color: inherit; opacity: 0.8;'>Caracter\u00edsticas principales<\/h3>\n<ul style='padding-left: 20px; font-size: 15px; color: inherit;'>\n<li style='margin-bottom: 5px;'>Apertura autom\u00e1tica en caso de emergencia<\/li>\n<li style='margin-bottom: 5px;'>LEDs para indicar direcci\u00f3n de paso<\/li>\n<li style='margin-bottom: 5px;'>Diferentes modos de operaci\u00f3n<\/li>\n<\/ul><\/div>\n<div style='flex: 1 1 300px; min-width: 280px;'>\n<h3 style='font-size: 22px; border-bottom: 2px solid currentColor; padding-bottom: 5px; margin-top: 0; color: inherit; opacity: 0.8;'>Caracter\u00edsticas F\u00edsicas y El\u00e9ctricas<\/h3>\n<ul style='padding-left: 20px; font-size: 15px; color: inherit;'>\n<li style='margin-bottom: 5px;'>Alimentaci\u00f3n 110-220 Vca<\/li>\n<li style='margin-bottom: 5px;'>Consumo: 40W en espera<\/li>\n<li style='margin-bottom: 5px;'>Temperatura de operaci\u00f3n: -20 \u00b0C a 65 \u00b0C<\/li>\n<\/ul><\/div>\n<div style='flex: 1 1 300px; min-width: 280px;'>\n<h3 style='font-size: 22px; border-bottom: 2px solid currentColor; padding-bottom: 5px; margin-top: 0; color: inherit; opacity: 0.8;'>Consideraciones<\/h3>\n<ul style='padding-left: 20px; font-size: 15px; color: inherit;'>\n<li style='margin-bottom: 5px;'>Instalaci\u00f3n: Interior o Exterior Protegido<\/li>\n<li style='margin-bottom: 5px;'><strong>No incluye<\/strong> controlador ni lectores<\/li>\n<li style='margin-bottom: 5px;'><strong>No incluye<\/strong> taquetes expansivos para instalaci\u00f3n<\/li>\n<li style='margin-bottom: 5px;'>Opera con pulsos de contacto seco<\/li>\n<\/ul><\/div>\n<\/p><\/div>\n<hr style='border: 0; border-top: 1px solid rgba(150&comma; 150&comma; 150&comma; 0.3); margin: 30px 0;'>\n<div style='display: flex; flex-wrap: wrap; gap: 30px; margin-bottom: 30px;'>\n<div style='flex: 1 1 400px; min-width: 300px;'> <img style='width: 100%; height: auto; border: 1px solid rgba(150&comma;150&comma;150&comma;0.3); border-radius: 8px;' src='https:\/\/ftp3.syscom.mx\/usuarios\/fespinoza\/HIKVISION\/Dispositivos\/Torniquetes\/DSK3G411LX\/23.jpg' alt=''> <\/div>\n<div style='flex: 1 1 400px; min-width: 300px;'>\n<h2 style='font-size: 24px; margin-top: 0; color: inherit;'>Mecanismo para 3&comma;000&comma;000 MCBF<\/h2>\n<p style='color: inherit;'>De acero inoxidable SUS304 y con mecanismo <strong>garantizado por hasta 3 Millones de Ciclos antes de cualquier falla.<\/strong><\/p>\n<h3 style='font-size: 22px; margin-top: 25px; margin-bottom: 15px; color: inherit; opacity: 0.8;'>Caracter\u00edsticas<\/h3>\n<ul style='padding-left: 20px; font-size: 15px; color: inherit;'>\n<li style='margin-bottom: 5px;'>Dise\u00f1o Slim Ultra Est\u00e9tico<\/li>\n<li style='margin-bottom: 5px;'>Mecanismo robusto&comma; r\u00e1pido y silencioso para alto flujo de personas<\/li>\n<li style='margin-bottom: 5px;'>Paso libre en caso de emergencia o p\u00e9rdida de energ\u00eda<\/li>\n<li style='margin-bottom: 5px;'>Compatible con cualquier sistema de control de acceso<\/li>\n<li style='margin-bottom: 5px;'><strong>Instalaci\u00f3n en Interior \/ Exterior Protegido<\/strong><\/li>\n<\/ul><\/div>\n<\/p><\/div>\n<hr style='border: 0; border-top: 1px solid rgba(150&comma; 150&comma; 150&comma; 0.3); margin: 30px 0;'>\n<div style='display: flex; flex-wrap: wrap; gap: 30px; margin-bottom: 30px;'>\n<div style='flex: 1 1 400px; min-width: 300px;'>\n<h3 style='font-size: 22px; margin-top: 0; color: inherit; opacity: 0.8;'>Compatibles con Reconocimiento Facial<\/h3>\n<p style='color: inherit;'>Utilizando el montaje <strong>DS-KAB6ZU1<\/strong> + <strong>Terminal Facial Min Moe<\/strong> puede a\u00f1adir <em>reconocimiento facial&comma; huella&comma; QRs etc<\/em> y administraci\u00f3n en la nube a trav\u00e9s de la terminal Min Moe y HikConnect Teams.<\/p>\n<p style='color: inherit;'><em><span style='color: #000000; text-align: center;'><strong>**NOTA<\/strong>: Este torniquete no cuenta con orificios para instalar el montaje y paso de cables.<\/span><\/em><\/p>\n<div style='display: flex; flex-wrap: wrap; gap: 15px; margin-top: 20px;'>\n<div style='flex: 1 1 200px; min-width: 200px;'> <img style='width: 100%; height: auto; border: 1px solid rgba(150&comma;150&comma;150&comma;0.3); border-radius: 8px;' src='https:\/\/ftp3.syscom.mx\/usuarios\/fotos\/BancoFotografiasSyscom\/HIKVISION\/DSK1T670MWXQR\/DSK1T670MWXQR-p.PNG' alt=''> <\/div>\n<div style='flex: 1 1 200px; min-width: 200px;'> <img style='width: 100%; height: auto; border: 1px solid rgba(150&comma;150&comma;150&comma;0.3); border-radius: 8px;' src='https:\/\/ftp3.syscom.mx\/usuarios\/fotos\/BancoFotografiasSyscom\/HIKVISION\/DSKAB6ZU1\/DSKAB6ZU1-p.PNG' alt=''> <\/div>\n<\/p><\/div>\n<\/p><\/div>\n<div style='flex: 1 1 400px; min-width: 300px;'> <img style='width: 100%; height: auto; border: 1px solid rgba(150&comma;150&comma;150&comma;0.3); border-radius: 8px;' src='https:\/\/ftp3.syscom.mx\/usuarios\/fespinoza\/HIKVISION\/Dispositivos\/Torniquetes\/DSK3G411LX\/24.jpg' alt=''> <\/p>\n<p style='text-align: center; font-size: 14px; margin-top: 10px; color: inherit;'>*Imagen ilustrativa&comma; biometrico y montaje no incluidos<\/p>\n<\/p><\/div>\n<\/p><\/div>\n<hr style='border: 0; border-top: 1px solid rgba(150&comma; 150&comma; 150&comma; 0.3); margin: 30px 0;'>\n<div style='display: flex; flex-wrap: wrap; gap: 30px; margin-bottom: 30px;'>\n<div style='flex: 1 1 500px; min-width: 300px;'>\n<div style='position: relative; padding-bottom: 56.25%; height: 0; overflow: hidden; margin-bottom: 30px;'>   <\/div>\n<\/p><\/div>\n<div style='flex: 1 1 500px; min-width: 300px;'>\n<div style='position: relative; padding-bottom: 56.25%; height: 0; overflow: hidden; margin-bottom: 30px;'>   <\/div>\n<p style='color: inherit;'>La programaci\u00f3n del cuadro de mando es similar a este video de torniquete de otra serie<\/p>\n<\/p><\/div>\n<\/p><\/div>\n<\/p><\/div>\n","protected":false},"excerpt":{"rendered":"<p>Torniquete Tr\u00edpode con Dise\u00f1o Slim Ultra Est\u00e9tico \/ Uso Rudo \/ LEDs Indicador de Entrada y Salida \/ Acero Inoxidable \/ Exterior Protegido<\/p>\n","protected":false},"featured_media":22827,"comment_status":"open","ping_status":"closed","template":"","meta":[],"product_brand":[],"product_cat":[758],"product_tag":[54,760,759],"class_list":{"0":"post-22828","1":"product","2":"type-product","3":"status-publish","4":"has-post-thumbnail","6":"product_cat-torniquetes-de-medio-cuerpo","7":"product_tag-hikvision","8":"product_tag-torniquetes-de-medio-cuerpo","9":"product_tag-torniquetes-y-puertas-de-cortesia","11":"first","12":"instock","13":"sale","14":"shipping-taxable","15":"purchasable","16":"product-type-simple"},"_links":{"self":[{"href":"https:\/\/soydeaqui.ddns.net\/pachuca\/index.php\/wp-json\/wp\/v2\/product\/22828","targetHints":{"allow":["GET"]}}],"collection":[{"href":"https:\/\/soydeaqui.ddns.net\/pachuca\/index.php\/wp-json\/wp\/v2\/product"}],"about":[{"href":"https:\/\/soydeaqui.ddns.net\/pachuca\/index.php\/wp-json\/wp\/v2\/types\/product"}],"replies":[{"embeddable":true,"href":"https:\/\/soydeaqui.ddns.net\/pachuca\/index.php\/wp-json\/wp\/v2\/comments?post=22828"}],"wp:featuredmedia":[{"embeddable":true,"href":"https:\/\/soydeaqui.ddns.net\/pachuca\/index.php\/wp-json\/wp\/v2\/media\/22827"}],"wp:attachment":[{"href":"https:\/\/soydeaqui.ddns.net\/pachuca\/index.php\/wp-json\/wp\/v2\/media?parent=22828"}],"wp:term":[{"taxonomy":"product_brand","embeddable":true,"href":"https:\/\/soydeaqui.ddns.net\/pachuca\/index.php\/wp-json\/wp\/v2\/product_brand?post=22828"},{"taxonomy":"product_cat","embeddable":true,"href":"https:\/\/soydeaqui.ddns.net\/pachuca\/index.php\/wp-json\/wp\/v2\/product_cat?post=22828"},{"taxonomy":"product_tag","embeddable":true,"href":"https:\/\/soydeaqui.ddns.net\/pachuca\/index.php\/wp-json\/wp\/v2\/product_tag?post=22828"}],"curies":[{"name":"wp","href":"https:\/\/api.w.org\/{rel}","templated":true}]}}