{"id":22826,"date":"2026-03-18T11:04:48","date_gmt":"2026-03-18T11:04:48","guid":{"rendered":"https:\/\/soydeaqui.ddns.net\/pachuca\/index.php\/producto\/seccion-para-puerta-de-garage-lisa-imitacion-madera-black-walnut-para-garage109b-estilo-americana\/"},"modified":"2026-03-18T11:04:48","modified_gmt":"2026-03-18T11:04:48","slug":"seccion-para-puerta-de-garage-lisa-imitacion-madera-black-walnut-para-garage109b-estilo-americana","status":"publish","type":"product","link":"https:\/\/soydeaqui.ddns.net\/pachuca\/index.php\/producto\/seccion-para-puerta-de-garage-lisa-imitacion-madera-black-walnut-para-garage109b-estilo-americana\/","title":{"rendered":"Secci\u00f3n para puerta de Garage \/ Lisa \/ Imitacion Madera \/ BLACK WALNUT\/ Para GARAGE109B \/ Estilo Americana."},"content":{"rendered":"<div style='width: 100%; max-width: 1200px; margin: 0 auto; font-family: sans-serif; line-height: 1.6; color: inherit; background-color: transparent;'> <!-- T\u00edtulo y descripci\u00f3n principal --> <\/p>\n<div style='margin-bottom: 30px;'>\n<h2 style='font-size: 22px; color: inherit; opacity: 0.8; margin-top: 0; margin-bottom: 15px;'>Puerta Residencial de la serie GARAGEB<\/h2>\n<p style='font-size: 15px; color: inherit; margin-bottom: 20px;'>Eleva el estilo y la funcionalidad de tu hogar con nuestras puertas de garage&comma; descubre la elegancia y comodidad que transformar\u00e1n su espacio.<\/p>\n<\/p><\/div>\n<p> <!-- Imagen principal --> <\/p>\n<div style='margin-bottom: 30px;'> <img style='width: 100%; height: auto; border: 1px solid rgba(150&comma;150&comma;150&comma;0.3); border-radius: 8px;' src='https:\/\/ftp3.syscom.mx\/usuarios\/mario.rodriguez\/PUERTADEGARAJE\/LR\/MADERA\/garage-madera-3000x1080.jpg' alt='Puerta de garage imitaci\u00f3n madera'> <\/div>\n<p> <!-- Descripci\u00f3n general --> <\/p>\n<div style='margin-bottom: 30px;'>\n<p style='font-size: 15px; color: inherit;'>A pesar de su apariencia aut\u00e9ntica&comma; las puertas de garaje de imitaci\u00f3n a madera ofrecen ventajas pr\u00e1cticas significativas. Adem\u00e1s&comma; requieren un mantenimiento mucho menor&comma; ya que no se ven afectadas por la humedad&comma; no se agrietan ni se deforman con el tiempo.<\/p>\n<\/p><\/div>\n<p> <!-- Secci\u00f3n de caracter\u00edsticas --> <\/p>\n<div style='display: flex; flex-wrap: wrap; gap: 20px; margin-bottom: 30px;'>\n<div style='flex: 1 1 300px; min-width: 250px;'>\n<div style='border: 1px solid rgba(150&comma; 150&comma; 150&comma; 0.4); border-radius: 8px; padding: 15px; background-color: rgba(0&comma; 145&comma; 255&comma; 0.05);'>\n<h3 style='font-size: 18px; color: inherit; margin-top: 0; margin-bottom: 15px; border-bottom: 2px solid currentColor; padding-bottom: 5px; color: #0091ff;'>Caracter\u00edsticas principales<\/h3>\n<ul style='padding-left: 20px; font-size: 14px; color: inherit; list-style-type: disc;'>\n<li style='margin-bottom: 8px;'>Las puertas de garage imitaci\u00f3n madera tipo americanas ofrecen una combinaci\u00f3n de gran belleza&comma; resistencia y eficiencia t\u00e9rmica.<\/li>\n<li style='margin-bottom: 8px;'>Rodamientos y herrajes de gran calidad&comma; para una operaci\u00f3n silenciosa y eficaz.<\/li>\n<li style='margin-bottom: 8px;'>Eficiencia t\u00e9rmica&comma; lo mejor en este tipo de puertas.<\/li>\n<li style='margin-bottom: 8px;'>Operaci\u00f3n suave&comma; segura y silenciosa.<\/li>\n<\/ul><\/div>\n<\/p><\/div>\n<div style='flex: 1 1 300px; min-width: 250px;'>\n<div style='border: 1px solid rgba(150&comma; 150&comma; 150&comma; 0.4); border-radius: 8px; padding: 15px;'>\n<h3 style='font-size: 18px; color: inherit; margin-top: 0; margin-bottom: 15px; border-bottom: 2px solid currentColor;'>Caracter\u00edsticas F\u00edsicas<\/h3>\n<p style='font-size: 14px; color: inherit; margin-bottom: 0;'>Las puertas de cochera o puertas para garage ascendentes AccessPro son de la m\u00e1s alta calidad. El panel de las puertas autom\u00e1ticas se fabrica en l\u00e1mina calibre 26&comma; con relleno poliuretano de alta densidad de 43 mm para brindar mayor rigidez y un aislamiento t\u00e9rmico y ac\u00fastico m\u00e1s eficiente.<\/p>\n<\/p><\/div>\n<\/p><\/div>\n<div style='flex: 1 1 300px; min-width: 250px;'>\n<div style='border: 1px solid rgba(150&comma; 150&comma; 150&comma; 0.4); border-radius: 8px; padding: 15px;'>\n<h3 style='font-size: 18px; color: inherit; margin-top: 0; margin-bottom: 15px; border-bottom: 2px solid currentColor;'>Caracter\u00edsticas Destacadas<\/h3>\n<p style='font-size: 14px; color: inherit; margin-bottom: 0;'>Puerta residencial rellena con 43mm de poliuretano inyectado con una densidad de 45 kgs\/cbm.<\/p>\n<\/p><\/div>\n<\/p><\/div>\n<\/p><\/div>\n<p> <!-- Separador --> <\/p>\n<hr style='border: 0; border-top: 1px solid rgba(150&comma; 150&comma; 150&comma; 0.3); margin: 30px 0;'> <!-- Descripci\u00f3n adicional --> <\/p>\n<div style='margin-bottom: 30px;'>\n<p style='font-size: 15px; color: inherit; text-align: center;'>Encontrar\u00e1s la medida ideal para cualquier tipo de proyecto ya sea para remodelar o alguna nueva construcci\u00f3n.<\/p>\n<p style='font-size: 15px; color: inherit;'>Las puertas de garage est\u00e1n dise\u00f1adas con materiales que ofrecen un buen aislamiento t\u00e9rmico y ac\u00fastico&comma; esto ayuda a mantener la temperatura del garage y reduce el ruido exterior&comma; esto te ayudar\u00e1 a ahorrar en el consumo de energ\u00eda.<\/p>\n<\/p><\/div>\n<p> <!-- Nota importante --> <\/p>\n<div style='margin-bottom: 30px;'>\n<div style='background-color: rgba(231&comma; 75&comma; 60&comma; 0.08); border-left: 4px solid #e74c3c; padding: 15px; border-radius: 6px;'>\n<p style='font-size: 15px; color: inherit; margin: 0;'>El modelo SECGAR109B incluye una secci\u00f3n compatible con la puerta GARAGE109B<\/p>\n<\/p><\/div>\n<\/p><\/div>\n<p> <!-- Tama\u00f1o de la puerta --> <\/p>\n<div style='margin-bottom: 30px;'>\n<div style='background-color: rgba(231&comma; 75&comma; 60&comma; 0.08); border-left: 4px solid #e74c3c; padding: 15px; border-radius: 6px;'>\n<p style='font-size: 15px; color: inherit; margin: 0;'>La puerta GARAGE109B se compone de 5 secciones de 21.5&#8242;<\/p>\n<\/p><\/div>\n<\/p><\/div>\n<p> <!-- Im\u00e1genes adicionales --> <\/p>\n<div style='display: flex; flex-wrap: wrap; gap: 20px; margin-bottom: 30px;'>\n<div style='flex: 1 1 300px; min-width: 280px;'> <img style='width: 100%; height: auto; border: 1px solid rgba(150&comma;150&comma;150&comma;0.3); border-radius: 8px;' src='https:\/\/ftp3.syscom.mx\/usuarios\/mario.rodriguez\/PUERTADEGARAJE\/LR\/MADERA\/madera1.jpg' alt='Detalle de puerta'> <\/div>\n<div style='flex: 1 1 300px; min-width: 280px;'> <img style='width: 100%; height: auto; border: 1px solid rgba(150&comma;150&comma;150&comma;0.3); border-radius: 8px;' src='https:\/\/ftp3.syscom.mx\/usuarios\/mario.rodriguez\/PUERTADEGARAJE\/LR\/MADERA\/Medidas%20imitacion%20Madera.png' alt='Medidas de puerta'> <\/div>\n<\/p><\/div>\n<p> <!-- Im\u00e1genes adicionales --> <\/p>\n<div style='display: flex; flex-wrap: wrap; gap: 20px; margin-bottom: 30px;'>\n<div style='flex: 1 1 300px; min-width: 280px;'> <img style='width: 100%; height: auto; border: 1px solid rgba(150&comma;150&comma;150&comma;0.3); border-radius: 8px;' src='https:\/\/ftp3.syscom.mx\/usuarios\/mario.rodriguez\/PUERTADEGARAJE\/LR\/CUADROS\/Puerta.PNG' alt='Puerta de garage'> <\/div>\n<div style='flex: 1 1 300px; min-width: 280px;'> <img style='width: 100%; height: auto; border: 1px solid rgba(150&comma;150&comma;150&comma;0.3); border-radius: 8px;' src='https:\/\/ftp3.syscom.mx\/usuarios\/mario.rodriguez\/PUERTADEGARAJE\/LR\/MADERA\/madera2.jpg' alt='Detalle textura madera'> <\/div>\n<div style='flex: 1 1 300px; min-width: 280px;'> <img style='width: 100%; height: auto; border: 1px solid rgba(150&comma;150&comma;150&comma;0.3); border-radius: 8px;' src='https:\/\/ftp3.syscom.mx\/usuarios\/mario.rodriguez\/PUERTADEGARAJE\/LR\/MADERA\/madera3.jpg' alt='Instalaci\u00f3n puerta'> <\/div>\n<\/p><\/div>\n<\/p><\/div>\n","protected":false},"excerpt":{"rendered":"<p>Secci\u00f3n para puerta de Garage \/ Lisa \/ Imitacion Madera \/ BLACK WALNUT\/ Para GARAGE109B \/ Estilo Americana.<\/p>\n","protected":false},"featured_media":22825,"comment_status":"open","ping_status":"closed","template":"","meta":[],"product_brand":[],"product_cat":[750],"product_tag":[401,234,751],"class_list":{"0":"post-22826","1":"product","2":"type-product","3":"status-publish","4":"has-post-thumbnail","6":"product_cat-refacciones","7":"product_tag-acceso-vehicular","8":"product_tag-accesspro","9":"product_tag-refacciones","11":"first","12":"outofstock","13":"sale","14":"shipping-taxable","15":"purchasable","16":"product-type-simple"},"_links":{"self":[{"href":"https:\/\/soydeaqui.ddns.net\/pachuca\/index.php\/wp-json\/wp\/v2\/product\/22826","targetHints":{"allow":["GET"]}}],"collection":[{"href":"https:\/\/soydeaqui.ddns.net\/pachuca\/index.php\/wp-json\/wp\/v2\/product"}],"about":[{"href":"https:\/\/soydeaqui.ddns.net\/pachuca\/index.php\/wp-json\/wp\/v2\/types\/product"}],"replies":[{"embeddable":true,"href":"https:\/\/soydeaqui.ddns.net\/pachuca\/index.php\/wp-json\/wp\/v2\/comments?post=22826"}],"wp:featuredmedia":[{"embeddable":true,"href":"https:\/\/soydeaqui.ddns.net\/pachuca\/index.php\/wp-json\/wp\/v2\/media\/22825"}],"wp:attachment":[{"href":"https:\/\/soydeaqui.ddns.net\/pachuca\/index.php\/wp-json\/wp\/v2\/media?parent=22826"}],"wp:term":[{"taxonomy":"product_brand","embeddable":true,"href":"https:\/\/soydeaqui.ddns.net\/pachuca\/index.php\/wp-json\/wp\/v2\/product_brand?post=22826"},{"taxonomy":"product_cat","embeddable":true,"href":"https:\/\/soydeaqui.ddns.net\/pachuca\/index.php\/wp-json\/wp\/v2\/product_cat?post=22826"},{"taxonomy":"product_tag","embeddable":true,"href":"https:\/\/soydeaqui.ddns.net\/pachuca\/index.php\/wp-json\/wp\/v2\/product_tag?post=22826"}],"curies":[{"name":"wp","href":"https:\/\/api.w.org\/{rel}","templated":true}]}}