{"id":22670,"date":"2026-03-18T11:01:56","date_gmt":"2026-03-18T11:01:56","guid":{"rendered":"https:\/\/soydeaqui.ddns.net\/pachuca\/index.php\/producto\/puerta-de-garage-de-alta-calidad-linea-central-color-blanco-12x9-pies-aislada-estilo-americana-3\/"},"modified":"2026-03-18T11:01:58","modified_gmt":"2026-03-18T11:01:58","slug":"puerta-de-garage-de-alta-calidad-linea-central-color-blanco-12x9-pies-aislada-estilo-americana-3","status":"publish","type":"product","link":"https:\/\/soydeaqui.ddns.net\/pachuca\/index.php\/producto\/puerta-de-garage-de-alta-calidad-linea-central-color-blanco-12x9-pies-aislada-estilo-americana-3\/","title":{"rendered":"Puerta de Garage de Alta Calidad \/ Linea Central \/ Color Blanco 12X9 pies,  AISLADA, Estilo Americana."},"content":{"rendered":"<div style='width: 100%; max-width: 1200px; margin: 0 auto; font-family: sans-serif; line-height: 1.6; color: inherit; background-color: transparent;'>\n<div style='text-align: center; margin: 30px 0;'>\n<h2 style='font-size: 24px; margin: 0; color: inherit; opacity: 0.9;'>Puerta Residencial de la serie APDOORCF<\/h2>\n<h3 style='font-size: 20px; margin: 10px 0; color: #3598db;'>ACCESSPRO<\/h3>\n<\/p><\/div>\n<div style='margin-bottom: 30px;'>\n<p style='font-size: 15px; margin-bottom: 15px; color: inherit;'>Las puertas de garaje tipo americanas representan una fusi\u00f3n perfecta de estilo&comma; seguridad y funcionalidad. Su dise\u00f1o atemporal y su construcci\u00f3n robusta las convierten en una inversi\u00f3n valiosa para cualquier hogar&comma; proporcionando tanto protecci\u00f3n como un toque de distinci\u00f3n.<\/p>\n<\/p><\/div>\n<div style='display: grid; grid-template-columns: repeat(auto-fill&comma; minmax(280px&comma; 1fr)); gap: 20px; margin-bottom: 30px;'>\n<div style='border-left: 5px solid #0091ff; border-radius: 5px; padding: 15px; box-shadow: 2px 2px 10px rgba(216&comma;216&comma;216&comma;0.5); background-color: rgba(216&comma;216&comma;216&comma;0.1);'>\n<h3 style='font-size: 18px; margin-top: 0; color: inherit; opacity: 0.9;'>Caracter\u00edsticas principales:<\/h3>\n<ul style='padding-left: 20px; font-size: 14px; margin: 10px 0; color: inherit;'>\n<li style='margin-bottom: 8px;'>Las puertas de garage tipo americanas ofrecen una combinaci\u00f3n de gran belleza&comma; resistencia y eficiencia t\u00e9rmica.<\/li>\n<li style='margin-bottom: 8px;'>Rodamientos y herrajes de gran calidad&comma; para una operaci\u00f3n silenciosa y eficaz.<\/li>\n<li>Efficiencia t\u00e9rmica&comma; lo mejor en este tipo de puertas.<\/li>\n<\/ul><\/div>\n<div style='border-left: 5px solid #0091ff; border-radius: 5px; padding: 15px; box-shadow: 2px 2px 10px rgba(216&comma;216&comma;216&comma;0.5); background-color: rgba(216&comma;216&comma;216&comma;0.1);'>\n<h3 style='font-size: 18px; margin-top: 0; color: inherit; opacity: 0.9;'>Caracter\u00edsticas F\u00edsicas y El\u00e9ctricas:<\/h3>\n<p style='font-size: 14px; margin: 10px 0; color: inherit;'>Las puertas de cochera o puertas para garage ascendentes AccessPro son de la m\u00e1s alta calidad. El panel de las puertas autom\u00e1ticas se fabrica en l\u00e1mina calibre 26&comma; con relleno poliuretano de alta densidad de 42 mm para brindar mayor rigidez y un aislamiento t\u00e9rmico y ac\u00fastico m\u00e1s eficiente.<\/p>\n<\/p><\/div>\n<div style='border-left: 5px solid #0091ff; border-radius: 5px; padding: 15px; box-shadow: 2px 2px 10px rgba(216&comma;216&comma;216&comma;0.5); background-color: rgba(216&comma;216&comma;216&comma;0.1);'>\n<h3 style='font-size: 18px; margin-top: 0; color: inherit; opacity: 0.9;'>Caracter\u00edsticas Destacadas:<\/h3>\n<p style='font-size: 14px; margin: 10px 0; color: inherit;'>Puerta residencial rellena con 42mm de poliuretano inyectado con una densidad de 42 kgs\/cbm.<\/p>\n<\/p><\/div>\n<\/p><\/div>\n<hr style='border: 0; border-top: 1px solid rgba(150&comma;150&comma;150&comma;0.3); margin: 30px 0;'>\n<div style='margin-bottom: 30px;'> <img style='width: 100%; height: auto; border: 1px solid rgba(150&comma;150&comma;150&comma;0.3); border-radius: 8px;' src='http:\/\/ftp3.syscom.mx\/usuarios\/ftp\/2025\/08\/06\/570\/Captura_de_pantalla_20250806_a_la_s__1.06.43p.m..png_froala_6893c8c8252d7' alt=''> <\/div>\n<div style='margin-bottom: 30px;'>\n<p style='font-size: 15px; margin-bottom: 15px; color: inherit;'>Las puertas de garage estilo americano se destacan por su combinaci\u00f3n de elegancia&comma; funcionalidad y durabilidad&comma; convirti\u00e9ndose en una elecci\u00f3n popular para hogares que buscan tanto est\u00e9tica como seguridad. T\u00edpicamente est\u00e1n dise\u00f1adas con un enfoque en el estilo cl\u00e1sico&comma; presentan l\u00edneas limpias y acabados de alta calidad que complementan una amplia variedad de arquitecturas residenciales.<\/p>\n<p style='font-size: 15px; margin-bottom: 15px; color: inherit;'>Evite que su garage enfrie su casa&comma; al colocar una puerta aislada mantendr\u00e1 a temperatura c\u00e1lida a los cuartos aleda\u00f1os&comma; esto le ayudar\u00e1 a ahorrar en el consumo de energ\u00eda.<\/p>\n<\/p><\/div>\n<hr style='border: 0; border-top: 1px solid rgba(150&comma;150&comma;150&comma;0.3); margin: 30px 0;'>\n<div style='margin-bottom: 30px;'>\n<h2 style='font-size: 22px; text-align: center; margin-bottom: 20px; color: inherit;'>\u00bfQu\u00e9 requiero cotizar para una instalaci\u00f3n?<\/h2>\n<ul style='padding-left: 20px; font-size: 14px; color: inherit;'>\n<li style='margin-bottom: 10px;'>1 x <a href='https:\/\/www.syscom.mx\/producto\/accesspro-apdoor-129cf-242209.html' style='color: #3598db; text-decoration: none;'>APDOOR-129CF<\/a> (Puerta de Garage 12&#215;9)<\/li>\n<li style='margin-bottom: 10px;'>1 x <a href='https:\/\/www.syscom.mx\/producto\/fs1000m-accesspro-241289.html' style='color: #3598db; text-decoration: none;'>FS1000M<\/a> \/ <a href='https:\/\/www.syscom.mx\/producto\/accessforce-accesspro-176436.html' style='color: #3598db; text-decoration: none;'>ACCESSFORCE<\/a> (Motor puerta de garage)<\/li>\n<li>1 x <a href='https:\/\/www.syscom.mx\/producto\/access-ext-railc-accesspro-191670.html' style='color: #3598db; text-decoration: none;'>ACCESSEXTRAILC<\/a> \/ <a href='https:\/\/www.syscom.mx\/producto\/accessrailt3-accesspro-176550.html' style='color: #3598db; text-decoration: none;'>ACCESSEXTRAILT<\/a> (Extensi\u00f3n de riel dependiendo del motor a utilizar)<\/li>\n<\/ul><\/div>\n<hr style='border: 0; border-top: 1px solid rgba(150&comma;150&comma;150&comma;0.3); margin: 30px 0;'>\n<div style='margin-bottom: 30px;'>\n<h2 style='font-size: 22px; text-align: center; margin-bottom: 20px; color: inherit;'>\u00bfQu\u00e9 accesorios puedo agregar a mi instalaci\u00f3n?<\/h2>\n<ul style='padding-left: 20px; font-size: 14px; color: inherit;'>\n<li style='margin-bottom: 10px;'>1 x Fotocelda (<a href='https:\/\/www.syscom.mx\/producto\/accesspc01-accesspro-176545.html' style='color: #3598db; text-decoration: none;'>ACCESSPC01<\/a>)<\/li>\n<li style='margin-bottom: 10px;'>1 x Dispositivo WIFI (<a href='https:\/\/www.syscom.mx\/producto\/accesswifi-accesspro-211041.html' style='color: #3598db; text-decoration: none;'>ACCESSWIFI<\/a>)<\/li>\n<li style='margin-bottom: 10px;'>1 x Receptor inal\u00e1mbrico (<a href='https:\/\/www.syscom.mx\/producto\/por400-accesspro-67300.html' style='color: #3598db; text-decoration: none;'>PROR400<\/a> \/ <a href='https:\/\/www.syscom.mx\/producto\/esim320ip-eldes-136647.html' style='color: #3598db; text-decoration: none;'>ESIM320IP<\/a>)<\/li>\n<li style='margin-bottom: 10px;'>1 x Frente de calle (<a href='https:\/\/www.syscom.mx\/producto\/ds-kv8113-wme1c-hikvision-210631.html' style='color: #3598db; text-decoration: none;'>DSKV8113WME1(C)<\/a> \/ <a href='https:\/\/www.syscom.mx\/producto\/ds-kv6113-wpe1c-hikvision-209203.html' style='color: #3598db; text-decoration: none;'>DSKV6113WPE1(C)<\/a>)<\/li>\n<li>1 x Botones inal\u00e1mbricos (<a href='https:\/\/www.syscom.mx\/producto\/accessvr01-accesspro-176538.html' style='color: #3598db; text-decoration: none;'>ACCESSVR01<\/a> \/ <a href='https:\/\/www.syscom.mx\/producto\/accessws01-accesspro-176540.html' style='color: #3598db; text-decoration: none;'>ACCESSWS01<\/a>)<\/li>\n<\/ul><\/div>\n<hr style='border: 0; border-top: 1px solid rgba(150&comma;150&comma;150&comma;0.3); margin: 30px 0;'>\n<div style='margin-bottom: 30px;'>\n<p style='font-size: 16px; text-align: center; margin-bottom: 20px; color: inherit;'>\u00bfC\u00f3mo s\u00e9 cu\u00e1l medida de puerta es la que necesito? <a href='https:\/\/www.syscom.mx\/panel\/calculador_cochera' style='color: #e74c3c; text-decoration: none;'>Click aqu\u00ed.<\/a><\/p>\n<p style='font-size: 16px; text-align: center; color: inherit;'>La puerta APDOOR129CF se compone de 6 secciones de 18&#8242;.<\/p>\n<\/p><\/div>\n<div style='display: flex; flex-wrap: wrap; gap: 20px; justify-content: center; margin-bottom: 30px;'>\n<div style='flex: 1 1 250px; max-width: 300px;'> <img style='width: 100%; height: auto; border: 1px solid rgba(150&comma;150&comma;150&comma;0.3); border-radius: 8px;' src='http:\/\/ftp3.syscom.mx\/usuarios\/ftp\/2025\/10\/14\/570\/imagengpt41760460441627.png_froala_68ee958714aa2' alt=''> <\/div>\n<div style='flex: 1 1 250px; max-width: 357px;'> <img style='width: 100%; height: auto; border: 1px solid rgba(150&comma;150&comma;150&comma;0.3); border-radius: 8px;' src='http:\/\/ftp3.syscom.mx\/usuarios\/ftp\/2025\/10\/14\/570\/imagengpt41760462591486.png_froala_68ee9600dc199' alt=''> <\/div>\n<\/p><\/div>\n<div style='margin-bottom: 30px;'>\n<h3 style='font-size: 18px; text-align: center; margin-bottom: 20px; color: inherit;'>Ensamble de las bisagras con secciones tipo sandwich<\/h3>\n<div style='display: flex; flex-wrap: wrap; gap: 20px; justify-content: center;'>\n<div style='flex: 1 1 250px; max-width: 300px;'> <img style='width: 100%; height: auto; border: 1px solid rgba(150&comma;150&comma;150&comma;0.3); border-radius: 8px;' src='http:\/\/ftp3.syscom.mx\/usuarios\/ftp\/2025\/10\/16\/570\/Captura_de_pantalla_20251016_100012.jpg_froala_68f15435210f6' alt=''> <\/div>\n<div style='flex: 1 1 250px; max-width: 563px;'> <img style='width: 100%; height: auto; border: 1px solid rgba(150&comma;150&comma;150&comma;0.3); border-radius: 8px;' src='http:\/\/ftp3.syscom.mx\/usuarios\/ftp\/2025\/10\/16\/570\/imagengpt41752682656280.png_froala_68f1546f9303d' alt=''> <\/div>\n<\/p><\/div>\n<\/p><\/div>\n<hr style='border: 0; border-top: 1px solid rgba(150&comma;150&comma;150&comma;0.3); margin: 30px 0;'>\n<div style='margin-bottom: 30px;'> <img style='width: 100%; height: auto; border: 1px solid rgba(150&comma;150&comma;150&comma;0.3); border-radius: 8px;' src='http:\/\/ftp3.syscom.mx\/usuarios\/ftp\/2025\/06\/30\/570\/1751323527339.png_froala_68631388e35f3' alt=''> <\/div>\n<div style='margin-bottom: 30px;'>\n<p style='font-size: 16px; text-align: center; color: #9f6723;'>El kit de puerta autom\u00e1tica no incluye el motor<\/p>\n<\/p><\/div>\n<div style='margin-bottom: 30px;'> <img style='width: 100%; height: auto; border: 1px solid rgba(150&comma;150&comma;150&comma;0.3); border-radius: 8px;' src='http:\/\/ftp3.syscom.mx\/usuarios\/ftp\/2025\/10\/16\/570\/imagengpt41752682831388.png_froala_68f1549e0d146' alt=''> <\/div>\n<\/p><\/div>\n","protected":false},"excerpt":{"rendered":"<p>Puerta de Garage de Alta Calidad \/ Linea Central \/ Color Blanco 12X9 pies,  AISLADA, Estilo Americana.<\/p>\n","protected":false},"featured_media":22669,"comment_status":"open","ping_status":"closed","template":"","meta":[],"product_brand":[],"product_cat":[400],"product_tag":[401,234,402],"class_list":{"0":"post-22670","1":"product","2":"type-product","3":"status-publish","4":"has-post-thumbnail","6":"product_cat-puertas-de-garage","7":"product_tag-acceso-vehicular","8":"product_tag-accesspro","9":"product_tag-puertas-de-garage","11":"first","12":"outofstock","13":"sale","14":"shipping-taxable","15":"purchasable","16":"product-type-simple"},"_links":{"self":[{"href":"https:\/\/soydeaqui.ddns.net\/pachuca\/index.php\/wp-json\/wp\/v2\/product\/22670","targetHints":{"allow":["GET"]}}],"collection":[{"href":"https:\/\/soydeaqui.ddns.net\/pachuca\/index.php\/wp-json\/wp\/v2\/product"}],"about":[{"href":"https:\/\/soydeaqui.ddns.net\/pachuca\/index.php\/wp-json\/wp\/v2\/types\/product"}],"replies":[{"embeddable":true,"href":"https:\/\/soydeaqui.ddns.net\/pachuca\/index.php\/wp-json\/wp\/v2\/comments?post=22670"}],"wp:featuredmedia":[{"embeddable":true,"href":"https:\/\/soydeaqui.ddns.net\/pachuca\/index.php\/wp-json\/wp\/v2\/media\/22669"}],"wp:attachment":[{"href":"https:\/\/soydeaqui.ddns.net\/pachuca\/index.php\/wp-json\/wp\/v2\/media?parent=22670"}],"wp:term":[{"taxonomy":"product_brand","embeddable":true,"href":"https:\/\/soydeaqui.ddns.net\/pachuca\/index.php\/wp-json\/wp\/v2\/product_brand?post=22670"},{"taxonomy":"product_cat","embeddable":true,"href":"https:\/\/soydeaqui.ddns.net\/pachuca\/index.php\/wp-json\/wp\/v2\/product_cat?post=22670"},{"taxonomy":"product_tag","embeddable":true,"href":"https:\/\/soydeaqui.ddns.net\/pachuca\/index.php\/wp-json\/wp\/v2\/product_tag?post=22670"}],"curies":[{"name":"wp","href":"https:\/\/api.w.org\/{rel}","templated":true}]}}