{"id":22664,"date":"2026-03-18T11:01:50","date_gmt":"2026-03-18T11:01:50","guid":{"rendered":"https:\/\/soydeaqui.ddns.net\/pachuca\/index.php\/producto\/puerta-de-garage-de-alta-calidad-estilo-americano-acabado-laminado-premium-color-gris-10x7-pies\/"},"modified":"2026-03-18T11:01:52","modified_gmt":"2026-03-18T11:01:52","slug":"puerta-de-garage-de-alta-calidad-estilo-americano-acabado-laminado-premium-color-gris-10x7-pies","status":"publish","type":"product","link":"https:\/\/soydeaqui.ddns.net\/pachuca\/index.php\/producto\/puerta-de-garage-de-alta-calidad-estilo-americano-acabado-laminado-premium-color-gris-10x7-pies\/","title":{"rendered":"Puerta de Garage de Alta Calidad \/ Estilo Americano \/ Acabado Laminado PREMIUM \/ Color Gris \/ 10&#215;7 Pies."},"content":{"rendered":"<div style='width: 100%; max-width: 1200px; margin: 0 auto; font-family: sans-serif; line-height: 1.6; color: inherit; background-color: transparent;'>\n<div style='display: flex; flex-wrap: wrap; gap: 30px; margin-bottom: 30px;'>\n<div style='flex: 1 1 300px; min-width: 280px;'>\n<h3 style='font-size: 22px; border-bottom: 2px solid currentColor; padding-bottom: 5px; margin-top: 0; color: inherit; opacity: 0.8;'>Puerta Residencial de la serie APDOORCF<\/h3>\n<p style='font-size: 15px; color: inherit; margin-top: 0; margin-bottom: 10px;'>Las puertas de garaje tipo americanas representan una fusi\u00f3n perfecta de estilo&comma; seguridad y funcionalidad. Su dise\u00f1o atemporal y su construcci\u00f3n robusta las convierten en una inversi\u00f3n valiosa para cualquier hogar&comma; proporcionando tanto protecci\u00f3n como un toque de distinci\u00f3n.<\/p>\n<\/p><\/div>\n<\/p><\/div>\n<div style='display: flex; flex-wrap: wrap; gap: 20px; margin-bottom: 30px;'>\n<div style='flex: 1 1 250px; border: 1px solid rgba(150&comma; 150&comma; 150&comma; 0.4); border-radius: 8px; overflow: hidden; display: flex; flex-direction: column;'>\n<div style='padding: 15px; border-bottom: 1px solid rgba(150&comma; 150&comma; 150&comma; 0.2); font-weight: bold; font-size: 18px; color: inherit;'>Caracter\u00edsticas principales<\/div>\n<div style='padding: 15px; color: inherit;'>\n<ul style='padding-left: 20px; margin: 0; font-size: 14px; list-style-type: disc;'>\n<li style='margin-bottom: 5px; color: inherit;'>Las puertas de garage tipo americanas ofrecen una combinaci\u00f3n de gran belleza&comma; resistencia y eficiencia t\u00e9rmica<\/li>\n<li style='margin-bottom: 5px; color: inherit;'>Rodamientos y herrajes de gran calidad&comma; para una operaci\u00f3n silenciosa y eficaz<\/li>\n<li style='margin-bottom: 5px; color: inherit;'>Eficiencia t\u00e9rmica&comma; lo mejor en este tipo de puertas<\/li>\n<\/ul><\/div>\n<\/p><\/div>\n<div style='flex: 1 1 250px; border: 1px solid rgba(150&comma; 150&comma; 150&comma; 0.4); border-radius: 8px; overflow: hidden; display: flex; flex-direction: column;'>\n<div style='padding: 15px; border-bottom: 1px solid rgba(150&comma; 150&comma; 150&comma; 0.2); font-weight: bold; font-size: 18px; color: inherit;'>Caracter\u00edsticas F\u00edsicas y El\u00e9ctricas<\/div>\n<div style='padding: 15px; color: inherit;'>\n<p style='margin-top: 0; margin-bottom: 10px; font-size: 14px; color: inherit;'>Las puertas de cochera o puertas para garage ascendentes AccessPro son de la m\u00e1s alta calidad. El panel de las puertas autom\u00e1ticas se fabrica en l\u00e1mina calibre 26&comma; con relleno poliuretano de alta densidad de 40 mm para brindar mayor rigidez y un aislamiento t\u00e9rmico y ac\u00fastico m\u00e1s eficiente.<\/p>\n<\/p><\/div>\n<\/p><\/div>\n<div style='flex: 1 1 250px; border: 1px solid rgba(150&comma; 150&comma; 150&comma; 0.4); border-radius: 8px; overflow: hidden; display: flex; flex-direction: column;'>\n<div style='padding: 15px; border-bottom: 1px solid rgba(150&comma; 150&comma; 150&comma; 0.2); font-weight: bold; font-size: 18px; color: inherit;'>Caracter\u00edsticas Destacadas<\/div>\n<div style='padding: 15px; color: inherit;'>\n<p style='margin-top: 0; margin-bottom: 10px; font-size: 14px; color: inherit;'>Puerta residencial rellena 40mm de poliuretano inyectado con una densidad de 42 kgs\/cbm<\/p>\n<\/p><\/div>\n<\/p><\/div>\n<\/p><\/div>\n<hr style='border: 0; border-top: 1px solid rgba(150&comma; 150&comma; 150&comma; 0.3); margin: 30px 0;'>\n<div style='margin-bottom: 30px;'> <img style='width: 100%; height: auto; border: 1px solid rgba(150&comma;150&comma;150&comma;0.3); border-radius: 8px;' src='http:\/\/ftp3.syscom.mx\/usuarios\/ftp\/2025\/08\/06\/570\/Captura_de_pantalla_20250806_a_la_s__1.06.43p.m..png_froala_6893c8c8252d7' alt=''> <\/div>\n<p style='font-size: 15px; color: inherit; margin-bottom: 15px;'>Las puertas de garage estilo americano se destacan por su combinaci\u00f3n de elegancia&comma; funcionalidad y durabilidad&comma; convirti\u00e9ndose en una elecci\u00f3n popular para hogares que buscan tanto est\u00e9tica como seguridad. T\u00edpicamente est\u00e1n dise\u00f1adas con un enfoque en el estilo cl\u00e1sico&comma; presentan l\u00edneas limpias y acabados de alta calidad que complementan una amplia variedad de arquitecturas residenciales.<\/p>\n<p style='font-size: 15px; color: inherit; margin-bottom: 15px;'>Evite que su garage enfrie su casa&comma; al colocar una puerta aislada mantendr\u00e1 a temperatura c\u00e1lida a los cuartos aleda\u00f1os&comma; esto le ayudar\u00e1 ahorrar en el consumo de energ\u00eda.<\/p>\n<hr style='border: 0; border-top: 1px solid rgba(150&comma; 150&comma; 150&comma; 0.3); margin: 30px 0;'>\n<div style='margin-bottom: 30px;'>\n<h2 style='font-size: 22px; color: inherit; margin: 0 0 15px; text-align: center; font-weight: 500;'>\u00bfQu\u00e9 requiero cotizar para una instalaci\u00f3n?<\/h2>\n<ul style='padding-left: 20px; font-size: 14px; list-style-type: disc; color: inherit;'>\n<li style='margin-bottom: 5px; color: inherit;'>1 x <a style='color: inherit; text-decoration: underline;' href='https:\/\/www.syscom.mx\/producto\/accesspro-apdoor-107cf-242194.html'>APDOOR-107CF<\/a> (Puerta de Garage 10&#215;7)<\/li>\n<li style='margin-bottom: 5px; color: inherit;'>1 x <a style='color: inherit; text-decoration: underline;' href='https:\/\/www.syscom.mx\/producto\/fs1000m-accesspro-241289.html'>FS1000M<\/a> \/ <a style='color: inherit; text-decoration: underline;' href='https:\/\/www.syscom.mx\/producto\/accessforce-accesspro-176436.html'>ACCESSFORCE<\/a> (Motor puerta de garage)<\/li>\n<\/ul><\/div>\n<hr style='border: 0; border-top: 1px solid rgba(150&comma; 150&comma; 150&comma; 0.3); margin: 30px 0;'>\n<div style='margin-bottom: 30px;'>\n<h2 style='font-size: 22px; color: inherit; margin: 0 0 15px; text-align: center; font-weight: 500;'>\u00bfQu\u00e9 accesorios puedo agregar a mi instalaci\u00f3n?<\/h2>\n<ul style='padding-left: 20px; font-size: 14px; list-style-type: disc; color: inherit;'>\n<li style='margin-bottom: 5px; color: inherit;'>1 x Fotocelda (<a style='color: inherit; text-decoration: underline;' href='https:\/\/www.syscom.mx\/producto\/accesspc01-accesspro-176545.html'>ACCESSPC01<\/a>)<\/li>\n<li style='margin-bottom: 5px; color: inherit;'>1 x Dispositivo WIFI (<a style='color: inherit; text-decoration: underline;' href='https:\/\/www.syscom.mx\/producto\/accesswifi-accesspro-211041.html'>ACCESSWIFI<\/a>)<\/li>\n<li style='margin-bottom: 5px; color: inherit;'>1 x Receptor inal\u00e1mbrico (<a style='color: inherit; text-decoration: underline;' href='https:\/\/www.syscom.mx\/producto\/por400-accesspro-67300.html'>PROR400<\/a> \/ <a style='color: inherit; text-decoration: underline;' href='https:\/\/www.syscom.mx\/producto\/esim320ip-eldes-136647.html'>ESIM320IP<\/a>)<\/li>\n<li style='margin-bottom: 5px; color: inherit;'>1 x Frente de calle (<a style='color: inherit; text-decoration: underline;' href='https:\/\/www.syscom.mx\/producto\/ds-kv8113-wme1(c)-hikvision-210631.html'>DSKV8113WME1(C)<\/a> \/ <a style='color: inherit; text-decoration: underline;' href='https:\/\/www.syscom.mx\/producto\/ds-kv6113-wpe1(c)-hikvision-209203.html'>DSKV6113WPE1(C)<\/a>)<\/li>\n<li style='margin-bottom: 5px; color: inherit;'>1 x Botones inal\u00e1mbricos (<a style='color: inherit; text-decoration: underline;' href='https:\/\/www.syscom.mx\/producto\/accessvr01-accesspro-176538.html'>ACCESSVR01<\/a> \/ <a style='color: inherit; text-decoration: underline;' href='https:\/\/www.syscom.mx\/producto\/accessws01-accesspro-176540.html'>ACCESSWS01<\/a>)<\/li>\n<\/ul><\/div>\n<hr style='border: 0; border-top: 1px solid rgba(150&comma; 150&comma; 150&comma; 0.3); margin: 30px 0;'>\n<div style='margin-bottom: 30px;'>\n<p style='font-size: 15px; color: inherit; margin-bottom: 15px; text-align: center;'><a style='color: inherit; text-decoration: underline;' href='https:\/\/www.syscom.mx\/panel\/calculador_cochera'>\u00bfC\u00f3mo s\u00e9 cual medida de puerta es la que necesito?<\/a><\/p>\n<p style='font-size: 15px; color: inherit; text-align: center;'>La puerta APDOOR107CF se compone de 4 secciones de 21&#8242;<\/p>\n<\/p><\/div>\n<div style='margin-bottom: 30px;'>\n<div style='display: flex; flex-wrap: wrap; gap: 20px;'>\n<div style='flex: 1 1 300px;'> <img style='width: 100%; height: auto; border: 1px solid rgba(150&comma;150&comma;150&comma;0.3); border-radius: 8px;' src='https:\/\/ftp3.syscom.mx\/usuarios\/mario.rodriguez\/PUERTADEGARAJE\/FOTOS\/Captura1.png' alt=''> <\/div>\n<div style='flex: 1 1 300px;'> <img style='width: 100%; height: auto; border: 1px solid rgba(150&comma;150&comma;150&comma;0.3); border-radius: 8px;' src='http:\/\/ftp3.syscom.mx\/usuarios\/ftp\/2025\/08\/06\/570\/imagengpt41752682656280.png_froala_68938d635fdde' alt=''> <\/div>\n<\/p><\/div>\n<\/p><\/div>\n<hr style='border: 0; border-top: 1px solid rgba(150&comma; 150&comma; 150&comma; 0.3); margin: 30px 0;'>\n<div style='margin-bottom: 30px;'>\n<p style='font-size: 15px; color: inherit; text-align: center; margin-bottom: 15px;'>La puerta de garage incluye<\/p>\n<div style='margin-bottom: 20px;'> <img style='width: 100%; height: auto; border: 1px solid rgba(150&comma;150&comma;150&comma;0.3); border-radius: 8px;' src='http:\/\/ftp3.syscom.mx\/usuarios\/ftp\/2025\/06\/30\/570\/1751323527339.png_froala_68631388e35f3' alt=''> <\/div>\n<\/p><\/div>\n<hr style='border: 0; border-top: 1px solid rgba(150&comma; 150&comma; 150&comma; 0.3); margin: 30px 0;'>\n<div style='margin-bottom: 30px;'>\n<div style='display: flex; flex-wrap: wrap; gap: 20px;'>\n<div style='flex: 1 1 300px;'> <img style='width: 100%; height: auto; border: 1px solid rgba(150&comma;150&comma;150&comma;0.3); border-radius: 8px;' src='http:\/\/ftp3.syscom.mx\/usuarios\/ftp\/2025\/08\/06\/570\/imagengpt41752682831388.png_froala_68938f4d2ec86' alt=''> <\/div>\n<\/p><\/div>\n<\/p><\/div>\n<div style='margin-bottom: 30px;'>\n<p style='font-size: 15px; color: inherit; text-align: center; margin: 0; color: #9f6723;'>**El kit de puerta autom\u00e1tica no incluye el motor**<\/p>\n<\/p><\/div>\n<\/p><\/div>\n","protected":false},"excerpt":{"rendered":"<p>Puerta de Garage de Alta Calidad \/ Estilo Americano \/ Acabado Laminado PREMIUM \/ Color Gris \/ 10&#215;7 Pies.<\/p>\n","protected":false},"featured_media":22663,"comment_status":"open","ping_status":"closed","template":"","meta":[],"product_brand":[],"product_cat":[400],"product_tag":[401,234,402],"class_list":{"0":"post-22664","1":"product","2":"type-product","3":"status-publish","4":"has-post-thumbnail","6":"product_cat-puertas-de-garage","7":"product_tag-acceso-vehicular","8":"product_tag-accesspro","9":"product_tag-puertas-de-garage","11":"first","12":"outofstock","13":"sale","14":"shipping-taxable","15":"purchasable","16":"product-type-simple"},"_links":{"self":[{"href":"https:\/\/soydeaqui.ddns.net\/pachuca\/index.php\/wp-json\/wp\/v2\/product\/22664","targetHints":{"allow":["GET"]}}],"collection":[{"href":"https:\/\/soydeaqui.ddns.net\/pachuca\/index.php\/wp-json\/wp\/v2\/product"}],"about":[{"href":"https:\/\/soydeaqui.ddns.net\/pachuca\/index.php\/wp-json\/wp\/v2\/types\/product"}],"replies":[{"embeddable":true,"href":"https:\/\/soydeaqui.ddns.net\/pachuca\/index.php\/wp-json\/wp\/v2\/comments?post=22664"}],"wp:featuredmedia":[{"embeddable":true,"href":"https:\/\/soydeaqui.ddns.net\/pachuca\/index.php\/wp-json\/wp\/v2\/media\/22663"}],"wp:attachment":[{"href":"https:\/\/soydeaqui.ddns.net\/pachuca\/index.php\/wp-json\/wp\/v2\/media?parent=22664"}],"wp:term":[{"taxonomy":"product_brand","embeddable":true,"href":"https:\/\/soydeaqui.ddns.net\/pachuca\/index.php\/wp-json\/wp\/v2\/product_brand?post=22664"},{"taxonomy":"product_cat","embeddable":true,"href":"https:\/\/soydeaqui.ddns.net\/pachuca\/index.php\/wp-json\/wp\/v2\/product_cat?post=22664"},{"taxonomy":"product_tag","embeddable":true,"href":"https:\/\/soydeaqui.ddns.net\/pachuca\/index.php\/wp-json\/wp\/v2\/product_tag?post=22664"}],"curies":[{"name":"wp","href":"https:\/\/api.w.org\/{rel}","templated":true}]}}