{"id":22658,"date":"2026-03-18T11:01:44","date_gmt":"2026-03-18T11:01:44","guid":{"rendered":"https:\/\/soydeaqui.ddns.net\/pachuca\/index.php\/producto\/puerta-de-garage-de-alta-calidad-estilo-americano-acabado-laminado-premium-color-gris-14x8-pies\/"},"modified":"2026-03-18T11:01:45","modified_gmt":"2026-03-18T11:01:45","slug":"puerta-de-garage-de-alta-calidad-estilo-americano-acabado-laminado-premium-color-gris-14x8-pies","status":"publish","type":"product","link":"https:\/\/soydeaqui.ddns.net\/pachuca\/index.php\/producto\/puerta-de-garage-de-alta-calidad-estilo-americano-acabado-laminado-premium-color-gris-14x8-pies\/","title":{"rendered":"Puerta de Garage de Alta Calidad \/ Estilo Americano \/ Acabado Laminado PREMIUM \/ Color Gris \/ 14&#215;8 Pies."},"content":{"rendered":"<div style='width: 100%; max-width: 1200px; margin: 0 auto; font-family: sans-serif; line-height: 1.6; color: inherit; background-color: transparent;'>\n<div style='text-align: center; margin-bottom: 30px;'>\n<h2 style='font-size: 28px; margin-top: 0; margin-bottom: 10px; color: inherit; opacity: 0.9;'>Puerta Residencial de la serie APDOORCF<\/h2>\n<p style='font-size: 16px; margin-bottom: 0; color: inherit; opacity: 0.7;'>Las puertas de garaje tipo americanas representan una fusi\u00f3n perfecta de estilo&comma; seguridad y funcionalidad. Su dise\u00f1o atemporal y su construcci\u00f3n robusta las convierten en una inversi\u00f3n valiosa para cualquier hogar&comma; proporcionando tanto protecci\u00f3n como un toque de distinci\u00f3n.<\/p>\n<\/p><\/div>\n<div style='display: flex; flex-wrap: wrap; gap: 30px; margin-bottom: 30px;'>\n<div style='flex: 1 1 300px; min-width: 280px;'>\n<div style='border-left: 5px solid #0091ff; border-radius: 5px; padding: 15px; box-shadow: 2px 2px 10px rgba(216&comma;216&comma;216&comma;0.5);'>\n<h3 style='font-size: 18px; margin-top: 0; margin-bottom: 15px; font-weight: bold; color: inherit; opacity: 0.8;'>Caracter\u00edsticas principales<\/h3>\n<ul style='padding-left: 20px; font-size: 14px; color: inherit; list-style-type: disc;'>\n<li style='margin-bottom: 8px;'>Las puertas de garage tipo americanas ofrecen una combinaci\u00f3n de gran belleza&comma; resistencia y eficiencia t\u00e9rmica.<\/li>\n<li style='margin-bottom: 8px;'>Rodamientos y herrajes de gran calidad&comma; para una operaci\u00f3n silenciosa y eficaz.<\/li>\n<li style='margin-bottom: 8px;'>Eficiencia t\u00e9rmica&comma; lo mejor en este tipo de puertas.<\/li>\n<\/ul><\/div>\n<\/p><\/div>\n<div style='flex: 1 1 300px; min-width: 280px;'>\n<div style='border-left: 5px solid #0091ff; border-radius: 5px; padding: 15px; box-shadow: 2px 2px 10px rgba(216&comma;216&comma;216&comma;0.5);'>\n<h3 style='font-size: 18px; margin-top: 0; margin-bottom: 15px; font-weight: bold; color: inherit; opacity: 0.8;'>Caracter\u00edsticas F\u00edsicas y El\u00e9ctricas<\/h3>\n<p style='font-size: 14px; margin-bottom: 0; color: inherit;'>Las puertas de cochera o puertas para garage ascendentes AccessPro son de la m\u00e1s alta calidad. El panel de las puertas autom\u00e1ticas se fabrica en l\u00e1mina calibre 26&comma; con relleno poliuretano de alta densidad de 42 mm para brindar mayor rigidez y un aislamiento t\u00e9rmico y ac\u00fastico m\u00e1s eficiente.<\/p>\n<\/p><\/div>\n<\/p><\/div>\n<div style='flex: 1 1 300px; min-width: 280px;'>\n<div style='border-left: 5px solid #0091ff; border-radius: 5px; padding: 15px; box-shadow: 2px 2px 10px rgba(216&comma;216&comma;216&comma;0.5);'>\n<h3 style='font-size: 18px; margin-top: 0; margin-bottom: 15px; font-weight: bold; color: inherit; opacity: 0.8;'>Caracter\u00edsticas Destacadas<\/h3>\n<p style='font-size: 14px; margin-bottom: 0; color: inherit;'>Puerta residencial rellena 42mm de poliuretano inyectado con una densidad de 42 kgs\/cbm.<\/p>\n<\/p><\/div>\n<\/p><\/div>\n<\/p><\/div>\n<div style='margin: 30px 0;'> <img style='width: 100%; height: auto; border: 1px solid rgba(150&comma;150&comma;150&comma;0.3); border-radius: 8px;' src='http:\/\/ftp3.syscom.mx\/usuarios\/ftp\/2025\/08\/06\/570\/Captura_de_pantalla_20250806_a_la_s__1.06.43p.m..png_froala_6893c8c8252d7' alt=''> <\/div>\n<div style='margin-bottom: 30px;'>\n<p style='font-size: 15px; line-height: 1.6; color: inherit;'>Las puertas de garaje estilo americano se destacan por su combinaci\u00f3n de elegancia&comma; funcionalidad y durabilidad&comma; convirti\u00e9ndose en una elecci\u00f3n popular para hogares que buscan tanto est\u00e9tica como seguridad. T\u00edpicamente est\u00e1n dise\u00f1adas con un enfoque en el estilo cl\u00e1sico&comma; presentan l\u00edneas limpias y acabados de alta calidad que complementan una amplia variedad de arquitecturas residenciales.<\/p>\n<p style='font-size: 15px; line-height: 1.6; color: inherit;'>Evite que su garage enfrie su casa&comma; al colocar una puerta de insulada mantendr\u00e1 a temperatura c\u00e1lida a los cuartos aleda\u00f1os&comma; esto le ayudar\u00e1 a ahorrar en el consumo de energ\u00eda.<\/p>\n<\/p><\/div>\n<hr style='border: 0; border-top: 1px solid rgba(150&comma;150&comma;150&comma;0.3); margin: 30px 0;'>\n<div style='margin-bottom: 30px;'>\n<h2 style='font-size: 22px; text-align: center; margin-bottom: 20px; color: inherit; opacity: 0.9;'>\u00bfQu\u00e9 requiero cotizar para una instalaci\u00f3n?<\/h2>\n<ul style='padding-left: 20px; font-size: 14px; color: inherit; list-style-type: disc;'>\n<li style='margin-bottom: 8px;'><a href='https:\/\/www.syscom.mx\/producto\/accesspro-apdoor-148cf-242213.html' style='color: #3598db; text-decoration: none;'>APDOOR-148CF<\/a> (Puerta de Garage 14&#215;8)<\/li>\n<li style='margin-bottom: 8px;'><a href='https:\/\/www.syscom.mx\/producto\/fs1000m-accesspro-241289.html' style='color: #3598db; text-decoration: none;'>FS1000M<\/a> \/ <a href='https:\/\/www.syscom.mx\/producto\/accessforce-accesspro-176436.html' style='color: #3598db; text-decoration: none;'>ACCESSFORCE<\/a> (Motor puerta de garage)<\/li>\n<\/ul><\/div>\n<hr style='border: 0; border-top: 1px solid rgba(150&comma;150&comma;150&comma;0.3); margin: 30px 0;'>\n<div style='margin-bottom: 30px;'>\n<h2 style='font-size: 22px; text-align: center; margin-bottom: 20px; color: inherit; opacity: 0.9;'>\u00bfQu\u00e9 accesorios puedo agregar a mi instalaci\u00f3n?<\/h2>\n<ul style='padding-left: 20px; font-size: 14px; color: inherit; list-style-type: disc;'>\n<li style='margin-bottom: 8px;'><a href='https:\/\/www.syscom.mx\/producto\/accesspc01-accesspro-176545.html' style='color: #3598db; text-decoration: none;'>ACCESSPC01<\/a> (Fotocelda)<\/li>\n<li style='margin-bottom: 8px;'><a href='https:\/\/www.syscom.mx\/producto\/accesswifi-accesspro-211041.html' style='color: #3598db; text-decoration: none;'>ACCESSWIFI<\/a> (Dispositivo WIFI)<\/li>\n<li style='margin-bottom: 8px;'><a href='https:\/\/www.syscom.mx\/producto\/por400-accesspro-67300.html' style='color: #3598db; text-decoration: none;'>PROR400<\/a> \/ <a href='https:\/\/www.syscom.mx\/producto\/esim320ip-eldes-136647.html' style='color: #3598db; text-decoration: none;'>ESIM320IP<\/a> (Receptor inal\u00e1mbrico)<\/li>\n<li style='margin-bottom: 8px;'><a href='https:\/\/www.syscom.mx\/producto\/ds-kv8113-wme1(c)-hikvision-210631.html' style='color: #3598db; text-decoration: none;'>DSKV8113WME1(C)<\/a> \/ <a href='https:\/\/www.syscom.mx\/producto\/ds-kv6113-wpe1(c)-hikvision-209203.html' style='color: #3598db; text-decoration: none;'>DSKV6113WPE1(C)<\/a> (Frente de calle)<\/li>\n<li style='margin-bottom: 8px;'><a href='https:\/\/www.syscom.mx\/producto\/accessvr01-accesspro-176538.html' style='color: #3598db; text-decoration: none;'>ACCESSVR01<\/a> \/ <a href='https:\/\/www.syscom.mx\/producto\/accessws01-accesspro-176540.html' style='color: #3598db; text-decoration: none;'>ACCESSWS01<\/a> (Botones inal\u00e1mbricos)<\/li>\n<\/ul><\/div>\n<hr style='border: 0; border-top: 1px solid rgba(150&comma;150&comma;150&comma;0.3); margin: 30px 0;'>\n<div style='margin-bottom: 30px;'>\n<p style='font-size: 16px; text-align: center; margin-bottom: 20px; color: inherit; opacity: 0.9;'>\u00bfC\u00f3mo s\u00e9 cu\u00e1l medida de puerta es la que necesito? <a href='https:\/\/www.syscom.mx\/panel\/calculador_cochera' style='color: #e74c3c; text-decoration: none;'>Haga clic aqu\u00ed<\/a><\/p>\n<p style='font-size: 16px; text-align: center; color: inherit; opacity: 0.9;'>La puerta APDOOR148CF se compone de 5 secciones (2 secciones de 21&#8242; y 3 secciones de 18&#8242;).<\/p>\n<\/p><\/div>\n<div style='display: flex; flex-wrap: wrap; gap: 15px; justify-content: center; margin-bottom: 30px;'> <img style='width: 100%; max-width: 300px; height: auto; border: 1px solid rgba(150&comma;150&comma;150&comma;0.3); border-radius: 8px;' src='http:\/\/ftp3.syscom.mx\/usuarios\/ftp\/2025\/10\/14\/570\/imagengpt41760460441627.png_froala_68ee958714aa2' alt=''> <img style='width: 100%; max-width: 357px; height: auto; border: 1px solid rgba(150&comma;150&comma;150&comma;0.3); border-radius: 8px;' src='http:\/\/ftp3.syscom.mx\/usuarios\/ftp\/2025\/10\/14\/570\/imagengpt41760462591486.png_froala_68ee9600dc199' alt=''> <\/div>\n<div style='margin-bottom: 30px; text-align: center;'>\n<p style='font-size: 18px; margin-bottom: 20px; color: inherit; opacity: 0.9;'>Ensamble de las bisagras con secciones tipo sandwich<\/p>\n<p> <img style='width: 100%; max-width: 300px; height: auto; border: 1px solid rgba(150&comma;150&comma;150&comma;0.3); border-radius: 8px; margin-bottom: 15px;' src='http:\/\/ftp3.syscom.mx\/usuarios\/ftp\/2025\/10\/16\/570\/Captura_de_pantalla_20251016_100012.jpg_froala_68f15435210f6' alt=''> <img style='width: 100%; max-width: 563px; height: auto; border: 1px solid rgba(150&comma;150&comma;150&comma;0.3); border-radius: 8px;' src='http:\/\/ftp3.syscom.mx\/usuarios\/ftp\/2025\/10\/16\/570\/imagengpt41752682656280.png_froala_68f1546f9303d' alt=''> <\/div>\n<hr style='border: 0; border-top: 1px solid rgba(150&comma;150&comma;150&comma;0.3); margin: 30px 0;'>\n<div style='margin-bottom: 30px; text-align: center;'> <img style='width: 100%; height: auto; border: 1px solid rgba(150&comma;150&comma;150&comma;0.3); border-radius: 8px; margin-bottom: 15px;' src='http:\/\/ftp3.syscom.mx\/usuarios\/ftp\/2025\/06\/30\/570\/1751323527339.png_froala_68631388e35f3' alt=''> <\/p>\n<p style='font-size: 16px; color: inherit; opacity: 0.9; margin: 0;'>El kit de puerta autom\u00e1tica no incluye el motor<\/p>\n<\/p><\/div>\n<div style='margin-bottom: 30px; text-align: center;'> <img style='width: 100%; height: auto; border: 1px solid rgba(150&comma;150&comma;150&comma;0.3); border-radius: 8px;' src='http:\/\/ftp3.syscom.mx\/usuarios\/ftp\/2025\/10\/16\/570\/imagengpt41752682831388.png_froala_68f1549e0d146' alt=''> <\/div>\n<\/p><\/div>\n","protected":false},"excerpt":{"rendered":"<p>Puerta de Garage de Alta Calidad \/ Estilo Americano \/ Acabado Laminado PREMIUM \/ Color Gris \/ 14&#215;8 Pies.<\/p>\n","protected":false},"featured_media":22657,"comment_status":"open","ping_status":"closed","template":"","meta":[],"product_brand":[],"product_cat":[400],"product_tag":[401,234,402],"class_list":{"0":"post-22658","1":"product","2":"type-product","3":"status-publish","4":"has-post-thumbnail","6":"product_cat-puertas-de-garage","7":"product_tag-acceso-vehicular","8":"product_tag-accesspro","9":"product_tag-puertas-de-garage","11":"first","12":"outofstock","13":"sale","14":"shipping-taxable","15":"purchasable","16":"product-type-simple"},"_links":{"self":[{"href":"https:\/\/soydeaqui.ddns.net\/pachuca\/index.php\/wp-json\/wp\/v2\/product\/22658","targetHints":{"allow":["GET"]}}],"collection":[{"href":"https:\/\/soydeaqui.ddns.net\/pachuca\/index.php\/wp-json\/wp\/v2\/product"}],"about":[{"href":"https:\/\/soydeaqui.ddns.net\/pachuca\/index.php\/wp-json\/wp\/v2\/types\/product"}],"replies":[{"embeddable":true,"href":"https:\/\/soydeaqui.ddns.net\/pachuca\/index.php\/wp-json\/wp\/v2\/comments?post=22658"}],"wp:featuredmedia":[{"embeddable":true,"href":"https:\/\/soydeaqui.ddns.net\/pachuca\/index.php\/wp-json\/wp\/v2\/media\/22657"}],"wp:attachment":[{"href":"https:\/\/soydeaqui.ddns.net\/pachuca\/index.php\/wp-json\/wp\/v2\/media?parent=22658"}],"wp:term":[{"taxonomy":"product_brand","embeddable":true,"href":"https:\/\/soydeaqui.ddns.net\/pachuca\/index.php\/wp-json\/wp\/v2\/product_brand?post=22658"},{"taxonomy":"product_cat","embeddable":true,"href":"https:\/\/soydeaqui.ddns.net\/pachuca\/index.php\/wp-json\/wp\/v2\/product_cat?post=22658"},{"taxonomy":"product_tag","embeddable":true,"href":"https:\/\/soydeaqui.ddns.net\/pachuca\/index.php\/wp-json\/wp\/v2\/product_tag?post=22658"}],"curies":[{"name":"wp","href":"https:\/\/api.w.org\/{rel}","templated":true}]}}