{"id":22573,"date":"2026-03-18T11:00:03","date_gmt":"2026-03-18T11:00:03","guid":{"rendered":"https:\/\/soydeaqui.ddns.net\/pachuca\/index.php\/producto\/bisagra-de-transferencia-electrica-sd-h412-12-24-vac-vdc-4-hilos-28awg-acero-resistente-a-vandalismo-transferencia-de-energia-y-datos-reemplazo-de-bisagra-estandar\/"},"modified":"2026-03-18T11:00:03","modified_gmt":"2026-03-18T11:00:03","slug":"bisagra-de-transferencia-electrica-sd-h412-12-24-vac-vdc-4-hilos-28awg-acero-resistente-a-vandalismo-transferencia-de-energia-y-datos-reemplazo-de-bisagra-estandar","status":"publish","type":"product","link":"https:\/\/soydeaqui.ddns.net\/pachuca\/index.php\/producto\/bisagra-de-transferencia-electrica-sd-h412-12-24-vac-vdc-4-hilos-28awg-acero-resistente-a-vandalismo-transferencia-de-energia-y-datos-reemplazo-de-bisagra-estandar\/","title":{"rendered":"Bisagra de Transferencia El\u00e9ctrica SD-H412 \/ 12-24 VAC\/VDC \/ 4 Hilos 28AWG \/ Acero Resistente a Vandalismo \/ Transferencia de Energ\u00eda y Datos \/ Reemplazo de Bisagra Est\u00e1ndar"},"content":{"rendered":"<div style='width: 100%; max-width: 1200px; margin: 0 auto; font-family: sans-serif; line-height: 1.6; color: inherit; background-color: transparent;'>\n<div style='display: flex; flex-wrap: wrap; gap: 30px; margin-bottom: 30px;'>\n<div style='flex: 1 1 300px; min-width: 280px;'>\n<h3 style='font-size: 22px; border-bottom: 2px solid currentColor; padding-bottom: 5px; margin-top: 0; color: inherit; opacity: 0.8;'>Descripci\u00f3n<\/h3>\n<p style='font-size: 15px; color: inherit; margin-top: 10px; margin-bottom: 10px;'>La Bisagra de Transferencia El\u00e9ctrica SD-H412 de SECO-LARM ofrece un m\u00e9todo resistente al vandalismo para proteger y ocultar cables entre una puerta hueca y el marco de la puerta. Es ideal para aplicaciones de bajo voltaje y baja corriente&comma; como cerraduras el\u00e9ctricas&comma; cerrojos y otros dispositivos de monitoreo o salida. F\u00e1cil de instalar&comma; reemplaza la bisagra central.<\/p>\n<\/p><\/div>\n<\/p><\/div>\n<div style='display: flex; flex-wrap: wrap; gap: 20px; margin-bottom: 30px;'>\n<div style='flex: 1 1 250px; border: 1px solid rgba(150&comma; 150&comma; 150&comma; 0.4); border-radius: 8px; overflow: hidden; display: flex; flex-direction: column;'>\n<div style='padding: 15px; border-bottom: 1px solid rgba(150&comma; 150&comma; 150&comma; 0.2); font-weight: bold; font-size: 18px; color: inherit;'>Caracter\u00edsticas Principales<\/div>\n<div style='padding: 15px; color: inherit;'>\n<ul style='padding-left: 20px; margin: 0; font-size: 14px; list-style-type: disc;'>\n<li style='margin-bottom: 5px;'>Operaci\u00f3n a 12 o 24 VAC\/VDC<\/li>\n<li style='margin-bottom: 5px;'>4 hilos conductores de 28AWG&comma; 0.5A@24VAC\/VDC<\/li>\n<li style='margin-bottom: 5px;'>Bisagra est\u00e1ndar de 5 nudillos<\/li>\n<li style='margin-bottom: 5px;'>Proporciona transferencia de energ\u00eda y datos<\/li>\n<\/ul><\/div>\n<\/p><\/div>\n<div style='flex: 1 1 250px; border: 1px solid rgba(150&comma; 150&comma; 150&comma; 0.4); border-radius: 8px; overflow: hidden; display: flex; flex-direction: column;'>\n<div style='padding: 15px; border-bottom: 1px solid rgba(150&comma; 150&comma; 150&comma; 0.2); font-weight: bold; font-size: 18px; color: inherit;'>Caracter\u00edsticas F\u00edsicas y El\u00e9ctricas<\/div>\n<div style='padding: 15px; color: inherit;'>\n<ul style='padding-left: 20px; margin: 0; font-size: 14px; list-style-type: disc;'>\n<li style='margin-bottom: 5px;'>Voltaje de operaci\u00f3n: 12~24 VAC\/VDC<\/li>\n<li style='margin-bottom: 5px;'>Corriente: 28AWG&comma; 0.5A@24VAC\/VDC<\/li>\n<li style='margin-bottom: 5px;'>Hilos: 4x 28AWG (rojo&comma; negro&comma; blanco&comma; verde)<\/li>\n<\/ul><\/div>\n<\/p><\/div>\n<div style='flex: 1 1 250px; border: 1px solid rgba(150&comma; 150&comma; 150&comma; 0.4); border-radius: 8px; overflow: hidden; display: flex; flex-direction: column;'>\n<div style='padding: 15px; border-bottom: 1px solid rgba(150&comma; 150&comma; 150&comma; 0.2); font-weight: bold; font-size: 18px; color: inherit;'>Caracter\u00edsticas Destacadas<\/div>\n<div style='padding: 15px; color: inherit;'>\n<ul style='padding-left: 20px; margin: 0; font-size: 14px; list-style-type: disc;'>\n<li style='margin-bottom: 5px;'>Reemplaza una de las bisagras est\u00e1ndar en una puerta hueca<\/li>\n<li style='margin-bottom: 5px;'>Carcasa de acero resistente al vandalismo que protege y oculta los cables<\/li>\n<li style='margin-bottom: 5px;'>Temperatura de operaci\u00f3n: -4\u00b0~185\u00b0 F (-20\u00b0~85\u00b0C)<\/li>\n<li style='margin-bottom: 5px;'>Dimensiones: 41\/2&#8217;x41\/2&#8217;x1\/8&#8242;<\/li>\n<li style='margin-bottom: 5px;'>Peso: 16 oz (454g)<\/li>\n<\/ul><\/div>\n<\/p><\/div>\n<\/p><\/div>\n<div style='display: flex; flex-wrap: wrap; gap: 30px; margin-bottom: 30px;'>\n<div style='flex: 1 1 300px; min-width: 280px;'>\n<h3 style='font-size: 22px; border-bottom: 2px solid currentColor; padding-bottom: 5px; margin-top: 0; color: inherit; opacity: 0.8;'>Interfaces y Conectividad<\/h3>\n<ul style='padding-left: 20px; font-size: 15px; color: inherit;'>\n<li style='margin-bottom: 5px;'>4 hilos conductores para transferencia de energ\u00eda y datos<\/li>\n<li style='margin-bottom: 5px;'>Compatibilidad con dispositivos de bajo voltaje y baja corriente<\/li>\n<\/ul><\/div>\n<\/p><\/div>\n<div style='display: flex; flex-wrap: wrap; gap: 30px; margin-bottom: 30px;'>\n<div style='flex: 1 1 300px; min-width: 280px;'>\n<h3 style='font-size: 22px; border-bottom: 2px solid currentColor; padding-bottom: 5px; margin-top: 0; color: inherit; opacity: 0.8;'>Aplicaciones y Casos de Uso<\/h3>\n<ul style='padding-left: 20px; font-size: 15px; color: inherit;'>\n<li style='margin-bottom: 5px;'><strong>Cerraduras El\u00e9ctricas<\/strong><\/li>\n<li style='margin-bottom: 5px;'>Ideal para la instalaci\u00f3n de cerraduras el\u00e9ctricas en puertas huecas.<\/li>\n<li style='margin-bottom: 5px;'><strong>Dispositivos de Monitoreo<\/strong><\/li>\n<li style='margin-bottom: 5px;'>Perfecta para la integraci\u00f3n de dispositivos de monitoreo y seguridad.<\/li>\n<li style='margin-bottom: 5px;'><strong>Sistemas de Salida<\/strong><\/li>\n<li style='margin-bottom: 5px;'>Utilizada en sistemas de salida de emergencia y control de acceso<\/li>\n<\/ul><\/div>\n<\/p><\/div>\n<hr style='border: 0; border-top: 1px solid rgba(150&comma; 150&comma; 150&comma; 0.3); margin: 30px 0;'> <\/div>\n","protected":false},"excerpt":{"rendered":"<p>Bisagra de Transferencia El\u00e9ctrica SD-H412 \/ 12-24 VAC\/VDC \/ 4 Hilos 28AWG \/ Acero Resistente a Vandalismo \/ Transferencia de Energ\u00eda y Datos \/ Reemplazo de Bisagra Est\u00e1ndar<\/p>\n","protected":false},"featured_media":22572,"comment_status":"open","ping_status":"closed","template":"","meta":[],"product_brand":[],"product_cat":[772],"product_tag":[87,773,116],"class_list":{"0":"post-22573","1":"product","2":"type-product","3":"status-publish","4":"has-post-thumbnail","6":"product_cat-contrachapas","7":"product_tag-cerraduras","8":"product_tag-contrachapas","9":"product_tag-enforcer-secolarm","11":"first","12":"instock","13":"sale","14":"shipping-taxable","15":"purchasable","16":"product-type-simple"},"_links":{"self":[{"href":"https:\/\/soydeaqui.ddns.net\/pachuca\/index.php\/wp-json\/wp\/v2\/product\/22573","targetHints":{"allow":["GET"]}}],"collection":[{"href":"https:\/\/soydeaqui.ddns.net\/pachuca\/index.php\/wp-json\/wp\/v2\/product"}],"about":[{"href":"https:\/\/soydeaqui.ddns.net\/pachuca\/index.php\/wp-json\/wp\/v2\/types\/product"}],"replies":[{"embeddable":true,"href":"https:\/\/soydeaqui.ddns.net\/pachuca\/index.php\/wp-json\/wp\/v2\/comments?post=22573"}],"wp:featuredmedia":[{"embeddable":true,"href":"https:\/\/soydeaqui.ddns.net\/pachuca\/index.php\/wp-json\/wp\/v2\/media\/22572"}],"wp:attachment":[{"href":"https:\/\/soydeaqui.ddns.net\/pachuca\/index.php\/wp-json\/wp\/v2\/media?parent=22573"}],"wp:term":[{"taxonomy":"product_brand","embeddable":true,"href":"https:\/\/soydeaqui.ddns.net\/pachuca\/index.php\/wp-json\/wp\/v2\/product_brand?post=22573"},{"taxonomy":"product_cat","embeddable":true,"href":"https:\/\/soydeaqui.ddns.net\/pachuca\/index.php\/wp-json\/wp\/v2\/product_cat?post=22573"},{"taxonomy":"product_tag","embeddable":true,"href":"https:\/\/soydeaqui.ddns.net\/pachuca\/index.php\/wp-json\/wp\/v2\/product_tag?post=22573"}],"curies":[{"name":"wp","href":"https:\/\/api.w.org\/{rel}","templated":true}]}}