{"id":22565,"date":"2026-03-18T10:59:52","date_gmt":"2026-03-18T10:59:52","guid":{"rendered":"https:\/\/soydeaqui.ddns.net\/pachuca\/index.php\/producto\/barrera-vehicular-came-lt4-soporta-mastil-de-4-metros-no-incluido-apertura-izquierda-o-derecha-configurable-en-sitio-tiempo-de-apertura-de-2-a-6-segundos\/"},"modified":"2026-03-18T11:00:00","modified_gmt":"2026-03-18T11:00:00","slug":"barrera-vehicular-came-lt4-soporta-mastil-de-4-metros-no-incluido-apertura-izquierda-o-derecha-configurable-en-sitio-tiempo-de-apertura-de-2-a-6-segundos","status":"publish","type":"product","link":"https:\/\/soydeaqui.ddns.net\/pachuca\/index.php\/producto\/barrera-vehicular-came-lt4-soporta-mastil-de-4-metros-no-incluido-apertura-izquierda-o-derecha-configurable-en-sitio-tiempo-de-apertura-de-2-a-6-segundos\/","title":{"rendered":"Barrera vehicular CAME LT4 \/ Soporta m\u00e1stil de 4 metros (No incluido) \/ Apertura Izquierda o Derecha Configurable en Sitio \/ Tiempo de Apertura de 2 a 6 Segundos"},"content":{"rendered":"<div style='width: 100%; max-width: 1200px; margin: 0 auto; font-family: sans-serif; line-height: 1.6; color: inherit; background-color: transparent;'>\n<div style='display: flex; flex-wrap: wrap; gap: 30px; margin-bottom: 30px;'>\n<div style='flex: 1 1 300px; min-width: 280px;'>\n<h3 style='font-size: 22px; border-bottom: 2px solid currentColor; padding-bottom: 5px; margin-top: 0; color: inherit; opacity: 0.8;'>Caracter\u00edsticas Principales<\/h3>\n<ul style='padding-left: 20px; font-size: 15px; color: inherit;'>\n<li style='margin-bottom: 5px;'>Soporta brazo de hasta 4 metros.<\/li>\n<li style='margin-bottom: 5px;'>Gabinete en color naranja.<\/li>\n<li style='margin-bottom: 5px;'>5400 ciclos diarios.<\/li>\n<li style='margin-bottom: 5px;'>Tiempo de apertura de 2 a 6 seg.<\/li>\n<\/ul><\/div>\n<div style='flex: 1 1 300px; min-width: 280px;'>\n<h3 style='font-size: 22px; border-bottom: 2px solid currentColor; padding-bottom: 5px; margin-top: 0; color: inherit; opacity: 0.8;'>Caracter\u00edsticas El\u00e9ctricas<\/h3>\n<ul style='padding-left: 20px; font-size: 15px; color: inherit;'>\n<li style='margin-bottom: 5px;'>Alimentaci\u00f3n a 120VAC.<\/li>\n<li style='margin-bottom: 5px;'>Alimentaci\u00f3n motor 24VCC.<\/li>\n<li style='margin-bottom: 5px;'>Alimentaci\u00f3n tarjeta 17VAC.<\/li>\n<li style='margin-bottom: 5px;'>Potencia m\u00e1xima 190W.<\/li>\n<\/ul><\/div>\n<div style='flex: 1 1 300px; min-width: 280px;'>\n<h3 style='font-size: 22px; border-bottom: 2px solid currentColor; padding-bottom: 5px; margin-top: 0; color: inherit; opacity: 0.8;'>Caracter\u00edsticas F\u00edsicas<\/h3>\n<ul style='padding-left: 20px; font-size: 15px; color: inherit;'>\n<li style='margin-bottom: 5px;'>Grado de protecci\u00f3n IP44<\/li>\n<li style='margin-bottom: 5px;'>Peso de la barrera 56Kg<\/li>\n<li style='margin-bottom: 5px;'>Temp. de operaci\u00f3n -20 a 55 \u00b0C<\/li>\n<li style='margin-bottom: 5px;'>Par de 140Nm<\/li>\n<\/ul><\/div>\n<\/p><\/div>\n<hr style='border: 0; border-top: 1px solid rgba(150&comma; 150&comma; 150&comma; 0.3); margin: 30px 0;'>\n<div style='text-align: center; margin: 30px 0;'>\n<p style='margin: 0 0 10px 0; font-size: 18px; font-weight: bold; color: inherit;'>\u00bfQu\u00e9 incluye el modelo?<\/p>\n<p style='margin: 0; font-size: 15px; color: inherit;'>1 x <strong>803BB-0380<\/strong> Barrera CAME LT4 color naranja<\/p>\n<\/p><\/div>\n<hr style='border: 0; border-top: 1px solid rgba(150&comma; 150&comma; 150&comma; 0.3); margin: 30px 0;'>\n<div style='text-align: center; margin: 30px 0;'>\n<p style='margin: 0 0 10px 0; font-size: 18px; font-weight: bold; color: inherit;'>\u00bfQu\u00e9 accesorios debo de agregar a mi barrera para una instalaci\u00f3n b\u00e1sica?<\/p>\n<p style='margin: 0 0 5px 0; font-size: 15px; color: inherit;'>1 x <strong>001G-0401<\/strong> Brazo recto de 4 metros color blanco<\/p>\n<p style='margin: 0; font-size: 15px; color: inherit;'>1 x <strong>XBSS-SW01<\/strong> Botonera triple de uso rudo<\/p>\n<\/p><\/div>\n<hr style='border: 0; border-top: 1px solid rgba(150&comma; 150&comma; 150&comma; 0.3); margin: 30px 0;'>\n<div style='text-align: center; margin: 30px 0;'>\n<p style='margin: 0 0 10px 0; font-size: 18px; font-weight: bold; color: inherit;'>\u00bfQu\u00e9 accesorios opcionales puedo agregar a mi barrera?<\/p>\n<p style='margin: 0 0 5px 0; font-size: 15px; color: inherit;'><strong>001-DIR-10<\/strong> Fotocelda de seguridad CAME con alcance de 10 metros<\/p>\n<p style='margin: 0 0 5px 0; font-size: 15px; color: inherit;'><strong>10-MATRIX-ISS-1224<\/strong> Sensor de masa de un canal<\/p>\n<p style='margin: 0 0 5px 0; font-size: 15px; color: inherit;'><strong>SYS-LM6<\/strong> Lazo magn\u00e9tico<\/p>\n<p style='margin: 0; font-size: 15px; color: inherit;'><strong>XBS-SW01<\/strong> Botonera triple de uso rudo para aplicaciones de acceso vehicular<\/p>\n<\/p><\/div>\n<hr style='border: 0; border-top: 1px solid rgba(150&comma; 150&comma; 150&comma; 0.3); margin: 30px 0;'>\n<div style='text-align: center; margin: 30px 0;'>\n<p style='margin: 0 0 10px 0; font-size: 18px; font-weight: bold; color: inherit;'>Notas adicionales<\/p>\n<p style='margin: 0; font-size: 15px; color: inherit;'>Equipo con un a\u00f1o de garant\u00eda contra defectos de f\u00e1brica<\/p>\n<\/p><\/div>\n<hr style='border: 0; border-top: 1px solid rgba(150&comma; 150&comma; 150&comma; 0.3); margin: 30px 0;'> <\/div>\n","protected":false},"excerpt":{"rendered":"<p>Barrera vehicular CAME LT4 \/ Soporta m\u00e1stil de 4 metros (No incluido) \/ Apertura Izquierda o Derecha Configurable en Sitio \/ Tiempo de Apertura de 2 a 6 Segundos<\/p>\n","protected":false},"featured_media":22564,"comment_status":"open","ping_status":"closed","template":"","meta":[],"product_brand":[],"product_cat":[748],"product_tag":[401,749,779],"class_list":{"0":"post-22565","1":"product","2":"type-product","3":"status-publish","4":"has-post-thumbnail","6":"product_cat-barreras-vehiculares","7":"product_tag-acceso-vehicular","8":"product_tag-barreras-vehiculares","9":"product_tag-came","11":"first","12":"instock","13":"sale","14":"shipping-taxable","15":"purchasable","16":"product-type-simple"},"_links":{"self":[{"href":"https:\/\/soydeaqui.ddns.net\/pachuca\/index.php\/wp-json\/wp\/v2\/product\/22565","targetHints":{"allow":["GET"]}}],"collection":[{"href":"https:\/\/soydeaqui.ddns.net\/pachuca\/index.php\/wp-json\/wp\/v2\/product"}],"about":[{"href":"https:\/\/soydeaqui.ddns.net\/pachuca\/index.php\/wp-json\/wp\/v2\/types\/product"}],"replies":[{"embeddable":true,"href":"https:\/\/soydeaqui.ddns.net\/pachuca\/index.php\/wp-json\/wp\/v2\/comments?post=22565"}],"wp:featuredmedia":[{"embeddable":true,"href":"https:\/\/soydeaqui.ddns.net\/pachuca\/index.php\/wp-json\/wp\/v2\/media\/22564"}],"wp:attachment":[{"href":"https:\/\/soydeaqui.ddns.net\/pachuca\/index.php\/wp-json\/wp\/v2\/media?parent=22565"}],"wp:term":[{"taxonomy":"product_brand","embeddable":true,"href":"https:\/\/soydeaqui.ddns.net\/pachuca\/index.php\/wp-json\/wp\/v2\/product_brand?post=22565"},{"taxonomy":"product_cat","embeddable":true,"href":"https:\/\/soydeaqui.ddns.net\/pachuca\/index.php\/wp-json\/wp\/v2\/product_cat?post=22565"},{"taxonomy":"product_tag","embeddable":true,"href":"https:\/\/soydeaqui.ddns.net\/pachuca\/index.php\/wp-json\/wp\/v2\/product_tag?post=22565"}],"curies":[{"name":"wp","href":"https:\/\/api.w.org\/{rel}","templated":true}]}}