{"id":2255,"date":"2026-03-18T05:55:12","date_gmt":"2026-03-18T05:55:12","guid":{"rendered":"https:\/\/soydeaqui.ddns.net\/pachuca\/index.php\/producto\/zwave-micro-modulo-on-off-y-salida-de-contacto-seco\/"},"modified":"2026-03-18T05:55:14","modified_gmt":"2026-03-18T05:55:14","slug":"zwave-micro-modulo-on-off-y-salida-de-contacto-seco","status":"publish","type":"product","link":"https:\/\/soydeaqui.ddns.net\/pachuca\/index.php\/producto\/zwave-micro-modulo-on-off-y-salida-de-contacto-seco\/","title":{"rendered":"(ZWAVE) Micro modulo On\/Off y salida de contacto seco"},"content":{"rendered":"<div style='width: 100%; max-width: 1200px; margin: 0 auto; font-family: sans-serif; line-height: 1.6; color: inherit;'>\n<div style='display: flex; flex-wrap: wrap; gap: 30px;'>\n<div style='flex: 1 1 300px; min-width: 280px;'>\n<div style='border-left: 5px solid #0091ff; border-radius: 5px; padding: 15px; background-color: rgba(0&comma; 145&comma; 255&comma; 0.05);'>\n<h3 style='font-size: 18px; margin-top: 0; margin-bottom: 15px; color: inherit; opacity: 0.9;'>Caracter\u00edsticas F\u00edsicas y El\u00e9ctricas:<\/h3>\n<ul style='padding-left: 20px; font-size: 14px; color: inherit; list-style-position: outside;'>\n<li style='margin-bottom: 8px;'><strong>Alimentaci\u00f3n:<\/strong> AC85~260V&comma; 50\/60Hz<\/li>\n<li style='margin-bottom: 8px;'><strong>Frecuencia Z-Wave 700:<\/strong> 908.4MHz(US)<\/li>\n<li style='margin-bottom: 8px;'><strong>Soporta:<\/strong> 2 encriptaciones con controladores compatibles<\/li>\n<li style='margin-bottom: 8px;'><strong>Requiere:<\/strong> cable neutro<\/li>\n<\/ul><\/div>\n<\/p><\/div>\n<div style='flex: 1 1 300px; min-width: 280px;'>\n<div style='border-left: 5px solid #0091ff; border-radius: 5px; padding: 15px; background-color: rgba(0&comma; 145&comma; 255&comma; 0.05);'>\n<h3 style='font-size: 18px; margin-top: 0; margin-bottom: 15px; color: inherit; opacity: 0.9;'>Caracter\u00edsticas F\u00edsicas y El\u00e9ctricas:<\/h3>\n<ul style='padding-left: 20px; font-size: 14px; color: inherit; list-style-position: outside;'>\n<li style='margin-bottom: 8px;'><strong>Dimensi\u00f3n:<\/strong> 44*38*17 mm<\/li>\n<li style='margin-bottom: 8px;'><strong>Salida m\u00e1xima CA:<\/strong> 250V\/ 3A&comma; CC 30V\/3A (contacto seco)<\/li>\n<li style='margin-bottom: 8px;'><strong>Para cargas no resistivas:<\/strong> se recomienda una salida menor a 1A<\/li>\n<\/ul><\/div>\n<\/p><\/div>\n<div style='flex: 1 1 300px; min-width: 280px;'>\n<div style='border-left: 5px solid #0091ff; border-radius: 5px; padding: 15px; background-color: rgba(0&comma; 145&comma; 255&comma; 0.05);'>\n<h3 style='font-size: 18px; margin-top: 0; margin-bottom: 15px; color: inherit; opacity: 0.9;'>Ejemplos de instalaci\u00f3n:<\/h3>\n<ul style='padding-left: 20px; font-size: 14px; color: inherit; list-style-position: outside;'>\n<li style='margin-bottom: 8px;'>Control de 1 circuito de iluminaci\u00f3n en controladores compatibles<\/li>\n<li style='margin-bottom: 8px;'>Compatible con un controlador HUB de tecnolog\u00eda Zwave&comma; por mencionar un modelo HC8 (recomendable validar compatibilidad con otras marcas)<\/li>\n<li style='margin-bottom: 8px;'><strong>No es compatible:<\/strong> con HUB redise\u00f1o o Honeywell<\/li>\n<\/ul><\/div>\n<\/p><\/div>\n<\/p><\/div>\n<\/p><\/div>\n","protected":false},"excerpt":{"rendered":"<p>(ZWAVE) Micro modulo On\/Off y salida de contacto seco<\/p>\n","protected":false},"featured_media":2254,"comment_status":"open","ping_status":"closed","template":"","meta":[],"product_brand":[],"product_cat":[407],"product_tag":[408,187,180],"class_list":{"0":"post-2255","1":"product","2":"type-product","3":"status-publish","4":"has-post-thumbnail","6":"product_cat-automatizacion-z-wave","7":"product_tag-automatizacion-z-wave","8":"product_tag-smarthome-by-epcom","9":"product_tag-total-connect-honeywell","11":"first","12":"instock","13":"sale","14":"shipping-taxable","15":"purchasable","16":"product-type-simple"},"_links":{"self":[{"href":"https:\/\/soydeaqui.ddns.net\/pachuca\/index.php\/wp-json\/wp\/v2\/product\/2255","targetHints":{"allow":["GET"]}}],"collection":[{"href":"https:\/\/soydeaqui.ddns.net\/pachuca\/index.php\/wp-json\/wp\/v2\/product"}],"about":[{"href":"https:\/\/soydeaqui.ddns.net\/pachuca\/index.php\/wp-json\/wp\/v2\/types\/product"}],"replies":[{"embeddable":true,"href":"https:\/\/soydeaqui.ddns.net\/pachuca\/index.php\/wp-json\/wp\/v2\/comments?post=2255"}],"wp:featuredmedia":[{"embeddable":true,"href":"https:\/\/soydeaqui.ddns.net\/pachuca\/index.php\/wp-json\/wp\/v2\/media\/2254"}],"wp:attachment":[{"href":"https:\/\/soydeaqui.ddns.net\/pachuca\/index.php\/wp-json\/wp\/v2\/media?parent=2255"}],"wp:term":[{"taxonomy":"product_brand","embeddable":true,"href":"https:\/\/soydeaqui.ddns.net\/pachuca\/index.php\/wp-json\/wp\/v2\/product_brand?post=2255"},{"taxonomy":"product_cat","embeddable":true,"href":"https:\/\/soydeaqui.ddns.net\/pachuca\/index.php\/wp-json\/wp\/v2\/product_cat?post=2255"},{"taxonomy":"product_tag","embeddable":true,"href":"https:\/\/soydeaqui.ddns.net\/pachuca\/index.php\/wp-json\/wp\/v2\/product_tag?post=2255"}],"curies":[{"name":"wp","href":"https:\/\/api.w.org\/{rel}","templated":true}]}}