{"id":22542,"date":"2026-03-18T10:59:27","date_gmt":"2026-03-18T10:59:27","guid":{"rendered":"https:\/\/soydeaqui.ddns.net\/pachuca\/index.php\/producto\/puerta-de-garage-de-alta-calidad-linea-central-color-blanco-14x9-pies-aislada-estilo-americana-2\/"},"modified":"2026-03-18T10:59:30","modified_gmt":"2026-03-18T10:59:30","slug":"puerta-de-garage-de-alta-calidad-linea-central-color-blanco-14x9-pies-aislada-estilo-americana-2","status":"publish","type":"product","link":"https:\/\/soydeaqui.ddns.net\/pachuca\/index.php\/producto\/puerta-de-garage-de-alta-calidad-linea-central-color-blanco-14x9-pies-aislada-estilo-americana-2\/","title":{"rendered":"Puerta de Garage de Alta Calidad \/ Linea Central \/ Color Blanco 14X9 pies,  AISLADA, Estilo Americana."},"content":{"rendered":"<div style='width: 100%; max-width: 1200px; margin: 0 auto; font-family: sans-serif; line-height: 1.6; color: inherit; background-color: transparent;'>\n<div style='margin-bottom: 30px;'>\n<h2 style='font-size: 22px; border-bottom: 2px solid currentColor; padding-bottom: 5px; margin-top: 0; color: inherit; opacity: 0.8;'>Descripci\u00f3n General<\/h2>\n<p style='font-size: 15px; color: inherit; margin-top: 15px; margin-bottom: 15px;'>Las puertas de garage estilo americano combinan estilo y seguridad con un toque moderno. Su dise\u00f1o cl\u00e1sico nunca pasa de moda y su estructura resistente las hace perfectas para proteger su hogar con mucho estilo&comma; son una inversi\u00f3n que se nota desde el primer vistazo<\/p>\n<\/p><\/div>\n<div style='display: flex; flex-wrap: wrap; gap: 30px; margin-bottom: 30px;'>\n<div style='flex: 1 1 300px; min-width: 280px;'>\n<h3 style='font-size: 20px; border-bottom: 2px solid currentColor; padding-bottom: 5px; margin-top: 0; color: inherit; opacity: 0.8;'>Caracter\u00edsticas principales<\/h3>\n<ul style='padding-left: 20px; font-size: 15px; color: inherit; margin-top: 15px;'>\n<li style='margin-bottom: 10px;'>Las puertas de garage estilo americano destacan por su dise\u00f1o elegante&comma; solidez estructural y excelente aislamiento t\u00e9rmico.<\/li>\n<li style='margin-bottom: 10px;'>Equipadas con herrajes de alta calidad y rodamientos de precisi\u00f3n&comma; garantizan un funcionamiento suave&comma; silencioso y duradero.<\/li>\n<li style='margin-bottom: 10px;'>Gracias a su n\u00facleo aislante&comma; son una excelente opci\u00f3n para mantener la temperatura interior y optimizar la eficiencia energ\u00e9tica del hogar.<\/li>\n<\/ul><\/div>\n<div style='flex: 1 1 300px; min-width: 280px;'>\n<h3 style='font-size: 20px; border-bottom: 2px solid currentColor; padding-bottom: 5px; margin-top: 0; color: inherit; opacity: 0.8;'>Caracter\u00edsticas F\u00edsicas y El\u00e9ctricas<\/h3>\n<ul style='padding-left: 20px; font-size: 15px; color: inherit; margin-top: 15px;'>\n<li style='margin-bottom: 10px;'>Las puertas AccessPro est\u00e1n dise\u00f1adas para ofrecer alto desempe\u00f1o&comma; seguridad y aislamiento.<\/li>\n<li style='margin-bottom: 10px;'>Paneles fabricados de l\u00e1mina galvanizada calibre 26 y aislamiento de alta densidad de 42mm.<\/li>\n<li style='margin-bottom: 10px;'>Las puertas proporcionan una estructura robusta&comma; mayor rigidez y un excelente aislamiento t\u00e9rmico y ac\u00fastico.<\/li>\n<\/ul><\/div>\n<div style='flex: 1 1 300px; min-width: 280px;'>\n<h3 style='font-size: 20px; border-bottom: 2px solid currentColor; padding-bottom: 5px; margin-top: 0; color: inherit; opacity: 0.8;'>Caracter\u00edsticas Destacadas<\/h3>\n<ul style='padding-left: 20px; font-size: 15px; color: inherit; margin-top: 15px;'>\n<li style='margin-bottom: 10px;'>Puerta residencial rellena con 42mm de poliuretano inyectado con una densidad de 42 kgs\/m\u00b3.<\/li>\n<li style='margin-bottom: 10px;'>Excelente aislamiento t\u00e9rmico y ac\u00fastico.<\/li>\n<li style='margin-bottom: 10px;'>Mayor rigidez estructural.<\/li>\n<li style='margin-bottom: 10px;'>Eficiencia energ\u00e9tica.<\/li>\n<\/ul><\/div>\n<\/p><\/div>\n<div style='margin-bottom: 30px;'>\n<h3 style='font-size: 20px; border-bottom: 2px solid currentColor; padding-bottom: 5px; margin-top: 0; color: inherit; opacity: 0.8;'>Dise\u00f1o y Funcionalidad<\/h3>\n<p style='font-size: 15px; color: inherit; margin-top: 15px; margin-bottom: 15px;'>Las puertas de garage estilo americano se destacan por su combinaci\u00f3n de elegancia&comma; funcionalidad y durabilidad&comma; convirti\u00e9ndose en una elecci\u00f3n popular para hogares que buscan tanto est\u00e9tica como seguridad. T\u00edpicamente est\u00e1n dise\u00f1adas con un enfoque en el estilo cl\u00e1sico&comma; presentan l\u00edneas limpias y acabados de alta calidad que complementan una amplia variedad de arquitecturas residenciales.<\/p>\n<\/p><\/div>\n<div style='margin-bottom: 30px;'>\n<h3 style='font-size: 20px; border-bottom: 2px solid currentColor; padding-bottom: 5px; margin-top: 0; color: inherit; opacity: 0.8;'>Ahorro Energ\u00e9tico<\/h3>\n<p style='font-size: 15px; color: inherit; margin-top: 15px; margin-bottom: 15px;'>Evite que su garage enfr\u00ede su casa&comma; al colocar una puerta aislada mantendr\u00e1 a temperatura c\u00e1lida a los cuartos aleda\u00f1os&comma; esto le ayudar\u00e1 a ahorrar en el consumo de energ\u00eda.<\/p>\n<\/p><\/div>\n<div style='margin-bottom: 30px;'>\n<h3 style='font-size: 20px; border-bottom: 2px solid currentColor; padding-bottom: 5px; margin-top: 0; color: inherit; opacity: 0.8;'>Componentes Incluidos<\/h3>\n<p style='font-size: 15px; color: inherit; margin-top: 15px; margin-bottom: 15px;'>La puerta de garage incluye:<\/p>\n<ul style='padding-left: 20px; font-size: 15px; color: inherit; margin-top: 15px;'>\n<li style='margin-bottom: 10px;'>Puerta APDOOR149 (14&#215;9 pies)<\/li>\n<li style='margin-bottom: 10px;'>6 secciones de 18&#8242;<\/li>\n<li style='margin-bottom: 10px;'>Ensamble de las bisagras con secciones tipo sandwich<\/li>\n<\/ul><\/div>\n<div style='margin-bottom: 30px;'>\n<h3 style='font-size: 20px; border-bottom: 2px solid currentColor; padding-bottom: 5px; margin-top: 0; color: inherit; opacity: 0.8;'>Recomendaciones de Instalaci\u00f3n<\/h3>\n<p style='font-size: 15px; color: inherit; margin-top: 15px; margin-bottom: 15px;'>Para una correcta instalaci\u00f3n se recomienda:<\/p>\n<ul style='padding-left: 20px; font-size: 15px; color: inherit; margin-top: 15px;'>\n<li style='margin-bottom: 10px;'>1 x <a href='https:\/\/www.syscom.mx\/producto\/accesspro-apdoor-149-241856.html' style='color: #3598db; text-decoration: none;'>APDOOR149<\/a> (Puerta de Garage 14&#215;9)<\/li>\n<li style='margin-bottom: 10px;'>1 x <a href='https:\/\/www.syscom.mx\/producto\/fs1000m-accesspro-241289.html' style='color: #3598db; text-decoration: none;'>FS1000M<\/a> \/ <a href='https:\/\/www.syscom.mx\/producto\/accessforce-accesspro-176436.html' style='color: #3598db; text-decoration: none;'>ACCESSFORCE<\/a> (Motor puerta de garage)<\/li>\n<li style='margin-bottom: 10px;'>1 x <a href='https:\/\/www.syscom.mx\/producto\/access-ext-railc-accesspro-191670.html' style='color: #3598db; text-decoration: none;'>ACCESSEXTRAILC<\/a> \/ <a href='https:\/\/www.syscom.mx\/producto\/accessrailt3-accesspro-176550.html' style='color: #3598db; text-decoration: none;'>ACCESSEXTRAILT<\/a> (Extensi\u00f3n de riel dependiendo del motor a utilizar)<\/li>\n<\/ul><\/div>\n<div style='margin-bottom: 30px;'>\n<h3 style='font-size: 20px; border-bottom: 2px solid currentColor; padding-bottom: 5px; margin-top: 0; color: inherit; opacity: 0.8;'>Accesorios Recomendados<\/h3>\n<ul style='padding-left: 20px; font-size: 15px; color: inherit; margin-top: 15px;'>\n<li style='margin-bottom: 10px;'>1 x Fotocelda <a href='https:\/\/www.syscom.mx\/producto\/accesspc01-accesspro-176545.html' style='color: #3598db; text-decoration: none;'>ACCESSPC01<\/a><\/li>\n<li style='margin-bottom: 10px;'>1 x Dispositivo WIFI <a href='https:\/\/www.syscom.mx\/producto\/accesswifi-accesspro-211041.html' style='color: #3598db; text-decoration: none;'>ACCESSWIFI<\/a><\/li>\n<li style='margin-bottom: 10px;'>1 x Receptor inal\u00e1mbrico <a href='https:\/\/www.syscom.mx\/producto\/por400-accesspro-67300.html' style='color: #3598db; text-decoration: none;'>PROR400<\/a> \/ <a href='https:\/\/www.syscom.mx\/producto\/esim320ip-eldes-136647.html' style='color: #3598db; text-decoration: none;'>ESIM320IP<\/a><\/li>\n<li style='margin-bottom: 10px;'>1 x Frente de calle <a href='https:\/\/www.syscom.mx\/producto\/ds-kv8113-wme1c-hikvision-210631.html' style='color: #3598db; text-decoration: none;'>DSKV8113WME1(C)<\/a> \/ <a href='https:\/\/www.syscom.mx\/producto\/ds-kv6113-wpe1c-hikvision-209203.html' style='color: #3598db; text-decoration: none;'>DSKV6113WPE1(C)<\/a><\/li>\n<li style='margin-bottom: 10px;'>1 x Botones inal\u00e1mbricos <a href='https:\/\/www.syscom.mx\/producto\/accessvr01-accesspro-176538.html' style='color: #3598db; text-decoration: none;'>ACCESSVR01<\/a> \/ <a href='https:\/\/www.syscom.mx\/producto\/accessws01-accesspro-176540.html' style='color: #3598db; text-decoration: none;'>ACCESSWS01<\/a><\/li>\n<\/ul><\/div>\n<div style='margin-bottom: 30px;'>\n<h3 style='font-size: 20px; border-bottom: 2px solid currentColor; padding-bottom: 5px; margin-top: 0; color: inherit; opacity: 0.8;'>C\u00f3mo Determinar la Medida Correcta<\/h3>\n<p style='font-size: 15px; color: inherit; margin-top: 15px; margin-bottom: 15px;'>Para determinar la medida correcta de su puerta de garage&comma; por favor haga clic <a href='https:\/\/www.syscom.mx\/panel\/calculador_cochera' style='color: #e74c3c; text-decoration: none;'>aqu\u00ed<\/a>.<\/p>\n<\/p><\/div>\n<div style='margin-bottom: 30px;'>\n<h3 style='font-size: 20px; border-bottom: 2px solid currentColor; padding-bottom: 5px; margin-top: 0; color: inherit; opacity: 0.8;'>Advertencia<\/h3>\n<p style='font-size: 15px; color: inherit; margin-top: 15px; margin-bottom: 15px;'>El kit de puerta autom\u00e1tica no incluye el motor.<\/p>\n<\/p><\/div>\n<div style='margin-bottom: 30px;'> <img style='width: 100%; height: auto; border: 1px solid rgba(150&comma;150&comma;150&comma;0.3); border-radius: 8px;' src='http:\/\/ftp3.syscom.mx\/usuarios\/ftp\/2025\/08\/04\/570\/puertasgaragealtacalidad.jpg_froala_6891331691839' alt=''> <\/div>\n<div style='margin-bottom: 30px;'> <img style='width: 100%; height: auto; border: 1px solid rgba(150&comma;150&comma;150&comma;0.3); border-radius: 8px;' src='http:\/\/ftp3.syscom.mx\/usuarios\/ftp\/2025\/10\/14\/570\/imagengpt41760460441627.png_froala_68ee958714aa2' alt=''> <\/div>\n<div style='margin-bottom: 30px;'> <img style='width: 100%; height: auto; border: 1px solid rgba(150&comma;150&comma;150&comma;0.3); border-radius: 8px;' src='http:\/\/ftp3.syscom.mx\/usuarios\/ftp\/2025\/10\/14\/570\/imagengpt41760462591486.png_froala_68ee9600dc199' alt=''> <\/div>\n<div style='margin-bottom: 30px;'> <img style='width: 100%; height: auto; border: 1px solid rgba(150&comma;150&comma;150&comma;0.3); border-radius: 8px;' src='http:\/\/ftp3.syscom.mx\/usuarios\/ftp\/2025\/10\/15\/570\/1760543650935.png_froala_68efc3a435db1' alt=''> <\/div>\n<div style='margin-bottom: 30px;'> <img style='width: 100%; height: auto; border: 1px solid rgba(150&comma;150&comma;150&comma;0.3); border-radius: 8px;' src='http:\/\/ftp3.syscom.mx\/usuarios\/ftp\/2025\/10\/14\/570\/1760478135809.png_froala_68eec3bb59dce' alt=''> <\/div>\n<div style='margin-bottom: 30px;'> <img style='width: 100%; height: auto; border: 1px solid rgba(150&comma;150&comma;150&comma;0.3); border-radius: 8px;' src='http:\/\/ftp3.syscom.mx\/usuarios\/ftp\/2025\/06\/30\/570\/1751323527339.png_froala_68631388e35f3' alt=''> <\/div>\n<div style='margin-bottom: 30px;'> <img style='width: 100%; height: auto; border: 1px solid rgba(150&comma;150&comma;150&comma;0.3); border-radius: 8px;' src='http:\/\/ftp3.syscom.mx\/usuarios\/ftp\/2025\/07\/16\/570\/imagengpt41752684466861.png_froala_6877e06a1d68d' alt=''> <\/div>\n<hr style='border: 0; border-top: 1px solid rgba(150&comma; 150&comma; 150&comma; 0.3); margin: 30px 0;'> <\/div>\n","protected":false},"excerpt":{"rendered":"<p>Puerta de Garage de Alta Calidad \/ Linea Central \/ Color Blanco 14X9 pies,  AISLADA, Estilo Americana.<\/p>\n","protected":false},"featured_media":22541,"comment_status":"open","ping_status":"closed","template":"","meta":[],"product_brand":[],"product_cat":[400],"product_tag":[401,234,402],"class_list":{"0":"post-22542","1":"product","2":"type-product","3":"status-publish","4":"has-post-thumbnail","6":"product_cat-puertas-de-garage","7":"product_tag-acceso-vehicular","8":"product_tag-accesspro","9":"product_tag-puertas-de-garage","11":"first","12":"outofstock","13":"sale","14":"shipping-taxable","15":"purchasable","16":"product-type-simple"},"_links":{"self":[{"href":"https:\/\/soydeaqui.ddns.net\/pachuca\/index.php\/wp-json\/wp\/v2\/product\/22542","targetHints":{"allow":["GET"]}}],"collection":[{"href":"https:\/\/soydeaqui.ddns.net\/pachuca\/index.php\/wp-json\/wp\/v2\/product"}],"about":[{"href":"https:\/\/soydeaqui.ddns.net\/pachuca\/index.php\/wp-json\/wp\/v2\/types\/product"}],"replies":[{"embeddable":true,"href":"https:\/\/soydeaqui.ddns.net\/pachuca\/index.php\/wp-json\/wp\/v2\/comments?post=22542"}],"wp:featuredmedia":[{"embeddable":true,"href":"https:\/\/soydeaqui.ddns.net\/pachuca\/index.php\/wp-json\/wp\/v2\/media\/22541"}],"wp:attachment":[{"href":"https:\/\/soydeaqui.ddns.net\/pachuca\/index.php\/wp-json\/wp\/v2\/media?parent=22542"}],"wp:term":[{"taxonomy":"product_brand","embeddable":true,"href":"https:\/\/soydeaqui.ddns.net\/pachuca\/index.php\/wp-json\/wp\/v2\/product_brand?post=22542"},{"taxonomy":"product_cat","embeddable":true,"href":"https:\/\/soydeaqui.ddns.net\/pachuca\/index.php\/wp-json\/wp\/v2\/product_cat?post=22542"},{"taxonomy":"product_tag","embeddable":true,"href":"https:\/\/soydeaqui.ddns.net\/pachuca\/index.php\/wp-json\/wp\/v2\/product_tag?post=22542"}],"curies":[{"name":"wp","href":"https:\/\/api.w.org\/{rel}","templated":true}]}}