{"id":22482,"date":"2026-03-18T10:58:18","date_gmt":"2026-03-18T10:58:18","guid":{"rendered":"https:\/\/soydeaqui.ddns.net\/pachuca\/index.php\/producto\/puerta-de-garage-de-alta-calidad-estilo-americano-acabado-laminado-premium-color-madera-clara-8x8-pies\/"},"modified":"2026-03-18T10:58:19","modified_gmt":"2026-03-18T10:58:19","slug":"puerta-de-garage-de-alta-calidad-estilo-americano-acabado-laminado-premium-color-madera-clara-8x8-pies","status":"publish","type":"product","link":"https:\/\/soydeaqui.ddns.net\/pachuca\/index.php\/producto\/puerta-de-garage-de-alta-calidad-estilo-americano-acabado-laminado-premium-color-madera-clara-8x8-pies\/","title":{"rendered":"Puerta de Garage de Alta Calidad \/ Estilo Americano \/ Acabado Laminado PREMIUM \/ Color Madera Clara \/ 8&#215;8 Pies."},"content":{"rendered":"<div style='width: 100%; max-width: 1200px; margin: 0 auto; font-family: sans-serif; line-height: 1.6; color: inherit; background-color: transparent;'>\n<div style='display: flex; flex-direction: column; gap: 20px;'> <!-- T\u00edtulo --> <\/p>\n<div style='text-align: center; padding: 20px 0;'>\n<h2 style='font-size: 24px; margin: 0; color: inherit; opacity: 0.9;'>Puerta de Garage de Alta Calidad \/ Estilo Americano \/ Acabado Laminado PREMIUM \/ Color Madera Clara \/ 8&#215;8 Pies<\/h2>\n<p style='margin: 5px 0; color: inherit; opacity: 0.7;'>MARCA: ACCESSPRO<\/p>\n<p style='margin: 0; color: inherit; opacity: 0.7;'>MODELO: APDOOR88GF<\/p>\n<\/p><\/div>\n<p> <!-- Descripci\u00f3n principal --> <\/p>\n<div style='font-size: 15px;'>\n<p style='margin: 0 0 15px 0; color: inherit;'> <span style='font-size: 18px; font-weight: bold; color: inherit; opacity: 0.8;'>Puerta Residencial de la serie <\/span> <span style='font-size: 18px; font-weight: bold; color: #3598db;'>APDOORGF<\/span> <\/p>\n<p style='margin: 0 0 15px 0; color: inherit;'> Las puertas de garaje tipo americanas representan una fusi\u00f3n perfecta de estilo&comma; seguridad y funcionalidad. Su dise\u00f1o atemporal y su construcci\u00f3n robusta las convierten en una inversi\u00f3n valiosa para cualquier hogar&comma; proporcionando tanto protecci\u00f3n como un toque de distinci\u00f3n. <\/p>\n<\/p><\/div>\n<p> <!-- Secci\u00f3n de caracter\u00edsticas en 3 columnas --> <\/p>\n<div style='display: grid; grid-template-columns: repeat(auto-fit&comma; minmax(280px&comma; 1fr)); gap: 20px;'> <!-- Caracter\u00edsticas principales --> <\/p>\n<div style='border-left: 5px solid #0091ff; border-radius: 8px; padding: 15px; background-color: rgba(150&comma;150&comma;150&comma;0.05);'>\n<h3 style='font-size: 18px; margin-top: 0; margin-bottom: 15px; color: inherit; opacity: 0.8;'>Caracter\u00edsticas principales<\/h3>\n<ul style='padding-left: 20px; margin: 0; font-size: 14px; color: inherit;'>\n<li style='margin-bottom: 8px;'>Las puertas de garage tipo americanas ofrecen una combinaci\u00f3n de gran belleza&comma; resistencia y eficiencia t\u00e9rmica.<\/li>\n<li style='margin-bottom: 8px;'>Rodamientos y herrajes de gran calidad&comma; para una operaci\u00f3n silenciosa y eficaz.<\/li>\n<li style='margin-bottom: 8px;'>Eficiencia t\u00e9rmica&comma; lo mejor en este tipo de puertas.<\/li>\n<\/ul><\/div>\n<p> <!-- Caracter\u00edsticas F\u00edsicas y El\u00e9ctricas --> <\/p>\n<div style='border-left: 5px solid #0091ff; border-radius: 8px; padding: 15px; background-color: rgba(150&comma;150&comma;150&comma;0.05);'>\n<h3 style='font-size: 18px; margin-top: 0; margin-bottom: 15px; color: inherit; opacity: 0.8;'>Caracter\u00edsticas F\u00edsicas y El\u00e9ctricas<\/h3>\n<p style='margin: 0; font-size: 14px; color: inherit;'> Las puertas de cochera o puertas para garage ascendentes AccessPro son de la m\u00e1s alta calidad. El panel de las puertas autom\u00e1ticas se fabrica en l\u00e1mina calibre 26&comma; con relleno poliuretano de alta densidad de 42 mm para brindar mayor rigidez y un aislamiento t\u00e9rmico y ac\u00fastico m\u00e1s eficiente. <\/p>\n<\/p><\/div>\n<p> <!-- Caracter\u00edsticas Destacadas --> <\/p>\n<div style='border-left: 5px solid #0091ff; border-radius: 8px; padding: 15px; background-color: rgba(150&comma;150&comma;150&comma;0.05);'>\n<h3 style='font-size: 18px; margin-top: 0; margin-bottom: 15px; color: inherit; opacity: 0.8;'>Caracter\u00edsticas Destacadas<\/h3>\n<p style='margin: 0; font-size: 14px; color: inherit;'> Puerta residencial rellena con 42mm de poliuretano inyectado con una densidad de <strong style='color: inherit;'>42 kgs\/cbm.<\/strong> <\/p>\n<\/p><\/div>\n<\/p><\/div>\n<p> <!-- Imagen principal --> <\/p>\n<div style='width: 100%;'> <img style='width: 100%; height: auto; border: 1px solid rgba(150&comma;150&comma;150&comma;0.3); border-radius: 8px;' src='http:\/\/ftp3.syscom.mx\/usuarios\/ftp\/2025\/09\/08\/570\/puertasgaragealtacalidadpt3.jpg_froala_68bf5b50d7acc' alt='Puerta de garage AccessPro'> <\/div>\n<p> <!-- Informaci\u00f3n adicional --> <\/p>\n<div style='font-size: 15px;'>\n<p style='margin: 0 0 15px 0; color: inherit;'> Las puertas de garage estilo americano se destacan por su combinaci\u00f3n de elegancia&comma; funcionalidad y durabilidad&comma; convirti\u00e9ndose en una elecci\u00f3n popular para hogares que buscan tanto est\u00e9tica como seguridad. T\u00edpicamente est\u00e1n dise\u00f1adas con un enfoque en el estilo cl\u00e1sico&comma; presentan l\u00edneas limpias y acabados de alta calidad que complementan una amplia variedad de arquitecturas residenciales. <\/p>\n<p style='margin: 0 0 15px 0; color: inherit;'> Evite que su garage enfr\u00ede su casa&comma; al colocar una puerta aislada mantendr\u00e1 a temperatura c\u00e1lida a los cuartos aleda\u00f1os&comma; esto le ayudar\u00e1 a ahorrar en el consumo de energ\u00eda. <\/p>\n<\/p><\/div>\n<p> <!-- Secci\u00f3n de cotizaci\u00f3n --> <\/p>\n<div style='margin: 30px 0;'>\n<h2 style='font-size: 20px; text-align: center; margin: 0 0 15px 0; color: inherit; opacity: 0.9;'>\u00bfQu\u00e9 requiero cotizar para una instalaci\u00f3n?<\/h2>\n<ul style='padding-left: 20px; margin: 0; font-size: 14px; color: inherit;'>\n<li style='margin-bottom: 8px;'>1x Puerta de Garage 8&#215;8 <a href='https:\/\/www.syscom.mx\/producto\/accesspro-apdoor89gf-243434.html' style='color: #3598db; text-decoration: none;'>APDOOR-88GF<\/a><\/li>\n<li style='margin-bottom: 8px;'>1x Motor puerta de garage <a href='https:\/\/www.syscom.mx\/producto\/FS1000M-ACCESSPRO-241289.html' style='color: #3598db; text-decoration: none;'>FS1000M<\/a> \/ <a href='https:\/\/www.syscom.mx\/producto\/ACCESSFORCE-ACCESSPRO-176436.html' style='color: #3598db; text-decoration: none;'>ACCESSFORCE<\/a><\/li>\n<li style='margin-bottom: 8px;'>1x Extensi\u00f3n de riel <a href='https:\/\/www.syscom.mx\/producto\/ACCESS-EXT-RAILC-ACCESSPRO-191670.html' style='color: #3598db; text-decoration: none;'>ACCESSEXTRAILC<\/a> o <a href='https:\/\/www.syscom.mx\/producto\/ACCESS-EXT-RAILT-ACCESSPRO-191671.html' style='color: #3598db; text-decoration: none;'>ACCESSEXTRAILT<\/a><\/li>\n<\/ul><\/div>\n<p> <!-- Secci\u00f3n de accesorios --> <\/p>\n<div style='margin: 30px 0;'>\n<h2 style='font-size: 20px; text-align: center; margin: 0 0 15px 0; color: inherit; opacity: 0.9;'>\u00bfQu\u00e9 accesorios puedo agregar a mi instalaci\u00f3n?<\/h2>\n<ul style='padding-left: 20px; margin: 0; font-size: 14px; color: inherit;'>\n<li style='margin-bottom: 8px;'>1 x Fotocelda <a href='https:\/\/www.syscom.mx\/producto\/ACCESSPC01-ACCESSPRO-176545.html' style='color: #3598db; text-decoration: none;'>ACCESSPC01<\/a><\/li>\n<li style='margin-bottom: 8px;'>1 x Dispositivo WIFI <a href='https:\/\/www.syscom.mx\/producto\/ACCESSWIFI-ACCESSPRO-211041.html' style='color: #3598db; text-decoration: none;'>ACCESSWIFI<\/a><\/li>\n<li style='margin-bottom: 8px;'>1 x Receptor inal\u00e1mbrico <a href='https:\/\/www.syscom.mx\/producto\/PROR400-ACCESSPRO-67300.html' style='color: #3598db; text-decoration: none;'>PROR400<\/a> \/ <a href='https:\/\/www.syscom.mx\/producto\/ESIM320IP-ELDES-136647.html' style='color: #3598db; text-decoration: none;'>ESIM320IP<\/a><\/li>\n<li style='margin-bottom: 8px;'>1 x Frente de calle <a href='https:\/\/www.syscom.mx\/producto\/DS-KV8113-WME1(C)-HIKVISION-210631.html' style='color: #3598db; text-decoration: none;'>DSKV8113WME1(C)<\/a> \/ <a href='https:\/\/www.syscom.mx\/producto\/DS-KV6113-WPE1(C)-HIKVISION-209203.html' style='color: #3598db; text-decoration: none;'>DSKV6113WPE1(C)<\/a><\/li>\n<li style='margin-bottom: 8px;'>1 x Botones inal\u00e1mbricos <a href='https:\/\/www.syscom.mx\/producto\/ACCESSVR01-ACCESSPRO-176538.html' style='color: #3598db; text-decoration: none;'>ACCESSVR01<\/a> \/ <a href='https:\/\/www.syscom.mx\/producto\/ACCESSWS01-ACCESSPRO-176540.html' style='color: #3598db; text-decoration: none;'>ACCESSWS01<\/a> \/ <a href='https:\/\/www.syscom.mx\/producto\/ACCESSRC02-ACCESSPRO-176535.html' style='color: #3598db; text-decoration: none;'>ACCESSRC02<\/a><\/li>\n<\/ul><\/div>\n<p> <!-- Gu\u00eda de medidas --> <\/p>\n<div style='margin: 30px 0; text-align: center;'>\n<p style='margin: 0 0 15px 0; font-size: 16px; color: inherit;'> <a href='https:\/\/www.syscom.mx\/panel\/calculador_cochera' style='color: #e74c3c; text-decoration: none;'>\u00bfC\u00f3mo s\u00e9 cu\u00e1l medida de puerta es la que necesito? Click aqu\u00ed.<\/a> <\/p>\n<p style='margin: 0 0 15px 0; font-size: 16px; color: inherit;'> La puerta APDOOR88GF se compone de 5 secciones (2 secciones de 21&#8242; y 3 secciones de 18&#8242;). <\/p>\n<\/p><\/div>\n<p> <!-- Im\u00e1genes adicionales --> <\/p>\n<div style='display: flex; flex-wrap: wrap; gap: 15px; justify-content: center;'>\n<div style='flex: 1 1 300px; min-width: 280px;'> <img style='width: 100%; height: auto; border: 1px solid rgba(150&comma;150&comma;150&comma;0.3); border-radius: 8px;' src='http:\/\/ftp3.syscom.mx\/usuarios\/ftp\/2025\/10\/14\/570\/imagengpt41760460441627.png_froala_68ee958714aa2' alt='Bisagras secciones tipo sandwich'> <\/div>\n<div style='flex: 1 1 300px; min-width: 280px;'> <img style='width: 100%; height: auto; border: 1px solid rgba(150&comma;150&comma;150&comma;0.3); border-radius: 8px;' src='http:\/\/ftp3.syscom.mx\/usuarios\/ftp\/2025\/10\/14\/570\/imagengpt41760462591486.png_froala_68ee9600dc199' alt='Detalles de ensamble'> <\/div>\n<div style='flex: 1 1 300px; min-width: 280px;'> <img style='width: 100%; height: auto; border: 1px solid rgba(150&comma;150&comma;150&comma;0.3); border-radius: 8px;' src='http:\/\/ftp3.syscom.mx\/usuarios\/ftp\/2025\/10\/16\/570\/Captura_de_pantalla_20251015_143313.jpg_froala_68f12eea3d852' alt='Detalle de instalaci\u00f3n'> <\/div>\n<div style='flex: 1 1 300px; min-width: 280px;'> <img style='width: 100%; height: auto; border: 1px solid rgba(150&comma;150&comma;150&comma;0.3); border-radius: 8px;' src='http:\/\/ftp3.syscom.mx\/usuarios\/ftp\/2025\/10\/16\/570\/imagengpt41755013302420__1_.png_froala_68f12fca2726b' alt='Detalles de ensamble'> <\/div>\n<\/p><\/div>\n<p> <!-- Imagen de composici\u00f3n --> <\/p>\n<div style='margin: 30px 0;'> <img style='width: 100%; height: auto; border: 1px solid rgba(150&comma;150&comma;150&comma;0.3); border-radius: 8px;' src='http:\/\/ftp3.syscom.mx\/usuarios\/ftp\/2025\/06\/30\/570\/1751323527339.png_froala_68631388e35f3' alt='Composici\u00f3n de la puerta'> <\/div>\n<p> <!-- Nota importante --> <\/p>\n<div style='margin: 30px 0; text-align: center;'>\n<p style='margin: 0 0 15px 0; font-size: 16px; color: #3598db;'> **El kit de puerta autom\u00e1tica no incluye el motor** <\/p>\n<\/p><\/div>\n<p> <!-- \u00daltima imagen --> <\/p>\n<div style='margin: 30px 0;'> <img style='width: 100%; height: auto; border: 1px solid rgba(150&comma;150&comma;150&comma;0.3); border-radius: 8px;' src='http:\/\/ftp3.syscom.mx\/usuarios\/ftp\/2025\/10\/16\/570\/imagengpt41755012758586__1_.png_froala_68f1309793210' alt='Instalaci\u00f3n de puerta'> <\/div>\n<p> <!-- Separador final --> <\/p>\n<hr style='border: 0; border-top: 1px solid rgba(150&comma;150&comma;150&comma;0.3); margin: 30px 0;'> <\/div>\n<\/p><\/div>\n","protected":false},"excerpt":{"rendered":"<p>Puerta de Garage de Alta Calidad \/ Estilo Americano \/ Acabado Laminado PREMIUM \/ Color Madera Clara \/ 8&#215;8 Pies.<\/p>\n","protected":false},"featured_media":22481,"comment_status":"open","ping_status":"closed","template":"","meta":[],"product_brand":[],"product_cat":[400],"product_tag":[401,234,402],"class_list":{"0":"post-22482","1":"product","2":"type-product","3":"status-publish","4":"has-post-thumbnail","6":"product_cat-puertas-de-garage","7":"product_tag-acceso-vehicular","8":"product_tag-accesspro","9":"product_tag-puertas-de-garage","11":"first","12":"outofstock","13":"sale","14":"shipping-taxable","15":"purchasable","16":"product-type-simple"},"_links":{"self":[{"href":"https:\/\/soydeaqui.ddns.net\/pachuca\/index.php\/wp-json\/wp\/v2\/product\/22482","targetHints":{"allow":["GET"]}}],"collection":[{"href":"https:\/\/soydeaqui.ddns.net\/pachuca\/index.php\/wp-json\/wp\/v2\/product"}],"about":[{"href":"https:\/\/soydeaqui.ddns.net\/pachuca\/index.php\/wp-json\/wp\/v2\/types\/product"}],"replies":[{"embeddable":true,"href":"https:\/\/soydeaqui.ddns.net\/pachuca\/index.php\/wp-json\/wp\/v2\/comments?post=22482"}],"wp:featuredmedia":[{"embeddable":true,"href":"https:\/\/soydeaqui.ddns.net\/pachuca\/index.php\/wp-json\/wp\/v2\/media\/22481"}],"wp:attachment":[{"href":"https:\/\/soydeaqui.ddns.net\/pachuca\/index.php\/wp-json\/wp\/v2\/media?parent=22482"}],"wp:term":[{"taxonomy":"product_brand","embeddable":true,"href":"https:\/\/soydeaqui.ddns.net\/pachuca\/index.php\/wp-json\/wp\/v2\/product_brand?post=22482"},{"taxonomy":"product_cat","embeddable":true,"href":"https:\/\/soydeaqui.ddns.net\/pachuca\/index.php\/wp-json\/wp\/v2\/product_cat?post=22482"},{"taxonomy":"product_tag","embeddable":true,"href":"https:\/\/soydeaqui.ddns.net\/pachuca\/index.php\/wp-json\/wp\/v2\/product_tag?post=22482"}],"curies":[{"name":"wp","href":"https:\/\/api.w.org\/{rel}","templated":true}]}}