{"id":22471,"date":"2026-03-18T10:58:07","date_gmt":"2026-03-18T10:58:07","guid":{"rendered":"https:\/\/soydeaqui.ddns.net\/pachuca\/index.php\/producto\/operador-faac-746-c-para-puertas-corredizas-de-hasta-600-kg-y-hasta-40-metros-voltaje-de-operacion-220v\/"},"modified":"2026-03-18T10:58:08","modified_gmt":"2026-03-18T10:58:08","slug":"operador-faac-746-c-para-puertas-corredizas-de-hasta-600-kg-y-hasta-40-metros-voltaje-de-operacion-220v","status":"publish","type":"product","link":"https:\/\/soydeaqui.ddns.net\/pachuca\/index.php\/producto\/operador-faac-746-c-para-puertas-corredizas-de-hasta-600-kg-y-hasta-40-metros-voltaje-de-operacion-220v\/","title":{"rendered":"Operador FAAC 746 C para Puertas Corredizas de Hasta 600 Kg y Hasta 40 Metros \/ Voltaje de Operaci\u00f3n 220V"},"content":{"rendered":"<div style='width: 100%; max-width: 1200px; margin: 0 auto; font-family: sans-serif; line-height: 1.6; color: inherit; background-color: transparent;'> <!-- Secci\u00f3n de caracter\u00edsticas --> <\/p>\n<div style='display: flex; flex-wrap: wrap; gap: 30px; margin-bottom: 30px;'>\n<div style='flex: 1 1 300px; min-width: 280px;'>\n<h3 style='font-size: 22px; border-bottom: 2px solid currentColor; padding-bottom: 5px; margin-top: 0; color: inherit; opacity: 0.8;'>Caracter\u00edsticas principales<\/h3>\n<ul style='padding-left: 20px; font-size: 15px; color: inherit;'>\n<li style='margin-bottom: 5px;'>Peso m\u00e1ximo soportado 600 kg<\/li>\n<li style='margin-bottom: 5px;'>Longitud m\u00e1xima de hoja 40 metros<\/li>\n<li style='margin-bottom: 5px;'>Pi\u00f1\u00f3n m\u00f3dulo 4<\/li>\n<li style='margin-bottom: 5px;'>Frecuencia de uso del 70%<\/li>\n<\/ul><\/div>\n<div style='flex: 1 1 300px; min-width: 280px;'>\n<h3 style='font-size: 22px; border-bottom: 2px solid currentColor; padding-bottom: 5px; margin-top: 0; color: inherit; opacity: 0.8;'>Caracter\u00edsticas F\u00edsicas y El\u00e9ctricas<\/h3>\n<ul style='padding-left: 20px; font-size: 15px; color: inherit;'>\n<li style='margin-bottom: 5px;'>Voltaje de operaci\u00f3n 220VAC<\/li>\n<li style='margin-bottom: 5px;'>Potencia M\u00e1xima de 400 W<\/li>\n<li style='margin-bottom: 5px;'>Torque m\u00e1ximo de 26 Nm<\/li>\n<li style='margin-bottom: 5px;'>Fuerza m\u00e1xima 810 N<\/li>\n<\/ul><\/div>\n<div style='flex: 1 1 300px; min-width: 280px;'>\n<h3 style='font-size: 22px; border-bottom: 2px solid currentColor; padding-bottom: 5px; margin-top: 0; color: inherit; opacity: 0.8;'>Caracter\u00edsticas Destacadas<\/h3>\n<ul style='padding-left: 20px; font-size: 15px; color: inherit;'>\n<li style='margin-bottom: 5px;'>Velocidad de desplazamiento 9.6 m\/min.<\/li>\n<li style='margin-bottom: 5px;'>Temperatura de operaci\u00f3n -20 a 55 \u00b0C<\/li>\n<li style='margin-bottom: 5px;'>Protecci\u00f3n t\u00e9rmica de 120\u00b0C<\/li>\n<li style='margin-bottom: 5px;'>Grado de protecci\u00f3n IP44<\/li>\n<\/ul><\/div>\n<\/p><\/div>\n<p> <!-- Separador --> <\/p>\n<hr style='border: 0; border-top: 1px solid rgba(150&comma; 150&comma; 150&comma; 0.3); margin: 30px 0;'> <!-- Secci\u00f3n de contenido adicional --> <\/p>\n<div style='display: flex; flex-wrap: wrap; gap: 30px; margin-bottom: 30px;'>\n<div style='flex: 1 1 400px; min-width: 280px;'>\n<h3 style='font-size: 20px; margin-top: 0; color: inherit; opacity: 0.8;'>Operador FAAC 746C para puertas corredizas de hasta 600 kg<\/h3>\n<h3 style='font-size: 20px; color: inherit; opacity: 0.8;'>Caracter\u00edsticas adicionales:<\/h3>\n<ul style='padding-left: 20px; font-size: 15px; color: inherit;'>\n<li style='margin-bottom: 5px;'>Finales de apertura y cierre magn\u00e9ticos<\/li>\n<li style='margin-bottom: 5px;'>Equipo con ba\u00f1o en aceite.<\/li>\n<li style='margin-bottom: 5px;'>Requiere cremallera m\u00f3dulo 4 (Se adquiere por separado) modelo recomendado <strong style='color: inherit;'>1140-0510-001<\/strong><\/li>\n<\/ul>\n<h3 style='font-size: 20px; color: inherit; opacity: 0.8;'>Notas adicionales<\/h3>\n<ul style='padding-left: 20px; font-size: 15px; color: inherit;'>\n<li style='margin-bottom: 5px;'>Equipo con un a\u00f1o de garant\u00eda contra defectos de fabricaci\u00f3n<\/li>\n<\/ul><\/div>\n<div style='flex: 1 1 400px; min-width: 280px;'> <img style='width: 100%; height: auto; border: 1px solid rgba(150&comma;150&comma;150&comma;0.3); border-radius: 8px;' src='https:\/\/ftp3.syscom.mx\/usuarios\/fotos\/109773\/200123-medidas_746er.png' alt=''> <\/div>\n<\/p><\/div>\n<p> <!-- Separador --> <\/p>\n<hr style='border: 0; border-top: 1px solid rgba(150&comma; 150&comma; 150&comma; 0.3); margin: 30px 0;'> <!-- Secci\u00f3n de accesorios --> <\/p>\n<div style='margin-bottom: 30px;'>\n<h3 style='font-size: 20px; text-align: center; margin-bottom: 20px; color: inherit; opacity: 0.8;'>\u00bfQu\u00e9 accesorios necesito para una instalaci\u00f3n?<\/h3>\n<div style='display: flex; flex-direction: column; gap: 10px; font-size: 15px; color: inherit;'>\n<p style='text-align: center; margin: 5px 0;'><strong style='color: inherit;'>1140-0510-001<\/strong> Cremallera modulo 4&comma; la cantidad depende del tama\u00f1o de la hoja.<\/p>\n<p style='text-align: center; margin: 5px 0;'><strong style='color: inherit;'>XBSSW01<\/strong> Botonera triple de uso rudo.<\/p>\n<p style='text-align: center; margin: 5px 0;'><strong style='color: inherit;'>785102<\/strong> Fotocelda FAAC XP20D con alcance de hasta 20 metros.<\/p>\n<p style='text-align: center; margin: 5px 0;'><strong style='color: inherit;'>787456<\/strong> Control inalambrico FAAC XT4.<\/p>\n<p style='text-align: center; margin: 5px 0;'><strong style='color: inherit;'>787856<\/strong> Receptor de controles remotos FAAC<\/p>\n<p style='text-align: center; margin: 5px 0;'><strong style='color: inherit;'>410029<\/strong> L\u00e1mpara preventiva FAAC para motores corredizos y abatibles<\/p>\n<\/p><\/div>\n<\/p><\/div>\n<\/p><\/div>\n","protected":false},"excerpt":{"rendered":"<p>Operador FAAC 746 C para Puertas Corredizas de Hasta 600 Kg y Hasta 40 Metros \/ Voltaje de Operaci\u00f3n 220V<\/p>\n","protected":false},"featured_media":22470,"comment_status":"open","ping_status":"closed","template":"","meta":[],"product_brand":[],"product_cat":[860],"product_tag":[401,778,861],"class_list":{"0":"post-22471","1":"product","2":"type-product","3":"status-publish","4":"has-post-thumbnail","6":"product_cat-puertas-corredizas","7":"product_tag-acceso-vehicular","8":"product_tag-faac","9":"product_tag-puertas-corredizas","11":"first","12":"instock","13":"sale","14":"shipping-taxable","15":"purchasable","16":"product-type-simple"},"_links":{"self":[{"href":"https:\/\/soydeaqui.ddns.net\/pachuca\/index.php\/wp-json\/wp\/v2\/product\/22471","targetHints":{"allow":["GET"]}}],"collection":[{"href":"https:\/\/soydeaqui.ddns.net\/pachuca\/index.php\/wp-json\/wp\/v2\/product"}],"about":[{"href":"https:\/\/soydeaqui.ddns.net\/pachuca\/index.php\/wp-json\/wp\/v2\/types\/product"}],"replies":[{"embeddable":true,"href":"https:\/\/soydeaqui.ddns.net\/pachuca\/index.php\/wp-json\/wp\/v2\/comments?post=22471"}],"wp:featuredmedia":[{"embeddable":true,"href":"https:\/\/soydeaqui.ddns.net\/pachuca\/index.php\/wp-json\/wp\/v2\/media\/22470"}],"wp:attachment":[{"href":"https:\/\/soydeaqui.ddns.net\/pachuca\/index.php\/wp-json\/wp\/v2\/media?parent=22471"}],"wp:term":[{"taxonomy":"product_brand","embeddable":true,"href":"https:\/\/soydeaqui.ddns.net\/pachuca\/index.php\/wp-json\/wp\/v2\/product_brand?post=22471"},{"taxonomy":"product_cat","embeddable":true,"href":"https:\/\/soydeaqui.ddns.net\/pachuca\/index.php\/wp-json\/wp\/v2\/product_cat?post=22471"},{"taxonomy":"product_tag","embeddable":true,"href":"https:\/\/soydeaqui.ddns.net\/pachuca\/index.php\/wp-json\/wp\/v2\/product_tag?post=22471"}],"curies":[{"name":"wp","href":"https:\/\/api.w.org\/{rel}","templated":true}]}}