{"id":2245,"date":"2026-03-18T05:55:03","date_gmt":"2026-03-18T05:55:03","guid":{"rendered":"https:\/\/soydeaqui.ddns.net\/pachuca\/index.php\/producto\/sirena-inalambrica-con-estrobo-utiliza-4-baterias-cr123a-o-alimentacion-12vcc-compatible-con-kit-de-alarmas-cs-b1-uso-en-exterior\/"},"modified":"2026-03-18T05:55:07","modified_gmt":"2026-03-18T05:55:07","slug":"sirena-inalambrica-con-estrobo-utiliza-4-baterias-cr123a-o-alimentacion-12vcc-compatible-con-kit-de-alarmas-cs-b1-uso-en-exterior","status":"publish","type":"product","link":"https:\/\/soydeaqui.ddns.net\/pachuca\/index.php\/producto\/sirena-inalambrica-con-estrobo-utiliza-4-baterias-cr123a-o-alimentacion-12vcc-compatible-con-kit-de-alarmas-cs-b1-uso-en-exterior\/","title":{"rendered":"Sirena Inalambrica  Con estrobo \/ Utiliza 4 Bater\u00edas CR123A \u00f3 Alimentaci\u00f3n 12Vcc \/ Compatible con Kit de alarmas CS-B1 \/ Uso en Exterior"},"content":{"rendered":"<div style='width: 100%; max-width: 1200px; margin: 0 auto; font-family: sans-serif; line-height: 1.6; color: inherit; background-color: transparent;'> <!-- Banner promocional --> <\/p>\n<div style='width: 100%; margin-bottom: 30px;'> <a href='#link' target='_blank' rel='noopener'> <img style='width: 100%; height: auto; border: 1px solid rgba(150&comma;150&comma;150&comma;0.3); border-radius: 8px;' src='https:\/\/ftp3.syscom.mx\/usuarios\/rcovarrubias\/EZVIZ\/Manual%20esp-ing\/CS-B1\/banner-sensores.jpg' alt='Banner promocional'> <\/a> <\/div>\n<p> <!-- Secci\u00f3n de caracter\u00edsticas --> <\/p>\n<div style='display: flex; flex-wrap: wrap; gap: 30px; margin-bottom: 30px;'>\n<div style='flex: 1 1 300px; min-width: 280px;'>\n<h3 style='font-size: 22px; border-bottom: 2px solid currentColor; padding-bottom: 5px; margin-top: 0; color: inherit; opacity: 0.8;'>Caracter\u00edsticas principales<\/h3>\n<ul style='padding-left: 20px; font-size: 15px; color: inherit;'>\n<li>Sirena inal\u00e1mbrica para exterior&comma; se conecta hacia el concentrador (hub) <a href='https:\/\/www.syscom.mx\/producto\/CS-A3-EZVIZ-202830.html' style='color: #42BB1A; text-decoration: none; font-weight: bold;'>CS-A3<\/a> mediante Zigbee.<\/li>\n<li>Compatible con el kit de alarmas <a href='https:\/\/www.syscom.mx\/producto\/CS-B1-EZVIZ-210878.html' style='color: #42BB1A; text-decoration: none; font-weight: bold;'>CS-B1<\/a>.<\/li>\n<li>Sonido de alarma: 90-105 dB ajustable.<\/li>\n<li>Alarma antimovimiento.<\/li>\n<li>Duraci\u00f3n de la alarma Default 5 seg.&comma; hasta 180 seg<\/li>\n<li>Temperatura de operaci\u00f3n -30\u00b0C a +60\u00b0C<\/li>\n<li>Dimensiones: 134 x 51.55 mm.<\/li>\n<li>Peso: 437.54 g.<\/li>\n<li>Alimentaci\u00f3n: 12 Vcc&comma; No incluida&comma; recomendada <a href='https:\/\/www.syscom.mx\/producto\/PL-DC-1000-EPCOM-POWERLINE-67201.html' style='color: #42BB1A; text-decoration: none; font-weight: bold;'>PL-DC-1000<\/a>&comma; <a href='https:\/\/www.syscom.mx\/producto\/PL-DC-1000T-EPCOM-POWERLINE-189595.html' style='color: #1d4e8f; text-decoration: none; font-weight: bold;'>PL-DC-1000T<\/a> o similar<\/li>\n<li>Dise\u00f1o de ahorro de energ\u00eda con bater\u00eda de larga duraci\u00f3n<\/li>\n<\/ul><\/div>\n<\/p><\/div>\n<p> <!-- Notas importantes --> <\/p>\n<div style='display: flex; flex-wrap: wrap; gap: 30px; margin-bottom: 30px;'>\n<div style='flex: 1 1 300px; min-width: 280px;'>\n<h3 style='font-size: 22px; border-bottom: 2px solid currentColor; padding-bottom: 5px; margin-top: 0; color: inherit; opacity: 0.8;'>Notas importantes<\/h3>\n<ul style='padding-left: 20px; font-size: 15px; color: inherit;'>\n<li style='color: #f44336;'><strong>Configuraci\u00f3n \u00fanicamente mediante aplicaci\u00f3n EZVIZ<\/strong><\/li>\n<li style='color: #f44336;'><strong>No es posible vincularlo directo a la APP&comma; se requiere el Hub CS-A3<\/strong><\/li>\n<\/ul><\/div>\n<\/p><\/div>\n<p> <!-- Separador --> <\/p>\n<hr style='border: 0; border-top: 1px solid rgba(150&comma; 150&comma; 150&comma; 0.3); margin: 30px 0;'> <!-- Galer\u00eda de im\u00e1genes --> <\/p>\n<div style='display: flex; flex-wrap: wrap; gap: 20px; margin-bottom: 30px;'>\n<div style='flex: 1 1 300px; min-width: 280px;'> <img style='width: 100%; height: auto; border: 1px solid rgba(150&comma;150&comma;150&comma;0.3); border-radius: 8px;' src='https:\/\/ftp3.syscom.mx\/usuarios\/rcovarrubias\/EZVIZ\/Manual%20esp-ing\/CS-T9C\/t9c1.png' alt=''> <\/div>\n<div style='flex: 1 1 300px; min-width: 280px;'> <img style='width: 100%; height: auto; border: 1px solid rgba(150&comma;150&comma;150&comma;0.3); border-radius: 8px;' src='https:\/\/ftp3.syscom.mx\/usuarios\/rcovarrubias\/EZVIZ\/Manual%20esp-ing\/CS-T9C\/t9c2.png' alt=''> <\/div>\n<div style='flex: 1 1 300px; min-width: 280px;'> <img style='width: 100%; height: auto; border: 1px solid rgba(150&comma;150&comma;150&comma;0.3); border-radius: 8px;' src='https:\/\/ftp3.syscom.mx\/usuarios\/rcovarrubias\/EZVIZ\/Manual%20esp-ing\/CS-T9C\/t9c3.png' alt=''> <\/div>\n<\/p><\/div>\n<\/p><\/div>\n","protected":false},"excerpt":{"rendered":"<p>Sirena Inalambrica  Con estrobo \/ Utiliza 4 Bater\u00edas CR123A \u00f3 Alimentaci\u00f3n 12Vcc \/ Compatible con Kit de alarmas CS-B1 \/ Uso en Exterior<\/p>\n","protected":false},"featured_media":2244,"comment_status":"open","ping_status":"closed","template":"","meta":[],"product_brand":[],"product_cat":[146],"product_tag":[93,111,147],"class_list":{"0":"post-2245","1":"product","2":"type-product","3":"status-publish","4":"has-post-thumbnail","6":"product_cat-sirenas-y-estrobos","7":"product_tag-accesorios","8":"product_tag-ezviz","9":"product_tag-sirenas-y-estrobos","11":"first","12":"instock","13":"sale","14":"shipping-taxable","15":"purchasable","16":"product-type-simple"},"_links":{"self":[{"href":"https:\/\/soydeaqui.ddns.net\/pachuca\/index.php\/wp-json\/wp\/v2\/product\/2245","targetHints":{"allow":["GET"]}}],"collection":[{"href":"https:\/\/soydeaqui.ddns.net\/pachuca\/index.php\/wp-json\/wp\/v2\/product"}],"about":[{"href":"https:\/\/soydeaqui.ddns.net\/pachuca\/index.php\/wp-json\/wp\/v2\/types\/product"}],"replies":[{"embeddable":true,"href":"https:\/\/soydeaqui.ddns.net\/pachuca\/index.php\/wp-json\/wp\/v2\/comments?post=2245"}],"wp:featuredmedia":[{"embeddable":true,"href":"https:\/\/soydeaqui.ddns.net\/pachuca\/index.php\/wp-json\/wp\/v2\/media\/2244"}],"wp:attachment":[{"href":"https:\/\/soydeaqui.ddns.net\/pachuca\/index.php\/wp-json\/wp\/v2\/media?parent=2245"}],"wp:term":[{"taxonomy":"product_brand","embeddable":true,"href":"https:\/\/soydeaqui.ddns.net\/pachuca\/index.php\/wp-json\/wp\/v2\/product_brand?post=2245"},{"taxonomy":"product_cat","embeddable":true,"href":"https:\/\/soydeaqui.ddns.net\/pachuca\/index.php\/wp-json\/wp\/v2\/product_cat?post=2245"},{"taxonomy":"product_tag","embeddable":true,"href":"https:\/\/soydeaqui.ddns.net\/pachuca\/index.php\/wp-json\/wp\/v2\/product_tag?post=2245"}],"curies":[{"name":"wp","href":"https:\/\/api.w.org\/{rel}","templated":true}]}}