{"id":22438,"date":"2026-03-18T10:57:33","date_gmt":"2026-03-18T10:57:33","guid":{"rendered":"https:\/\/soydeaqui.ddns.net\/pachuca\/index.php\/producto\/operador-d-puertas-d-garage-1-2hp-fuerte-silencioso-no-incluye-riel-2-controles-inalambricos-visera-1-control-inalambrico-pared-respaldo-energia\/"},"modified":"2026-03-18T10:57:33","modified_gmt":"2026-03-18T10:57:33","slug":"operador-d-puertas-d-garage-1-2hp-fuerte-silencioso-no-incluye-riel-2-controles-inalambricos-visera-1-control-inalambrico-pared-respaldo-energia","status":"publish","type":"product","link":"https:\/\/soydeaqui.ddns.net\/pachuca\/index.php\/producto\/operador-d-puertas-d-garage-1-2hp-fuerte-silencioso-no-incluye-riel-2-controles-inalambricos-visera-1-control-inalambrico-pared-respaldo-energia\/","title":{"rendered":"Operador D\/ Puertas D\/  Garage \/ 1\/2HP \/ Fuerte \/ Silencioso \/ NO INCLUYE RIEL \/ 2 Controles Inal\u00e1mbricos Visera \/ 1 Control Inal\u00e1mbrico Pared \/ Respaldo Energia."},"content":{"rendered":"<div style='width: 100%; max-width: 1200px; margin: 0 auto; font-family: sans-serif; line-height: 1.6; color: inherit; background-color: transparent;'>\n<div style='margin-bottom: 30px;'>\n<h2 style='font-size: 24px; margin-top: 0; color: inherit; opacity: 0.9;'>Motor Autom\u00e1tico para Puertas de Garaje \u2013 Comodidad y Seguridad en un Solo Producto.<\/h2>\n<p style='font-size: 16px; color: inherit; opacity: 0.8;'>Motor Autom\u00e1tico para Puertas de Garage&comma; dise\u00f1ado para ofrecer la m\u00e1xima comodidad y seguridad al abrir y cerrar tu garage sin esfuerzo. Ideal para hogares&comma; oficinas y negocios que buscan una soluci\u00f3n eficiente y moderna.<\/p>\n<\/p><\/div>\n<hr style='border: 0; border-top: 1px solid rgba(150&comma;150&comma;150&comma;0.3); margin: 30px 0;'>\n<h2 style='font-size: 20px; margin-bottom: 20px; color: inherit;'>Especificaciones t\u00e9cnicas:<\/h2>\n<div style='display: flex; flex-wrap: wrap; gap: 20px; margin-bottom: 30px;'>\n<div style='flex: 1 1 300px; min-width: 280px;'>\n<div style='border-left: 5px solid #0091ff; border-radius: 8px; padding: 15px; background-color: rgba(0&comma;145&comma;255&comma;0.05);'>\n<h3 style='font-size: 18px; margin-top: 0; color: inherit; opacity: 0.9;'>Caracter\u00edsticas principales:<\/h3>\n<ul style='padding-left: 20px; font-size: 15px; color: inherit; list-style-type: disc;'>\n<li style='margin-bottom: 8px;'>Motor de 1\/2 HP de Fuerza.<\/li>\n<li style='margin-bottom: 8px;'>Entrada de fotocelda (COM &comma; NC).<\/li>\n<li style='margin-bottom: 8px;'>Entrada de bot\u00f3n cableado (COM&comma;NO).<\/li>\n<li style='margin-bottom: 8px; font-weight: bold;'>Capacidad de 20 controles inal\u00e1mbricos (433Mhz Codigo variante).<\/li>\n<li style='margin-bottom: 8px;'>Arranque suave \/ paro suave.<\/li>\n<li style='margin-bottom: 8px; font-weight: bold;'>Entrada de sensor de estado de puerta peatonal.<\/li>\n<li style='margin-bottom: 8px;'>Cambio de giro.<\/li>\n<li style='margin-bottom: 8px;'>Configuracion de fuerza de obstrucci\u00f3n.<\/li>\n<\/ul><\/div>\n<\/p><\/div>\n<div style='flex: 1 1 300px; min-width: 280px;'>\n<div style='border-left: 5px solid #0091ff; border-radius: 8px; padding: 15px; background-color: rgba(0&comma;145&comma;255&comma;0.05);'>\n<h3 style='font-size: 18px; margin-top: 0; color: inherit; opacity: 0.9;'>Caracter\u00edsticas F\u00edsicas y El\u00e9ctricas:<\/h3>\n<ul style='padding-left: 20px; font-size: 15px; color: inherit; list-style-type: disc;'>\n<li style='margin-bottom: 8px;'>Voltaje de operaci\u00f3n: 127 Vca.<\/li>\n<li style='margin-bottom: 8px; font-weight: bold;'>Rieles compatibles tipo T y tipo C.<\/li>\n<li style='margin-bottom: 8px;'>Salida de voltaje de 24Vcc.<\/li>\n<li style='margin-bottom: 8px;'>Transformador con protecci\u00f3n de sobrecarga.<\/li>\n<\/ul><\/div>\n<\/p><\/div>\n<div style='flex: 1 1 300px; min-width: 280px;'>\n<div style='border-left: 5px solid #0091ff; border-radius: 8px; padding: 15px; background-color: rgba(0&comma;145&comma;255&comma;0.05);'>\n<h3 style='font-size: 18px; margin-top: 0; color: inherit; opacity: 0.9;'>Caracter\u00edsticas Destacadas:<\/h3>\n<ul style='padding-left: 20px; font-size: 15px; color: inherit; list-style-type: disc;'>\n<li style='margin-bottom: 8px;'>Entrada para bot\u00f3n cableado (COM&comma;NO).<\/li>\n<li style='margin-bottom: 8px; font-weight: bold;'>Bateria de respaldo.<\/li>\n<li style='margin-bottom: 8px;'>Ajuste del l\u00edmite de recorrido electr\u00f3nico.<\/li>\n<li style='margin-bottom: 8px; font-weight: bold;'>Garant\u00eda de 3 a\u00f1os.<\/li>\n<li style='margin-bottom: 8px;'>Cierre automatico.<\/li>\n<\/ul><\/div>\n<\/p><\/div>\n<\/p><\/div>\n<hr style='border: 0; border-top: 1px solid rgba(150&comma;150&comma;150&comma;0.3); margin: 30px 0;'>\n<div style='margin-bottom: 30px;'>\n<h2 style='font-size: 20px; margin-bottom: 20px; color: inherit; text-align: center;'>Qu\u00e9 requiero cotizar para una instalaci\u00f3n?<\/h2>\n<p style='text-align: center; margin: 8px 0;'><a style='color: #0091ff; text-decoration: none;' href='https:\/\/www.syscom.mx\/producto\/ACCESSFORCE-ACCESSPRO-176436.html'>ACCESSFORCE<\/a> Motor de puertas de garage.<\/p>\n<p style='text-align: center; margin: 8px 0;'>1x Puerta de garage ( <a style='color: #0091ff; text-decoration: none;' href='https:\/\/www.syscom.mx\/principal\/promociones\/puertas_de_garage_seguridad_y_estilo_para_tu_hogar-9974.html?ordenar=Relevancia&#038;pag=1'>click aqui para revisar modelos de puertas de garage<\/a> )<\/p>\n<p style='text-align: center; margin: 8px 0;'>1x <a style='color: #0091ff; text-decoration: none;' href='https:\/\/www.syscom.mx\/producto\/ACCESSRAILT3-ACCESSPRO-176550.html'>ACCESSRAILT3<\/a> Riel tipo T de 3mts<\/p>\n<\/p><\/div>\n<hr style='border: 0; border-top: 1px solid rgba(150&comma;150&comma;150&comma;0.3); margin: 30px 0;'>\n<div style='margin-bottom: 30px;'>\n<h2 style='font-size: 20px; margin-bottom: 20px; color: inherit; text-align: center;'>Qu\u00e9 accesorios puedo agregar a mi instalaci\u00f3n?<\/h2>\n<div style='display: flex; flex-wrap: wrap; justify-content: center; gap: 15px;'>\n<p style='margin: 8px 0;'><a style='color: #0091ff; text-decoration: none;' href='https:\/\/www.syscom.mx\/producto\/ACCESSVR01-ACCESSPRO-176538.html'>ACCESSVR01<\/a> Control inalambrico de visera.<\/p>\n<p style='margin: 8px 0;'><a style='color: #0091ff; text-decoration: none;' href='https:\/\/www.syscom.mx\/producto\/ACCESSWS01-ACCESSPRO-176540.html'>ACCESSWS01<\/a> Control inalambrico de pared.<\/p>\n<p style='margin: 8px 0;'><a style='color: #0091ff; text-decoration: none;' href='https:\/\/www.syscom.mx\/producto\/ACCESSPC01-ACCESSPRO-176545.html'>ACCESSPC01<\/a> Fotocelda de seguridad.<\/p>\n<p style='margin: 8px 0;'><a style='color: #0091ff; text-decoration: none;' href='https:\/\/www.syscom.mx\/producto\/PL-1.2-12-EPCOM-POWERLINE-67461.html'>PL1.212<\/a> Baterias de respaldo.<\/p>\n<p style='margin: 8px 0;'><a style='color: #0091ff; text-decoration: none;' href='https:\/\/www.syscom.mx\/producto\/ACCESS-EXT-RAILT-ACCESSPRO-191671.html'>ACCESS-EXT-RAILT<\/a> Extension de 1mt de riel tipo T.<\/p>\n<\/p><\/div>\n<\/p><\/div>\n<hr style='border: 0; border-top: 1px solid rgba(150&comma;150&comma;150&comma;0.3); margin: 30px 0;'>\n<div style='margin-bottom: 30px;'>\n<p style='color: inherit; margin: 8px 0;'>Baterias de respaldo no incluidas&comma; colocar 2 baterias PL1.212 en serie&comma; requiere cable modelo <a style='color: #0091ff; text-decoration: none;' href='https:\/\/www.syscom.mx\/producto\/ACCESS-CORD-ACCESSPRO-196161.html'>ACCESSCORD<\/a> y la base <a style='color: #0091ff; text-decoration: none;' href='https:\/\/www.syscom.mx\/producto\/HOLDER-BAT-ACCESSPRO-192690.html'>HOLDERBAT<\/a><\/p>\n<\/p><\/div>\n<div style='margin-bottom: 30px;'>\n<h3 style='font-size: 18px; margin-bottom: 15px; color: inherit;'>Nota importante:<\/h3>\n<p style='color: inherit; margin: 8px 0;'>El equipo es solo operador (solo motor&comma; no incluye riel) ademas no es compatible con dispositivo wifi ACCESSWIFI.<\/p>\n<\/p><\/div>\n<div style='margin-bottom: 30px;'>\n<p style='font-size: 16px; color: inherit; margin: 8px 0;'>Instalaci\u00f3n en puerta corrediza&comma; <a style='color: #0091ff; text-decoration: none;' href='https:\/\/youtu.be\/nUtjNyWT0CI'>aqui<\/a><\/p>\n<p style='font-size: 14px; color: inherit; margin: 8px 0;'>La distancia maxima para automatizar una puerta corrediza es de 6mts.<\/p>\n<p style='font-size: 14px; color: inherit; margin: 8px 0;'>El numero de ciclos que soporta la bateria de respaldo varia dependiendo del peso de la puerta ( si es una puerta corrediza&comma; abatible o seccional).<\/p>\n<p style='font-size: 14px; color: inherit; margin: 8px 0;'>El motor debe ser instalado bajo algun techo o dentro de una cubierta para protegerlo de la lluvia.<\/p>\n<\/p><\/div>\n<hr style='border: 0; border-top: 1px solid rgba(150&comma;150&comma;150&comma;0.3); margin: 30px 0;'>\n<div style='display: flex; flex-wrap: wrap; gap: 30px; margin-bottom: 30px;'>\n<div style='flex: 1 1 400px; min-width: 300px;'> <img style='width: 100%; height: auto; border: 1px solid rgba(150&comma;150&comma;150&comma;0.3); border-radius: 8px;' src='https:\/\/ftp3.syscom.mx\/usuarios\/mario.rodriguez\/MOTORPUERTASDEGARAJE\/ACCESSFORCE\/Imagen.PNG' alt='Imagen del producto'> <\/div>\n<div style='flex: 1 1 400px; min-width: 300px;'>\n<h3 style='font-size: 18px; margin-top: 0; color: inherit; opacity: 0.9;'>El kit incluye:<\/h3>\n<ul style='padding-left: 20px; font-size: 15px; color: inherit; list-style-type: disc;'>\n<li style='margin-bottom: 8px;'>Operador de puerta de garage.<\/li>\n<li style='margin-bottom: 8px;'>2 Controles inalambricos de visera.<\/li>\n<li style='margin-bottom: 8px;'>1 Control inalambrico de pared de un bot\u00f3n.<\/li>\n<li style='margin-bottom: 8px;'>Manual de instalacion.<\/li>\n<\/ul><\/div>\n<\/p><\/div>\n<hr style='border: 0; border-top: 1px solid rgba(150&comma;150&comma;150&comma;0.3); margin: 30px 0;'>\n<div style='display: flex; flex-wrap: wrap; gap: 20px; margin-bottom: 30px;'>\n<div style='flex: 1 1 300px; min-width: 280px;'>\n<div style='position: relative; padding-bottom: 56.25%; height: 0; overflow: hidden; margin-bottom: 30px;'>   <\/div>\n<\/p><\/div>\n<div style='flex: 1 1 300px; min-width: 280px;'>\n<div style='position: relative; padding-bottom: 56.25%; height: 0; overflow: hidden; margin-bottom: 30px;'>   <\/div>\n<\/p><\/div>\n<div style='flex: 1 1 300px; min-width: 280px;'>\n<div style='position: relative; padding-bottom: 56.25%; height: 0; overflow: hidden; margin-bottom: 30px;'>   <\/div>\n<\/p><\/div>\n<\/p><\/div>\n<hr style='border: 0; border-top: 1px solid rgba(150&comma;150&comma;150&comma;0.3); margin: 30px 0;'>\n<div style='margin-bottom: 30px;'>\n<h3 style='font-size: 18px; margin-bottom: 15px; color: inherit;'>Garant\u00eda:<\/h3>\n<ul style='padding-left: 20px; font-size: 15px; color: inherit; list-style-type: disc;'>\n<li style='margin-bottom: 8px;'>3 A\u00f1os de garantia en el motor.<\/li>\n<li style='margin-bottom: 8px;'>1 A\u00f1o de garantia en partes mecanicas (engranes&comma;flecha)<\/li>\n<li style='margin-bottom: 8px;'>1 A\u00f1o de garantia en bateria de respaldo.<\/li>\n<li style='margin-bottom: 8px;'>1 A\u00f1o de garantia en tarjetas electronicas.<\/li>\n<\/ul><\/div>\n<\/p><\/div>\n","protected":false},"excerpt":{"rendered":"<p>Operador D\/ Puertas D\/  Garage \/ 1\/2HP \/ Fuerte \/ Silencioso \/ NO INCLUYE RIEL \/ 2 Controles Inal\u00e1mbricos Visera \/ 1 Control Inal\u00e1mbrico Pared \/ Respaldo Energia.<\/p>\n","protected":false},"featured_media":32,"comment_status":"open","ping_status":"closed","template":"","meta":[],"product_brand":[],"product_cat":[400],"product_tag":[401,234,402],"class_list":{"0":"post-22438","1":"product","2":"type-product","3":"status-publish","4":"has-post-thumbnail","6":"product_cat-puertas-de-garage","7":"product_tag-acceso-vehicular","8":"product_tag-accesspro","9":"product_tag-puertas-de-garage","11":"first","12":"outofstock","13":"sale","14":"shipping-taxable","15":"purchasable","16":"product-type-simple"},"_links":{"self":[{"href":"https:\/\/soydeaqui.ddns.net\/pachuca\/index.php\/wp-json\/wp\/v2\/product\/22438","targetHints":{"allow":["GET"]}}],"collection":[{"href":"https:\/\/soydeaqui.ddns.net\/pachuca\/index.php\/wp-json\/wp\/v2\/product"}],"about":[{"href":"https:\/\/soydeaqui.ddns.net\/pachuca\/index.php\/wp-json\/wp\/v2\/types\/product"}],"replies":[{"embeddable":true,"href":"https:\/\/soydeaqui.ddns.net\/pachuca\/index.php\/wp-json\/wp\/v2\/comments?post=22438"}],"wp:featuredmedia":[{"embeddable":true,"href":"https:\/\/soydeaqui.ddns.net\/pachuca\/index.php\/wp-json\/wp\/v2\/media\/32"}],"wp:attachment":[{"href":"https:\/\/soydeaqui.ddns.net\/pachuca\/index.php\/wp-json\/wp\/v2\/media?parent=22438"}],"wp:term":[{"taxonomy":"product_brand","embeddable":true,"href":"https:\/\/soydeaqui.ddns.net\/pachuca\/index.php\/wp-json\/wp\/v2\/product_brand?post=22438"},{"taxonomy":"product_cat","embeddable":true,"href":"https:\/\/soydeaqui.ddns.net\/pachuca\/index.php\/wp-json\/wp\/v2\/product_cat?post=22438"},{"taxonomy":"product_tag","embeddable":true,"href":"https:\/\/soydeaqui.ddns.net\/pachuca\/index.php\/wp-json\/wp\/v2\/product_tag?post=22438"}],"curies":[{"name":"wp","href":"https:\/\/api.w.org\/{rel}","templated":true}]}}