{"id":22412,"date":"2026-03-18T10:57:06","date_gmt":"2026-03-18T10:57:06","guid":{"rendered":"https:\/\/soydeaqui.ddns.net\/pachuca\/index.php\/producto\/torniquete-swing-central-para-ampliar-numero-de-carriles-incluye-panel-y-lectores-de-tarjeta-tcp-ip-administrable-por-ivms-4200-requiere-torniquete-izquierdo-carril-de-65-cms-6000000-mcbf\/"},"modified":"2026-03-18T10:57:07","modified_gmt":"2026-03-18T10:57:07","slug":"torniquete-swing-central-para-ampliar-numero-de-carriles-incluye-panel-y-lectores-de-tarjeta-tcp-ip-administrable-por-ivms-4200-requiere-torniquete-izquierdo-carril-de-65-cms-6000000-mcbf","status":"publish","type":"product","link":"https:\/\/soydeaqui.ddns.net\/pachuca\/index.php\/producto\/torniquete-swing-central-para-ampliar-numero-de-carriles-incluye-panel-y-lectores-de-tarjeta-tcp-ip-administrable-por-ivms-4200-requiere-torniquete-izquierdo-carril-de-65-cms-6000000-mcbf\/","title":{"rendered":"Torniquete Swing CENTRAL para Ampliar Numero de Carriles \/ Incluye Panel y Lectores de Tarjeta \/ TCP\/IP Administrable por iVMS-4200 (Requiere Torniquete Izquierdo) \/ Carril de 65 cms \/ 6,000,000 MCBF \/ 12 Pares de IR"},"content":{"rendered":"<div style='width: 100%; max-width: 1200px; margin: 0 auto; font-family: sans-serif; line-height: 1.6; color: inherit; background-color: transparent;'> <!-- Logo --> <\/p>\n<div style='text-align: center; margin: 30px 0;'> <img style='width: 100%; max-width: 300px; height: auto; border: 1px solid rgba(150&comma;150&comma;150&comma;0.3); border-radius: 8px;' src='http:\/\/ftp3.syscom.mx\/usuarios\/jdelafuente\/HIKVISION\/hikvision%20logo%20complete.png' alt='Logo Hikvision'> <\/div>\n<p> <!-- Videos --> <\/p>\n<div style='display: grid; grid-template-columns: repeat(auto-fit&comma; minmax(300px&comma; 1fr)); gap: 30px; margin: 30px 0;'>\n<div style='position: relative; padding-bottom: 56.25%; height: 0; overflow: hidden;'>   <\/div>\n<div style='position: relative; padding-bottom: 56.25%; height: 0; overflow: hidden;'>   <\/div>\n<div style='position: relative; padding-bottom: 56.25%; height: 0; overflow: hidden;'>   <\/div>\n<\/p><\/div>\n<p> <!-- Secciones de caracter\u00edsticas --> <\/p>\n<div style='display: flex; flex-wrap: wrap; gap: 30px; margin: 30px 0;'> <!-- Caracter\u00edsticas Principales --> <\/p>\n<div style='flex: 1 1 300px; min-width: 280px;'>\n<h3 style='font-size: 22px; border-bottom: 2px solid currentColor; padding-bottom: 5px; margin-top: 0; color: inherit; opacity: 0.8;'>Caracter\u00edsticas Principales<\/h3>\n<ul style='padding-left: 20px; font-size: 15px; color: inherit;'>\n<li style='margin-bottom: 5px;'>LED indicador de direcci\u00f3n de paso<\/li>\n<li style='margin-bottom: 5px;'>Throughput: 20 a 60 personas por minuto<\/li>\n<li style='margin-bottom: 5px;'>Manejo mediante control remoto<\/li>\n<li style='margin-bottom: 5px;'>Auto detecci\u00f3n&comma; auto diagn\u00f3stico y alarma autom\u00e1tica<\/li>\n<li style='margin-bottom: 5px;'>La alarma sonora y visual incluye: Alarma de intrusi\u00f3n&comma; alarma de marcha atr\u00e1s y alarma de cambio de posici\u00f3n<\/li>\n<li style='margin-bottom: 5px;'>Configuraci\u00f3n de estado de barrera para entrada y salida<\/li>\n<li style='margin-bottom: 5px;'>Gesti\u00f3n a trav\u00e9s del cliente iVMS-4200<\/li>\n<li style='margin-bottom: 5px;'>Capacidad de usuarios (tarjetas): 60&comma;000<\/li>\n<\/ul><\/div>\n<p> <!-- Caracter\u00edsticas F\u00edsicas y El\u00e9ctricas --> <\/p>\n<div style='flex: 1 1 300px; min-width: 280px;'>\n<h3 style='font-size: 22px; border-bottom: 2px solid currentColor; padding-bottom: 5px; margin-top: 0; color: inherit; opacity: 0.8;'>Caracter\u00edsticas F\u00edsicas y El\u00e9ctricas<\/h3>\n<ul style='padding-left: 20px; font-size: 15px; color: inherit;'>\n<li style='margin-bottom: 5px;'><strong>Material:<\/strong> Acero inoxidable SUS304<\/li>\n<li style='margin-bottom: 5px;'><strong>Voltaje de operaci\u00f3n:<\/strong> 100 to 240 VAC; 50 to 60 Hz<\/li>\n<li style='margin-bottom: 5px;'><strong>Temperatura de operaci\u00f3n:<\/strong> -25 \u00b0C to 70 \u00b0C (-13 \u00b0F to 158 \u00b0F)<\/li>\n<li style='margin-bottom: 5px;'><strong>Dimensiones:<\/strong> 1500x 200 \u00d7 990 mm (59.06\u201d \u00d7 7.87\u201d \u00d7 38.98\u201d)<\/li>\n<li style='margin-bottom: 5px;'><strong>Indice de Protecci\u00f3n:<\/strong> IP54<\/li>\n<li style='margin-bottom: 5px;'><strong>Peso sin \/ con embalaje:<\/strong> 56kg \/ 86 Kg<\/li>\n<\/ul><\/div>\n<p> <!-- Caracter\u00edsticas Destacadas --> <\/p>\n<div style='flex: 1 1 300px; min-width: 280px;'>\n<h3 style='font-size: 22px; border-bottom: 2px solid currentColor; padding-bottom: 5px; margin-top: 0; color: inherit; opacity: 0.8;'>Caracter\u00edsticas Destacadas<\/h3>\n<p style='margin-bottom: 15px; font-size: 15px; color: inherit;'>Se administra a trav\u00e9s de IVMS4200 (<span style='color: #e74c3c;'><strong>controlador TCP\/IP y lectores de tarjeta MIFARE incluidos<\/strong><\/span>). Tambi\u00e9n funciona con pulsos de contacto seco de cualquier dispositivo.<\/p>\n<p style='margin-bottom: 15px; font-size: 15px; color: inherit;'>Se bloquea si alguien quiere entrar a la fuerza&comma; impidiendo el acceso.<\/p>\n<p style='margin-bottom: 15px; font-size: 15px; color: inherit;'>Alarma de incendio para que permanezca abierto en caso de emergencia.<\/p>\n<p style='margin-bottom: 15px; font-size: 15px; color: inherit;'><span style='color: #e74c3c;'><strong>Requiere torniquetes laterales.<\/strong><\/span><\/p>\n<\/p><\/div>\n<\/p><\/div>\n<p> <!-- Separador --> <\/p>\n<hr style='border: 0; border-top: 1px solid rgba(150&comma; 150&comma; 150&comma; 0.3); margin: 30px 0;'> <!-- Im\u00e1genes --> <\/p>\n<div style='display: flex; flex-wrap: wrap; gap: 30px; justify-content: center; margin: 30px 0;'> <img style='width: 100%; max-width: 500px; height: auto; border: 1px solid rgba(150&comma;150&comma;150&comma;0.3); border-radius: 8px;' src='https:\/\/ftp3.syscom.mx\/usuarios\/fespinoza\/HIKVISION\/Dispositivos\/Torniquetes\/Fotos%20Expo%20GDL\/501.jpg' alt=''> <img style='width: 100%; max-width: 500px; height: auto; border: 1px solid rgba(150&comma;150&comma;150&comma;0.3); border-radius: 8px;' src='https:\/\/ftp3.syscom.mx\/usuarios\/fespinoza\/HIKVISION\/Dispositivos\/Torniquetes\/Fotos%20Expo%20GDL\/5012.jpg' alt=''> <\/div>\n<p> <!-- Videos adicionales --> <\/p>\n<div style='display: grid; grid-template-columns: repeat(auto-fit&comma; minmax(300px&comma; 1fr)); gap: 30px; margin: 30px 0;'>\n<div style='position: relative; padding-bottom: 56.25%; height: 0; overflow: hidden;'>   <\/div>\n<div style='position: relative; padding-bottom: 56.25%; height: 0; overflow: hidden;'>   <\/div>\n<\/p><\/div>\n<\/p><\/div>\n","protected":false},"excerpt":{"rendered":"<p>Torniquete Swing CENTRAL para Ampliar Numero de Carriles \/ Incluye Panel y Lectores de Tarjeta \/ TCP\/IP Administrable por iVMS-4200 (Requiere Torniquete Izquierdo) \/ Carril de 65 cms \/ 6,000,000 MCBF \/ 12 Pares de IR<\/p>\n","protected":false},"featured_media":32,"comment_status":"open","ping_status":"closed","template":"","meta":[],"product_brand":[],"product_cat":[758],"product_tag":[54,760,759],"class_list":{"0":"post-22412","1":"product","2":"type-product","3":"status-publish","4":"has-post-thumbnail","6":"product_cat-torniquetes-de-medio-cuerpo","7":"product_tag-hikvision","8":"product_tag-torniquetes-de-medio-cuerpo","9":"product_tag-torniquetes-y-puertas-de-cortesia","11":"first","12":"outofstock","13":"sale","14":"shipping-taxable","15":"purchasable","16":"product-type-simple"},"_links":{"self":[{"href":"https:\/\/soydeaqui.ddns.net\/pachuca\/index.php\/wp-json\/wp\/v2\/product\/22412","targetHints":{"allow":["GET"]}}],"collection":[{"href":"https:\/\/soydeaqui.ddns.net\/pachuca\/index.php\/wp-json\/wp\/v2\/product"}],"about":[{"href":"https:\/\/soydeaqui.ddns.net\/pachuca\/index.php\/wp-json\/wp\/v2\/types\/product"}],"replies":[{"embeddable":true,"href":"https:\/\/soydeaqui.ddns.net\/pachuca\/index.php\/wp-json\/wp\/v2\/comments?post=22412"}],"wp:featuredmedia":[{"embeddable":true,"href":"https:\/\/soydeaqui.ddns.net\/pachuca\/index.php\/wp-json\/wp\/v2\/media\/32"}],"wp:attachment":[{"href":"https:\/\/soydeaqui.ddns.net\/pachuca\/index.php\/wp-json\/wp\/v2\/media?parent=22412"}],"wp:term":[{"taxonomy":"product_brand","embeddable":true,"href":"https:\/\/soydeaqui.ddns.net\/pachuca\/index.php\/wp-json\/wp\/v2\/product_brand?post=22412"},{"taxonomy":"product_cat","embeddable":true,"href":"https:\/\/soydeaqui.ddns.net\/pachuca\/index.php\/wp-json\/wp\/v2\/product_cat?post=22412"},{"taxonomy":"product_tag","embeddable":true,"href":"https:\/\/soydeaqui.ddns.net\/pachuca\/index.php\/wp-json\/wp\/v2\/product_tag?post=22412"}],"curies":[{"name":"wp","href":"https:\/\/api.w.org\/{rel}","templated":true}]}}