{"id":22407,"date":"2026-03-18T10:57:02","date_gmt":"2026-03-18T10:57:02","guid":{"rendered":"https:\/\/soydeaqui.ddns.net\/pachuca\/index.php\/producto\/protector-de-descargas-atmosfericas-disenado-para-sistemas-fotovoltaicos-uso-en-corriente-directa-0-1100-vcc\/"},"modified":"2026-03-18T10:57:02","modified_gmt":"2026-03-18T10:57:02","slug":"protector-de-descargas-atmosfericas-disenado-para-sistemas-fotovoltaicos-uso-en-corriente-directa-0-1100-vcc","status":"publish","type":"product","link":"https:\/\/soydeaqui.ddns.net\/pachuca\/index.php\/producto\/protector-de-descargas-atmosfericas-disenado-para-sistemas-fotovoltaicos-uso-en-corriente-directa-0-1100-vcc\/","title":{"rendered":"Protector de Descargas Atmosf\u00e9ricas, Dise\u00f1ado Para Sistemas Fotovoltaicos, Uso en Corriente Directa, 0-1100 Vcc"},"content":{"rendered":"<div style='width: 100%; max-width: 1200px; margin: 0 auto; font-family: sans-serif; line-height: 1.6; color: inherit; background-color: transparent;'>\n<div style='display: flex; flex-wrap: wrap; gap: 30px; margin-bottom: 30px;'>\n<div style='flex: 1 1 300px; min-width: 280px;'>\n<h3 style='font-size: 22px; border-bottom: 2px solid currentColor; padding-bottom: 5px; margin-top: 0; color: inherit; opacity: 0.8;'>Uso recomendado<\/h3>\n<div style='font-size: 15px; color: inherit;'>\n<p style='margin: 10px 0; color: inherit;'> Use este restrictor de picos de voltaje antes del regulador en su sistema fotovoltaico. As\u00ed evitar\u00e1 da\u00f1os debido a picos de corriente originados por descargas el\u00e9ctricas inesperadas. <\/p>\n<ul style='padding-left: 20px; margin: 10px 0; font-size: 15px; color: inherit;'>\n<li style='margin-bottom: 5px; color: inherit;'><strong style='color: inherit;'>\u2022<\/strong> Varistor de Oxido Silic\u00f3n<\/li>\n<li style='margin-bottom: 5px; color: inherit;'><strong style='color: inherit;'>\u2022<\/strong> Numero iliminato de protecciones<\/li>\n<li style='margin-bottom: 5px; color: inherit;'><strong style='color: inherit;'>\u2022<\/strong> Tiempo de respuesta 5 nanosegundos<\/li>\n<\/ul><\/div>\n<\/p><\/div>\n<\/p><\/div>\n<div style='display: flex; flex-wrap: wrap; gap: 30px; margin-bottom: 30px;'>\n<div style='flex: 1 1 300px; min-width: 280px;'>\n<div style='font-size: 15px; color: inherit;'>\n<p style='margin: 10px 0; color: inherit;'> Cuando exista una descarga atmosf\u00e9rica el supresor recibir\u00e1 el da\u00f1o&comma; cuando la descarga sea directa de mayor intensidad que la indicada en la ficha t\u00e9cnica y tenga suficiente calor y tensi\u00f3n acumulada&comma; el supresor abrir\u00e1 un orificio de aproximadamente un pulgada en el inferior del bote y expulsar\u00e1 silicio caliente y trozos de pl\u00e1stico&comma; realizando su m\u00e1xima funci\u00f3n de bloqueo y protegiendo el circuito&comma; instale el bote fuera del gabinete como muestran las im\u00e1genes. <\/p>\n<\/p><\/div>\n<\/p><\/div>\n<\/p><\/div>\n<div style='display: flex; flex-wrap: wrap; gap: 30px; margin-bottom: 30px;'>\n<div style='flex: 1 1 300px; min-width: 280px;'>\n<h3 style='font-size: 22px; border-bottom: 2px solid currentColor; padding-bottom: 5px; margin-top: 0; color: inherit; opacity: 0.8;'>Instalaci\u00f3n<\/h3>\n<div style='font-size: 15px; color: inherit;'>\n<p style='margin: 10px 0; color: inherit;'> La instalaci\u00f3n en un sistema aislado se hace en el controlador de carga&comma; en los mismos bornes donde se conecta el modulo fotovoltaico <\/p>\n<div style='margin: 15px 0;'> <img style='width: 100%; height: auto; border: 1px solid rgba(150&comma;150&comma;150&comma;0.3); border-radius: 8px;' src='https:\/\/ftp3.syscom.mx\/usuarios\/oavila\/Carlos%20Chaparro\/Captura%20de%20Pantalla%202020-01-09%20a%20la%28s%29%2016.00.08.png' alt=''> <\/div>\n<p style='margin: 15px 0; color: inherit;'> En un sistema de interconexi\u00f3n se hace en la pastilla t\u00e9rmica donde llegan los m\u00f3dulos en el inversor&comma; respetando los colores y polaridades como la imagen anterior&comma; en microinversores se puede omitir. <\/p>\n<div style='margin: 15px 0;'> <img style='width: 100%; height: auto; border: 1px solid rgba(150&comma;150&comma;150&comma;0.3); border-radius: 8px;' src='https:\/\/ftp3.syscom.mx\/usuarios\/oavila\/Carlos%20Chaparro\/Captura%20de%20Pantalla%202020-01-09%20a%20la%28s%29%2016.32.28.png' alt=''> <\/div>\n<p style='margin: 15px 0; color: inherit;'> En corriente alterna se observa otro supresor (especial para corriente alterna) modelo <a href='https:\/\/www.syscom.mx\/producto\/LA302R-DELTA-167343.html' style='color: #0066cc; text-decoration: none; font-weight: bold;'>LA302R<\/a> <\/p>\n<\/p><\/div>\n<\/p><\/div>\n<\/p><\/div>\n<hr style='border: 0; border-top: 1px solid rgba(150&comma; 150&comma; 150&comma; 0.3); margin: 30px 0;'> <\/div>\n","protected":false},"excerpt":{"rendered":"<p>Protector de Descargas Atmosf\u00e9ricas, Dise\u00f1ado Para Sistemas Fotovoltaicos, Uso en Corriente Directa, 0-1100 Vcc<\/p>\n","protected":false},"featured_media":22406,"comment_status":"open","ping_status":"closed","template":"","meta":[],"product_brand":[],"product_cat":[897],"product_tag":[899,900,898],"class_list":{"0":"post-22407","1":"product","2":"type-product","3":"status-publish","4":"has-post-thumbnail","6":"product_cat-corriente-directa","7":"product_tag-corriente-directa","8":"product_tag-delta","9":"product_tag-proteccion-contra-descargas","11":"first","12":"instock","13":"sale","14":"shipping-taxable","15":"purchasable","16":"product-type-simple"},"_links":{"self":[{"href":"https:\/\/soydeaqui.ddns.net\/pachuca\/index.php\/wp-json\/wp\/v2\/product\/22407","targetHints":{"allow":["GET"]}}],"collection":[{"href":"https:\/\/soydeaqui.ddns.net\/pachuca\/index.php\/wp-json\/wp\/v2\/product"}],"about":[{"href":"https:\/\/soydeaqui.ddns.net\/pachuca\/index.php\/wp-json\/wp\/v2\/types\/product"}],"replies":[{"embeddable":true,"href":"https:\/\/soydeaqui.ddns.net\/pachuca\/index.php\/wp-json\/wp\/v2\/comments?post=22407"}],"wp:featuredmedia":[{"embeddable":true,"href":"https:\/\/soydeaqui.ddns.net\/pachuca\/index.php\/wp-json\/wp\/v2\/media\/22406"}],"wp:attachment":[{"href":"https:\/\/soydeaqui.ddns.net\/pachuca\/index.php\/wp-json\/wp\/v2\/media?parent=22407"}],"wp:term":[{"taxonomy":"product_brand","embeddable":true,"href":"https:\/\/soydeaqui.ddns.net\/pachuca\/index.php\/wp-json\/wp\/v2\/product_brand?post=22407"},{"taxonomy":"product_cat","embeddable":true,"href":"https:\/\/soydeaqui.ddns.net\/pachuca\/index.php\/wp-json\/wp\/v2\/product_cat?post=22407"},{"taxonomy":"product_tag","embeddable":true,"href":"https:\/\/soydeaqui.ddns.net\/pachuca\/index.php\/wp-json\/wp\/v2\/product_tag?post=22407"}],"curies":[{"name":"wp","href":"https:\/\/api.w.org\/{rel}","templated":true}]}}