{"id":224,"date":"2026-03-18T05:37:21","date_gmt":"2026-03-18T05:37:21","guid":{"rendered":"https:\/\/soydeaqui.ddns.net\/pachuca\/index.php\/producto\/rls-2020v-lidar-para-exterior-interior-con-camara-perfil-s-de-onvif\/"},"modified":"2026-03-18T05:37:21","modified_gmt":"2026-03-18T05:37:21","slug":"rls-2020v-lidar-para-exterior-interior-con-camara-perfil-s-de-onvif","status":"publish","type":"product","link":"https:\/\/soydeaqui.ddns.net\/pachuca\/index.php\/producto\/rls-2020v-lidar-para-exterior-interior-con-camara-perfil-s-de-onvif\/","title":{"rendered":"RLS-2020V LIDAR para exterior\/interior con c\u00e1mara, perfil S de ONVIF"},"content":{"rendered":"<div style='width: 100%; max-width: 1200px; margin: 0 auto; font-family: sans-serif; line-height: 1.6; color: inherit; background-color: transparent;'>\n<div style='margin-bottom: 30px;'>\n<h2 style='font-size: 24px; border-bottom: 2px solid currentColor; padding-bottom: 5px; margin-top: 0; color: inherit; opacity: 0.9; font-weight: 600;'>Informaci\u00f3n del producto<\/h2>\n<\/p><\/div>\n<div style='margin-bottom: 30px;'>\n<p style='margin-bottom: 15px; font-size: 15px; color: inherit;'>El REDSCAN mini-Pro RLS-2020V crea paredes o planos de detecci\u00f3n virtuales de 20 x 20 metros a 95 grados y analiza el tama\u00f1o&comma; la ubicaci\u00f3n y la distancia de un objeto para determinar una intrusi\u00f3n. Dise\u00f1ado para funcionar eficazmente tanto en exterior como interior&comma; ahora cuenta con un m\u00f3dulo de c\u00e1mara de v\u00eddeo para verificar las alarmas y grabar los eventos.<\/p>\n<p style='margin-bottom: 15px; font-size: 15px; color: inherit;'>Como parte de la galardonada serie REDSCAN&comma; el nuevo modelo RLS-2020V ofrece una detecci\u00f3n LiDAR de alta precisi\u00f3n y tiempos de respuesta ultrarr\u00e1pidos&comma; por lo que no se producen retrasos a la hora de detectar una intrusi\u00f3n. Gracias a la c\u00e1mara incorporada&comma; el RLS-2020V permite verificar eventos y registrarlos para su an\u00e1lisis posterior al evento. Con un rango de detecci\u00f3n extendido de hasta 30 metros y 95 grados&comma; es ideal para proteger activos de gran valor&comma; as\u00ed como edificios y per\u00edmetros de alta seguridad. Adem\u00e1s&comma; es compatible con el perfil S de ONVIF y tiene salidas y protocolos adicionales que permiten una integraci\u00f3n perfecta con la infraestructura de seguridad existente.<\/p>\n<div style='position: relative; padding-bottom: 56.25%; height: 0; overflow: hidden; margin: 30px 0;'>   <\/div>\n<\/p><\/div>\n<div style='display: flex; flex-wrap: wrap; gap: 30px; margin-bottom: 30px;'>\n<div style='flex: 1 1 300px; min-width: 280px;'>\n<h3 style='font-size: 22px; border-bottom: 2px solid currentColor; padding-bottom: 5px; margin-top: 0; color: inherit; opacity: 0.8;'>Aplicaciones<\/h3>\n<ul style='padding-left: 20px; font-size: 15px; color: inherit; list-style: none; padding: 0; margin: 0;'>\n<li style='margin-bottom: 10px; display: flex; align-items: center;'> <img src='https:\/\/optex.imgix.net\/assets\/Icons\/warehousing-blue.png?crop=focalpoint&#038;fp-x=0.5&#038;fp-y=0.5&#038;fp-debug=false&#038;fm=png&#038;q=80&#038;fit=crop&#038;w=32' style='width: 32px; height: 32px; margin-right: 10px; border: 1px solid rgba(150&comma;150&comma;150&comma;0.3); border-radius: 4px;' alt='Icono de almac\u00e9n'> Almac\u00e9n <\/li>\n<li style='margin-bottom: 10px; display: flex; align-items: center;'> <img src='https:\/\/optex.imgix.net\/assets\/Icons\/museum-gallery-blue.png?crop=focalpoint&#038;fp-x=0.5&#038;fp-y=0.5&#038;fp-debug=false&#038;fm=png&#038;q=80&#038;fit=crop&#038;w=32' style='width: 32px; height: 32px; margin-right: 10px; border: 1px solid rgba(150&comma;150&comma;150&comma;0.3); border-radius: 4px;' alt='Icono de museo\/galer\u00eda'> Museo\/Galer\u00eda <\/li>\n<li style='margin-bottom: 10px; display: flex; align-items: center;'> <img src='https:\/\/optex.imgix.net\/assets\/Icons\/datacentre-blue.png?crop=focalpoint&#038;fp-x=0.5&#038;fp-y=0.5&#038;fp-debug=false&#038;fm=png&#038;q=80&#038;fit=crop&#038;w=32' style='width: 32px; height: 32px; margin-right: 10px; border: 1px solid rgba(150&comma;150&comma;150&comma;0.3); border-radius: 4px;' alt='Icono de centro de datos'> Centro de datos <\/li>\n<li style='margin-bottom: 10px; display: flex; align-items: center;'> <img src='https:\/\/optex.imgix.net\/assets\/Icons\/airport-blue.png?crop=focalpoint&#038;fp-x=0.5&#038;fp-y=0.5&#038;fp-debug=false&#038;fm=png&#038;q=80&#038;fit=crop&#038;w=32' style='width: 32px; height: 32px; margin-right: 10px; border: 1px solid rgba(150&comma;150&comma;150&comma;0.3); border-radius: 4px;' alt='Icono de aeropuerto'> Aeropuerto <\/li>\n<li style='display: flex; align-items: center;'> <img src='https:\/\/optex.imgix.net\/assets\/Icons\/rail-blue.png?crop=focalpoint&#038;fp-x=0.5&#038;fp-y=0.5&#038;fp-debug=false&#038;fm=png&#038;q=80&#038;fit=crop&#038;w=32' style='width: 32px; height: 32px; margin-right: 10px; border: 1px solid rgba(150&comma;150&comma;150&comma;0.3); border-radius: 4px;' alt='Icono de ferrocarril'> Ferrocarril <\/li>\n<\/ul><\/div>\n<div style='flex: 1 1 300px; min-width: 280px;'>\n<h3 style='font-size: 22px; border-bottom: 2px solid currentColor; padding-bottom: 5px; margin-top: 0; color: inherit; opacity: 0.8;'>Caracter\u00edsticas clave<\/h3>\n<ul style='padding-left: 20px; font-size: 15px; color: inherit;'>\n<li style='margin-bottom: 5px;'>Detecci\u00f3n LiDAR de alta precisi\u00f3n<\/li>\n<li style='margin-bottom: 5px;'>Tiempos de respuesta ultrarr\u00e1pidos<\/li>\n<li style='margin-bottom: 5px;'>Detecci\u00f3n virtual de 20 x 20 metros a 95 grados<\/li>\n<li style='margin-bottom: 5px;'>Rango extendido de detecci\u00f3n de hasta 30 metros<\/li>\n<li style='margin-bottom: 5px;'>M\u00f3dulo de c\u00e1mara integrado para verificaci\u00f3n de alarmas<\/li>\n<li style='margin-bottom: 5px;'>Compatible con perfil S de ONVIF<\/li>\n<li style='margin-bottom: 5px;'>Dise\u00f1ado para uso en exterior e interior<\/li>\n<li style='margin-bottom: 5px;'>Integraci\u00f3n con infraestructura de seguridad existente<\/li>\n<li style='margin-bottom: 5px;'>Salidas y protocolos adicionales<\/li>\n<li style='margin-bottom: 5px;'>Grabaci\u00f3n de eventos para an\u00e1lisis posterior<\/li>\n<\/ul><\/div>\n<div style='flex: 1 1 300px; min-width: 280px;'>\n<h3 style='font-size: 22px; border-bottom: 2px solid currentColor; padding-bottom: 5px; margin-top: 0; color: inherit; opacity: 0.8;'>Beneficios<\/h3>\n<ul style='padding-left: 20px; font-size: 15px; color: inherit;'>\n<li style='margin-bottom: 5px;'>Detecci\u00f3n precisa de intrusi\u00f3n sin falsas alarmas<\/li>\n<li style='margin-bottom: 5px;'>Integraci\u00f3n sencilla con sistemas existentes<\/li>\n<li style='margin-bottom: 5px;'>Protecci\u00f3n de activos de alto valor<\/li>\n<li style='margin-bottom: 5px;'>Detecci\u00f3n eficaz en condiciones clim\u00e1ticas adversas<\/li>\n<li style='margin-bottom: 5px;'>An\u00e1lisis detallado de eventos mediante grabaci\u00f3n<\/li>\n<li style='margin-bottom: 5px;'>Detecci\u00f3n en tiempo real sin retrasos<\/li>\n<li style='margin-bottom: 5px;'>Versatilidad de uso en m\u00faltiples entornos<\/li>\n<li style='margin-bottom: 5px;'>Reducci\u00f3n de costos operativos<\/li>\n<li style='margin-bottom: 5px;'>F\u00e1cil mantenimiento<\/li>\n<li>Amplia cobertura con una sola unidad<\/li>\n<\/ul><\/div>\n<\/p><\/div>\n<hr style='border: 0; border-top: 1px solid rgba(150&comma; 150&comma; 150&comma; 0.3); margin: 30px 0;'> <\/div>\n","protected":false},"excerpt":{"rendered":"<p>RLS-2020V LIDAR para exterior\/interior con c\u00e1mara, perfil S de ONVIF<\/p>\n","protected":false},"featured_media":223,"comment_status":"open","ping_status":"closed","template":"","meta":[],"product_brand":[],"product_cat":[154],"product_tag":[106,104,155],"class_list":{"0":"post-224","1":"product","2":"type-product","3":"status-publish","4":"has-post-thumbnail","6":"product_cat-sensores-de-rayo-laser-y-pirs-inteligentes","7":"product_tag-optex","8":"product_tag-proteccion-perimetral","9":"product_tag-sensores-de-rayo-laser-y-pirs-inteligentes","11":"first","12":"outofstock","13":"sale","14":"shipping-taxable","15":"purchasable","16":"product-type-simple"},"_links":{"self":[{"href":"https:\/\/soydeaqui.ddns.net\/pachuca\/index.php\/wp-json\/wp\/v2\/product\/224","targetHints":{"allow":["GET"]}}],"collection":[{"href":"https:\/\/soydeaqui.ddns.net\/pachuca\/index.php\/wp-json\/wp\/v2\/product"}],"about":[{"href":"https:\/\/soydeaqui.ddns.net\/pachuca\/index.php\/wp-json\/wp\/v2\/types\/product"}],"replies":[{"embeddable":true,"href":"https:\/\/soydeaqui.ddns.net\/pachuca\/index.php\/wp-json\/wp\/v2\/comments?post=224"}],"wp:featuredmedia":[{"embeddable":true,"href":"https:\/\/soydeaqui.ddns.net\/pachuca\/index.php\/wp-json\/wp\/v2\/media\/223"}],"wp:attachment":[{"href":"https:\/\/soydeaqui.ddns.net\/pachuca\/index.php\/wp-json\/wp\/v2\/media?parent=224"}],"wp:term":[{"taxonomy":"product_brand","embeddable":true,"href":"https:\/\/soydeaqui.ddns.net\/pachuca\/index.php\/wp-json\/wp\/v2\/product_brand?post=224"},{"taxonomy":"product_cat","embeddable":true,"href":"https:\/\/soydeaqui.ddns.net\/pachuca\/index.php\/wp-json\/wp\/v2\/product_cat?post=224"},{"taxonomy":"product_tag","embeddable":true,"href":"https:\/\/soydeaqui.ddns.net\/pachuca\/index.php\/wp-json\/wp\/v2\/product_tag?post=224"}],"curies":[{"name":"wp","href":"https:\/\/api.w.org\/{rel}","templated":true}]}}