{"id":2239,"date":"2026-03-18T05:54:54","date_gmt":"2026-03-18T05:54:54","guid":{"rendered":"https:\/\/soydeaqui.ddns.net\/pachuca\/index.php\/producto\/detector-de-movimiento-pasivo-flx-s-dt-flipx-standard-detector-para-interior-doble-tecnologia\/"},"modified":"2026-03-18T05:54:54","modified_gmt":"2026-03-18T05:54:54","slug":"detector-de-movimiento-pasivo-flx-s-dt-flipx-standard-detector-para-interior-doble-tecnologia","status":"publish","type":"product","link":"https:\/\/soydeaqui.ddns.net\/pachuca\/index.php\/producto\/detector-de-movimiento-pasivo-flx-s-dt-flipx-standard-detector-para-interior-doble-tecnologia\/","title":{"rendered":"Detector de Movimiento Pasivo \/  FLX-S-DT FlipX Standard detector para interior doble tecnolog\u00eda"},"content":{"rendered":"<div style='width: 100%; max-width: 1200px; margin: 0 auto; font-family: sans-serif; line-height: 1.6; color: inherit; background-color: transparent;'>\n<div style='margin-bottom: 30px;'>\n<h1 style='font-size: 28px; margin: 0 0 20px; font-weight: bold; color: inherit; border-bottom: 2px solid currentColor; padding-bottom: 10px; opacity: 0.9;'>Detector de Movimiento Pasivo \/ FLX-S-DT FlipX Standard detector para interior doble tecnolog\u00eda<\/h1>\n<p style='font-size: 15px; margin-bottom: 15px; color: inherit; opacity: 0.8;'>PIR para interiores de tecnolog\u00eda dual&comma; Grado 2&comma; con lente rotable para detecci\u00f3n ancha 12m&comma; 85 grados y estrecha 18m<\/p>\n<ul style='padding-left: 20px; margin-bottom: 20px; color: inherit;'>\n<li style='margin-bottom: 8px;'>Doble tecnolog\u00eda cableada (PIR + microondas) para interiores con lente rotable<\/li>\n<li style='margin-bottom: 8px;'>Detecci\u00f3n ancha hasta 12 m y 85 grados y detecci\u00f3n estrecha hasta 18m (solo PIR)<\/li>\n<li style='margin-bottom: 8px;'>Mayor tolerancia a las mascotas gracias al nuevo elemento piroel\u00e9ctrico<\/li>\n<li style='margin-bottom: 8px;'>Tecnolog\u00eda Tough MOD 2 para una mayor tasa de captura<\/li>\n<\/ul><\/div>\n<div style='margin-bottom: 30px;'>\n<h3 style='font-size: 22px; border-bottom: 2px solid currentColor; padding-bottom: 5px; margin-top: 0; margin-bottom: 15px; color: inherit; opacity: 0.8;'>Descripci\u00f3n General<\/h3>\n<p style='margin-bottom: 15px; color: inherit; font-size: 15px;'> El detector de movimiento para interiores de la serie FlipX Standard de OPTEX est\u00e1 dise\u00f1ado para entornos residenciales y comerciales&comma; ofreciendo una seguridad \u00f3ptima con tecnolog\u00eda de Doble Tecnolog\u00eda que combina PIR y microondas. Su lente rotable permite elegir entre una cobertura amplia de 12&#215;12 metros a 85 grados o una cobertura estrecha de 18&#215;2 metros a 5 grados&comma; adapt\u00e1ndose f\u00e1cilmente a las necesidades del lugar. Adem\u00e1s&comma; integra un elemento de captura humana que optimiza la sensibilidad y resiste cambios de temperatura de animales peque\u00f1os para evitar falsas alarmas. <\/p>\n<div style='text-align: center; margin: 20px 0;'> <img style='width: 100%; max-width: 782px; height: auto; border: 1px solid rgba(150&comma;150&comma;150&comma;0.3); border-radius: 8px; display: inline-block;' src='https:\/\/optex.imgix.net\/assets\/uploads\/optex-flipx-human-catch-peet.png?crop=focalpoint&#038;fp-x=0.5&#038;fp-y=0.5&#038;fp-debug=false&#038;fm=webp&#038;auto=format&#038;w=782&#038;fm=webp&#038;q=80&#038;fit=crop' alt=''> <\/div>\n<\/p><\/div>\n<div style='margin-bottom: 30px;'>\n<h3 style='font-size: 22px; border-bottom: 2px solid currentColor; padding-bottom: 5px; margin-top: 0; margin-bottom: 15px; color: inherit; opacity: 0.8;'>Especificaciones T\u00e9cnicas<\/h3>\n<div style='display: flex; flex-wrap: wrap; gap: 20px; margin-bottom: 20px;'>\n<div style='flex: 1 1 250px; border: 1px solid rgba(150&comma; 150&comma; 150&comma; 0.4); border-radius: 8px; overflow: hidden; display: flex; flex-direction: column;'>\n<div style='padding: 15px; border-bottom: 1px solid rgba(150&comma; 150&comma; 150&comma; 0.2); font-weight: bold; font-size: 18px; color: inherit;'>Caracter\u00edsticas Principales<\/div>\n<div style='padding: 15px; color: inherit;'>\n<ul style='padding-left: 20px; margin: 0; font-size: 14px; list-style-type: disc;'>\n<li style='margin-bottom: 5px;'>Lente rotable con opciones amplias y estrechas<\/li>\n<li style='margin-bottom: 5px;'>Doble tecnolog\u00eda: PIR y microondas<\/li>\n<li style='margin-bottom: 5px;'>Inmunidad a mascotas<\/li>\n<li style='margin-bottom: 5px;'>L\u00f3gica SMDA para evitar falsas alarmas<\/li>\n<li style='margin-bottom: 5px;'>Detecci\u00f3n a nivel humano<\/li>\n<\/ul><\/div>\n<\/p><\/div>\n<div style='flex: 1 1 250px; border: 1px solid rgba(150&comma; 150&comma; 150&comma; 0.4); border-radius: 8px; overflow: hidden; display: flex; flex-direction: column;'>\n<div style='padding: 15px; border-bottom: 1px solid rgba(150&comma; 150&comma; 150&comma; 0.2); font-weight: bold; font-size: 18px; color: inherit;'>Funcionalidades<\/div>\n<div style='padding: 15px; color: inherit;'>\n<ul style='padding-left: 20px; margin: 0; font-size: 14px; list-style-type: disc;'>\n<li style='margin-bottom: 5px;'>Bloqueo de cubierta de 180\u00b0<\/li>\n<li style='margin-bottom: 5px;'>Indicador LED visible a distancia<\/li>\n<li style='margin-bottom: 5px;'>Instalaci\u00f3n en techo o pared seleccionable<\/li>\n<li style='margin-bottom: 5px;'>Compensaci\u00f3n de temperatura<\/li>\n<li style='margin-bottom: 5px;'>Alta sensibilidad de captura<\/li>\n<\/ul><\/div>\n<\/p><\/div>\n<\/p><\/div>\n<\/p><\/div>\n<div style='margin-bottom: 30px;'>\n<div style='display: flex; flex-wrap: wrap; gap: 20px;'>\n<div style='flex: 1 1 250px; border: 1px solid rgba(150&comma; 150&comma; 150&comma; 0.4); border-radius: 8px; overflow: hidden; display: flex; flex-direction: column;'>\n<div style='padding: 15px; border-bottom: 1px solid rgba(150&comma; 150&comma; 150&comma; 0.2); font-weight: bold; font-size: 18px; color: inherit;'>Interfaces y Conectividad<\/div>\n<div style='padding: 15px; color: inherit;'>\n<ul style='padding-left: 20px; margin: 0; font-size: 14px; list-style-type: disc;'>\n<li style='margin-bottom: 5px;'>Entrada de alimentaci\u00f3n de 9&comma;5 a 16 VCC<\/li>\n<li style='margin-bottom: 5px;'>Salida de rel\u00e9 N.C. 24 VCC 0&comma;1 A m\u00e1x.<\/li>\n<li style='margin-bottom: 5px;'>Consumo de corriente de 12 mA a 16 mA a 12 VCC<\/li>\n<\/ul><\/div>\n<\/p><\/div>\n<div style='flex: 1 1 250px; border: 1px solid rgba(150&comma; 150&comma; 150&comma; 0.4); border-radius: 8px; overflow: hidden; display: flex; flex-direction: column;'>\n<div style='padding: 15px; border-bottom: 1px solid rgba(150&comma; 150&comma; 150&comma; 0.2); font-weight: bold; font-size: 18px; color: inherit;'>Requisitos y Compatibilidad<\/div>\n<div style='padding: 15px; color: inherit;'>\n<ul style='padding-left: 20px; margin: 0; font-size: 14px; list-style-type: disc;'>\n<li style='margin-bottom: 5px;'>Altura de montaje de 2&comma;0 a 3&comma;0 m<\/li>\n<li style='margin-bottom: 5px;'>Temperatura de funcionamiento: de -20 \u00b0C a +50 \u00b0C<\/li>\n<li style='margin-bottom: 5px;'>Humedad relativa: 95 % HR m\u00e1x.<\/li>\n<li style='margin-bottom: 5px;'>Compatible con sistemas de alarma est\u00e1ndar<\/li>\n<\/ul><\/div>\n<\/p><\/div>\n<\/p><\/div>\n<\/p><\/div>\n<div style='margin-bottom: 30px;'>\n<h3 style='font-size: 22px; border-bottom: 2px solid currentColor; padding-bottom: 5px; margin-top: 0; margin-bottom: 15px; color: inherit; opacity: 0.8;'>Aplicaciones y Casos de Uso<\/h3>\n<div style='display: flex; flex-wrap: wrap; gap: 20px;'>\n<div style='flex: 1 1 250px; min-width: 200px; padding: 15px; border: 1px solid rgba(150&comma;150&comma;150&comma;0.3); border-radius: 8px; background-color: rgba(150&comma;150&comma;150&comma;0.05); color: inherit; font-size: 14px;'> Seguridad residencial y comercial <\/div>\n<div style='flex: 1 1 250px; min-width: 200px; padding: 15px; border: 1px solid rgba(150&comma;150&comma;150&comma;0.3); border-radius: 8px; background-color: rgba(150&comma;150&comma;150&comma;0.05); color: inherit; font-size: 14px;'> Detecci\u00f3n precisa en entornos interiores <\/div>\n<div style='flex: 1 1 250px; min-width: 200px; padding: 15px; border: 1px solid rgba(150&comma;150&comma;150&comma;0.3); border-radius: 8px; background-color: rgba(150&comma;150&comma;150&comma;0.05); color: inherit; font-size: 14px;'> Adaptaci\u00f3n a diferentes configuraciones de \u00e1reas de detecci\u00f3n <\/div>\n<\/p><\/div>\n<\/p><\/div>\n<div style='margin-bottom: 30px;'>\n<div style='position: relative; padding-bottom: 56.25%; height: 0; overflow: hidden; margin-bottom: 30px;'>   <\/div>\n<\/p><\/div>\n<\/p><\/div>\n","protected":false},"excerpt":{"rendered":"<p>Detector de Movimiento Pasivo \/  FLX-S-DT FlipX Standard detector para interior doble tecnolog\u00eda<\/p>\n","protected":false},"featured_media":2238,"comment_status":"open","ping_status":"closed","template":"","meta":[],"product_brand":[],"product_cat":[18],"product_tag":[19,20,106],"class_list":{"0":"post-2239","1":"product","2":"type-product","3":"status-publish","4":"has-post-thumbnail","6":"product_cat-movimiento-para-interior","7":"product_tag-detectores-sensores","8":"product_tag-movimiento-para-interior","9":"product_tag-optex","11":"first","12":"instock","13":"sale","14":"shipping-taxable","15":"purchasable","16":"product-type-simple"},"_links":{"self":[{"href":"https:\/\/soydeaqui.ddns.net\/pachuca\/index.php\/wp-json\/wp\/v2\/product\/2239","targetHints":{"allow":["GET"]}}],"collection":[{"href":"https:\/\/soydeaqui.ddns.net\/pachuca\/index.php\/wp-json\/wp\/v2\/product"}],"about":[{"href":"https:\/\/soydeaqui.ddns.net\/pachuca\/index.php\/wp-json\/wp\/v2\/types\/product"}],"replies":[{"embeddable":true,"href":"https:\/\/soydeaqui.ddns.net\/pachuca\/index.php\/wp-json\/wp\/v2\/comments?post=2239"}],"wp:featuredmedia":[{"embeddable":true,"href":"https:\/\/soydeaqui.ddns.net\/pachuca\/index.php\/wp-json\/wp\/v2\/media\/2238"}],"wp:attachment":[{"href":"https:\/\/soydeaqui.ddns.net\/pachuca\/index.php\/wp-json\/wp\/v2\/media?parent=2239"}],"wp:term":[{"taxonomy":"product_brand","embeddable":true,"href":"https:\/\/soydeaqui.ddns.net\/pachuca\/index.php\/wp-json\/wp\/v2\/product_brand?post=2239"},{"taxonomy":"product_cat","embeddable":true,"href":"https:\/\/soydeaqui.ddns.net\/pachuca\/index.php\/wp-json\/wp\/v2\/product_cat?post=2239"},{"taxonomy":"product_tag","embeddable":true,"href":"https:\/\/soydeaqui.ddns.net\/pachuca\/index.php\/wp-json\/wp\/v2\/product_tag?post=2239"}],"curies":[{"name":"wp","href":"https:\/\/api.w.org\/{rel}","templated":true}]}}