{"id":22363,"date":"2026-03-18T10:56:19","date_gmt":"2026-03-18T10:56:19","guid":{"rendered":"https:\/\/soydeaqui.ddns.net\/pachuca\/index.php\/producto\/enganche-para-brazos-articulados-y-octagonales-sin-iluminacion-hasta-4-mts-para-barreras-hikvision-ds-tmg520\/"},"modified":"2026-03-18T10:56:19","modified_gmt":"2026-03-18T10:56:19","slug":"enganche-para-brazos-articulados-y-octagonales-sin-iluminacion-hasta-4-mts-para-barreras-hikvision-ds-tmg520","status":"publish","type":"product","link":"https:\/\/soydeaqui.ddns.net\/pachuca\/index.php\/producto\/enganche-para-brazos-articulados-y-octagonales-sin-iluminacion-hasta-4-mts-para-barreras-hikvision-ds-tmg520\/","title":{"rendered":"Enganche para Brazos Articulados y Octagonales sin Iluminaci\u00f3n Hasta 4 mts \/ Para Barreras Hikvision DS-TMG520"},"content":{"rendered":"<div style='width: 100%; max-width: 1200px; margin: 0 auto; font-family: sans-serif; line-height: 1.6; color: inherit; background-color: transparent;'> <!-- Secci\u00f3n de compatibilidad --> <\/p>\n<div style='display: flex; flex-wrap: wrap; gap: 30px; margin-bottom: 30px;'>\n<div style='flex: 1 1 300px; min-width: 280px;'>\n<h3 style='font-size: 22px; border-bottom: 2px solid currentColor; padding-bottom: 5px; margin-top: 0; color: inherit; opacity: 0.8;'>Compatibilidad<\/h3>\n<ul style='padding-left: 20px; font-size: 15px; color: inherit;'>\n<li><strong>Compatible con:<\/strong> Barrera Hikvision DS-TMG520<\/li>\n<\/ul><\/div>\n<\/p><\/div>\n<p> <!-- Secci\u00f3n de brazos compatibles --> <\/p>\n<div style='display: flex; flex-wrap: wrap; gap: 30px; margin-bottom: 30px;'>\n<div style='flex: 1 1 300px; min-width: 280px;'>\n<h3 style='font-size: 22px; border-bottom: 2px solid currentColor; padding-bottom: 5px; margin-top: 0; color: inherit; opacity: 0.8;'>Brazos compatibles<\/h3>\n<ul style='padding-left: 20px; font-size: 15px; color: inherit;'>\n<li style='margin-bottom: 15px;'><strong>Articulados:<\/strong>\n<ul style='padding-left: 20px; margin-top: 8px; margin-bottom: 0; color: inherit;'>\n<li style='margin-bottom: 5px;'>366000371 &#8211; Brazo articulado 3 mts (1.5+1.5)<\/li>\n<li style='margin-bottom: 5px;'>366000372 &#8211; Brazo articulado 4 mts (2+2)<\/li>\n<li style='margin-bottom: 5px;'>366000400 &#8211; Brazo articulado 5 mts (2.5+2.5)<\/li>\n<\/ul>\n<\/li>\n<li><strong>Octagonales sin iluminaci\u00f3n:<\/strong>\n<ul style='padding-left: 20px; margin-top: 8px; margin-bottom: 0; color: inherit;'>\n<li>Modelos de 2&comma; 3 y 4 metros<\/li>\n<li>Nota: Bajo pedido&comma; consultar con ingenier\u00eda (en stock octagonales con iluminaci\u00f3n)<\/li>\n<\/ul>\n<\/li>\n<\/ul><\/div>\n<\/p><\/div>\n<p> <!-- Secci\u00f3n de especificaciones --> <\/p>\n<div style='display: flex; flex-wrap: wrap; gap: 20px; margin-bottom: 30px;'>\n<div style='flex: 1 1 250px; border: 1px solid rgba(150&comma; 150&comma; 150&comma; 0.4); border-radius: 8px; overflow: hidden; display: flex; flex-direction: column;'>\n<div style='padding: 15px; border-bottom: 1px solid rgba(150&comma; 150&comma; 150&comma; 0.2); font-weight: bold; font-size: 18px; color: inherit;'>Especificaciones t\u00e9cnicas<\/div>\n<div style='padding: 15px; color: inherit;'>\n<ul style='padding-left: 20px; margin: 0; font-size: 14px; list-style-type: disc; color: inherit;'>\n<li style='margin-bottom: 5px;'><strong>Modelo:<\/strong> 190150359<\/li>\n<li style='margin-bottom: 5px;'><strong>Nombre:<\/strong> Octagonal Boom Pole Chuck<\/li>\n<li style='margin-bottom: 5px;'><strong>Descripci\u00f3n:<\/strong> Chuck para brazos octagonales<\/li>\n<li style='margin-bottom: 5px;'><strong>Dimensiones:<\/strong> 220 \u00d7 82 \u00d7 118 mm (8.66 \u00d7 3.23 \u00d7 4.65 in)<\/li>\n<li style='margin-bottom: 5px;'><strong>Peso:<\/strong> 2.726 kg (6.01 lb)<\/li>\n<li style='margin-bottom: 5px;'><strong>Material:<\/strong> Q235<\/li>\n<\/ul><\/div>\n<\/p><\/div>\n<\/p><\/div>\n<p> <!-- Separador --> <\/p>\n<hr style='border: 0; border-top: 1px solid rgba(150&comma; 150&comma; 150&comma; 0.3); margin: 30px 0;'> <!-- Secci\u00f3n de compatibilidad detallada --> <\/p>\n<div style='display: flex; flex-wrap: wrap; gap: 30px; margin-bottom: 30px;'>\n<div style='flex: 1 1 300px; min-width: 280px;'>\n<h3 style='font-size: 22px; border-bottom: 2px solid currentColor; padding-bottom: 5px; margin-top: 0; color: inherit; opacity: 0.8;'>Compatibilidad detallada<\/h3>\n<ul style='padding-left: 20px; font-size: 15px; color: inherit;'>\n<li style='margin-bottom: 10px;'><strong>Brazos compatibles:<\/strong><\/li>\n<ul style='padding-left: 30px; margin-top: 5px; margin-bottom: 15px; color: inherit;'>\n<li style='margin-bottom: 5px;'>DS-TMG001-5 (2m octagonal)<\/li>\n<li style='margin-bottom: 5px;'>DS-TMG001-5 (3m octagonal)<\/li>\n<li style='margin-bottom: 5px;'>DS-TMG001-5 (4m octagonal)<\/li>\n<li style='margin-bottom: 5px;'>DS-TMG002-5 (1.5+1.5m)<\/li>\n<li style='margin-bottom: 5px;'>DS-TMG002-5 (2+2m)<\/li>\n<li style='margin-bottom: 5px;'>DS-TMG002-5 (2.5+2.5m)<\/li>\n<\/ul>\n<\/ul><\/div>\n<\/p><\/div>\n<p> <!-- Secci\u00f3n de observaciones --> <\/p>\n<div style='display: flex; flex-wrap: wrap; gap: 30px; margin-bottom: 30px;'>\n<div style='flex: 1 1 300px; min-width: 280px;'>\n<h3 style='font-size: 22px; border-bottom: 2px solid currentColor; padding-bottom: 5px; margin-top: 0; color: inherit; opacity: 0.8;'>Observaciones<\/h3>\n<ul style='padding-left: 20px; font-size: 15px; color: inherit;'>\n<li style='margin-bottom: 5px;'><strong>Uso exclusivo:<\/strong> Solo compatible con barrera DS-TMG520<\/li>\n<li style='margin-bottom: 5px;'><strong>Aplicaci\u00f3n:<\/strong> Para brazos octagonales y articulados<\/li>\n<li style='margin-bottom: 5px;'><strong>Requisito:<\/strong> Consultar con ingenier\u00eda para modelos bajo pedido<\/li>\n<\/ul><\/div>\n<\/p><\/div>\n<\/p><\/div>\n","protected":false},"excerpt":{"rendered":"<p>Enganche para Brazos Articulados y Octagonales sin Iluminaci\u00f3n Hasta 4 mts \/ Para Barreras Hikvision DS-TMG520<\/p>\n","protected":false},"featured_media":22362,"comment_status":"open","ping_status":"closed","template":"","meta":[],"product_brand":[],"product_cat":[750],"product_tag":[401,54,751],"class_list":{"0":"post-22363","1":"product","2":"type-product","3":"status-publish","4":"has-post-thumbnail","6":"product_cat-refacciones","7":"product_tag-acceso-vehicular","8":"product_tag-hikvision","9":"product_tag-refacciones","11":"first","12":"instock","13":"sale","14":"shipping-taxable","15":"purchasable","16":"product-type-simple"},"_links":{"self":[{"href":"https:\/\/soydeaqui.ddns.net\/pachuca\/index.php\/wp-json\/wp\/v2\/product\/22363","targetHints":{"allow":["GET"]}}],"collection":[{"href":"https:\/\/soydeaqui.ddns.net\/pachuca\/index.php\/wp-json\/wp\/v2\/product"}],"about":[{"href":"https:\/\/soydeaqui.ddns.net\/pachuca\/index.php\/wp-json\/wp\/v2\/types\/product"}],"replies":[{"embeddable":true,"href":"https:\/\/soydeaqui.ddns.net\/pachuca\/index.php\/wp-json\/wp\/v2\/comments?post=22363"}],"wp:featuredmedia":[{"embeddable":true,"href":"https:\/\/soydeaqui.ddns.net\/pachuca\/index.php\/wp-json\/wp\/v2\/media\/22362"}],"wp:attachment":[{"href":"https:\/\/soydeaqui.ddns.net\/pachuca\/index.php\/wp-json\/wp\/v2\/media?parent=22363"}],"wp:term":[{"taxonomy":"product_brand","embeddable":true,"href":"https:\/\/soydeaqui.ddns.net\/pachuca\/index.php\/wp-json\/wp\/v2\/product_brand?post=22363"},{"taxonomy":"product_cat","embeddable":true,"href":"https:\/\/soydeaqui.ddns.net\/pachuca\/index.php\/wp-json\/wp\/v2\/product_cat?post=22363"},{"taxonomy":"product_tag","embeddable":true,"href":"https:\/\/soydeaqui.ddns.net\/pachuca\/index.php\/wp-json\/wp\/v2\/product_tag?post=22363"}],"curies":[{"name":"wp","href":"https:\/\/api.w.org\/{rel}","templated":true}]}}