{"id":22342,"date":"2026-03-18T10:55:56","date_gmt":"2026-03-18T10:55:56","guid":{"rendered":"https:\/\/soydeaqui.ddns.net\/pachuca\/index.php\/producto\/barrera-vehicular-izquierda-todo-en-uno-brazo-articulado-incluido-de-4-mts-camara-anpr-integrada-boton-de-ayuda-pantalla-lcd-apertura-en-4-segundos\/"},"modified":"2026-03-18T10:55:57","modified_gmt":"2026-03-18T10:55:57","slug":"barrera-vehicular-izquierda-todo-en-uno-brazo-articulado-incluido-de-4-mts-camara-anpr-integrada-boton-de-ayuda-pantalla-lcd-apertura-en-4-segundos","status":"publish","type":"product","link":"https:\/\/soydeaqui.ddns.net\/pachuca\/index.php\/producto\/barrera-vehicular-izquierda-todo-en-uno-brazo-articulado-incluido-de-4-mts-camara-anpr-integrada-boton-de-ayuda-pantalla-lcd-apertura-en-4-segundos\/","title":{"rendered":"Barrera Vehicular IZQUIERDA Todo en Uno \/ Brazo Articulado Incluido de 4 mts \/ C\u00e1mara ANPR Integrada \/ Boton de Ayuda \/ Pantalla LCD \/ Apertura en 4 segundos"},"content":{"rendered":"<div style='width: 100%; max-width: 1200px; margin: 0 auto; font-family: sans-serif; line-height: 1.6; color: inherit; background-color: transparent;'>\n<p style='text-align: center; margin: 0; padding: 0;'> <img style='width: 45%; height: auto; border: 1px solid rgba(150&comma;150&comma;150&comma;0.3); border-radius: 8px;' src='https:\/\/ftp3.syscom.mx\/usuarios\/jsosa\/HIKVISION\/imagenes\/logo\/hikvision%20see%20far.png' alt='Logo Hikvision'> <\/p>\n<div style='position: relative; padding-bottom: 56.25%; height: 0; overflow: hidden; margin: 30px 0;'>   <\/div>\n<div style='display: flex; flex-wrap: wrap; gap: 30px; margin-bottom: 30px;'>\n<div style='flex: 1 1 300px; min-width: 280px;'>\n<h3 style='font-size: 22px; border-bottom: 2px solid currentColor; padding-bottom: 5px; margin-top: 0; color: inherit; opacity: 0.8;'>Caracter\u00edsticas Principales<\/h3>\n<ul style='padding-left: 20px; font-size: 15px; color: inherit;'>\n<li style='margin-bottom: 5px;'>C\u00e1mara HD de 4 MP con resoluci\u00f3n m\u00e1xima de 2688 \u00d7 1520 y 25 fps<\/li>\n<li style='margin-bottom: 5px;'>Barrera de velocidad r\u00e1pida con poste recto&comma; curvo o de cerca<\/li>\n<li style='margin-bottom: 5px;'>Pantalla LCD de 21.5 pulgadas para mostrar c\u00f3digos QR&comma; im\u00e1genes y videos<\/li>\n<li style='margin-bottom: 5px;'>Audio bidireccional con bot\u00f3n de ayuda para comunicaci\u00f3n en tiempo real<\/li>\n<li style='margin-bottom: 5px;'>Modo anti-seguimiento de veh\u00edculos mediante video y radar\/bucle<\/li>\n<\/ul><\/div>\n<div style='flex: 1 1 300px; min-width: 280px;'>\n<h3 style='font-size: 22px; border-bottom: 2px solid currentColor; padding-bottom: 5px; margin-top: 0; color: inherit; opacity: 0.8;'>Detalles T\u00e9cnicos<\/h3>\n<ul style='padding-left: 20px; font-size: 15px; color: inherit;'>\n<li style='margin-bottom: 5px;'>Alimentaci\u00f3n: 220 V&comma; 50 Hz<\/li>\n<li style='margin-bottom: 5px;'>Consumo: 350 W<\/li>\n<li style='margin-bottom: 5px;'>Temperatura de trabajo: -30 \u00b0C a 70 \u00b0C<\/li>\n<li style='margin-bottom: 5px;'>Humedad de trabajo: \u2264 90% (no condensante)<\/li>\n<li style='margin-bottom: 5px;'>Peso: 95 kg<\/li>\n<li style='margin-bottom: 5px;'>Protecci\u00f3n IP54<\/li>\n<li style='margin-bottom: 5px;'>2 interfaces Ethernet RJ45 10M\/100M<\/li>\n<li style='margin-bottom: 5px;'>1 puerto RS-485 y 1 puerto RS-232<\/li>\n<\/ul><\/div>\n<\/p><\/div>\n<div style='display: flex; flex-wrap: wrap; gap: 20px; margin-bottom: 30px;'>\n<div style='flex: 1 1 100%; border: 1px solid rgba(150&comma; 150&comma; 150&comma; 0.4); border-radius: 8px; overflow: hidden; display: flex; flex-direction: column;'>\n<div style='padding: 15px; border-bottom: 1px solid rgba(150&comma; 150&comma; 150&comma; 0.2); font-weight: bold; font-size: 18px; color: inherit;'> <\/div>\n<div style='padding: 15px; color: inherit;'> <img style='width: 100%; height: auto; border: 1px solid rgba(150&comma;150&comma;150&comma;0.3); border-radius: 8px;' src='https:\/\/ftp3.syscom.mx\/usuarios\/jsosa\/HIKVISION\/imagenes\/banners\/solution%20complete.png' alt='Soluci\u00f3n Completa'> <\/div>\n<\/p><\/div>\n<\/p><\/div>\n<\/p><\/div>\n","protected":false},"excerpt":{"rendered":"<p>Barrera Vehicular IZQUIERDA Todo en Uno \/ Brazo Articulado Incluido de 4 mts \/ C\u00e1mara ANPR Integrada \/ Boton de Ayuda \/ Pantalla LCD \/ Apertura en 4 segundos<\/p>\n","protected":false},"featured_media":22341,"comment_status":"open","ping_status":"closed","template":"","meta":[],"product_brand":[],"product_cat":[806],"product_tag":[744,54,807],"class_list":{"0":"post-22342","1":"product","2":"type-product","3":"status-publish","4":"has-post-thumbnail","6":"product_cat-para-control-de-acceso","7":"product_tag-biometricos","8":"product_tag-hikvision","9":"product_tag-para-control-de-acceso","11":"first","12":"outofstock","13":"sale","14":"shipping-taxable","15":"purchasable","16":"product-type-simple"},"_links":{"self":[{"href":"https:\/\/soydeaqui.ddns.net\/pachuca\/index.php\/wp-json\/wp\/v2\/product\/22342","targetHints":{"allow":["GET"]}}],"collection":[{"href":"https:\/\/soydeaqui.ddns.net\/pachuca\/index.php\/wp-json\/wp\/v2\/product"}],"about":[{"href":"https:\/\/soydeaqui.ddns.net\/pachuca\/index.php\/wp-json\/wp\/v2\/types\/product"}],"replies":[{"embeddable":true,"href":"https:\/\/soydeaqui.ddns.net\/pachuca\/index.php\/wp-json\/wp\/v2\/comments?post=22342"}],"wp:featuredmedia":[{"embeddable":true,"href":"https:\/\/soydeaqui.ddns.net\/pachuca\/index.php\/wp-json\/wp\/v2\/media\/22341"}],"wp:attachment":[{"href":"https:\/\/soydeaqui.ddns.net\/pachuca\/index.php\/wp-json\/wp\/v2\/media?parent=22342"}],"wp:term":[{"taxonomy":"product_brand","embeddable":true,"href":"https:\/\/soydeaqui.ddns.net\/pachuca\/index.php\/wp-json\/wp\/v2\/product_brand?post=22342"},{"taxonomy":"product_cat","embeddable":true,"href":"https:\/\/soydeaqui.ddns.net\/pachuca\/index.php\/wp-json\/wp\/v2\/product_cat?post=22342"},{"taxonomy":"product_tag","embeddable":true,"href":"https:\/\/soydeaqui.ddns.net\/pachuca\/index.php\/wp-json\/wp\/v2\/product_tag?post=22342"}],"curies":[{"name":"wp","href":"https:\/\/api.w.org\/{rel}","templated":true}]}}