{"id":22299,"date":"2026-03-18T10:55:08","date_gmt":"2026-03-18T10:55:08","guid":{"rendered":"https:\/\/soydeaqui.ddns.net\/pachuca\/index.php\/producto\/gate-hub-avanzado-control-de-acceso-de-puerta-poe-1-puerta-principal-y-1-lateral-interfaces-10-100-1000-base-t\/"},"modified":"2026-03-18T10:55:14","modified_gmt":"2026-03-18T10:55:14","slug":"gate-hub-avanzado-control-de-acceso-de-puerta-poe-1-puerta-principal-y-1-lateral-interfaces-10-100-1000-base-t","status":"publish","type":"product","link":"https:\/\/soydeaqui.ddns.net\/pachuca\/index.php\/producto\/gate-hub-avanzado-control-de-acceso-de-puerta-poe-1-puerta-principal-y-1-lateral-interfaces-10-100-1000-base-t\/","title":{"rendered":"Gate Hub Avanzado \/ Control de Acceso de Puerta \/ PoE++ \/ 1 Puerta Principal y 1 Lateral \/ Interfaces 10\/100\/1000 Base-T"},"content":{"rendered":"<div style='width: 100%; max-width: 1200px; margin: 0 auto; font-family: sans-serif; line-height: 1.6; color: inherit; background-color: transparent;'> <!-- Hero Section --> <\/p>\n<div style='display: flex; flex-wrap: wrap; gap: 30px; align-items: center; border: 1px solid rgba(150&comma;150&comma;150&comma;0.3); border-radius: 8px; padding: 20px; margin-bottom: 30px;'>\n<div style='flex: 1 1 320px; min-width: 280px;'>\n<div style='position: relative; padding-bottom: 56.25%; height: 0; overflow: hidden;'> <video style='position: absolute; top: 0; left: 0; width: 100%; height: 100%; border: 1px solid rgba(150&comma;150&comma;150&comma;0.3); border-radius: 8px;' src='https:\/\/ftp3.syscom.mx\/usuarios\/adiaz\/Ubiquiti\/Imagenes\/UAHubGate\/UAHUBGATEloop.mp4' autoplay loop muted controls><source src='https:\/\/ftp3.syscom.mx\/usuarios\/adiaz\/Ubiquiti\/Imagenes\/UAHubGate\/UAHUBGATEloop.mp4' type='video\/mp4'><img src='https:\/\/ftp3.syscom.mx\/usuarios\/adiaz\/Ubiquiti\/Imagenes\/UAHubGate\/fallback.avif' alt='Ubiquiti UA-Hub-Gate' style='width: 100%; height: auto; border: 1px solid rgba(150&comma;150&comma;150&comma;0.3); border-radius: 8px;'><\/video> <\/div>\n<\/p><\/div>\n<div style='flex: 1 1 360px; min-width: 280px;'>\n<h2 style='font-size: 22px; margin-top: 0; margin-bottom: 10px; color: inherit; opacity: 0.9;'>Gate Hub<\/h2>\n<div style='margin-bottom: 15px; color: inherit; opacity: 0.7; font-weight: 600;'>Modelo: <span style='font-weight: bold;'>UA-Hub-Gate<\/span><\/div>\n<p style='margin: 0;'>Hub\/Concentrador de Puerta Avanzado que Permite Control de Acceso sin Inconvenientes a trav\u00e9s de Lectores o Intercomunicadores<\/p>\n<\/p><\/div>\n<\/p><\/div>\n<p> <!-- Deployment Section --> <\/p>\n<div style='border: 1px solid rgba(150&comma;150&comma;150&comma;0.3); border-radius: 8px; padding: 20px; margin-bottom: 30px; text-align: center;'>\n<h3 style='font-size: 18px; margin: 0 0 15px; color: inherit; opacity: 0.8; font-weight: 600;'>Aplicaci\u00f3n<\/h3>\n<p> <img style='width: 100%; height: auto; border: 1px solid rgba(150&comma;150&comma;150&comma;0.3); border-radius: 8px;' src='https:\/\/ftp3.syscom.mx\/usuarios\/adiaz\/Ubiquiti\/Imagenes\/UAHubGate\/deployment.avif' alt='Deployment'> <\/div>\n<p> <!-- Especificaciones --> <\/p>\n<div style='text-align: center; margin: 40px 0 20px;'> <span style='font-size: 20px; color: inherit; opacity: 0.8; font-weight: bold;'>Especificaciones<\/span> <\/div>\n<p> <!-- Cards Grid --> <\/p>\n<div style='display: flex; flex-wrap: wrap; gap: 20px; margin-bottom: 30px;'> <!-- Card: Caracter\u00edsticas principales --> <\/p>\n<div style='flex: 1 1 280px; min-width: 260px;'>\n<div style='border: 1px solid rgba(150&comma;150&comma;150&comma;0.4); border-radius: 8px; overflow: hidden; display: flex; flex-direction: column; height: 100%;'>\n<div style='padding: 12px; border-bottom: 1px solid rgba(150&comma;150&comma;150&comma;0.2); font-weight: bold; color: inherit; background-color: rgba(150&comma;150&comma;150&comma;0.1);'>Caracter\u00edsticas principales<\/div>\n<ul style='padding: 12px; margin: 0; list-style: none; font-size: 14px; color: inherit;'>\n<li style='margin-bottom: 6px; padding-bottom: 6px; border-bottom: 1px solid rgba(150&comma;150&comma;150&comma;0.1);'>(2) Terminales de operador de puerta (Contactos Secos)<\/li>\n<li style='margin-bottom: 6px; padding-bottom: 6px; border-bottom: 1px solid rgba(150&comma;150&comma;150&comma;0.1);'>(1) Terminal de Bloque (12 Vcc) para Puerta<\/li>\n<li style='margin-bottom: 6px; padding-bottom: 6px; border-bottom: 1px solid rgba(150&comma;150&comma;150&comma;0.1);'>(1) Terminal AUX para una Sirena Externa<\/li>\n<li style='margin-bottom: 6px; padding-bottom: 6px; border-bottom: 1px solid rgba(150&comma;150&comma;150&comma;0.1);'>(5) Entradas Adicionales (Sensores y Emergencia)<\/li>\n<li style='margin-bottom: 6px; padding-bottom: 6px; border-bottom: 1px solid rgba(150&comma;150&comma;150&comma;0.1);'>Desbloqueo con una Matr\u00edcula (Cuando se Combina con las C\u00e1mara AI)<\/li>\n<li style='margin-bottom: 6px; padding-bottom: 6px; border-bottom: 1px solid rgba(150&comma;150&comma;150&comma;0.1);'>Se Conecta y alimenta mediante PoE++<\/li>\n<li style='margin-bottom: 6px; padding-bottom: 6px; border-bottom: 1px solid rgba(150&comma;150&comma;150&comma;0.1);'>Conecte hasta 4 lectores UniFi Access o C\u00e1maras UniFi Protect<\/li>\n<\/ul><\/div>\n<\/p><\/div>\n<p> <!-- Card: Caracter\u00edsticas f\u00edsicas y el\u00e9ctricas --> <\/p>\n<div style='flex: 1 1 280px; min-width: 260px;'>\n<div style='border: 1px solid rgba(150&comma;150&comma;150&comma;0.4); border-radius: 8px; overflow: hidden; display: flex; flex-direction: column; height: 100%;'>\n<div style='padding: 12px; border-bottom: 1px solid rgba(150&comma;150&comma;150&comma;0.2); font-weight: bold; color: inherit; background-color: rgba(150&comma;150&comma;150&comma;0.1);'>Caracter\u00edsticas f\u00edsicas y el\u00e9ctricas<\/div>\n<ul style='padding: 12px; margin: 0; list-style: none; font-size: 14px; color: inherit;'>\n<li style='margin-bottom: 6px; padding-bottom: 6px; border-bottom: 1px solid rgba(150&comma;150&comma;150&comma;0.1);'>175 x 126 x 26 mm (6.9 x 5 x 1&#8242;)<\/li>\n<li style='margin-bottom: 6px; padding-bottom: 6px; border-bottom: 1px solid rgba(150&comma;150&comma;150&comma;0.1);'>Peso: 460 g (1 lb)<\/li>\n<li style='margin-bottom: 6px; padding-bottom: 6px; border-bottom: 1px solid rgba(150&comma;150&comma;150&comma;0.1);'>Material de la carcasa: Policarbonato<\/li>\n<li style='margin-bottom: 6px; padding-bottom: 6px; border-bottom: 1px solid rgba(150&comma;150&comma;150&comma;0.1);'>Montaje tipo Riel DIN (Incluido)<\/li>\n<li style='margin-bottom: 6px; padding-bottom: 6px; border-bottom: 1px solid rgba(150&comma;150&comma;150&comma;0.1);'>Alimentaci\u00f3n: PoE++<\/li>\n<li style='margin-bottom: 6px; padding-bottom: 6px; border-bottom: 1px solid rgba(150&comma;150&comma;150&comma;0.1);'>Temperatura de operaci\u00f3n: -30 a 60 \u00b0C (-22 a 140 \u00b0F)<\/li>\n<li style='margin-bottom: 6px; padding-bottom: 6px; border-bottom: 1px solid rgba(150&comma;150&comma;150&comma;0.1);'>Humedad de operaci\u00f3n: 5\u201390% sin condensaci\u00f3n<\/li>\n<\/ul><\/div>\n<\/p><\/div>\n<p> <!-- Card: Hardware --> <\/p>\n<div style='flex: 1 1 280px; min-width: 260px;'>\n<div style='border: 1px solid rgba(150&comma;150&comma;150&comma;0.4); border-radius: 8px; overflow: hidden; display: flex; flex-direction: column; height: 100%;'>\n<div style='padding: 12px; border-bottom: 1px solid rgba(150&comma;150&comma;150&comma;0.2); font-weight: bold; color: inherit; background-color: rgba(150&comma;150&comma;150&comma;0.1);'>Hardware<\/div>\n<ul style='padding: 12px; margin: 0; list-style: none; font-size: 14px; color: inherit;'>\n<li style='margin-bottom: 6px; padding-bottom: 6px; border-bottom: 1px solid rgba(150&comma;150&comma;150&comma;0.1);'>Entradas Digitales: Solicitud de Salida de Puerta&comma; Posici\u00f3n de la Puerta&comma; Solicitud de Salida de Puerta Lateral&comma; Posici\u00f3n de Puerta Lateral&comma; Emergencia<\/li>\n<li style='margin-bottom: 6px; padding-bottom: 6px; border-bottom: 1px solid rgba(150&comma;150&comma;150&comma;0.1);'>Rel\u00e9 de Salida (Contacto Seco): (2) Operador: 30 Vcc&comma; hasta 1 A: (1) Auxiliar: 30 Vcc&comma; hasta 1 A<\/li>\n<li style='margin-bottom: 6px; padding-bottom: 6px; border-bottom: 1px solid rgba(150&comma;150&comma;150&comma;0.1);'>Rel\u00e9 de Salida Alimentado: Cerradura de puerta lateral: 12 Vcc&comma; hasta 1 A<\/li>\n<li style='margin-bottom: 6px; padding-bottom: 6px; border-bottom: 1px solid rgba(150&comma;150&comma;150&comma;0.1);'>(5) Puertos 10\/100\/1000 RJ45<\/li>\n<li style='margin-bottom: 6px; padding-bottom: 6px; border-bottom: 1px solid rgba(150&comma;150&comma;150&comma;0.1);'>PoE: (1) Entrada PoE++&comma; 50 Vcc 1 A; (4) Salidas PoE&comma; 50 Vcc 30 W por puerto (M\u00e1x. 55 W en total)<\/li>\n<li style='margin-bottom: 6px; padding-bottom: 6px; border-bottom: 1px solid rgba(150&comma;150&comma;150&comma;0.1);'>Consumo M\u00e1ximo: 22W (Sin Salida PoE); 60W (Con Salida PoE)<\/li>\n<\/ul><\/div>\n<\/p><\/div>\n<p> <!-- Card: Longitudes --> <\/p>\n<div style='flex: 1 1 280px; min-width: 260px;'>\n<div style='border: 1px solid rgba(150&comma;150&comma;150&comma;0.4); border-radius: 8px; overflow: hidden; display: flex; flex-direction: column; height: 100%;'>\n<div style='padding: 12px; border-bottom: 1px solid rgba(150&comma;150&comma;150&comma;0.2); font-weight: bold; color: inherit; background-color: rgba(150&comma;150&comma;150&comma;0.1);'>Longitud M\u00e1x. de Cable Recomendada<\/div>\n<ul style='padding: 12px; margin: 0; list-style: none; font-size: 14px; color: inherit;'>\n<li style='margin-bottom: 6px; padding-bottom: 6px; border-bottom: 1px solid rgba(150&comma;150&comma;150&comma;0.1);'>Cerradura El\u00e9ctrica (400 mA): 24 AWG: 25 m (82 ft) | 22 AWG: 42 m (138 ft) | 20 AWG: 66 m (217 ft) | 18 AWG: 100 m (328 ft)<\/li>\n<li style='margin-bottom: 6px; padding-bottom: 6px; border-bottom: 1px solid rgba(150&comma;150&comma;150&comma;0.1);'>Chapa Magn\u00e9tica 540kg (500 mA): 24 AWG: 20 m (66 ft) | 22 AWG: 32 m (105 ft) | 20 AWG: 51 m (167 ft) | 18 AWG: 80 m (262 ft)<\/li>\n<li style='margin-bottom: 6px; padding-bottom: 6px; border-bottom: 1px solid rgba(150&comma;150&comma;150&comma;0.1);'>Chapa Magn\u00e9tica 270kg (800 mA): 24 AWG: 12 m (29 ft) | 22 AWG: 20 m (66 ft) | 20 AWG: 30 m (98 ft) | 18 AWG: 46 m (151 ft)<\/li>\n<li style='margin-bottom: 6px; padding-bottom: 6px; border-bottom: 1px solid rgba(150&comma;150&comma;150&comma;0.1);'>Otras Cerraduras (1A): 24 AWG: 9 m (30 ft) | 22 AWG: 15 m (49 ft) | 20 AWG: 24 m (79 ft) | 18 AWG: 36 m (118 ft)<\/li>\n<\/ul><\/div>\n<\/p><\/div>\n<\/p><\/div>\n<p> <!-- Accesorios --> <\/p>\n<div style='border: 1px solid rgba(150&comma;150&comma;150&comma;0.3); border-radius: 8px; padding: 15px; margin: 30px 0; text-align: center; max-width: 500px; margin-left: auto; margin-right: auto;'>\n<h3 style='font-size: 16px; margin: 0 0 15px; color: inherit; opacity: 0.8; font-weight: 600;'>Accesorios Recomendados<\/h3>\n<div style='display: flex; flex-wrap: wrap; gap: 15px; justify-content: center;'> <!-- Accesorio 1 --> <\/p>\n<div style='border: 1px solid rgba(150&comma;150&comma;150&comma;0.3); border-radius: 6px; padding: 10px; text-align: center; flex: 1 1 120px; min-width: 100px; background-color: rgba(150&comma;150&comma;150&comma;0.05);'> <img style='width: 100%; height: auto; max-width: 120px; margin-bottom: 8px; border: 1px solid rgba(150&comma;150&comma;150&comma;0.3); border-radius: 6px;' src='https:\/\/ftp3.syscom.mx\/usuarios\/adiaz\/Ubiquiti\/Imagenes\/UAHubGate\/UVCAIPRO-l.png' alt='UVC-AI-PRO'> <\/p>\n<div style='color: inherit; opacity: 0.8; font-weight: 600; font-size: 13px;'>UVC-AI-PRO<\/div>\n<\/p><\/div>\n<\/p><\/div>\n<\/p><\/div>\n<p> <!-- Contenido del paquete --> <\/p>\n<div style='border: 1px solid rgba(150&comma;150&comma;150&comma;0.3); border-radius: 8px; padding: 20px; margin: 30px 0; text-align: center;'>\n<h3 style='font-size: 18px; margin: 0 0 15px; color: inherit; opacity: 0.8; font-weight: 600;'>Contenido del Paquete<\/h3>\n<p> <img style='width: 100%; height: auto; border: 1px solid rgba(150&comma;150&comma;150&comma;0.3); border-radius: 8px;' src='https:\/\/ftp3.syscom.mx\/usuarios\/adiaz\/Ubiquiti\/Imagenes\/UAHubGate\/contenido.avif' alt='Contenido del paquete UVC-AI-PRO'> <\/div>\n<\/p><\/div>\n","protected":false},"excerpt":{"rendered":"<p>Gate Hub Avanzado \/ Control de Acceso de Puerta \/ PoE++ \/ 1 Puerta Principal y 1 Lateral \/ Interfaces 10\/100\/1000 Base-T<\/p>\n","protected":false},"featured_media":22298,"comment_status":"open","ping_status":"closed","template":"","meta":[],"product_brand":[],"product_cat":[783],"product_tag":[785,784,895],"class_list":{"0":"post-22299","1":"product","2":"type-product","3":"status-publish","4":"has-post-thumbnail","6":"product_cat-controladores-de-acceso","7":"product_tag-controladores-de-acceso","8":"product_tag-paneles-de-control-de-acceso","9":"product_tag-ubiquiti-inc","11":"first","12":"outofstock","13":"sale","14":"shipping-taxable","15":"purchasable","16":"product-type-simple"},"_links":{"self":[{"href":"https:\/\/soydeaqui.ddns.net\/pachuca\/index.php\/wp-json\/wp\/v2\/product\/22299","targetHints":{"allow":["GET"]}}],"collection":[{"href":"https:\/\/soydeaqui.ddns.net\/pachuca\/index.php\/wp-json\/wp\/v2\/product"}],"about":[{"href":"https:\/\/soydeaqui.ddns.net\/pachuca\/index.php\/wp-json\/wp\/v2\/types\/product"}],"replies":[{"embeddable":true,"href":"https:\/\/soydeaqui.ddns.net\/pachuca\/index.php\/wp-json\/wp\/v2\/comments?post=22299"}],"wp:featuredmedia":[{"embeddable":true,"href":"https:\/\/soydeaqui.ddns.net\/pachuca\/index.php\/wp-json\/wp\/v2\/media\/22298"}],"wp:attachment":[{"href":"https:\/\/soydeaqui.ddns.net\/pachuca\/index.php\/wp-json\/wp\/v2\/media?parent=22299"}],"wp:term":[{"taxonomy":"product_brand","embeddable":true,"href":"https:\/\/soydeaqui.ddns.net\/pachuca\/index.php\/wp-json\/wp\/v2\/product_brand?post=22299"},{"taxonomy":"product_cat","embeddable":true,"href":"https:\/\/soydeaqui.ddns.net\/pachuca\/index.php\/wp-json\/wp\/v2\/product_cat?post=22299"},{"taxonomy":"product_tag","embeddable":true,"href":"https:\/\/soydeaqui.ddns.net\/pachuca\/index.php\/wp-json\/wp\/v2\/product_tag?post=22299"}],"curies":[{"name":"wp","href":"https:\/\/api.w.org\/{rel}","templated":true}]}}