{"id":2229,"date":"2026-03-18T05:54:45","date_gmt":"2026-03-18T05:54:45","guid":{"rendered":"https:\/\/soydeaqui.ddns.net\/pachuca\/index.php\/producto\/medidor-trifasico-de-corriente-alterna-wifi-industrial-y-residencial-nube-p2p\/"},"modified":"2026-03-18T05:54:46","modified_gmt":"2026-03-18T05:54:46","slug":"medidor-trifasico-de-corriente-alterna-wifi-industrial-y-residencial-nube-p2p","status":"publish","type":"product","link":"https:\/\/soydeaqui.ddns.net\/pachuca\/index.php\/producto\/medidor-trifasico-de-corriente-alterna-wifi-industrial-y-residencial-nube-p2p\/","title":{"rendered":"Medidor Trif\u00e1sico de Corriente Alterna \/ WIFI \/ industrial y residencial \/ Nube P2P"},"content":{"rendered":"<div style='width: 100%; max-width: 1200px; margin: 0 auto; font-family: sans-serif; line-height: 1.6; color: inherit; background-color: transparent;'>\n<div style='display: flex; flex-direction: column; gap: 20px;'>\n<p style='text-align: justify; margin-bottom: 15px;'>Es un medidor de energ\u00eda trif\u00e1sico de montaje en riel DIN. Mejorado con toda la flexibilidad del firmware y la conectividad LAN&comma; proporciona a los integradores profesionales opciones adicionales para soluciones de clientes finales.<\/p>\n<p style='text-align: justify; margin-bottom: 15px;'>Puede funcionar de forma independiente en una red local LAN y\/o Wi-Fi.<\/p>\n<p style='text-align: justify; margin-bottom: 15px;'>Informa la energ\u00eda acumulada&comma; as\u00ed como la tensi\u00f3n instant\u00e1nea&comma; la corriente y el factor de potencia por fase en tiempo real. Almacena datos en una memoria no vol\u00e1til de hasta 60 d\u00edas.<\/p>\n<p style='text-align: justify; margin-bottom: 15px;'>Shelly Pro 3EM puede ser accedido&comma; configurado y monitoreado remotamente por el usuario&comma; el dispositivo tiene una interfaz web integrada que se puede usar para monitorear y controlar el dispositivo&comma; as\u00ed como para ajustar su configuraci\u00f3n.<\/p>\n<\/p><\/div>\n<div style='display: flex; flex-wrap: wrap; gap: 30px; margin-top: 30px; margin-bottom: 30px;'>\n<div style='flex: 1 1 300px; min-width: 280px;'>\n<h3 style='font-size: 22px; border-bottom: 2px solid currentColor; padding-bottom: 5px; margin-top: 0; color: inherit; opacity: 0.8;'>Caracter\u00edsticas principales<\/h3>\n<ul style='padding-left: 20px; font-size: 15px; color: inherit;'>\n<li style='margin-bottom: 5px;'>No Requiere HUB<\/li>\n<li style='margin-bottom: 5px;'>Conectividad Bluetooth<\/li>\n<li style='margin-bottom: 5px;'>Protocolo Wi-Fi: 802.11 b\/g\/n<\/li>\n<li style='margin-bottom: 5px;'>Montaje en Riel tipo DIN<\/li>\n<li style='margin-bottom: 5px;'>Ethernet RJ45<\/li>\n<li style='margin-bottom: 5px;'>Dimensiones (AxAxP): 94x19x69 mm<\/li>\n<li style='margin-bottom: 5px;'>Temperatura ambiente: -20 \u00b0C a 40 \u00b0C<\/li>\n<\/ul><\/div>\n<div style='flex: 1 1 300px; min-width: 280px;'>\n<h3 style='font-size: 22px; border-bottom: 2px solid currentColor; padding-bottom: 5px; margin-top: 0; color: inherit; opacity: 0.8;'>Caracter\u00edsticas F\u00edsicas y El\u00e9ctricas<\/h3>\n<ul style='padding-left: 20px; font-size: 15px; color: inherit;'>\n<li style='margin-bottom: 5px;'>Alimentaci\u00f3n: 100 &#8211; 260 VAC&comma; 50\/60Hz<\/li>\n<li style='margin-bottom: 5px;'>Volt\u00edmetros (RMS para cada fase): 100 &#8211; 260 V<\/li>\n<li style='margin-bottom: 5px;'>Consumo del dispositivo : < 3W<\/li>\n<li style='margin-bottom: 5px;'>Amper\u00edmetros (RMS mediante TC para cada fase y el Neutro): 0 &#8211; 120 A<\/li>\n<li style='margin-bottom: 5px;'>Usuarios simultaneos: 1 o compartir a 5 cuentas.<\/li>\n<\/ul><\/div>\n<div style='flex: 1 1 300px; min-width: 280px;'>\n<h3 style='font-size: 22px; border-bottom: 2px solid currentColor; padding-bottom: 5px; margin-top: 0; color: inherit; opacity: 0.8;'>Informaci\u00f3n Adicional<\/h3>\n<ul style='padding-left: 20px; font-size: 15px; color: inherit;'>\n<li style='margin-bottom: 5px;'>El medidor se puede colocar en cable calibre 20 WAG hasta 14 AWG para poder tener el consumo en el aplicativo celular.<\/li>\n<li style='margin-bottom: 5px;'>El historial de almacenamiento de consumo es de al menos 60 d\u00edas de recolecci\u00f3n de datos.<\/li>\n<\/ul><\/div>\n<\/p><\/div>\n<hr style='border: 0; border-top: 1px solid rgba(150&comma; 150&comma; 150&comma; 0.3); margin: 30px 0;'> <\/div>\n","protected":false},"excerpt":{"rendered":"<p>Medidor Trif\u00e1sico de Corriente Alterna \/ WIFI \/ industrial y residencial \/ Nube P2P<\/p>\n","protected":false},"featured_media":2228,"comment_status":"open","ping_status":"closed","template":"","meta":[],"product_brand":[],"product_cat":[148],"product_tag":[30,149,58],"class_list":{"0":"post-2229","1":"product","2":"type-product","3":"status-publish","4":"has-post-thumbnail","6":"product_cat-sensores-y-relevadores","7":"product_tag-automatizacion-casa-inteligente","8":"product_tag-sensores-y-relevadores","9":"product_tag-shelly","11":"first","12":"instock","13":"sale","14":"shipping-taxable","15":"purchasable","16":"product-type-simple"},"_links":{"self":[{"href":"https:\/\/soydeaqui.ddns.net\/pachuca\/index.php\/wp-json\/wp\/v2\/product\/2229","targetHints":{"allow":["GET"]}}],"collection":[{"href":"https:\/\/soydeaqui.ddns.net\/pachuca\/index.php\/wp-json\/wp\/v2\/product"}],"about":[{"href":"https:\/\/soydeaqui.ddns.net\/pachuca\/index.php\/wp-json\/wp\/v2\/types\/product"}],"replies":[{"embeddable":true,"href":"https:\/\/soydeaqui.ddns.net\/pachuca\/index.php\/wp-json\/wp\/v2\/comments?post=2229"}],"wp:featuredmedia":[{"embeddable":true,"href":"https:\/\/soydeaqui.ddns.net\/pachuca\/index.php\/wp-json\/wp\/v2\/media\/2228"}],"wp:attachment":[{"href":"https:\/\/soydeaqui.ddns.net\/pachuca\/index.php\/wp-json\/wp\/v2\/media?parent=2229"}],"wp:term":[{"taxonomy":"product_brand","embeddable":true,"href":"https:\/\/soydeaqui.ddns.net\/pachuca\/index.php\/wp-json\/wp\/v2\/product_brand?post=2229"},{"taxonomy":"product_cat","embeddable":true,"href":"https:\/\/soydeaqui.ddns.net\/pachuca\/index.php\/wp-json\/wp\/v2\/product_cat?post=2229"},{"taxonomy":"product_tag","embeddable":true,"href":"https:\/\/soydeaqui.ddns.net\/pachuca\/index.php\/wp-json\/wp\/v2\/product_tag?post=2229"}],"curies":[{"name":"wp","href":"https:\/\/api.w.org\/{rel}","templated":true}]}}